{"id":60,"date":"2023-04-03T12:14:25","date_gmt":"2023-04-03T10:14:25","guid":{"rendered":"https:\/\/blog.univ-angers.fr\/jardinspasserelle\/?page_id=60"},"modified":"2023-10-09T16:03:08","modified_gmt":"2023-10-09T14:03:08","slug":"participer","status":"publish","type":"page","link":"https:\/\/blog.univ-angers.fr\/jardinspasserelle\/participer\/","title":{"rendered":"Participer"},"content":{"rendered":"\n<div style=\"height:39px\" aria-hidden=\"true\" class=\"wp-block-spacer\"><\/div>\n\n\n\n<p class=\"has-text-align-left has-text-color has-normal-font-size\" style=\"color:#022c38\">Un jardin est un lieu propice aux fl\u00e2neries les plus diverses et attire sur lui une multitude de regards, qu\u2019on ait une approche scientifique, esth\u00e9tique, litt\u00e9raire, historique\u2026 C\u2019est pourquoi le blog des jardins Passerelle a pour vocation de r\u00e9colter toutes les paroles qui souhaitent s\u2019exprimer sur le campus. Que ce soit pour vulgariser un myst\u00e9rieux concept de biologie v\u00e9g\u00e9tale, raconter l\u2019histoire d\u2019amour maudite de deux jardiniers parfaitement fictionnels, \u00e9crire un po\u00e8me \u00e0 la gloire des pommes de terre ou de leurs doryphores, relater l\u2019histoire surprenante des jardins \u00e0 l\u2019anglaise de 1884 \u00e0 nos jours, couvrir un \u00e9v\u00e9nement sur Angers ou simplement d\u00e9crire les actions en cours au jardin Passerelle, le blog a soif de plumes fougueuses. Tous les sujets, tous les supports sont les bienvenus, \u00e0 une seule condition : que \u00e7a ait un rapport avec les jardins.<\/p>\n\n\n<div class=\"logged-out has-login-form wp-block-loginout\"><form name=\"loginform\" id=\"loginform\" action=\"https:\/\/blog.univ-angers.fr\/jardinspasserelle\/wp-login.php\" method=\"post\"><p class=\"login-username\">\n\t\t\t\t<label for=\"user_login\">Identifiant ou adresse e-mail<\/label>\n\t\t\t\t<input type=\"text\" name=\"log\" id=\"user_login\" autocomplete=\"username\" class=\"input\" value=\"\" size=\"20\" \/>\n\t\t\t<\/p><p class=\"login-password\">\n\t\t\t\t<label for=\"user_pass\">Mot de passe<\/label>\n\t\t\t\t<input type=\"password\" name=\"pwd\" id=\"user_pass\" autocomplete=\"current-password\" spellcheck=\"false\" class=\"input\" value=\"\" size=\"20\" \/>\n\t\t\t<\/p><p class=\"login-remember\"><label><input name=\"rememberme\" type=\"checkbox\" id=\"rememberme\" value=\"forever\" \/> Se souvenir de moi<\/label><\/p><p class=\"login-submit\">\n\t\t\t\t<input type=\"submit\" name=\"wp-submit\" id=\"wp-submit\" class=\"button button-primary\" value=\"Se connecter\" \/>\n\t\t\t\t<input type=\"hidden\" name=\"redirect_to\" value=\"https:\/\/blog.univ-angers.fr\/jardinspasserelle\/wp-json\/wp\/v2\/pages\/60\" \/>\n\t\t\t<\/p><\/form><\/div>\n\n\n<div class=\"wp-block-buttons is-content-justification-left is-layout-flex wp-container-core-buttons-is-layout-fdcfc74e wp-block-buttons-is-layout-flex\">\n<div class=\"wp-block-button\"><a class=\"wp-block-button__link has-background wp-element-button\" href=\"https:\/\/blog.univ-angers.fr\/jardinspasserelle\/participer\/nous-contacter\/\" style=\"background-color:#05617d\" target=\"_blank\" rel=\"noreferrer noopener\">Demander la cr\u00e9ation d&rsquo;un compte<\/a><\/div>\n<\/div>\n","protected":false},"excerpt":{"rendered":"<p>Un jardin est un lieu propice aux fl\u00e2neries les plus diverses et attire sur lui une multitude de regards, qu\u2019on ait une approche scientifique, esth\u00e9tique, litt\u00e9raire, historique\u2026 C\u2019est pourquoi le blog des jardins Passerelle a pour vocation de r\u00e9colter toutes les paroles qui souhaitent s\u2019exprimer sur le campus. Que ce soit pour vulgariser un myst\u00e9rieux [&hellip;]<\/p>\n","protected":false},"author":107634,"featured_media":0,"parent":0,"menu_order":0,"comment_status":"closed","ping_status":"closed","template":"","meta":{"footnotes":""},"class_list":["post-60","page","type-page","status-publish","hentry"],"_links":{"self":[{"href":"https:\/\/blog.univ-angers.fr\/jardinspasserelle\/wp-json\/wp\/v2\/pages\/60","targetHints":{"allow":["GET"]}}],"collection":[{"href":"https:\/\/blog.univ-angers.fr\/jardinspasserelle\/wp-json\/wp\/v2\/pages"}],"about":[{"href":"https:\/\/blog.univ-angers.fr\/jardinspasserelle\/wp-json\/wp\/v2\/types\/page"}],"author":[{"embeddable":true,"href":"https:\/\/blog.univ-angers.fr\/jardinspasserelle\/wp-json\/wp\/v2\/users\/107634"}],"replies":[{"embeddable":true,"href":"https:\/\/blog.univ-angers.fr\/jardinspasserelle\/wp-json\/wp\/v2\/comments?post=60"}],"version-history":[{"count":12,"href":"https:\/\/blog.univ-angers.fr\/jardinspasserelle\/wp-json\/wp\/v2\/pages\/60\/revisions"}],"predecessor-version":[{"id":1033,"href":"https:\/\/blog.univ-angers.fr\/jardinspasserelle\/wp-json\/wp\/v2\/pages\/60\/revisions\/1033"}],"wp:attachment":[{"href":"https:\/\/blog.univ-angers.fr\/jardinspasserelle\/wp-json\/wp\/v2\/media?parent=60"}],"curies":[{"name":"wp","href":"https:\/\/api.w.org\/{rel}","templated":true}]}}