{"id":398,"date":"2023-04-24T15:42:35","date_gmt":"2023-04-24T13:42:35","guid":{"rendered":"https:\/\/blog.univ-angers.fr\/jardinspasserelle\/?page_id=398"},"modified":"2023-10-09T16:01:43","modified_gmt":"2023-10-09T14:01:43","slug":"suivi-des-plantations","status":"publish","type":"page","link":"https:\/\/blog.univ-angers.fr\/jardinspasserelle\/suivi-des-plantations\/","title":{"rendered":"Suivi des plantations"},"content":{"rendered":"\n<div class=\"wp-block-cover alignfull has-parallax is-repeated wp-duotone-unset-1\" style=\"min-height:184px;aspect-ratio:unset;\"><span aria-hidden=\"true\" class=\"wp-block-cover__background has-background-dim\"><\/span><div role=\"img\" class=\"wp-block-cover__image-background wp-image-987 has-parallax is-repeated\" style=\"background-position:53% 84%;background-image:url(https:\/\/blog.univ-angers.fr\/jardinspasserelle\/files\/2023\/08\/20230812_161944-scaled.jpg)\"><\/div><div class=\"wp-block-cover__inner-container is-layout-flow wp-block-cover-is-layout-flow\">\n<h2 class=\"wp-block-heading has-text-align-center has-white-color has-text-color\" style=\"font-size:62px\">Plantations<\/h2>\n<\/div><\/div>\n\n\n\n<h3 class=\"wp-block-heading has-text-align-center has-text-color\" style=\"color:#05617d;font-size:43px\">Plantes potag\u00e8res<\/h3>\n\n\n\n<figure class=\"wp-block-table alignwide is-style-stripes\"><table class=\"has-background-background-color has-background has-fixed-layout\"><thead><tr><th>Esp\u00e8ce<\/th><th class=\"has-text-align-center\" data-align=\"center\">Date de plantation<\/th><th class=\"has-text-align-center\" data-align=\"center\">Nombre<\/th><\/tr><\/thead><tbody><tr><td>Tomate noire de Crim\u00e9e<\/td><td class=\"has-text-align-center\" data-align=\"center\">22 mai 2023<\/td><td class=\"has-text-align-center\" data-align=\"center\">&#8211;<\/td><\/tr><tr><td>Chou kale<\/td><td class=\"has-text-align-center\" data-align=\"center\">22 mai 2023<\/td><td class=\"has-text-align-center\" data-align=\"center\">x<\/td><\/tr><tr><td>Concombre<\/td><td class=\"has-text-align-center\" data-align=\"center\">11 mai 2023<\/td><td class=\"has-text-align-center\" data-align=\"center\">&#8211;<\/td><\/tr><tr><td>Piment<\/td><td class=\"has-text-align-center\" data-align=\"center\">1er juin 2023<\/td><td class=\"has-text-align-center\" data-align=\"center\">&#8211;<\/td><\/tr><tr><td>Basilic Evergreen<\/td><td class=\"has-text-align-center\" data-align=\"center\">11 mai 2023<\/td><td class=\"has-text-align-center\" data-align=\"center\">3<\/td><\/tr><tr><td>Basilic canelle<\/td><td class=\"has-text-align-center\" data-align=\"center\">22 mai 2023<\/td><td class=\"has-text-align-center\" data-align=\"center\">2<\/td><\/tr><tr><td>Courge musqu\u00e9e de Provence<\/td><td class=\"has-text-align-center\" data-align=\"center\">11 mai 2023<\/td><td class=\"has-text-align-center\" data-align=\"center\">&#8211;<\/td><\/tr><tr><td>Poivron<\/td><td class=\"has-text-align-center\" data-align=\"center\">22 mai 2023<\/td><td class=\"has-text-align-center\" data-align=\"center\">10<\/td><\/tr><tr><td>Luffa cylindra<\/td><td class=\"has-text-align-center\" data-align=\"center\">22 mai 2023<\/td><td class=\"has-text-align-center\" data-align=\"center\">&#8211;<\/td><\/tr><tr><td>Tomate<\/td><td class=\"has-text-align-center\" data-align=\"center\">4 mai 2023<\/td><td class=\"has-text-align-center\" data-align=\"center\">&#8211;<\/td><\/tr><tr><td>Aubergine<\/td><td class=\"has-text-align-center\" data-align=\"center\">4 mai 2023<\/td><td class=\"has-text-align-center\" data-align=\"center\">&#8211;<\/td><\/tr><tr><td>Chou cabus<\/td><td class=\"has-text-align-center\" data-align=\"center\">4 mai 2023<\/td><td class=\"has-text-align-center\" data-align=\"center\">7<\/td><\/tr><tr><td>Pommes de Terre<\/td><td class=\"has-text-align-center\" data-align=\"center\">27 avril 2023<\/td><td class=\"has-text-align-center\" data-align=\"center\">&#8211;<\/td><\/tr><tr><td>Petits pois<\/td><td class=\"has-text-align-center\" data-align=\"center\">octobre 2022<\/td><td class=\"has-text-align-center\" data-align=\"center\">&#8211;<\/td><\/tr><tr><td>Menthe<\/td><td class=\"has-text-align-center\" data-align=\"center\">27 avril 2023<\/td><td class=\"has-text-align-center\" data-align=\"center\">1<\/td><\/tr><tr><td>M\u00e9lisse<\/td><td class=\"has-text-align-center\" data-align=\"center\">27 avril 2023<\/td><td class=\"has-text-align-center\" data-align=\"center\">1<\/td><\/tr><tr><td>Sariette<\/td><td class=\"has-text-align-center\" data-align=\"center\">17 mai 2023<\/td><td class=\"has-text-align-center\" data-align=\"center\">1<\/td><\/tr><tr><td>Origan<\/td><td class=\"has-text-align-center\" data-align=\"center\">17 mai 2023<\/td><td class=\"has-text-align-center\" data-align=\"center\">1<\/td><\/tr><tr><td>Sauge<\/td><td class=\"has-text-align-center\" data-align=\"center\">17 mai 2023<\/td><td class=\"has-text-align-center\" data-align=\"center\">1<\/td><\/tr><\/tbody><\/table><\/figure>\n\n\n\n<h3 class=\"wp-block-heading has-text-align-center has-text-color\" style=\"color:#05617d;font-size:43px\">Arbustes<\/h3>\n\n\n\n<figure class=\"wp-block-table alignwide is-style-stripes\"><table class=\"has-fixed-layout\"><thead><tr><th>Esp\u00e8ce<\/th><th class=\"has-text-align-center\" data-align=\"center\">Date de plantation<\/th><th class=\"has-text-align-center\" data-align=\"center\">Nombre<\/th><\/tr><\/thead><tbody><tr><td>Framboisier<\/td><td class=\"has-text-align-center\" data-align=\"center\">27 avril 2023<\/td><td class=\"has-text-align-center\" data-align=\"center\">3<\/td><\/tr><tr><td>Goji<\/td><td class=\"has-text-align-center\" data-align=\"center\">27 avril 2023<\/td><td class=\"has-text-align-center\" data-align=\"center\">1<\/td><\/tr><\/tbody><\/table><\/figure>\n\n\n\n<p><\/p>\n\n\n\n<div class=\"wp-block-cover alignfull is-light has-parallax is-repeated wp-duotone-unset-2\" style=\"min-height:184px;aspect-ratio:unset;\"><span aria-hidden=\"true\" class=\"wp-block-cover__background has-background-dim\"><\/span><div role=\"img\" class=\"wp-block-cover__image-background wp-image-400 has-parallax is-repeated\" style=\"background-position:50% 50%;background-image:url(https:\/\/blog.univ-angers.fr\/jardinspasserelle\/files\/2023\/04\/WhatsApp-Image-2023-04-24-at-15.33.01.jpeg)\"><\/div><div class=\"wp-block-cover__inner-container is-layout-flow wp-block-cover-is-layout-flow\">\n<h2 class=\"wp-block-heading has-text-align-center has-white-color has-text-color\" style=\"font-size:62px\">Semis en serre<\/h2>\n<\/div><\/div>\n\n\n\n<h3 class=\"wp-block-heading has-text-align-center has-text-color\" style=\"color:#05617d;font-size:43px\">Plantes potag\u00e8res<\/h3>\n\n\n\n<figure class=\"wp-block-table alignwide is-style-stripes\"><table class=\"has-fixed-layout\"><thead><tr><th>Esp\u00e8ce<\/th><th class=\"has-text-align-center\" data-align=\"center\">Date de semis<\/th><th class=\"has-text-align-center\" data-align=\"center\">\u00c9tat d&rsquo;avancement<\/th><th class=\"has-text-align-center\" data-align=\"center\">Date de plantation<\/th><\/tr><\/thead><tbody><tr><td>Tomate noire de Crim\u00e9e<\/td><td class=\"has-text-align-center\" data-align=\"center\">19 avril 2023<\/td><td class=\"has-text-align-center\" data-align=\"center\">Plant\u00e9<\/td><td class=\"has-text-align-center\" data-align=\"center\">22 mai 2023<\/td><\/tr><tr><td>Chou kale<\/td><td class=\"has-text-align-center\" data-align=\"center\">19 avril 2023<\/td><td class=\"has-text-align-center\" data-align=\"center\">Plant\u00e9<\/td><td class=\"has-text-align-center\" data-align=\"center\">22 mai 2023<\/td><\/tr><tr><td>Concombre<\/td><td class=\"has-text-align-center\" data-align=\"center\">19 avril 2023<\/td><td class=\"has-text-align-center\" data-align=\"center\">Plant\u00e9<\/td><td class=\"has-text-align-center\" data-align=\"center\">11 mai 2023<\/td><\/tr><tr><td>Piment<\/td><td class=\"has-text-align-center\" data-align=\"center\">19 avril 2023<\/td><td class=\"has-text-align-center\" data-align=\"center\">Plant\u00e9<\/td><td class=\"has-text-align-center\" data-align=\"center\">1er juin 2023<\/td><\/tr><tr><td>Courge musqu\u00e9e de Provence<\/td><td class=\"has-text-align-center\" data-align=\"center\">19 avril 2023<\/td><td class=\"has-text-align-center\" data-align=\"center\">Plant\u00e9<\/td><td class=\"has-text-align-center\" data-align=\"center\">11 mai 2023<\/td><\/tr><tr><td>Laitue Bowl<\/td><td class=\"has-text-align-center\" data-align=\"center\">19 avril 2023<\/td><td class=\"has-text-align-center\" data-align=\"center\">Germ\u00e9<\/td><td class=\"has-text-align-center\" data-align=\"center\">x<\/td><\/tr><tr><td>Poivron<\/td><td class=\"has-text-align-center\" data-align=\"center\">19 avril 2023<\/td><td class=\"has-text-align-center\" data-align=\"center\">Plant\u00e9<\/td><td class=\"has-text-align-center\" data-align=\"center\">22 mai 2023<\/td><\/tr><tr><td>Luffa cylindra<\/td><td class=\"has-text-align-center\" data-align=\"center\">19 avril 2023<\/td><td class=\"has-text-align-center\" data-align=\"center\">Plant\u00e9<\/td><td class=\"has-text-align-center\" data-align=\"center\">22 mai 2023<\/td><\/tr><tr><td>Tomate<\/td><td class=\"has-text-align-center\" data-align=\"center\">octobre 2022<\/td><td class=\"has-text-align-center\" data-align=\"center\">Plant\u00e9<\/td><td class=\"has-text-align-center\" data-align=\"center\">4 mai 2023<\/td><\/tr><tr><td>Aubergine<\/td><td class=\"has-text-align-center\" data-align=\"center\">octobre 2022<\/td><td class=\"has-text-align-center\" data-align=\"center\">Plant\u00e9<\/td><td class=\"has-text-align-center\" data-align=\"center\">4 mai 2023<\/td><\/tr><tr><td>Chou cabus<\/td><td class=\"has-text-align-center\" data-align=\"center\">octobre 2022<\/td><td class=\"has-text-align-center\" data-align=\"center\">Plant\u00e9<\/td><td class=\"has-text-align-center\" data-align=\"center\">4 mai 2023<\/td><\/tr><tr><td>Pommes de Terre<\/td><td class=\"has-text-align-center\" data-align=\"center\">27 avril 2023<\/td><td class=\"has-text-align-center\" data-align=\"center\">Plant\u00e9<\/td><td class=\"has-text-align-center\" data-align=\"center\">27 avril 2023<\/td><\/tr><\/tbody><\/table><\/figure>\n\n\n\n<h3 class=\"wp-block-heading has-text-align-center has-text-color\" style=\"color:#05617d;font-size:43px\">Plantes aromatiques<\/h3>\n\n\n\n<figure class=\"wp-block-table alignwide is-style-stripes\"><table class=\"has-fixed-layout\"><thead><tr><th>Esp\u00e8ce<\/th><th class=\"has-text-align-center\" data-align=\"center\">Date de semis<\/th><th class=\"has-text-align-center\" data-align=\"center\">\u00c9tat d&rsquo;avancement<\/th><th class=\"has-text-align-center\" data-align=\"center\">Date de plantation<\/th><\/tr><\/thead><tbody><tr><td>Basilic Evergreen<\/td><td class=\"has-text-align-center\" data-align=\"center\">19 avril 2023<\/td><td class=\"has-text-align-center\" data-align=\"center\">Plant\u00e9<\/td><td class=\"has-text-align-center\" data-align=\"center\">11 mai 2023<\/td><\/tr><tr><td>Basilic canelle<\/td><td class=\"has-text-align-center\" data-align=\"center\">19 avril 2023<\/td><td class=\"has-text-align-center\" data-align=\"center\">Plant\u00e9<\/td><td class=\"has-text-align-center\" data-align=\"center\">22 mai 2023<\/td><\/tr><tr><td>Aneth<\/td><td class=\"has-text-align-center\" data-align=\"center\">19 avril 2023<\/td><td class=\"has-text-align-center\" data-align=\"center\">x<\/td><td class=\"has-text-align-center\" data-align=\"center\">x<\/td><\/tr><tr><td>Citronnelle de Madagascar<\/td><td class=\"has-text-align-center\" data-align=\"center\">19 avril 2023<\/td><td class=\"has-text-align-center\" data-align=\"center\">Germ\u00e9<\/td><td class=\"has-text-align-center\" data-align=\"center\">22 mai 2023<\/td><\/tr><tr><td>Ciboulette<\/td><td class=\"has-text-align-center\" data-align=\"center\">19 avril 2023<\/td><td class=\"has-text-align-center\" data-align=\"center\">x<\/td><td class=\"has-text-align-center\" data-align=\"center\">x<\/td><\/tr><tr><td>Persil fris\u00e9<\/td><td class=\"has-text-align-center\" data-align=\"center\">19 avril 2023<\/td><td class=\"has-text-align-center\" data-align=\"center\">Germ\u00e9<\/td><td class=\"has-text-align-center\" data-align=\"center\">&#8211;<\/td><\/tr><\/tbody><\/table><\/figure>\n\n\n\n<h3 class=\"wp-block-heading has-text-align-center has-text-color\" style=\"color:#05617d;font-size:43px\">Fleurs et plantes d&rsquo;ornement <\/h3>\n\n\n\n<figure class=\"wp-block-table alignwide is-style-stripes\"><table class=\"has-fixed-layout\"><thead><tr><th>Esp\u00e8ce<\/th><th class=\"has-text-align-center\" data-align=\"center\">Date de semis<\/th><th class=\"has-text-align-center\" data-align=\"center\">\u00c9tat d&rsquo;avancement<\/th><th class=\"has-text-align-center\" data-align=\"center\">Date de plantation<\/th><\/tr><\/thead><tbody><tr><td>\u0152illet d&rsquo;Inde<\/td><td class=\"has-text-align-center\" data-align=\"center\">19 avril 2023<\/td><td class=\"has-text-align-center\" data-align=\"center\">Germ\u00e9<\/td><td class=\"has-text-align-center\" data-align=\"center\">11 mai 2023<\/td><\/tr><tr><td>Lagenaria mini bouteille<\/td><td class=\"has-text-align-center\" data-align=\"center\">19 avril 2023<\/td><td class=\"has-text-align-center\" data-align=\"center\">Germ\u00e9<\/td><td class=\"has-text-align-center\" data-align=\"center\">22 mai 2023<\/td><\/tr><tr><td>Balsamine<\/td><td class=\"has-text-align-center\" data-align=\"center\">19 avril 2023<\/td><td class=\"has-text-align-center\" data-align=\"center\">Germ\u00e9<\/td><td class=\"has-text-align-center\" data-align=\"center\">22 mai 2023<\/td><\/tr><tr><td>Lobelia<\/td><td class=\"has-text-align-center\" data-align=\"center\">19 avril 2023<\/td><td class=\"has-text-align-center\" data-align=\"center\">Germ\u00e9<\/td><td class=\"has-text-align-center\" data-align=\"center\">29 juin 2023<\/td><\/tr><tr><td>Tournesol<\/td><td class=\"has-text-align-center\" data-align=\"center\">&#8211;<\/td><td class=\"has-text-align-center\" data-align=\"center\">Germ\u00e9<\/td><td class=\"has-text-align-center\" data-align=\"center\">17 mai 2023<\/td><\/tr><\/tbody><\/table><\/figure>\n\n\n\n<div class=\"wp-block-cover alignfull has-parallax wp-duotone-unset-3\" style=\"min-height:184px;aspect-ratio:unset;\"><span aria-hidden=\"true\" class=\"wp-block-cover__background has-background-dim\"><\/span><div role=\"img\" class=\"wp-block-cover__image-background wp-image-402 has-parallax\" style=\"background-position:50% 50%;background-image:url(https:\/\/blog.univ-angers.fr\/jardinspasserelle\/files\/2023\/04\/20230413_164223-1-scaled.jpg)\"><\/div><div class=\"wp-block-cover__inner-container is-layout-flow wp-block-cover-is-layout-flow\">\n<h2 class=\"wp-block-heading has-text-align-center has-white-color has-text-color\" style=\"font-size:62px\">Semis direct<\/h2>\n<\/div><\/div>\n\n\n\n<h3 class=\"wp-block-heading has-text-align-center has-text-color\" style=\"color:#05617d;font-size:43px\">Fleurs<\/h3>\n\n\n\n<figure class=\"wp-block-table alignwide is-style-stripes\"><table class=\"has-fixed-layout\"><thead><tr><th>Esp\u00e8ce<\/th><th class=\"has-text-align-center\" data-align=\"center\">Date de premiers semis<\/th><th class=\"has-text-align-center\" data-align=\"center\">Date de seconds semis<\/th><th class=\"has-text-align-center\" data-align=\"center\">\u00c9tat d&rsquo;avancement<\/th><\/tr><\/thead><tbody><tr><td>\u0152illet d&rsquo;Inde<\/td><td class=\"has-text-align-center\" data-align=\"center\">20 avril 2023<\/td><td class=\"has-text-align-center\" data-align=\"center\">&#8211; <\/td><td class=\"has-text-align-center\" data-align=\"center\">&#8211;<\/td><\/tr><tr><td>Ipom\u00e9e<\/td><td class=\"has-text-align-center\" data-align=\"center\">20 avril 2023<\/td><td class=\"has-text-align-center\" data-align=\"center\">&#8211;<\/td><td class=\"has-text-align-center\" data-align=\"center\">&#8211;<\/td><\/tr><tr><td>Pois de senteur<\/td><td class=\"has-text-align-center\" data-align=\"center\">20 avril 2023<\/td><td class=\"has-text-align-center\" data-align=\"center\">17 mai 2023<\/td><td class=\"has-text-align-center\" data-align=\"center\">Germ\u00e9<\/td><\/tr><tr><td>Souci<\/td><td class=\"has-text-align-center\" data-align=\"center\">20 avril 2023<\/td><td class=\"has-text-align-center\" data-align=\"center\">&#8211;<\/td><td class=\"has-text-align-center\" data-align=\"center\">Germ\u00e9<\/td><\/tr><tr><td>Coloquinte<\/td><td class=\"has-text-align-center\" data-align=\"center\">20 avril 2023<\/td><td class=\"has-text-align-center\" data-align=\"center\">17 mai 2023<\/td><td class=\"has-text-align-center\" data-align=\"center\">&#8211;<\/td><\/tr><tr><td>Phlox<\/td><td class=\"has-text-align-center\" data-align=\"center\">20 avril 2023<\/td><td class=\"has-text-align-center\" data-align=\"center\">&#8211;<\/td><td class=\"has-text-align-center\" data-align=\"center\">&#8211;<\/td><\/tr><tr><td>Cosmos<\/td><td class=\"has-text-align-center\" data-align=\"center\">20 avril 2023<\/td><td class=\"has-text-align-center\" data-align=\"center\">&#8211;<\/td><td class=\"has-text-align-center\" data-align=\"center\">&#8211;<\/td><\/tr><tr><td>Pavot d&rsquo;Orient<\/td><td class=\"has-text-align-center\" data-align=\"center\">20 avril 2023<\/td><td class=\"has-text-align-center\" data-align=\"center\">&#8211;<\/td><td class=\"has-text-align-center\" data-align=\"center\">&#8211;<\/td><\/tr><tr><td>Capucine<\/td><td class=\"has-text-align-center\" data-align=\"center\">20 avril 2023<\/td><td class=\"has-text-align-center\" data-align=\"center\">17 mai 2023<\/td><td class=\"has-text-align-center\" data-align=\"center\">Germ\u00e9<\/td><\/tr><\/tbody><\/table><\/figure>\n","protected":false},"excerpt":{"rendered":"<p>Plantes potag\u00e8res Esp\u00e8ce Date de plantation Nombre Tomate noire de Crim\u00e9e 22 mai 2023 &#8211; Chou kale 22 mai 2023 x Concombre 11 mai 2023 &#8211; Piment 1er juin 2023 &#8211; Basilic Evergreen 11 mai 2023 3 Basilic canelle 22 mai 2023 2 Courge musqu\u00e9e de Provence 11 mai 2023 &#8211; Poivron 22 mai 2023 [&hellip;]<\/p>\n","protected":false},"author":107634,"featured_media":0,"parent":0,"menu_order":0,"comment_status":"closed","ping_status":"closed","template":"","meta":{"footnotes":""},"class_list":["post-398","page","type-page","status-publish","hentry"],"_links":{"self":[{"href":"https:\/\/blog.univ-angers.fr\/jardinspasserelle\/wp-json\/wp\/v2\/pages\/398","targetHints":{"allow":["GET"]}}],"collection":[{"href":"https:\/\/blog.univ-angers.fr\/jardinspasserelle\/wp-json\/wp\/v2\/pages"}],"about":[{"href":"https:\/\/blog.univ-angers.fr\/jardinspasserelle\/wp-json\/wp\/v2\/types\/page"}],"author":[{"embeddable":true,"href":"https:\/\/blog.univ-angers.fr\/jardinspasserelle\/wp-json\/wp\/v2\/users\/107634"}],"replies":[{"embeddable":true,"href":"https:\/\/blog.univ-angers.fr\/jardinspasserelle\/wp-json\/wp\/v2\/comments?post=398"}],"version-history":[{"count":49,"href":"https:\/\/blog.univ-angers.fr\/jardinspasserelle\/wp-json\/wp\/v2\/pages\/398\/revisions"}],"predecessor-version":[{"id":1032,"href":"https:\/\/blog.univ-angers.fr\/jardinspasserelle\/wp-json\/wp\/v2\/pages\/398\/revisions\/1032"}],"wp:attachment":[{"href":"https:\/\/blog.univ-angers.fr\/jardinspasserelle\/wp-json\/wp\/v2\/media?parent=398"}],"curies":[{"name":"wp","href":"https:\/\/api.w.org\/{rel}","templated":true}]}}