{"id":367,"date":"2023-04-24T14:21:13","date_gmt":"2023-04-24T12:21:13","guid":{"rendered":"https:\/\/blog.univ-angers.fr\/jardinspasserelle\/?page_id=367"},"modified":"2023-10-10T14:17:04","modified_gmt":"2023-10-10T12:17:04","slug":"les-jardins-passerelle","status":"publish","type":"page","link":"https:\/\/blog.univ-angers.fr\/jardinspasserelle\/","title":{"rendered":"Les jardins Passerelle"},"content":{"rendered":"\n<hr class=\"wp-block-separator has-alpha-channel-opacity is-style-dots\" \/>\n\n\n\n<h2 class=\"wp-block-heading alignfull has-text-align-center has-text-color has-larger-font-size\" id=\"we-re-a-studio-in-berlin-with-an-international-practice-in-architecture-urban-planning-and-interior-design-we-believe-in-sharing-knowledge-and-promoting-dialogue-to-increase-the-creative-potential-of-collaboration\" style=\"color:#05617d;line-height:1.1;text-transform:none\">Un jardin partag\u00e9 ouvert \u00e0 toutes et tous en plein c\u0153ur du campus de Belle Beille. <\/h2>\n\n\n\n<div style=\"height:53px\" aria-hidden=\"true\" class=\"wp-block-spacer\"><\/div>\n\n\n\n<div class=\"wp-block-media-text alignwide is-stacked-on-mobile\" style=\"grid-template-columns:46% auto\"><figure class=\"wp-block-media-text__media\"><a href=\"https:\/\/goo.gl\/maps\/4p5aAkQsfTAAThcW6\" target=\"_blank\" rel=\"Comment venir au jardin Passerelle ? noopener\"><img loading=\"lazy\" decoding=\"async\" width=\"687\" height=\"691\" src=\"https:\/\/blog.univ-angers.fr\/jardinspasserelle\/files\/2023\/05\/ellipse2770-4.png\" alt=\"\" class=\"wp-image-726 size-full\" srcset=\"https:\/\/blog.univ-angers.fr\/jardinspasserelle\/files\/2023\/05\/ellipse2770-4.png 687w, https:\/\/blog.univ-angers.fr\/jardinspasserelle\/files\/2023\/05\/ellipse2770-4-298x300.png 298w, https:\/\/blog.univ-angers.fr\/jardinspasserelle\/files\/2023\/05\/ellipse2770-4-150x150.png 150w\" sizes=\"auto, (max-width: 687px) 100vw, 687px\" \/><\/a><\/figure><div class=\"wp-block-media-text__content\">\n<p class=\"has-text-color has-large-font-size\" style=\"color:#022c38\">Au-del\u00e0 de faire pousser fruits et l\u00e9gumes, le jardin Passerelle cherche \u00e0 rassembler les \u00e9tudiant.e.s, personnels de l&rsquo;Universit\u00e9 d&rsquo;Angers et les habitant.e.s de Belle Beille. Des permanences sont organis\u00e9es chaque semaine pour que l&rsquo;on puisse venir jardiner \u00e0 l&rsquo;improviste ou simplement regarder et discuter. Tout le monde est libre d\u2019apporter ses id\u00e9es, ses connaissances et son \u00e9nergie : ici on \u00e9change, on apprend, on se d\u00e9tend et \u00e9videmment&#8230; on jardine !<\/p>\n<\/div><\/div>\n\n\n\n<div style=\"height:75px\" aria-hidden=\"true\" class=\"wp-block-spacer\"><\/div>\n\n\n\n<h2 class=\"wp-block-heading has-text-align-center has-text-color\" style=\"color:#022c38\">Prochains \u00e9v\u00e9nements<\/h2>\n\n\n\n<ul class=\"has-text-color wp-block-list\" style=\"color:#022c38\">\n<li class=\"has-large-font-size\"><strong>Jeudi 12 octobre, 12h30 : <\/strong>Paillage des navets, \u00e9pinards et poir\u00e9e, d\u00e9sherbage<\/li>\n<\/ul>\n\n\n\n<div style=\"height:50px\" aria-hidden=\"true\" class=\"wp-block-spacer\"><\/div>\n\n\n\n<figure class=\"wp-block-gallery alignfull has-nested-images columns-4 is-cropped wp-block-gallery-1 is-layout-flex wp-block-gallery-is-layout-flex\">\n<figure class=\"wp-block-image size-large\"><img loading=\"lazy\" decoding=\"async\" width=\"1024\" height=\"1024\" data-id=\"444\" src=\"https:\/\/blog.univ-angers.fr\/jardinspasserelle\/files\/2023\/04\/20230407_170027-1-1024x1024.jpg\" alt=\"\" class=\"wp-image-444\" srcset=\"https:\/\/blog.univ-angers.fr\/jardinspasserelle\/files\/2023\/04\/20230407_170027-1-1024x1024.jpg 1024w, https:\/\/blog.univ-angers.fr\/jardinspasserelle\/files\/2023\/04\/20230407_170027-1-300x300.jpg 300w, https:\/\/blog.univ-angers.fr\/jardinspasserelle\/files\/2023\/04\/20230407_170027-1-150x150.jpg 150w, https:\/\/blog.univ-angers.fr\/jardinspasserelle\/files\/2023\/04\/20230407_170027-1-768x768.jpg 768w, https:\/\/blog.univ-angers.fr\/jardinspasserelle\/files\/2023\/04\/20230407_170027-1-1536x1536.jpg 1536w, https:\/\/blog.univ-angers.fr\/jardinspasserelle\/files\/2023\/04\/20230407_170027-1-2048x2048.jpg 2048w, https:\/\/blog.univ-angers.fr\/jardinspasserelle\/files\/2023\/04\/20230407_170027-1-1200x1200.jpg 1200w, https:\/\/blog.univ-angers.fr\/jardinspasserelle\/files\/2023\/04\/20230407_170027-1-1980x1980.jpg 1980w\" sizes=\"auto, (max-width: 1024px) 100vw, 1024px\" \/><\/figure>\n\n\n\n<figure class=\"wp-block-image size-full\"><img loading=\"lazy\" decoding=\"async\" width=\"1926\" height=\"1927\" data-id=\"809\" src=\"https:\/\/blog.univ-angers.fr\/jardinspasserelle\/files\/2023\/06\/Orchidee-1.jpg\" alt=\"\" class=\"wp-image-809\" \/><\/figure>\n\n\n\n<figure class=\"wp-block-image size-large\"><img loading=\"lazy\" decoding=\"async\" width=\"1024\" height=\"1024\" data-id=\"443\" src=\"https:\/\/blog.univ-angers.fr\/jardinspasserelle\/files\/2023\/04\/20230413_144119-1024x1024.jpg\" alt=\"\" class=\"wp-image-443\" srcset=\"https:\/\/blog.univ-angers.fr\/jardinspasserelle\/files\/2023\/04\/20230413_144119-1024x1024.jpg 1024w, https:\/\/blog.univ-angers.fr\/jardinspasserelle\/files\/2023\/04\/20230413_144119-300x300.jpg 300w, https:\/\/blog.univ-angers.fr\/jardinspasserelle\/files\/2023\/04\/20230413_144119-150x150.jpg 150w, https:\/\/blog.univ-angers.fr\/jardinspasserelle\/files\/2023\/04\/20230413_144119-768x768.jpg 768w, https:\/\/blog.univ-angers.fr\/jardinspasserelle\/files\/2023\/04\/20230413_144119-1536x1536.jpg 1536w, https:\/\/blog.univ-angers.fr\/jardinspasserelle\/files\/2023\/04\/20230413_144119-2048x2048.jpg 2048w, https:\/\/blog.univ-angers.fr\/jardinspasserelle\/files\/2023\/04\/20230413_144119-1200x1200.jpg 1200w, https:\/\/blog.univ-angers.fr\/jardinspasserelle\/files\/2023\/04\/20230413_144119-1980x1980.jpg 1980w\" sizes=\"auto, (max-width: 1024px) 100vw, 1024px\" \/><\/figure>\n\n\n\n<figure class=\"wp-block-image size-large\"><img loading=\"lazy\" decoding=\"async\" width=\"1024\" height=\"1024\" data-id=\"450\" src=\"https:\/\/blog.univ-angers.fr\/jardinspasserelle\/files\/2023\/04\/20230424_115619-1024x1024.jpg\" alt=\"\" class=\"wp-image-450\" srcset=\"https:\/\/blog.univ-angers.fr\/jardinspasserelle\/files\/2023\/04\/20230424_115619-1024x1024.jpg 1024w, https:\/\/blog.univ-angers.fr\/jardinspasserelle\/files\/2023\/04\/20230424_115619-300x300.jpg 300w, https:\/\/blog.univ-angers.fr\/jardinspasserelle\/files\/2023\/04\/20230424_115619-150x150.jpg 150w, https:\/\/blog.univ-angers.fr\/jardinspasserelle\/files\/2023\/04\/20230424_115619-768x768.jpg 768w, https:\/\/blog.univ-angers.fr\/jardinspasserelle\/files\/2023\/04\/20230424_115619-1536x1536.jpg 1536w, https:\/\/blog.univ-angers.fr\/jardinspasserelle\/files\/2023\/04\/20230424_115619-2048x2048.jpg 2048w, https:\/\/blog.univ-angers.fr\/jardinspasserelle\/files\/2023\/04\/20230424_115619-1200x1200.jpg 1200w, https:\/\/blog.univ-angers.fr\/jardinspasserelle\/files\/2023\/04\/20230424_115619-1980x1980.jpg 1980w\" sizes=\"auto, (max-width: 1024px) 100vw, 1024px\" \/><\/figure>\n<\/figure>\n\n\n\n<div class=\"wp-block-group alignfull has-background\" style=\"background-color:#0ac0f714\"><div class=\"wp-block-group__inner-container is-layout-constrained wp-block-group-is-layout-constrained\">\n<h2 class=\"wp-block-heading alignfull has-text-color\" style=\"color:#022c38\">Derni\u00e8res publications<\/h2>\n\n\n\n<div class=\"wp-block-query alignfull is-layout-flow wp-block-query-is-layout-flow\"><ul style=\"color:#05617d;background-color:#09a6d600;\" class=\"columns-3 alignfull wp-block-post-template has-text-color has-background has-normal-font-size is-layout-grid wp-container-core-post-template-is-layout-2fc57c17 wp-block-post-template-is-layout-grid\"><li class=\"wp-block-post post-1046 post type-post status-publish format-standard has-post-thumbnail hentry category-actualite-du-jardin category-agriculture-urbaine tag-actualites-du-jardin tag-agriculture-urbaine\">\n\n<div class=\"wp-block-group\" style=\"padding-top:30px;padding-right:30px;padding-bottom:30px;padding-left:30px\"><div class=\"wp-block-group__inner-container is-layout-flow wp-block-group-is-layout-flow\"><h2 style=\"color:#022c38;\" class=\"wp-block-post-title has-text-color has-normal-font-size\"><a href=\"https:\/\/blog.univ-angers.fr\/jardinspasserelle\/2023\/10\/10\/un-nouveau-bac-pour-le-composteur\/\" target=\"_self\" >Un nouveau bac pour le composteur !<\/a><\/h2>\n\n\n<div style=\"height:0px\" aria-hidden=\"true\" class=\"wp-block-spacer\"><\/div>\n\n\n<div style=\"color:#022c38;\" class=\"wp-block-post-excerpt has-text-color\"><p class=\"wp-block-post-excerpt__excerpt\">Mardi 3 octobre dernier, le composteur de la maison de la Maison de la Recherche Germaine Tillon (MRGT) a connu une nouvelle \u00e9tape dans son d\u00e9veloppement. En effet, apr\u00e8s 6 mois d\u2019activit\u00e9, le premier bac de 600 litres est enfin rempli et a pu \u00eatre ferm\u00e9. Il va ainsi entrer en maturation, sera brass\u00e9 environ<\/p><p class=\"wp-block-post-excerpt__more-text\"><a class=\"wp-block-post-excerpt__more-link\" href=\"https:\/\/blog.univ-angers.fr\/jardinspasserelle\/2023\/10\/10\/un-nouveau-bac-pour-le-composteur\/\">Lire la suite<\/a><\/p><\/div>\n\n<div style=\"color:#022c38;\" class=\"wp-block-post-date has-text-color\"><time datetime=\"2023-10-10T17:14:40+02:00\">10 octobre 2023<\/time><\/div><\/div><\/div>\n\n<\/li><li class=\"wp-block-post post-984 post type-post status-publish format-standard has-post-thumbnail hentry category-actualite-du-jardin tag-actualites-du-jardin\">\n\n<div class=\"wp-block-group\" style=\"padding-top:30px;padding-right:30px;padding-bottom:30px;padding-left:30px\"><div class=\"wp-block-group__inner-container is-layout-flow wp-block-group-is-layout-flow\"><h2 style=\"color:#022c38;\" class=\"wp-block-post-title has-text-color has-normal-font-size\"><a href=\"https:\/\/blog.univ-angers.fr\/jardinspasserelle\/2023\/08\/30\/cest-la-rentree-pour-les-jardins-passerelle\/\" target=\"_self\" >C\u2019est la rentr\u00e9e pour les jardins Passerelle !<\/a><\/h2>\n\n\n<div style=\"height:0px\" aria-hidden=\"true\" class=\"wp-block-spacer\"><\/div>\n\n\n<div style=\"color:#022c38;\" class=\"wp-block-post-excerpt has-text-color\"><p class=\"wp-block-post-excerpt__excerpt\">Apr\u00e8s un mois \u00e0 \u00eatre plus ou moins livr\u00e9 \u00e0 lui-m\u00eame, o\u00f9 en est le jardin ?&nbsp; Aliment\u00e9 en eau par Mariandr\u00e9a, stagiaire au Laboratoire LPG, et par les pluies r\u00e9colt\u00e9es du toit de la Passerelle, le jardin a donn\u00e9 beaucoup de concombres et de tomates. Malheureusement, faute d&rsquo;une pr\u00e9sence quotidienne, une partie des tomates<\/p><p class=\"wp-block-post-excerpt__more-text\"><a class=\"wp-block-post-excerpt__more-link\" href=\"https:\/\/blog.univ-angers.fr\/jardinspasserelle\/2023\/08\/30\/cest-la-rentree-pour-les-jardins-passerelle\/\">Lire la suite<\/a><\/p><\/div>\n\n<div style=\"color:#022c38;\" class=\"wp-block-post-date has-text-color\"><time datetime=\"2023-08-30T12:29:38+02:00\">30 ao\u00fbt 2023<\/time><\/div><\/div><\/div>\n\n<\/li><li class=\"wp-block-post post-901 post type-post status-publish format-standard has-post-thumbnail hentry category-actualite-du-jardin category-agriculture-urbaine tag-actualites-du-jardin tag-agriculture-urbaine\">\n\n<div class=\"wp-block-group\" style=\"padding-top:30px;padding-right:30px;padding-bottom:30px;padding-left:30px\"><div class=\"wp-block-group__inner-container is-layout-flow wp-block-group-is-layout-flow\"><h2 style=\"color:#022c38;\" class=\"wp-block-post-title has-text-color has-normal-font-size\"><a href=\"https:\/\/blog.univ-angers.fr\/jardinspasserelle\/2023\/07\/17\/un-systeme-dirrigation-automatique-pour-le-jardin\/\" target=\"_self\" >Un syst\u00e8me d&rsquo;irrigation automatique pour le jardin<\/a><\/h2>\n\n\n<div style=\"height:0px\" aria-hidden=\"true\" class=\"wp-block-spacer\"><\/div>\n\n\n<div style=\"color:#022c38;\" class=\"wp-block-post-excerpt has-text-color\"><p class=\"wp-block-post-excerpt__excerpt\">Durant toute une partie de l&rsquo;ann\u00e9e, Katell et C\u00e9line, \u00e9tudiantes \u00e0 Polytech Angers, ont mis au point leur projet tutor\u00e9 \u00e0 deux pas des parcelles, dans le fablab de Polytech Angers. Achev\u00e9 il y a quelques semaines, l&rsquo;objectif \u00e9tait de proposer un syst\u00e8me d&rsquo;irrigation automatique pour les jardins Passerelle. Alors que l&rsquo;universit\u00e9 ferme bient\u00f4t pour<\/p><p class=\"wp-block-post-excerpt__more-text\"><a class=\"wp-block-post-excerpt__more-link\" href=\"https:\/\/blog.univ-angers.fr\/jardinspasserelle\/2023\/07\/17\/un-systeme-dirrigation-automatique-pour-le-jardin\/\">Lire la suite<\/a><\/p><\/div>\n\n<div style=\"color:#022c38;\" class=\"wp-block-post-date has-text-color\"><time datetime=\"2023-07-17T12:02:10+02:00\">17 juillet 2023<\/time><\/div><\/div><\/div>\n\n<\/li><\/ul><\/div>\n\n\n\n<div class=\"wp-block-buttons alignwide is-content-justification-right is-layout-flex wp-container-core-buttons-is-layout-765c4724 wp-block-buttons-is-layout-flex\">\n<div class=\"wp-block-button\"><a class=\"wp-block-button__link has-background-background-color has-text-color has-background wp-element-button\" href=\"https:\/\/blog.univ-angers.fr\/jardinspasserelle\/articles\/\" style=\"color:#05617d\">Tous les articles &gt;<\/a><\/div>\n<\/div>\n<\/div><\/div>\n","protected":false},"excerpt":{"rendered":"<p>Un jardin partag\u00e9 ouvert \u00e0 toutes et tous en plein c\u0153ur du campus de Belle Beille. Au-del\u00e0 de faire pousser fruits et l\u00e9gumes, le jardin Passerelle cherche \u00e0 rassembler les \u00e9tudiant.e.s, personnels de l&rsquo;Universit\u00e9 d&rsquo;Angers et les habitant.e.s de Belle Beille. Des permanences sont organis\u00e9es chaque semaine pour que l&rsquo;on puisse venir jardiner \u00e0 l&rsquo;improviste [&hellip;]<\/p>\n","protected":false},"author":107634,"featured_media":613,"parent":0,"menu_order":0,"comment_status":"closed","ping_status":"closed","template":"templates\/template-cover.php","meta":{"footnotes":""},"class_list":["post-367","page","type-page","status-publish","has-post-thumbnail","hentry"],"_links":{"self":[{"href":"https:\/\/blog.univ-angers.fr\/jardinspasserelle\/wp-json\/wp\/v2\/pages\/367","targetHints":{"allow":["GET"]}}],"collection":[{"href":"https:\/\/blog.univ-angers.fr\/jardinspasserelle\/wp-json\/wp\/v2\/pages"}],"about":[{"href":"https:\/\/blog.univ-angers.fr\/jardinspasserelle\/wp-json\/wp\/v2\/types\/page"}],"author":[{"embeddable":true,"href":"https:\/\/blog.univ-angers.fr\/jardinspasserelle\/wp-json\/wp\/v2\/users\/107634"}],"replies":[{"embeddable":true,"href":"https:\/\/blog.univ-angers.fr\/jardinspasserelle\/wp-json\/wp\/v2\/comments?post=367"}],"version-history":[{"count":67,"href":"https:\/\/blog.univ-angers.fr\/jardinspasserelle\/wp-json\/wp\/v2\/pages\/367\/revisions"}],"predecessor-version":[{"id":1041,"href":"https:\/\/blog.univ-angers.fr\/jardinspasserelle\/wp-json\/wp\/v2\/pages\/367\/revisions\/1041"}],"wp:featuredmedia":[{"embeddable":true,"href":"https:\/\/blog.univ-angers.fr\/jardinspasserelle\/wp-json\/wp\/v2\/media\/613"}],"wp:attachment":[{"href":"https:\/\/blog.univ-angers.fr\/jardinspasserelle\/wp-json\/wp\/v2\/media?parent=367"}],"curies":[{"name":"wp","href":"https:\/\/api.w.org\/{rel}","templated":true}]}}