{"id":323,"date":"2023-04-17T16:56:40","date_gmt":"2023-04-17T14:56:40","guid":{"rendered":"https:\/\/blog.univ-angers.fr\/jardinspasserelle\/?page_id=323"},"modified":"2023-10-09T16:10:52","modified_gmt":"2023-10-09T14:10:52","slug":"le-blog","status":"publish","type":"page","link":"https:\/\/blog.univ-angers.fr\/jardinspasserelle\/le-blog\/","title":{"rendered":"Le Blog"},"content":{"rendered":"\n<div style=\"height:43px\" aria-hidden=\"true\" class=\"wp-block-spacer\"><\/div>\n\n\n\n<p class=\"has-text-color\" style=\"color:#022c38\">Un jardin est un lieu propice aux fl\u00e2neries les plus diverses et attire sur lui une multitude de regards, qu\u2019on ait une approche scientifique, esth\u00e9tique, litt\u00e9raire, historique\u2026 C\u2019est pourquoi le blog des jardins Passerelle a pour vocation de r\u00e9colter toutes les paroles qui souhaitent s\u2019exprimer sur le campus. Que ce soit pour vulgariser un myst\u00e9rieux concept de biologie v\u00e9g\u00e9tale, raconter l\u2019histoire d\u2019amour maudite de deux jardiniers parfaitement fictionnels, \u00e9crire un po\u00e8me \u00e0 la gloire des pommes de terre ou de leurs doryphores, relater l\u2019histoire surprenante des jardins \u00e0 l\u2019anglaise de 1884 \u00e0 nos jours, couvrir un \u00e9v\u00e9nement sur Angers ou simplement d\u00e9crire les actions en cours au jardin Passerelle, le blog a soif de plumes fougueuses. Tous les sujets, tous les supports sont les bienvenus, \u00e0 une seule condition : que \u00e7a ait un rapport avec les jardins.<\/p>\n\n\n\n<h2 class=\"wp-block-heading has-text-align-center\">Derni\u00e8res publications<\/h2>\n\n\n<ul class=\"wp-block-latest-posts__list has-dates has-author aligncenter wp-block-latest-posts\"><li><a class=\"wp-block-latest-posts__post-title\" href=\"https:\/\/blog.univ-angers.fr\/jardinspasserelle\/2023\/10\/10\/un-nouveau-bac-pour-le-composteur\/\">Un nouveau bac pour le composteur !<\/a><div class=\"wp-block-latest-posts__post-author\">par Marion Barbe<\/div><time datetime=\"2023-10-10T17:14:40+02:00\" class=\"wp-block-latest-posts__post-date\">10 octobre 2023<\/time><\/li>\n<li><a class=\"wp-block-latest-posts__post-title\" href=\"https:\/\/blog.univ-angers.fr\/jardinspasserelle\/2023\/08\/30\/cest-la-rentree-pour-les-jardins-passerelle\/\">C\u2019est la rentr\u00e9e pour les jardins Passerelle !<\/a><div class=\"wp-block-latest-posts__post-author\">par Marion Barbe<\/div><time datetime=\"2023-08-30T12:29:38+02:00\" class=\"wp-block-latest-posts__post-date\">30 ao\u00fbt 2023<\/time><\/li>\n<li><a class=\"wp-block-latest-posts__post-title\" href=\"https:\/\/blog.univ-angers.fr\/jardinspasserelle\/2023\/07\/17\/un-systeme-dirrigation-automatique-pour-le-jardin\/\">Un syst\u00e8me d&rsquo;irrigation automatique pour le jardin<\/a><div class=\"wp-block-latest-posts__post-author\">par Marion Barbe<\/div><time datetime=\"2023-07-17T12:02:10+02:00\" class=\"wp-block-latest-posts__post-date\">17 juillet 2023<\/time><\/li>\n<li><a class=\"wp-block-latest-posts__post-title\" href=\"https:\/\/blog.univ-angers.fr\/jardinspasserelle\/2023\/06\/01\/un-mois-depuis-son-arrivee-comment-se-porte-le-composteur-de-la-mrgt\/\">Un mois depuis son arriv\u00e9e, comment se porte le composteur de la MRGT ?<\/a><div class=\"wp-block-latest-posts__post-author\">par Marion Barbe<\/div><time datetime=\"2023-06-01T12:15:50+02:00\" class=\"wp-block-latest-posts__post-date\">1 juin 2023<\/time><\/li>\n<li><a class=\"wp-block-latest-posts__post-title\" href=\"https:\/\/blog.univ-angers.fr\/jardinspasserelle\/2023\/04\/14\/construction-et-installation-de-trois-nouveaux-bacs\/\">Construction et installation de trois nouveaux carr\u00e9s potagers !<\/a><div class=\"wp-block-latest-posts__post-author\">par Marion Barbe<\/div><time datetime=\"2023-04-14T15:14:01+02:00\" class=\"wp-block-latest-posts__post-date\">14 avril 2023<\/time><\/li>\n<\/ul>\n\n\n<div class=\"wp-block-buttons is-content-justification-center is-layout-flex wp-container-core-buttons-is-layout-16018d1d wp-block-buttons-is-layout-flex\">\n<div class=\"wp-block-button\"><a class=\"wp-block-button__link wp-element-button\" href=\"https:\/\/blog.univ-angers.fr\/jardinspasserelle\/articles\/\">Voir tous les articles<\/a><\/div>\n<\/div>\n","protected":false},"excerpt":{"rendered":"<p>Un jardin est un lieu propice aux fl\u00e2neries les plus diverses et attire sur lui une multitude de regards, qu\u2019on ait une approche scientifique, esth\u00e9tique, litt\u00e9raire, historique\u2026 C\u2019est pourquoi le blog des jardins Passerelle a pour vocation de r\u00e9colter toutes les paroles qui souhaitent s\u2019exprimer sur le campus. Que ce soit pour vulgariser un myst\u00e9rieux [&hellip;]<\/p>\n","protected":false},"author":107634,"featured_media":0,"parent":0,"menu_order":0,"comment_status":"closed","ping_status":"closed","template":"","meta":{"footnotes":""},"class_list":["post-323","page","type-page","status-publish","hentry"],"_links":{"self":[{"href":"https:\/\/blog.univ-angers.fr\/jardinspasserelle\/wp-json\/wp\/v2\/pages\/323","targetHints":{"allow":["GET"]}}],"collection":[{"href":"https:\/\/blog.univ-angers.fr\/jardinspasserelle\/wp-json\/wp\/v2\/pages"}],"about":[{"href":"https:\/\/blog.univ-angers.fr\/jardinspasserelle\/wp-json\/wp\/v2\/types\/page"}],"author":[{"embeddable":true,"href":"https:\/\/blog.univ-angers.fr\/jardinspasserelle\/wp-json\/wp\/v2\/users\/107634"}],"replies":[{"embeddable":true,"href":"https:\/\/blog.univ-angers.fr\/jardinspasserelle\/wp-json\/wp\/v2\/comments?post=323"}],"version-history":[{"count":7,"href":"https:\/\/blog.univ-angers.fr\/jardinspasserelle\/wp-json\/wp\/v2\/pages\/323\/revisions"}],"predecessor-version":[{"id":1034,"href":"https:\/\/blog.univ-angers.fr\/jardinspasserelle\/wp-json\/wp\/v2\/pages\/323\/revisions\/1034"}],"wp:attachment":[{"href":"https:\/\/blog.univ-angers.fr\/jardinspasserelle\/wp-json\/wp\/v2\/media?parent=323"}],"curies":[{"name":"wp","href":"https:\/\/api.w.org\/{rel}","templated":true}]}}