{"id":2,"date":"2022-09-04T10:30:17","date_gmt":"2022-09-04T08:30:17","guid":{"rendered":"https:\/\/blog.univ-angers.fr\/jardinspasserelle\/?page_id=2"},"modified":"2023-06-07T16:38:53","modified_gmt":"2023-06-07T14:38:53","slug":"les-jardins","status":"publish","type":"page","link":"https:\/\/blog.univ-angers.fr\/jardinspasserelle\/les-jardins\/","title":{"rendered":"Les jardins"},"content":{"rendered":"\n<div class=\"wp-block-group alignwide is-content-justification-center is-layout-flex wp-container-core-group-is-layout-64b26803 wp-block-group-is-layout-flex\">\n<h5 class=\"wp-block-heading has-text-align-left has-text-color has-large-font-size\" id=\"block-0ef62846-4d73-4f3a-ab8b-7d55f50d7ea0\" style=\"color:#05617d\">Au-del\u00e0 de faire pousser fruits et l\u00e9gumes, les jardins Passerelle ont pour but de rassembler \u00e9tudiant.e.s, personnels de l&rsquo;Universit\u00e9 d&rsquo;Angers et habitant.e.s de Belle Beille. Des cr\u00e9neaux sont organis\u00e9s chaque semaine pour que l&rsquo;on puisse venir jardiner ou simplement regarder et discuter. Tout le monde est ainsi libre d\u2019apporter ses id\u00e9es, ses connaissances et son \u00e9nergie : ici on \u00e9change, on apprend, on se d\u00e9tend et \u00e9videmment&#8230; on jardine !<\/h5>\n<\/div>\n\n\n\n<p>Situ\u00e9 \u00e0 proximit\u00e9 de la Passerelle, b\u00e2timent accueillant le service de sant\u00e9 universitaire, le jardin Passerelle forme un trait d\u2019union concret entre les lieux de formation des \u00e9tudiants, les lieux de travail des personnels universitaires et ce lieu de soin pour toutes et tous. A l\u2019heure o\u00f9 la sant\u00e9 mentale est devenue une question socialement vive et o\u00f9 <a href=\"https:\/\/www.fondation-croix-rouge.fr\/bourses\/bourse-isolement-social-jeunes-3\/\" target=\"_blank\" rel=\"noreferrer noopener\">l&rsquo;isolement des jeunes s&rsquo;intensifie<\/a>, ce jardin a pour vocation de constituer un espace d\u2019\u00e9changes.<\/p>\n\n\n\n<div class=\"wp-block-group alignwide is-nowrap is-layout-flex wp-container-core-group-is-layout-ad2f72ca wp-block-group-is-layout-flex\">\n<figure class=\"wp-block-image size-large is-resized\"><img loading=\"lazy\" decoding=\"async\" src=\"https:\/\/blog.univ-angers.fr\/jardinspasserelle\/files\/2023\/04\/20230413_164223-2-1024x1024.jpg\" alt=\"\" class=\"wp-image-468\" width=\"589\" height=\"589\" srcset=\"https:\/\/blog.univ-angers.fr\/jardinspasserelle\/files\/2023\/04\/20230413_164223-2-1024x1024.jpg 1024w, https:\/\/blog.univ-angers.fr\/jardinspasserelle\/files\/2023\/04\/20230413_164223-2-300x300.jpg 300w, https:\/\/blog.univ-angers.fr\/jardinspasserelle\/files\/2023\/04\/20230413_164223-2-150x150.jpg 150w, https:\/\/blog.univ-angers.fr\/jardinspasserelle\/files\/2023\/04\/20230413_164223-2-768x768.jpg 768w, https:\/\/blog.univ-angers.fr\/jardinspasserelle\/files\/2023\/04\/20230413_164223-2-1536x1536.jpg 1536w, https:\/\/blog.univ-angers.fr\/jardinspasserelle\/files\/2023\/04\/20230413_164223-2-2048x2048.jpg 2048w, https:\/\/blog.univ-angers.fr\/jardinspasserelle\/files\/2023\/04\/20230413_164223-2-1200x1200.jpg 1200w, https:\/\/blog.univ-angers.fr\/jardinspasserelle\/files\/2023\/04\/20230413_164223-2-1980x1980.jpg 1980w\" sizes=\"auto, (max-width: 589px) 100vw, 589px\" \/><\/figure>\n\n\n\n<p><\/p>\n\n\n\n<figure class=\"wp-block-image size-full is-resized\"><img loading=\"lazy\" decoding=\"async\" src=\"https:\/\/blog.univ-angers.fr\/jardinspasserelle\/files\/2023\/05\/ellipse2770-4.png\" alt=\"\" class=\"wp-image-726\" width=\"519\" height=\"521\" srcset=\"https:\/\/blog.univ-angers.fr\/jardinspasserelle\/files\/2023\/05\/ellipse2770-4.png 687w, https:\/\/blog.univ-angers.fr\/jardinspasserelle\/files\/2023\/05\/ellipse2770-4-298x300.png 298w, https:\/\/blog.univ-angers.fr\/jardinspasserelle\/files\/2023\/05\/ellipse2770-4-150x150.png 150w\" sizes=\"auto, (max-width: 519px) 100vw, 519px\" \/><\/figure>\n<\/div>\n\n\n\n<p><\/p>\n\n\n\n<h2 class=\"wp-block-heading alignwide\">La naissance des jardins <\/h2>\n\n\n\n<p>Les jardins Passerelle sont n\u00e9s en 2021, d&rsquo;un besoin de l&rsquo;Universit\u00e9 d&rsquo;Angers de favoriser les \u00e9changes sociaux et p\u00e9dagogiques entre \u00e9tudiant.e.s, personnels universitaires et habitant.e.s du quartier de Belle-Beille dans une d\u00e9marche de d\u00e9veloppement durable. <\/p>\n\n\n\n<p>Port\u00e9 par plusieurs associations \u00e9tudiantes telles que PEGAZH (Promotion des Etudiants pour la Gestion et l\u2019Am\u00e9nagement des Zones Humides), l&rsquo;AUNA (Association Universitaire Naturaliste D&rsquo;Angers) et l&rsquo;AEBVA (Association des Etudiants en Biologie V\u00e9g\u00e9tale d&rsquo;Angers), le projet a pu voir le jour. <\/p>\n\n\n\n<p>Emma Braud, alors en stage de premi\u00e8re ann\u00e9e de Master Biodiversit\u00e9, \u00c9cologie et \u00c9volution, a re\u00e7u comme mission de monter le dossier pour r\u00e9pondre \u00e0 l\u2019appel \u00e0 projets  \u00ab Jardins partag\u00e9s et collectifs \u00bb lanc\u00e9 dans le d\u00e9partement du Maine-et-Loire par le Minist\u00e8re de l\u2019Agriculture et de l\u2019Alimentation en soutien \u00e0 des projets d\u2019agriculture urbaine. Durant ce stage, elle a pu d\u00e9velopper l&rsquo;argumentaire technique ayant servi par la suite \u00e0 la constitution des dossier de demandes de financements. <\/p>\n\n\n\n<figure class=\"wp-block-pullquote has-primary-color has-text-color has-small-font-size\"><blockquote><p><strong>Ce projet a pour enjeux de :<\/strong><br><strong>&#8211; Renforcer le lien social et interg\u00e9n\u00e9rationnel entre les \u00e9tudiants, le personnel de l&rsquo;UA et les habitants du quartier de Belle Beille<\/strong><br><strong>&#8211; Proposer des activit\u00e9s diversifi\u00e9es sur le th\u00e8me de la reconnexion avec la nature, la conservation de la biodiversit\u00e9 et du d\u00e9veloppement durable.<\/strong><\/p><cite><em>Rapport de stage d&rsquo;Emma Braud<\/em><\/cite><\/blockquote><\/figure>\n\n\n\n<h2 class=\"wp-block-heading alignwide\">Le label Ecojardin<\/h2>\n\n\n\n<p>En 2023, l&rsquo;Universit\u00e9 d&rsquo;Angers, l&rsquo;Institut Agro et l&rsquo;Inrae ont re\u00e7u le label EcoJardin pour la gestion \u00e9cologique du campus de Belle Beille. D\u00e9livr\u00e9 par l&rsquo;association Plante &amp; Cit\u00e9, le label \u00e9value la gestion des espaces verts sur la base de crit\u00e8res environnementaux comme l&rsquo;utilisation de mat\u00e9riaux naturels, les pratiques de fauche, la gestion de l&rsquo;eau et, de mani\u00e8re plus globale, la place laiss\u00e9e \u00e0 la biodiversit\u00e9 dans l&rsquo;entretien des parcelles.<\/p>\n\n\n<div class=\"wp-block-image\">\n<figure class=\"aligncenter size-full is-resized\"><a href=\"https:\/\/www.label-ecojardin.fr\" target=\"_blank\" rel=\"noreferrer noopener\"><img loading=\"lazy\" decoding=\"async\" src=\"https:\/\/blog.univ-angers.fr\/jardinspasserelle\/files\/2023\/04\/logo-EcoJardin.png\" alt=\"\" class=\"wp-image-214\" width=\"207\" height=\"89\" \/><\/a><\/figure>\n<\/div>\n\n\n<div class=\"wp-block-buttons is-content-justification-center is-layout-flex wp-container-core-buttons-is-layout-16018d1d wp-block-buttons-is-layout-flex\">\n<div class=\"wp-block-button\"><a class=\"wp-block-button__link has-accent-background-color has-background wp-element-button\" href=\"https:\/\/www.label-ecojardin.fr\/fr\/sites-labellises\/universite-dangers-campus-de-belle-beille\" target=\"_blank\" rel=\"noreferrer noopener\">Consulter la fiche EcoJardin du campus Belle Beille<\/a><\/div>\n<\/div>\n\n\n\n<p>En effet, par sa proximit\u00e9 avec l&rsquo;\u00e9tang Saint Nicolas, le campus de Belle Beille b\u00e9n\u00e9ficie d&rsquo;une faune et d&rsquo;une flore foisonnantes. Cette richesse n&rsquo;aura pas \u00e9chapp\u00e9 aux gestionnaires qui, depuis plusieurs ann\u00e9es, ont pris des mesures pour que leur gestion entre dans une d\u00e9marche de respect de la biodiversit\u00e9. Par l&rsquo;absence d&rsquo;arrosage, la diminution du nombre de fauches \u00e0 l&rsquo;ann\u00e9e, et par l&rsquo;adoption pr\u00e9coce du bannissement des produits phytosanitaires, faune et flore trouvent un refuge malgr\u00e9 la pr\u00e9sence humaine. Chaque printemps, renoncules, tr\u00e8fles, p\u00e2querettes et m\u00eame orchid\u00e9es sauvages reviennent tapisser spontan\u00e9ment les pelouses du campus, faisant le bonheur des pollinisateurs.<\/p>\n","protected":false},"excerpt":{"rendered":"<p>Au-del\u00e0 de faire pousser fruits et l\u00e9gumes, les jardins Passerelle ont pour but de rassembler \u00e9tudiant.e.s, personnels de l&rsquo;Universit\u00e9 d&rsquo;Angers et habitant.e.s de Belle Beille. Des cr\u00e9neaux sont organis\u00e9s chaque semaine pour que l&rsquo;on puisse venir jardiner ou simplement regarder et discuter. Tout le monde est ainsi libre d\u2019apporter ses id\u00e9es, ses connaissances et son [&hellip;]<\/p>\n","protected":false},"author":8408,"featured_media":0,"parent":0,"menu_order":0,"comment_status":"closed","ping_status":"closed","template":"","meta":{"footnotes":""},"class_list":["post-2","page","type-page","status-publish","hentry"],"_links":{"self":[{"href":"https:\/\/blog.univ-angers.fr\/jardinspasserelle\/wp-json\/wp\/v2\/pages\/2","targetHints":{"allow":["GET"]}}],"collection":[{"href":"https:\/\/blog.univ-angers.fr\/jardinspasserelle\/wp-json\/wp\/v2\/pages"}],"about":[{"href":"https:\/\/blog.univ-angers.fr\/jardinspasserelle\/wp-json\/wp\/v2\/types\/page"}],"author":[{"embeddable":true,"href":"https:\/\/blog.univ-angers.fr\/jardinspasserelle\/wp-json\/wp\/v2\/users\/8408"}],"replies":[{"embeddable":true,"href":"https:\/\/blog.univ-angers.fr\/jardinspasserelle\/wp-json\/wp\/v2\/comments?post=2"}],"version-history":[{"count":47,"href":"https:\/\/blog.univ-angers.fr\/jardinspasserelle\/wp-json\/wp\/v2\/pages\/2\/revisions"}],"predecessor-version":[{"id":908,"href":"https:\/\/blog.univ-angers.fr\/jardinspasserelle\/wp-json\/wp\/v2\/pages\/2\/revisions\/908"}],"wp:attachment":[{"href":"https:\/\/blog.univ-angers.fr\/jardinspasserelle\/wp-json\/wp\/v2\/media?parent=2"}],"curies":[{"name":"wp","href":"https:\/\/api.w.org\/{rel}","templated":true}]}}