{"id":197,"date":"2023-04-11T14:11:02","date_gmt":"2023-04-11T12:11:02","guid":{"rendered":"https:\/\/blog.univ-angers.fr\/jardinspasserelle\/?page_id=197"},"modified":"2023-10-10T15:13:27","modified_gmt":"2023-10-10T13:13:27","slug":"calendrier","status":"publish","type":"page","link":"https:\/\/blog.univ-angers.fr\/jardinspasserelle\/calendrier\/","title":{"rendered":"Quand venir ?"},"content":{"rendered":"\n<div style=\"height:47px\" aria-hidden=\"true\" class=\"wp-block-spacer\"><\/div>\n\n\n\n<h5 class=\"wp-block-heading has-text-align-center has-text-color has-large-font-size\" style=\"color:#05617d\"><strong>Tous les jeudis \u00e0 12h30<\/strong><\/h5>\n\n\n\n<h2 class=\"wp-block-heading alignwide has-text-color\" style=\"color:#022c38\">Prochains rendez-vous : <\/h2>\n\n\n\n<div class=\"wp-block-columns alignwide is-not-stacked-on-mobile has-small-font-size is-layout-flex wp-container-core-columns-is-layout-9d6595d7 wp-block-columns-is-layout-flex\" style=\"font-style:normal;font-weight:800\">\n<div class=\"wp-block-column is-vertically-aligned-top is-layout-flow wp-block-column-is-layout-flow\">\n<p class=\"has-text-align-center has-text-color has-large-font-size\" style=\"color:#05617d\"><strong>12 octobre<\/strong>, \u00e0 12h30<\/p>\n<\/div>\n\n\n\n<div class=\"wp-block-column is-vertically-aligned-center is-layout-flow wp-block-column-is-layout-flow\">\n<p class=\"has-text-align-center has-text-color\" style=\"color:#022c38\">D\u00e9sherbage, et paillage<\/p>\n<\/div>\n\n\n\n<div class=\"wp-block-column is-vertically-aligned-center is-layout-flow wp-block-column-is-layout-flow\">\n<p class=\"has-text-align-center has-text-color\" style=\"color:#05617d;text-transform:uppercase\"><a href=\"https:\/\/goo.gl\/maps\/hY55n9XzTLRNgR748\" target=\"_blank\" rel=\"noreferrer noopener\">La Passerelle SUIO-IP<\/a><\/p>\n<\/div>\n<\/div>\n\n\n\n<h2 class=\"wp-block-heading alignwide has-text-color\" style=\"color:#022c38\">\u00c9v\u00e9nements pass\u00e9s : <\/h2>\n\n\n\n<div class=\"wp-block-columns alignwide is-not-stacked-on-mobile has-small-font-size is-layout-flex wp-container-core-columns-is-layout-9d6595d7 wp-block-columns-is-layout-flex\" style=\"font-style:normal;font-weight:800\">\n<div class=\"wp-block-column is-vertically-aligned-top is-layout-flow wp-block-column-is-layout-flow\">\n<p class=\"has-text-align-center has-text-color has-large-font-size\" style=\"color:#05617d\"><strong>3 octobre<\/strong>, \u00e0 12h30<\/p>\n<\/div>\n\n\n\n<div class=\"wp-block-column is-vertically-aligned-center is-layout-flow wp-block-column-is-layout-flow\">\n<p class=\"has-text-align-center has-text-color\" style=\"color:#022c38\">D\u00e9sherbage et repiquage de semis de navets, d&rsquo;\u00e9pinards et de poir\u00e9e<\/p>\n<\/div>\n\n\n\n<div class=\"wp-block-column is-vertically-aligned-center is-layout-flow wp-block-column-is-layout-flow\">\n<p class=\"has-text-align-center has-text-color\" style=\"color:#05617d;text-transform:uppercase\"><a href=\"https:\/\/goo.gl\/maps\/hY55n9XzTLRNgR748\" target=\"_blank\" rel=\"noreferrer noopener\">La Passerelle SUIO-IP<\/a><\/p>\n<\/div>\n<\/div>\n\n\n\n<div class=\"wp-block-columns alignwide is-not-stacked-on-mobile has-small-font-size is-layout-flex wp-container-core-columns-is-layout-9d6595d7 wp-block-columns-is-layout-flex\" style=\"font-style:normal;font-weight:800\">\n<div class=\"wp-block-column is-vertically-aligned-top is-layout-flow wp-block-column-is-layout-flow\">\n<p class=\"has-text-align-center has-text-color has-large-font-size\" style=\"color:#05617d\"><strong>31 ao\u00fbt<\/strong>, \u00e0 12h30<\/p>\n<\/div>\n\n\n\n<div class=\"wp-block-column is-vertically-aligned-center is-layout-flow wp-block-column-is-layout-flow\">\n<p class=\"has-text-align-center has-text-color\" style=\"color:#022c38\"><strong>Retour au jardin ! <\/strong><br>Taille, d\u00e9sherbage, cueillette&#8230;<\/p>\n<\/div>\n\n\n\n<div class=\"wp-block-column is-vertically-aligned-center is-layout-flow wp-block-column-is-layout-flow\">\n<p class=\"has-text-align-center has-text-color\" style=\"color:#05617d;text-transform:uppercase\"><a href=\"https:\/\/goo.gl\/maps\/hY55n9XzTLRNgR748\" target=\"_blank\" rel=\"noreferrer noopener\">La Passerelle SUIO-IP<\/a><\/p>\n<\/div>\n<\/div>\n\n\n\n<div class=\"wp-block-columns alignwide is-not-stacked-on-mobile has-small-font-size is-layout-flex wp-container-core-columns-is-layout-9d6595d7 wp-block-columns-is-layout-flex\" style=\"font-style:normal;font-weight:800\">\n<div class=\"wp-block-column is-vertically-aligned-top is-layout-flow wp-block-column-is-layout-flow\">\n<p class=\"has-text-align-center has-text-color has-large-font-size\" style=\"color:#05617d\"><strong>13 juillet, \u00e0 12h30<\/strong><\/p>\n<\/div>\n\n\n\n<div class=\"wp-block-column is-vertically-aligned-center is-layout-flow wp-block-column-is-layout-flow\">\n<p class=\"has-text-align-center has-text-color\" style=\"color:#022c38\">Finalisation des tables de pique-nique mont\u00e9es la semaine derni\u00e8re, entretien du jardin<\/p>\n<\/div>\n\n\n\n<div class=\"wp-block-column is-vertically-aligned-center is-layout-flow wp-block-column-is-layout-flow\">\n<p class=\"has-text-align-center has-text-color\" style=\"color:#05617d;text-transform:uppercase\"><a href=\"https:\/\/goo.gl\/maps\/hY55n9XzTLRNgR748\" target=\"_blank\" rel=\"noreferrer noopener\">La Passerelle SUIO-IP<\/a><\/p>\n<\/div>\n<\/div>\n\n\n\n<div class=\"wp-block-columns alignwide is-not-stacked-on-mobile has-small-font-size is-layout-flex wp-container-core-columns-is-layout-9d6595d7 wp-block-columns-is-layout-flex\" style=\"font-style:normal;font-weight:800\">\n<div class=\"wp-block-column is-vertically-aligned-top is-layout-flow wp-block-column-is-layout-flow\">\n<p class=\"has-text-align-center has-text-color has-large-font-size\" style=\"color:#05617d\"><strong>11 juillet, \u00e0 13h15<\/strong><\/p>\n<\/div>\n\n\n\n<div class=\"wp-block-column is-vertically-aligned-center is-layout-flow wp-block-column-is-layout-flow\">\n<p class=\"has-text-align-center has-text-color\" style=\"color:#022c38\"><strong> <\/strong>Stand de visite des jardins au pique-nique des personnels, distribution de graines<\/p>\n<\/div>\n\n\n\n<div class=\"wp-block-column is-vertically-aligned-center is-layout-flow wp-block-column-is-layout-flow\">\n<p class=\"has-text-align-center has-text-color\" style=\"color:#05617d;text-transform:uppercase\"><a href=\"https:\/\/goo.gl\/maps\/hY55n9XzTLRNgR748\" target=\"_blank\" rel=\"noreferrer noopener\">La Passerelle SUIO-IP<\/a><\/p>\n<\/div>\n<\/div>\n\n\n\n<div class=\"wp-block-columns alignwide is-not-stacked-on-mobile has-small-font-size is-layout-flex wp-container-core-columns-is-layout-9d6595d7 wp-block-columns-is-layout-flex\" style=\"font-style:normal;font-weight:800\">\n<div class=\"wp-block-column is-vertically-aligned-top is-layout-flow wp-block-column-is-layout-flow\">\n<p class=\"has-text-align-center has-text-color has-large-font-size\" style=\"color:#05617d\"><strong><strong>6 juillet, \u00e0 12h30<\/strong><\/strong><\/p>\n<\/div>\n\n\n\n<div class=\"wp-block-column is-vertically-aligned-center is-layout-flow wp-block-column-is-layout-flow\">\n<p class=\"has-text-align-center has-text-color\" style=\"color:#022c38\">Montage du mobilier de jardin (pergolas, tables et bancs)<\/p>\n<\/div>\n\n\n\n<div class=\"wp-block-column is-vertically-aligned-center is-layout-flow wp-block-column-is-layout-flow\">\n<p class=\"has-text-align-center has-text-color\" style=\"color:#05617d;text-transform:uppercase\"><a href=\"https:\/\/goo.gl\/maps\/hY55n9XzTLRNgR748\" target=\"_blank\" rel=\"noreferrer noopener\">La Passerelle SUIO-IP<\/a><\/p>\n<\/div>\n<\/div>\n\n\n\n<div class=\"wp-block-columns alignwide is-not-stacked-on-mobile has-small-font-size is-layout-flex wp-container-core-columns-is-layout-9d6595d7 wp-block-columns-is-layout-flex\" style=\"font-style:normal;font-weight:800\">\n<div class=\"wp-block-column is-vertically-aligned-top is-layout-flow wp-block-column-is-layout-flow\">\n<p class=\"has-text-align-center has-text-color has-large-font-size\" style=\"color:#05617d\"><strong><strong>22 juin, \u00e0 12h30<\/strong><\/strong><\/p>\n<\/div>\n\n\n\n<div class=\"wp-block-column is-vertically-aligned-center is-layout-flow wp-block-column-is-layout-flow\">\n<p class=\"has-text-align-center has-text-color\" style=\"color:#022c38\">D\u00e9sherbage, suite de l\u2019installation du syst\u00e8me d\u2019irrigation.<\/p>\n<\/div>\n\n\n\n<div class=\"wp-block-column is-vertically-aligned-center is-layout-flow wp-block-column-is-layout-flow\">\n<p class=\"has-text-align-center has-text-color\" style=\"color:#05617d;text-transform:uppercase\"><a href=\"https:\/\/goo.gl\/maps\/hY55n9XzTLRNgR748\" target=\"_blank\" rel=\"noreferrer noopener\">La Passerelle SUIO-IP<\/a><\/p>\n<\/div>\n<\/div>\n\n\n\n<div class=\"wp-block-columns alignwide is-not-stacked-on-mobile has-small-font-size is-layout-flex wp-container-core-columns-is-layout-9d6595d7 wp-block-columns-is-layout-flex\" style=\"font-style:normal;font-weight:800\">\n<div class=\"wp-block-column is-vertically-aligned-top is-layout-flow wp-block-column-is-layout-flow\">\n<p class=\"has-text-align-center has-text-color has-large-font-size\" style=\"color:#05617d\"><strong><strong>15 juin, \u00e0 12h30<\/strong><\/strong><\/p>\n<\/div>\n\n\n\n<div class=\"wp-block-column is-vertically-aligned-center is-layout-flow wp-block-column-is-layout-flow\">\n<p class=\"has-text-align-center has-text-color\" style=\"color:#022c38\">Suite de l\u2019installation du syst\u00e8me d\u2019irrigation.<\/p>\n<\/div>\n\n\n\n<div class=\"wp-block-column is-vertically-aligned-center is-layout-flow wp-block-column-is-layout-flow\">\n<p class=\"has-text-align-center has-text-color\" style=\"color:#05617d;text-transform:uppercase\"><a href=\"https:\/\/goo.gl\/maps\/hY55n9XzTLRNgR748\" target=\"_blank\" rel=\"noreferrer noopener\">La Passerelle SUIO-IP<\/a><\/p>\n<\/div>\n<\/div>\n\n\n\n<div class=\"wp-block-columns alignwide is-not-stacked-on-mobile has-small-font-size is-layout-flex wp-container-core-columns-is-layout-9d6595d7 wp-block-columns-is-layout-flex\" style=\"font-style:normal;font-weight:800\">\n<div class=\"wp-block-column is-vertically-aligned-top is-layout-flow wp-block-column-is-layout-flow\">\n<p class=\"has-text-align-center has-text-color has-large-font-size\" style=\"color:#05617d\"><strong><strong>13 juin, \u00e0 17h<\/strong><\/strong><\/p>\n<\/div>\n\n\n\n<div class=\"wp-block-column is-vertically-aligned-center is-layout-flow wp-block-column-is-layout-flow\">\n<p class=\"has-text-align-center has-text-color\" style=\"color:#022c38\">Installation du syst\u00e8me d\u2019irrigation, arrosage si n\u00e9cessaire, d\u00e9sherbage\u2026<\/p>\n<\/div>\n\n\n\n<div class=\"wp-block-column is-vertically-aligned-center is-layout-flow wp-block-column-is-layout-flow\">\n<p class=\"has-text-align-center has-text-color\" style=\"color:#05617d;text-transform:uppercase\"><a href=\"https:\/\/goo.gl\/maps\/hY55n9XzTLRNgR748\" target=\"_blank\" rel=\"noreferrer noopener\">La Passerelle SUIO-IP<\/a><\/p>\n<\/div>\n<\/div>\n\n\n\n<div class=\"wp-block-columns alignwide is-not-stacked-on-mobile has-small-font-size is-layout-flex wp-container-core-columns-is-layout-9d6595d7 wp-block-columns-is-layout-flex\" style=\"font-style:normal;font-weight:800\">\n<div class=\"wp-block-column is-vertically-aligned-top is-layout-flow wp-block-column-is-layout-flow\">\n<p class=\"has-text-align-center has-text-color has-large-font-size\" style=\"color:#05617d\"><strong><strong>8 juin, \u00e0 12h30<\/strong><\/strong><\/p>\n<\/div>\n\n\n\n<div class=\"wp-block-column is-vertically-aligned-center is-layout-flow wp-block-column-is-layout-flow\">\n<p class=\"has-text-align-center has-text-color\" style=\"color:#022c38\">Arrosage, palissage et d\u00e9sherbage.<\/p>\n<\/div>\n\n\n\n<div class=\"wp-block-column is-vertically-aligned-center is-layout-flow wp-block-column-is-layout-flow\">\n<p class=\"has-text-align-center has-text-color\" style=\"color:#05617d;text-transform:uppercase\"><a href=\"https:\/\/goo.gl\/maps\/hY55n9XzTLRNgR748\" target=\"_blank\" rel=\"noreferrer noopener\">La Passerelle SUIO-IP<\/a><\/p>\n<\/div>\n<\/div>\n\n\n\n<div class=\"wp-block-columns alignwide is-not-stacked-on-mobile has-small-font-size is-layout-flex wp-container-core-columns-is-layout-9d6595d7 wp-block-columns-is-layout-flex\" style=\"font-style:normal;font-weight:800\">\n<div class=\"wp-block-column is-vertically-aligned-top is-layout-flow wp-block-column-is-layout-flow\">\n<p class=\"has-text-align-center has-text-color has-large-font-size\" style=\"color:#05617d\"><strong><strong>1er juin, \u00e0 12h30<\/strong><\/strong><\/p>\n<\/div>\n\n\n\n<div class=\"wp-block-column is-vertically-aligned-center is-layout-flow wp-block-column-is-layout-flow\">\n<p class=\"has-text-align-center has-text-color\" style=\"color:#022c38\">Mise en place des derniers plants dans le bac install\u00e9 la semaine derni\u00e8re, confection d\u2019Ollas pour les bacs derri\u00e8re la passerelle, ajout de paillis dans les bacs restant.<\/p>\n<\/div>\n\n\n\n<div class=\"wp-block-column is-vertically-aligned-center is-layout-flow wp-block-column-is-layout-flow\">\n<p class=\"has-text-align-center has-text-color\" style=\"color:#05617d;text-transform:uppercase\"><a href=\"https:\/\/goo.gl\/maps\/hY55n9XzTLRNgR748\" target=\"_blank\" rel=\"noreferrer noopener\">La Passerelle SUIO-IP<\/a><\/p>\n<\/div>\n<\/div>\n\n\n\n<div class=\"wp-block-columns alignwide is-not-stacked-on-mobile has-small-font-size is-layout-flex wp-container-core-columns-is-layout-9d6595d7 wp-block-columns-is-layout-flex\" style=\"font-style:normal;font-weight:800\">\n<div class=\"wp-block-column is-vertically-aligned-top is-layout-flow wp-block-column-is-layout-flow\">\n<p class=\"has-text-align-center has-text-color has-large-font-size\" style=\"color:#05617d\"><strong>25 mai, \u00e0 <\/strong>12h30<\/p>\n<\/div>\n\n\n\n<div class=\"wp-block-column is-vertically-aligned-center is-layout-flow wp-block-column-is-layout-flow\">\n<p class=\"has-text-align-center has-text-color\" style=\"color:#022c38\">Animation de <em>Terre des Sciences<\/em> sur la transition alimentaire, visite des jardins, plantation et installation de nouveaux carr\u00e9s potager.<\/p>\n<\/div>\n\n\n\n<div class=\"wp-block-column is-vertically-aligned-center is-layout-flow wp-block-column-is-layout-flow\">\n<p class=\"has-text-align-center has-text-color\" style=\"color:#05617d;text-transform:uppercase\"><a href=\"https:\/\/goo.gl\/maps\/hY55n9XzTLRNgR748\" target=\"_blank\" rel=\"noreferrer noopener\">La Passerelle SUIO-IP<\/a><\/p>\n<\/div>\n<\/div>\n\n\n\n<div class=\"wp-block-columns alignwide is-not-stacked-on-mobile has-small-font-size is-layout-flex wp-container-core-columns-is-layout-9d6595d7 wp-block-columns-is-layout-flex\" style=\"font-style:normal;font-weight:800\">\n<div class=\"wp-block-column is-vertically-aligned-top is-layout-flow wp-block-column-is-layout-flow\">\n<p class=\"has-text-align-center has-text-color has-large-font-size\" style=\"color:#05617d\"><strong>17 mai, \u00e0 <\/strong>12h30<\/p>\n<\/div>\n\n\n\n<div class=\"wp-block-column is-vertically-aligned-center is-layout-flow wp-block-column-is-layout-flow\">\n<p class=\"has-text-align-center has-text-color\" style=\"color:#022c38\">Installation de 2 nouveaux carr\u00e9s potagers, remplissage et nouveaux semis de fleurs<\/p>\n<\/div>\n\n\n\n<div class=\"wp-block-column is-vertically-aligned-center is-layout-flow wp-block-column-is-layout-flow\">\n<p class=\"has-text-align-center has-text-color\" style=\"color:#05617d;text-transform:uppercase\"><a href=\"https:\/\/goo.gl\/maps\/hY55n9XzTLRNgR748\" target=\"_blank\" rel=\"noreferrer noopener\">La Passerelle SUIO-IP<\/a><\/p>\n<\/div>\n<\/div>\n\n\n\n<div class=\"wp-block-columns alignwide is-not-stacked-on-mobile has-small-font-size is-layout-flex wp-container-core-columns-is-layout-9d6595d7 wp-block-columns-is-layout-flex\" style=\"font-style:normal;font-weight:800\">\n<div class=\"wp-block-column is-vertically-aligned-top is-layout-flow wp-block-column-is-layout-flow\">\n<p class=\"has-text-align-center has-text-color has-large-font-size\" style=\"color:#05617d\"><strong>4 mai, \u00e0 <\/strong>12h30<\/p>\n<\/div>\n\n\n\n<div class=\"wp-block-column is-vertically-aligned-center is-layout-flow wp-block-column-is-layout-flow\">\n<p class=\"has-text-align-center has-text-color\" style=\"color:#022c38\">Remplissage d&rsquo;un quatri\u00e8me carr\u00e9 potager, d\u00e9sherbage, plantation de semis et de boutures (si les temp\u00e9ratures le permettent)<\/p>\n<\/div>\n\n\n\n<div class=\"wp-block-column is-vertically-aligned-center is-layout-flow wp-block-column-is-layout-flow\">\n<p class=\"has-text-align-center has-text-color\" style=\"color:#05617d;text-transform:uppercase\"><a href=\"https:\/\/goo.gl\/maps\/hY55n9XzTLRNgR748\" target=\"_blank\" rel=\"noreferrer noopener\">La Passerelle SUIO-IP<\/a><\/p>\n<\/div>\n<\/div>\n\n\n\n<div class=\"wp-block-columns alignwide is-not-stacked-on-mobile has-small-font-size is-layout-flex wp-container-core-columns-is-layout-9d6595d7 wp-block-columns-is-layout-flex\" style=\"font-style:normal;font-weight:800\">\n<div class=\"wp-block-column is-vertically-aligned-top is-layout-flow wp-block-column-is-layout-flow\">\n<p class=\"has-text-align-center has-text-color has-large-font-size\" style=\"color:#05617d\"><strong>27 Avril, \u00e0 <\/strong>12h30<\/p>\n<\/div>\n\n\n\n<div class=\"wp-block-column is-vertically-aligned-center is-layout-flow wp-block-column-is-layout-flow\">\n<p class=\"has-text-align-center has-text-color\" style=\"color:#022c38\">Montage d&rsquo;un quatri\u00e8me carr\u00e9 potager, plantation de plants de goji, de framboisier, de m\u00e9lisse et de menthe.<\/p>\n<\/div>\n\n\n\n<div class=\"wp-block-column is-vertically-aligned-center is-layout-flow wp-block-column-is-layout-flow\">\n<p class=\"has-text-align-center has-text-color\" style=\"color:#05617d;text-transform:uppercase\"><a href=\"https:\/\/goo.gl\/maps\/hY55n9XzTLRNgR748\" target=\"_blank\" rel=\"noreferrer noopener\">La Passerelle SUIO-IP<\/a><\/p>\n<\/div>\n<\/div>\n","protected":false},"excerpt":{"rendered":"<p>Tous les jeudis \u00e0 12h30 Prochains rendez-vous : 12 octobre, \u00e0 12h30 D\u00e9sherbage, et paillage La Passerelle SUIO-IP \u00c9v\u00e9nements pass\u00e9s : 3 octobre, \u00e0 12h30 D\u00e9sherbage et repiquage de semis de navets, d&rsquo;\u00e9pinards et de poir\u00e9e La Passerelle SUIO-IP 31 ao\u00fbt, \u00e0 12h30 Retour au jardin ! Taille, d\u00e9sherbage, cueillette&#8230; La Passerelle SUIO-IP 13 juillet, [&hellip;]<\/p>\n","protected":false},"author":107634,"featured_media":0,"parent":0,"menu_order":0,"comment_status":"closed","ping_status":"closed","template":"marion","meta":{"footnotes":""},"class_list":["post-197","page","type-page","status-publish","hentry"],"_links":{"self":[{"href":"https:\/\/blog.univ-angers.fr\/jardinspasserelle\/wp-json\/wp\/v2\/pages\/197","targetHints":{"allow":["GET"]}}],"collection":[{"href":"https:\/\/blog.univ-angers.fr\/jardinspasserelle\/wp-json\/wp\/v2\/pages"}],"about":[{"href":"https:\/\/blog.univ-angers.fr\/jardinspasserelle\/wp-json\/wp\/v2\/types\/page"}],"author":[{"embeddable":true,"href":"https:\/\/blog.univ-angers.fr\/jardinspasserelle\/wp-json\/wp\/v2\/users\/107634"}],"replies":[{"embeddable":true,"href":"https:\/\/blog.univ-angers.fr\/jardinspasserelle\/wp-json\/wp\/v2\/comments?post=197"}],"version-history":[{"count":34,"href":"https:\/\/blog.univ-angers.fr\/jardinspasserelle\/wp-json\/wp\/v2\/pages\/197\/revisions"}],"predecessor-version":[{"id":1045,"href":"https:\/\/blog.univ-angers.fr\/jardinspasserelle\/wp-json\/wp\/v2\/pages\/197\/revisions\/1045"}],"wp:attachment":[{"href":"https:\/\/blog.univ-angers.fr\/jardinspasserelle\/wp-json\/wp\/v2\/media?parent=197"}],"curies":[{"name":"wp","href":"https:\/\/api.w.org\/{rel}","templated":true}]}}