{"id":164,"date":"2023-04-03T16:16:40","date_gmt":"2023-04-03T14:16:40","guid":{"rendered":"https:\/\/blog.univ-angers.fr\/jardinspasserelle\/?page_id=164"},"modified":"2023-05-17T16:36:26","modified_gmt":"2023-05-17T14:36:26","slug":"jardin","status":"publish","type":"page","link":"https:\/\/blog.univ-angers.fr\/jardinspasserelle\/jardin\/","title":{"rendered":"Les actus du jardin"},"content":{"rendered":"\n<div class=\"wp-block-query alignwide is-layout-flow wp-block-query-is-layout-flow\"><ul class=\"is-flex-container columns-3 alignfull wp-block-post-template has-normal-font-size is-layout-flow wp-block-post-template-is-layout-flow\"><li class=\"wp-block-post post-1046 post type-post status-publish format-standard has-post-thumbnail hentry category-actualite-du-jardin category-agriculture-urbaine tag-actualites-du-jardin tag-agriculture-urbaine\">\n\n<div class=\"wp-block-group has-small-font-size\" style=\"padding-top:30px;padding-right:30px;padding-bottom:30px;padding-left:30px\"><div class=\"wp-block-group__inner-container is-layout-flow wp-block-group-is-layout-flow\"><h2 style=\"color:#05617d;\" class=\"has-text-align-left wp-block-post-title has-text-color has-large-font-size\"><a href=\"https:\/\/blog.univ-angers.fr\/jardinspasserelle\/2023\/10\/10\/un-nouveau-bac-pour-le-composteur\/\" target=\"_self\" >Un nouveau bac pour le composteur !<\/a><\/h2>\n\n\n<div style=\"height:5px\" aria-hidden=\"true\" class=\"wp-block-spacer\"><\/div>\n\n\n<div style=\"color:#022c38;\" class=\"wp-block-post-excerpt has-text-color has-normal-font-size\"><p class=\"wp-block-post-excerpt__excerpt\">Mardi 3 octobre dernier, le composteur de la maison de la Maison de la Recherche Germaine Tillon (MRGT) a connu une nouvelle \u00e9tape dans son d\u00e9veloppement. En effet, apr\u00e8s 6 mois d\u2019activit\u00e9, le premier bac de 600 litres est enfin rempli et a pu \u00eatre ferm\u00e9. Il va ainsi entrer en maturation, sera brass\u00e9 environ\u2026 <\/p><\/div>\n\n<div class=\"wp-block-post-date\"><time datetime=\"2023-10-10T17:14:40+02:00\">10 octobre 2023<\/time><\/div><\/div><\/div>\n\n<\/li><li class=\"wp-block-post post-984 post type-post status-publish format-standard has-post-thumbnail hentry category-actualite-du-jardin tag-actualites-du-jardin\">\n\n<div class=\"wp-block-group has-small-font-size\" style=\"padding-top:30px;padding-right:30px;padding-bottom:30px;padding-left:30px\"><div class=\"wp-block-group__inner-container is-layout-flow wp-block-group-is-layout-flow\"><h2 style=\"color:#05617d;\" class=\"has-text-align-left wp-block-post-title has-text-color has-large-font-size\"><a href=\"https:\/\/blog.univ-angers.fr\/jardinspasserelle\/2023\/08\/30\/cest-la-rentree-pour-les-jardins-passerelle\/\" target=\"_self\" >C\u2019est la rentr\u00e9e pour les jardins Passerelle !<\/a><\/h2>\n\n\n<div style=\"height:5px\" aria-hidden=\"true\" class=\"wp-block-spacer\"><\/div>\n\n\n<div style=\"color:#022c38;\" class=\"wp-block-post-excerpt has-text-color has-normal-font-size\"><p class=\"wp-block-post-excerpt__excerpt\">Apr\u00e8s un mois \u00e0 \u00eatre plus ou moins livr\u00e9 \u00e0 lui-m\u00eame, o\u00f9 en est le jardin ?&nbsp; Aliment\u00e9 en eau par Mariandr\u00e9a, stagiaire au Laboratoire LPG, et par les pluies r\u00e9colt\u00e9es du toit de la Passerelle, le jardin a donn\u00e9 beaucoup de concombres et de tomates. Malheureusement, faute d&rsquo;une pr\u00e9sence quotidienne, une partie des tomates\u2026 <\/p><\/div>\n\n<div class=\"wp-block-post-date\"><time datetime=\"2023-08-30T12:29:38+02:00\">30 ao\u00fbt 2023<\/time><\/div><\/div><\/div>\n\n<\/li><li class=\"wp-block-post post-901 post type-post status-publish format-standard has-post-thumbnail hentry category-actualite-du-jardin category-agriculture-urbaine tag-actualites-du-jardin tag-agriculture-urbaine\">\n\n<div class=\"wp-block-group has-small-font-size\" style=\"padding-top:30px;padding-right:30px;padding-bottom:30px;padding-left:30px\"><div class=\"wp-block-group__inner-container is-layout-flow wp-block-group-is-layout-flow\"><h2 style=\"color:#05617d;\" class=\"has-text-align-left wp-block-post-title has-text-color has-large-font-size\"><a href=\"https:\/\/blog.univ-angers.fr\/jardinspasserelle\/2023\/07\/17\/un-systeme-dirrigation-automatique-pour-le-jardin\/\" target=\"_self\" >Un syst\u00e8me d&rsquo;irrigation automatique pour le jardin<\/a><\/h2>\n\n\n<div style=\"height:5px\" aria-hidden=\"true\" class=\"wp-block-spacer\"><\/div>\n\n\n<div style=\"color:#022c38;\" class=\"wp-block-post-excerpt has-text-color has-normal-font-size\"><p class=\"wp-block-post-excerpt__excerpt\">Durant toute une partie de l&rsquo;ann\u00e9e, Katell et C\u00e9line, \u00e9tudiantes \u00e0 Polytech Angers, ont mis au point leur projet tutor\u00e9 \u00e0 deux pas des parcelles, dans le fablab de Polytech Angers. Achev\u00e9 il y a quelques semaines, l&rsquo;objectif \u00e9tait de proposer un syst\u00e8me d&rsquo;irrigation automatique pour les jardins Passerelle. Alors que l&rsquo;universit\u00e9 ferme bient\u00f4t pour\u2026 <\/p><\/div>\n\n<div class=\"wp-block-post-date\"><time datetime=\"2023-07-17T12:02:10+02:00\">17 juillet 2023<\/time><\/div><\/div><\/div>\n\n<\/li><li class=\"wp-block-post post-776 post type-post status-publish format-standard has-post-thumbnail hentry category-actualite-du-jardin category-agriculture-urbaine tag-actualites-du-jardin tag-agriculture-urbaine\">\n\n<div class=\"wp-block-group has-small-font-size\" style=\"padding-top:30px;padding-right:30px;padding-bottom:30px;padding-left:30px\"><div class=\"wp-block-group__inner-container is-layout-flow wp-block-group-is-layout-flow\"><h2 style=\"color:#05617d;\" class=\"has-text-align-left wp-block-post-title has-text-color has-large-font-size\"><a href=\"https:\/\/blog.univ-angers.fr\/jardinspasserelle\/2023\/06\/01\/un-mois-depuis-son-arrivee-comment-se-porte-le-composteur-de-la-mrgt\/\" target=\"_self\" >Un mois depuis son arriv\u00e9e, comment se porte le composteur de la MRGT ?<\/a><\/h2>\n\n\n<div style=\"height:5px\" aria-hidden=\"true\" class=\"wp-block-spacer\"><\/div>\n\n\n<div style=\"color:#022c38;\" class=\"wp-block-post-excerpt has-text-color has-normal-font-size\"><p class=\"wp-block-post-excerpt__excerpt\">Le 13 avril \u00e9tait install\u00e9 le nouveau composteur collectif aux abords de la Maison de la Recherche Germaine Tillon. \u00c0 cette occasion, les personnels ont pu assister \u00e0 un expos\u00e9 expliquant les principes de base n\u00e9cessaires \u00e0 la bonne tenue d\u2019un composteur et poser toutes leurs questions \u00e0 un ma\u00eetre composteur. Un d\u00e9jeuner collectif \u00e9tait\u2026 <\/p><\/div>\n\n<div class=\"wp-block-post-date\"><time datetime=\"2023-06-01T12:15:50+02:00\">1 juin 2023<\/time><\/div><\/div><\/div>\n\n<\/li><li class=\"wp-block-post post-314 post type-post status-publish format-standard has-post-thumbnail hentry category-actualite-du-jardin category-agriculture-urbaine tag-actualites-du-jardin\">\n\n<div class=\"wp-block-group has-small-font-size\" style=\"padding-top:30px;padding-right:30px;padding-bottom:30px;padding-left:30px\"><div class=\"wp-block-group__inner-container is-layout-flow wp-block-group-is-layout-flow\"><h2 style=\"color:#05617d;\" class=\"has-text-align-left wp-block-post-title has-text-color has-large-font-size\"><a href=\"https:\/\/blog.univ-angers.fr\/jardinspasserelle\/2023\/04\/14\/construction-et-installation-de-trois-nouveaux-bacs\/\" target=\"_self\" >Construction et installation de trois nouveaux carr\u00e9s potagers !<\/a><\/h2>\n\n\n<div style=\"height:5px\" aria-hidden=\"true\" class=\"wp-block-spacer\"><\/div>\n\n\n<div style=\"color:#022c38;\" class=\"wp-block-post-excerpt has-text-color has-normal-font-size\"><p class=\"wp-block-post-excerpt__excerpt\">Depuis le 31 mars, des petites mains s&rsquo;activaient dans l&rsquo;ombre pour parvenir \u00e0 mettre en place de nouveaux bacs de culture avant de s&rsquo;attaquer aux semis. Deux semaines et une dizaine de palettes plus tard, les trois bacs ont fi\u00e8rement pris leur place au sein du jardin Passerelle. Retour sur les \u00e9tapes de leur construction.\u2026 <\/p><\/div>\n\n<div class=\"wp-block-post-date\"><time datetime=\"2023-04-14T15:14:01+02:00\">14 avril 2023<\/time><\/div><\/div><\/div>\n\n<\/li><li class=\"wp-block-post post-13 post type-post status-publish format-standard has-post-thumbnail hentry category-actualite-du-jardin category-biodiversite tag-actualites-du-jardin tag-biodiversite\">\n\n<div class=\"wp-block-group has-small-font-size\" style=\"padding-top:30px;padding-right:30px;padding-bottom:30px;padding-left:30px\"><div class=\"wp-block-group__inner-container is-layout-flow wp-block-group-is-layout-flow\"><h2 style=\"color:#05617d;\" class=\"has-text-align-left wp-block-post-title has-text-color has-large-font-size\"><a href=\"https:\/\/blog.univ-angers.fr\/jardinspasserelle\/2023\/02\/12\/premier-nettoyage-annuel-des-nichoirs-des-jardins-partages\/\" target=\"_self\" >Premier nettoyage annuel des nichoirs des jardins partag\u00e9s<\/a><\/h2>\n\n\n<div style=\"height:5px\" aria-hidden=\"true\" class=\"wp-block-spacer\"><\/div>\n\n\n<div style=\"color:#022c38;\" class=\"wp-block-post-excerpt has-text-color has-normal-font-size\"><p class=\"wp-block-post-excerpt__excerpt\">Les nichoirs install\u00e9s l&rsquo;an dernier sur les jardins partag\u00e9s on pu \u00eatre nettoy\u00e9s cette semaine pour l&rsquo;an prochain. 8 nichoirs sur 13 contenaient des traces de construction et qui ont \u00e9t\u00e9 fonctionnels (nids de m\u00e9sanges et un nid non identifi\u00e9 dans le nichoir \u00e0 huppe fasci\u00e9e). 3 d&rsquo;entre eux contenaient des oeufs. Pour rappel, diff\u00e9rents\u2026 <\/p><\/div>\n\n<div class=\"wp-block-post-date\"><time datetime=\"2023-02-12T10:07:01+01:00\">12 f\u00e9vrier 2023<\/time><\/div><\/div><\/div>\n\n<\/li><\/ul><\/div>\n","protected":false},"excerpt":{"rendered":"","protected":false},"author":107634,"featured_media":0,"parent":0,"menu_order":0,"comment_status":"closed","ping_status":"closed","template":"","meta":{"footnotes":""},"class_list":["post-164","page","type-page","status-publish","hentry"],"_links":{"self":[{"href":"https:\/\/blog.univ-angers.fr\/jardinspasserelle\/wp-json\/wp\/v2\/pages\/164","targetHints":{"allow":["GET"]}}],"collection":[{"href":"https:\/\/blog.univ-angers.fr\/jardinspasserelle\/wp-json\/wp\/v2\/pages"}],"about":[{"href":"https:\/\/blog.univ-angers.fr\/jardinspasserelle\/wp-json\/wp\/v2\/types\/page"}],"author":[{"embeddable":true,"href":"https:\/\/blog.univ-angers.fr\/jardinspasserelle\/wp-json\/wp\/v2\/users\/107634"}],"replies":[{"embeddable":true,"href":"https:\/\/blog.univ-angers.fr\/jardinspasserelle\/wp-json\/wp\/v2\/comments?post=164"}],"version-history":[{"count":8,"href":"https:\/\/blog.univ-angers.fr\/jardinspasserelle\/wp-json\/wp\/v2\/pages\/164\/revisions"}],"predecessor-version":[{"id":743,"href":"https:\/\/blog.univ-angers.fr\/jardinspasserelle\/wp-json\/wp\/v2\/pages\/164\/revisions\/743"}],"wp:attachment":[{"href":"https:\/\/blog.univ-angers.fr\/jardinspasserelle\/wp-json\/wp\/v2\/media?parent=164"}],"curies":[{"name":"wp","href":"https:\/\/api.w.org\/{rel}","templated":true}]}}