{"id":74,"date":"2013-02-01T19:02:17","date_gmt":"2013-02-01T18:02:17","guid":{"rendered":"https:\/\/blog.univ-angers.fr\/formationarchives20ans\/?page_id=74"},"modified":"2013-02-17T12:54:38","modified_gmt":"2013-02-17T11:54:38","slug":"une-association-nee-de-la-formation-laedaa","status":"publish","type":"page","link":"https:\/\/blog.univ-angers.fr\/formationarchives20ans\/lassociation\/une-association-nee-de-la-formation-laedaa\/","title":{"rendered":"Une association n\u00e9e de la formation : l\u2019AEDAA"},"content":{"rendered":"<p><a href=\"https:\/\/blog.univ-angers.fr\/formationarchives20ans\/files\/2013\/02\/logo_aedaa.jpg\"><img loading=\"lazy\" decoding=\"async\" src=\"https:\/\/blog.univ-angers.fr\/formationarchives20ans\/files\/2013\/02\/logo_aedaa.jpg\" alt=\"\" width=\"200\" height=\"98\" class=\"aligncenter size-full wp-image-75\" \/><\/a><br \/>\n<a href=\"http:\/\/www.aedaa.fr\" target=\"_blank\">http:\/\/www.aedaa.fr<\/a><\/p>\n<div id=\"attachment_460\" style=\"width: 216px\" class=\"wp-caption aligncenter\"><a href=\"https:\/\/blog.univ-angers.fr\/formationarchives20ans\/files\/2013\/02\/Statuts-AEDAA.jpg\"><img loading=\"lazy\" decoding=\"async\" aria-describedby=\"caption-attachment-460\" src=\"https:\/\/blog.univ-angers.fr\/formationarchives20ans\/files\/2013\/02\/Statuts-AEDAA-206x300.jpg\" alt=\"\" width=\"206\" height=\"300\" class=\"size-medium wp-image-460\" srcset=\"https:\/\/blog.univ-angers.fr\/formationarchives20ans\/files\/2013\/02\/Statuts-AEDAA-206x300.jpg 206w, https:\/\/blog.univ-angers.fr\/formationarchives20ans\/files\/2013\/02\/Statuts-AEDAA-705x1024.jpg 705w\" sizes=\"auto, (max-width: 206px) 100vw, 206px\" \/><\/a><p id=\"caption-attachment-460\" class=\"wp-caption-text\">Premi\u00e8re page des statuts du l\u2019AEDAA, 1995<\/p><\/div>\n<p>Cr\u00e9\u00e9e en 1995, l\u2019association des \u00e9tudiants et des dipl\u00f4m\u00e9s en archivistique d&rsquo;Angers (AEDAA) a pour but de promouvoir la formation de l&rsquo;universit\u00e9 d&rsquo;Angers, faciliter l&rsquo;insertion professionnelle des \u00e9tudiants et des jeunes dipl\u00f4m\u00e9s et suivre leur \u00e9volution de carri\u00e8re. <\/p>\n<p>Forte d\u2019une bonne centaine d\u2019adh\u00e9rents, l\u2019AEDAA est au c\u0153ur du r\u00e9seau des professionnels des archives et fait partie du Collectif A8 qui regroupe les associations des dipl\u00f4m\u00e9s et \u00e9tudiants en archivistique issues des diverses formations universitaires. <\/p>\n<p>Le site internet collaboratif www.aedaa.fr met \u00e0 disposition une revue de presse quotidienne ainsi que les derni\u00e8res actualit\u00e9s touchant le monde des archives : livres, expositions, reportages vid\u00e9o, \u00e9missions, agenda des conf\u00e9rences, etc. <\/p>\n<p>L\u2019AEDAA propose \u00e0 ses adh\u00e9rents non seulement une newsletter mais aussi l\u2019acc\u00e8s \u00e0 de nombreux services compl\u00e9mentaires : plateforme de ressources documentaires, offres d&#8217;emplois et de stages mises \u00e0 jour quotidiennement, annuaire des adh\u00e9rents, forum de discussion, abonnement \u00e0 la revue Archivor (en vente et t\u00e9l\u00e9chargeables dans son espace boutique) ou encore activit\u00e9s propos\u00e9es par l&rsquo;association (visites de services d&rsquo;archives, rencontres de professionnels).<\/p>\n<p>L\u2019association est le partenaire principal de la <a href=\"https:\/\/blog.univ-angers.fr\/formationarchives20ans\/professionnalisation-et-recherches\/organiser-une-journee-detude-un-travail-collectif-et-inedit\/\" title=\"Organiser une journ\u00e9e d\u2019\u00e9tude: un d\u00e9fi collectif\" target=\"_blank\">journ\u00e9e d\u2019\u00e9tude<\/a> organis\u00e9e chaque ann\u00e9e sur un th\u00e8me professionnel par les \u00e9tudiants du master 2.<\/p>\n<div id=\"attachment_462\" style=\"width: 223px\" class=\"wp-caption aligncenter\"><a href=\"https:\/\/blog.univ-angers.fr\/formationarchives20ans\/files\/2013\/02\/Archivor.jpg\"><img loading=\"lazy\" decoding=\"async\" aria-describedby=\"caption-attachment-462\" src=\"https:\/\/blog.univ-angers.fr\/formationarchives20ans\/files\/2013\/02\/Archivor-213x300.jpg\" alt=\"\" width=\"213\" height=\"300\" class=\"size-medium wp-image-462\" srcset=\"https:\/\/blog.univ-angers.fr\/formationarchives20ans\/files\/2013\/02\/Archivor-213x300.jpg 213w, https:\/\/blog.univ-angers.fr\/formationarchives20ans\/files\/2013\/02\/Archivor-727x1024.jpg 727w\" sizes=\"auto, (max-width: 213px) 100vw, 213px\" \/><\/a><p id=\"caption-attachment-462\" class=\"wp-caption-text\">Page 1 de la revue Archivor, mars 1996<\/p><\/div>\n<p><strong>L\u2019association et les \u00e9tudiants : <\/strong><br \/>\nLes \u00e9tudiants de chaque niveau choisissent un repr\u00e9sentant qui devient alors un interm\u00e9diaire entre l\u2019association et les \u00e9tudiants. Ce repr\u00e9sentant participe au conseil d\u2019administration de l\u2019association. Les \u00e9tudiants sont ainsi bien pr\u00e9sents durant leurs ann\u00e9es d\u2019\u00e9tudes et peuvent le rester par la suite. L\u2019exemple de Jean Chevalier est typique : issu de la promotion DESS de 1997, il devient vice-pr\u00e9sident de l\u2019association en 1998 puis pr\u00e9sident de 1999 \u00e0 2002.<\/p>\n<p><a href='https:\/\/blog.univ-angers.fr\/formationarchives20ans\/files\/2013\/02\/LAEDAA_J-Chevalier.mp3'>Interview de Jean Chevalier<\/a><\/p>\n<p>Selon une enqu\u00eates r\u00e9alis\u00e9e sur les anciens \u00e9tudiants de la formation en 2012-2013, les motivations pour adh\u00e9rer \u00e0 l\u2019association sont multiples : garder un lien avec les dipl\u00f4m\u00e9s, profiter du r\u00e9seau, avoir acc\u00e8s aux offre d\u2019emplois et\/ou de stages, b\u00e9n\u00e9ficier de la richesse d\u2019informations et des annonces diverses du site (colloques, journ\u00e9es d\u2019\u00e9tude, \u2026).<br \/>\n88% des personnes interrog\u00e9es adh\u00e8rent ou ont adh\u00e9r\u00e9 \u00e0 l\u2019AEDAA au cours de leur formation universitaire ; 70% sont membres pour une dur\u00e9e sup\u00e9rieure \u00e0 3 ans. <\/p>\n<div id=\"attachment_320\" style=\"width: 587px\" class=\"wp-caption aligncenter\"><a href=\"https:\/\/blog.univ-angers.fr\/formationarchives20ans\/files\/2013\/02\/billet-aedaa-graphique.png\"><img loading=\"lazy\" decoding=\"async\" aria-describedby=\"caption-attachment-320\" src=\"https:\/\/blog.univ-angers.fr\/formationarchives20ans\/files\/2013\/02\/billet-aedaa-graphique.png\" alt=\"\" width=\"577\" height=\"337\" class=\"size-full wp-image-320\" srcset=\"https:\/\/blog.univ-angers.fr\/formationarchives20ans\/files\/2013\/02\/billet-aedaa-graphique.png 577w, https:\/\/blog.univ-angers.fr\/formationarchives20ans\/files\/2013\/02\/billet-aedaa-graphique-300x175.png 300w, https:\/\/blog.univ-angers.fr\/formationarchives20ans\/files\/2013\/02\/billet-aedaa-graphique-500x292.png 500w\" sizes=\"auto, (max-width: 577px) 100vw, 577px\" \/><\/a><p id=\"caption-attachment-320\" class=\"wp-caption-text\">Source : enqu\u00eate r\u00e9alis\u00e9e par les \u00e9tudiants en Valorisation du Patrimoine en 2012-2013, sur 82 dipl\u00f4m\u00e9s de la formation<\/p><\/div>\n","protected":false},"excerpt":{"rendered":"<p>http:\/\/www.aedaa.fr Cr\u00e9\u00e9e en 1995, l\u2019association des \u00e9tudiants et des dipl\u00f4m\u00e9s en archivistique d&rsquo;Angers (AEDAA) a pour but de promouvoir la formation de l&rsquo;universit\u00e9 d&rsquo;Angers, faciliter l&rsquo;insertion professionnelle des \u00e9tudiants et des jeunes dipl\u00f4m\u00e9s et suivre leur \u00e9volution de carri\u00e8re. Forte &hellip; <a href=\"https:\/\/blog.univ-angers.fr\/formationarchives20ans\/lassociation\/une-association-nee-de-la-formation-laedaa\/\">Continuer la lecture <span class=\"meta-nav\">&rarr;<\/span><\/a><\/p>\n","protected":false},"author":417,"featured_media":0,"parent":72,"menu_order":0,"comment_status":"open","ping_status":"open","template":"","meta":{"footnotes":""},"class_list":["post-74","page","type-page","status-publish","hentry"],"_links":{"self":[{"href":"https:\/\/blog.univ-angers.fr\/formationarchives20ans\/wp-json\/wp\/v2\/pages\/74","targetHints":{"allow":["GET"]}}],"collection":[{"href":"https:\/\/blog.univ-angers.fr\/formationarchives20ans\/wp-json\/wp\/v2\/pages"}],"about":[{"href":"https:\/\/blog.univ-angers.fr\/formationarchives20ans\/wp-json\/wp\/v2\/types\/page"}],"author":[{"embeddable":true,"href":"https:\/\/blog.univ-angers.fr\/formationarchives20ans\/wp-json\/wp\/v2\/users\/417"}],"replies":[{"embeddable":true,"href":"https:\/\/blog.univ-angers.fr\/formationarchives20ans\/wp-json\/wp\/v2\/comments?post=74"}],"version-history":[{"count":16,"href":"https:\/\/blog.univ-angers.fr\/formationarchives20ans\/wp-json\/wp\/v2\/pages\/74\/revisions"}],"predecessor-version":[{"id":89,"href":"https:\/\/blog.univ-angers.fr\/formationarchives20ans\/wp-json\/wp\/v2\/pages\/74\/revisions\/89"}],"up":[{"embeddable":true,"href":"https:\/\/blog.univ-angers.fr\/formationarchives20ans\/wp-json\/wp\/v2\/pages\/72"}],"wp:attachment":[{"href":"https:\/\/blog.univ-angers.fr\/formationarchives20ans\/wp-json\/wp\/v2\/media?parent=74"}],"curies":[{"name":"wp","href":"https:\/\/api.w.org\/{rel}","templated":true}]}}