{"id":144,"date":"2013-02-01T21:52:52","date_gmt":"2013-02-01T20:52:52","guid":{"rendered":"https:\/\/blog.univ-angers.fr\/formationarchives20ans\/?page_id=144"},"modified":"2013-05-12T20:55:23","modified_gmt":"2013-05-12T19:55:23","slug":"quelques-profils","status":"publish","type":"page","link":"https:\/\/blog.univ-angers.fr\/formationarchives20ans\/les-etiduants\/quelques-profils\/","title":{"rendered":"Quelques profils"},"content":{"rendered":"<p><a href=\"https:\/\/blog.univ-angers.fr\/formationarchives20ans\/files\/2013\/02\/Marc-Raphel.jpg\"><img loading=\"lazy\" decoding=\"async\" src=\"https:\/\/blog.univ-angers.fr\/formationarchives20ans\/files\/2013\/02\/Marc-Raphel.jpg\" alt=\"\" width=\"117\" height=\"155\" class=\"alignnone size-full wp-image-438\" \/><\/a><br \/>\n<strong>Nom : <\/strong>Marc Raphel<br \/>\n<strong>Poste actuel :<\/strong> Consultant \u00e0 la Serda<br \/>\n<strong>Participation \u00e0 la formation :<\/strong> Intervenant professionnel en master 2<br \/>\n<strong>Parcours professionnel :<\/strong> Salari\u00e9, g\u00e9rant et cog\u00e9rant \u00e0 Geode<br \/>\nArchiviste \u00e0 Ma\u00efs Angevin-Nickerson<br \/>\nArchiviste \u00e0 Terrena<br \/>\n<strong>\u00c9tudes :<\/strong> Cursus archives \u00e0 Angers (licence, ma\u00eetrise, DESS) promotion 2002<br \/>\nDEUG d&rsquo;histoire<\/p>\n<p><a href='https:\/\/blog.univ-angers.fr\/formationarchives20ans\/files\/2013\/02\/M.Raphel.mp3'>Interview de Marc Raphel<\/a><\/p>\n<p><a href=\"https:\/\/blog.univ-angers.fr\/formationarchives20ans\/files\/2013\/02\/Sarah-Elbisser.jpg\"><img loading=\"lazy\" decoding=\"async\" src=\"https:\/\/blog.univ-angers.fr\/formationarchives20ans\/files\/2013\/02\/Sarah-Elbisser.jpg\" alt=\"\" width=\"116\" height=\"155\" class=\"alignnone size-full wp-image-441\" \/><\/a><br \/>\n<strong>Nom :<\/strong> Sarah Elbisser<br \/>\n<strong>Poste actuel :<\/strong> Archiviste \u00e0 la maison m\u00e8re de la Congr\u00e9gation du Bon-Pasteur \u00e0 Angers<br \/>\n<strong>Parcours professionnel : <\/strong>Archiviste \u00e0 la Congr\u00e9gation Notre-Dame du C\u00e9nacle \u00e0 Rome<br \/>\n<strong>\u00c9tudes :<\/strong> Cursus archives \u00e0 Angers (licence 3, master 1, master 2) promotion 2008<br \/>\nClasse pr\u00e9paratoire \u00e0 l&rsquo;\u00c9cole des chartes<\/p>\n<p><a href='https:\/\/blog.univ-angers.fr\/formationarchives20ans\/files\/2013\/02\/S.Elbisser.mp3'>Interview de Sarah Elbisser<\/a><\/p>\n<p><a href=\"https:\/\/blog.univ-angers.fr\/formationarchives20ans\/files\/2013\/02\/Alice-Grippon.jpg\"><img loading=\"lazy\" decoding=\"async\" src=\"https:\/\/blog.univ-angers.fr\/formationarchives20ans\/files\/2013\/02\/Alice-Grippon.jpg\" alt=\"\" width=\"155\" height=\"155\" class=\"alignnone size-full wp-image-442\" srcset=\"https:\/\/blog.univ-angers.fr\/formationarchives20ans\/files\/2013\/02\/Alice-Grippon.jpg 155w, https:\/\/blog.univ-angers.fr\/formationarchives20ans\/files\/2013\/02\/Alice-Grippon-150x150.jpg 150w\" sizes=\"auto, (max-width: 155px) 100vw, 155px\" \/><\/a><br \/>\n<strong>Nom : <\/strong>Alice Grippon<br \/>\n<strong>Poste actuel: <\/strong>D\u00e9l\u00e9gu\u00e9 g\u00e9n\u00e9rale de l\u2019Association des archivistes fran\u00e7ais (AAF)<br \/>\n<strong>Participation \u00e0 la formation : <\/strong>Accueil de stagiaires<br \/>\n<strong>Parcours professionnel :<\/strong> Responsable de formation \u00e0 l\u2019AAF<br \/>\nArchiviste itin\u00e9rante<br \/>\n<strong>\u00c9tudes : <\/strong>Cursus archives \u00e0 Angers (licence, ma\u00eetrise, DESS) promotion 2003<br \/>\nDEUG d\u2019histoire<br \/>\nHypokh\u00e2gne <\/p>\n<p><a href='https:\/\/blog.univ-angers.fr\/formationarchives20ans\/files\/2013\/02\/A.Grippon.mp3'>Interview d&rsquo;Alice Grippon<\/a><\/p>\n<p><a href=\"https:\/\/blog.univ-angers.fr\/formationarchives20ans\/files\/2013\/02\/Charlotte-Maday.jpg\"><img loading=\"lazy\" decoding=\"async\" src=\"https:\/\/blog.univ-angers.fr\/formationarchives20ans\/files\/2013\/02\/Charlotte-Maday.jpg\" alt=\"\" width=\"89\" height=\"155\" class=\"alignnone size-full wp-image-443\" \/><\/a><br \/>\n<strong>Nom :<\/strong> Charlotte Maday<br \/>\n<strong>Poste actuel :<\/strong> Archiviste \u00e0 l\u2019universit\u00e9 de Denis Diderot Paris VII<br \/>\n<strong>Participation \u00e0 la formation :<\/strong> Intervenante professionnelle en master 2<br \/>\n<strong>Parcours professionnel :<\/strong> Archiviste au Centre informatique national de l\u2019Enseignement sup\u00e9rieur<br \/>\n<strong>\u00c9tudes :<\/strong> DESS \u00e0 Angers promotion 2005<br \/>\nMa\u00eetrise d\u2019histoire<br \/>\nHypokh\u00e2gne et Kh\u00e2gne<\/p>\n<p><strong>Nom : <\/strong>Damien Hamard<br \/>\n<strong>Poste actuel :<\/strong> Archiviste \u00e0 l\u2019universit\u00e9 d\u2019Angers<br \/>\n<strong>Participation \u00e0 la formation : <\/strong>Intervenant professionnel<br \/>\n<strong>\u00c9tudes :<\/strong> Cursus archives \u00e0 Angers (licence, ma\u00eetrise, DESS) promotion 2005<br \/>\nDEUG d\u2019histoire <\/p>\n<p><a href='https:\/\/blog.univ-angers.fr\/formationarchives20ans\/files\/2013\/02\/D.Hamard.mp3'>Interview de Damien Hamard<\/a><\/p>\n<p><a href=\"https:\/\/blog.univ-angers.fr\/formationarchives20ans\/files\/2013\/02\/Damien-Ferrero.jpg\"><img loading=\"lazy\" decoding=\"async\" src=\"https:\/\/blog.univ-angers.fr\/formationarchives20ans\/files\/2013\/02\/Damien-Ferrero.jpg\" alt=\"\" width=\"155\" height=\"155\" class=\"alignnone size-full wp-image-445\" srcset=\"https:\/\/blog.univ-angers.fr\/formationarchives20ans\/files\/2013\/02\/Damien-Ferrero.jpg 155w, https:\/\/blog.univ-angers.fr\/formationarchives20ans\/files\/2013\/02\/Damien-Ferrero-150x150.jpg 150w\" sizes=\"auto, (max-width: 155px) 100vw, 155px\" \/><\/a><br \/>\n<strong>Nom :<\/strong> Damien Ferrero<br \/>\n<strong>Poste actuel :<\/strong> Archiviste \u00e0 l\u2019ADEME<br \/>\n<strong>Participation \u00e0 la formation :<\/strong> Accueil de stagiaires<br \/>\nIntervenant professionnel en master 2<br \/>\n<strong>\u00c9tudes : <\/strong>DESS \u00e0 Angers promotion 1999<\/p>\n<p><a href='https:\/\/blog.univ-angers.fr\/formationarchives20ans\/files\/2013\/02\/D.Ferrero.mp3'>Interview de Damien Ferrero<\/a><\/p>\n<p><a href=\"https:\/\/blog.univ-angers.fr\/formationarchives20ans\/files\/2013\/02\/Estelle-Olivi\u00e9ro.png\"><img loading=\"lazy\" decoding=\"async\" src=\"https:\/\/blog.univ-angers.fr\/formationarchives20ans\/files\/2013\/02\/Estelle-Olivi\u00e9ro.png\" alt=\"\" width=\"108\" height=\"155\" class=\"alignnone size-full wp-image-447\" \/><\/a><br \/>\n<strong>Nom :<\/strong> Estelle Olivi\u00e9ro<br \/>\n<strong>Poste actuel : <\/strong>Responsable et cr\u00e9atrice de la soci\u00e9t\u00e9 IRIUS<br \/>\n<strong>Participation \u00e0 la formation :<\/strong> Intervenante professionnelle en licence professionnelle et master 2<br \/>\n<strong>\u00c9tudes :<\/strong> Cursus archives \u00e0 Angers (licence, ma\u00eetrise, DESS) promotion 2000<br \/>\nDEUG d\u2019histoire<\/p>\n<p><a href='https:\/\/blog.univ-angers.fr\/formationarchives20ans\/files\/2013\/02\/E.Olivi\u00e9ro.mp3'>Interview d&rsquo;Estelle Olivi\u00e9ro<\/a><\/p>\n<p><a href=\"https:\/\/blog.univ-angers.fr\/formationarchives20ans\/files\/2013\/02\/Anne-Marie-Bailloux.jpg\"><img loading=\"lazy\" decoding=\"async\" src=\"https:\/\/blog.univ-angers.fr\/formationarchives20ans\/files\/2013\/02\/Anne-Marie-Bailloux.jpg\" alt=\"\" width=\"124\" height=\"155\" class=\"alignnone size-full wp-image-448\" \/><\/a><br \/>\n<strong>Nom :<\/strong> Anne-Marie Bailloux<br \/>\n<strong>Poste actuel : <\/strong>Ing\u00e9nieur hospitali\u00e8re, responsable du service central des archives du centre hospitalier r\u00e9gional et  universitaire de Tours<br \/>\n<strong>Participation \u00e0 la formation :<\/strong> Intervenante professionnelle en DU<br \/>\n<strong>\u00c9tudes :<\/strong> Dipl\u00f4me universitaire Gestion de l\u2019information et conduite de projet promotion 2006<br \/>\nFormation param\u00e9dicale<\/p>\n<p><a href='https:\/\/blog.univ-angers.fr\/formationarchives20ans\/files\/2013\/02\/A-M.-Bailloux.mp3'>Interview d&rsquo;Anne-Marie Bailloux<\/a><\/p>\n","protected":false},"excerpt":{"rendered":"<p>Nom : Marc Raphel Poste actuel : Consultant \u00e0 la Serda Participation \u00e0 la formation : Intervenant professionnel en master 2 Parcours professionnel : Salari\u00e9, g\u00e9rant et cog\u00e9rant \u00e0 Geode Archiviste \u00e0 Ma\u00efs Angevin-Nickerson Archiviste \u00e0 Terrena \u00c9tudes : Cursus &hellip; <a href=\"https:\/\/blog.univ-angers.fr\/formationarchives20ans\/les-etiduants\/quelques-profils\/\">Continuer la lecture <span class=\"meta-nav\">&rarr;<\/span><\/a><\/p>\n","protected":false},"author":417,"featured_media":0,"parent":70,"menu_order":0,"comment_status":"open","ping_status":"open","template":"","meta":{"footnotes":""},"class_list":["post-144","page","type-page","status-publish","hentry"],"_links":{"self":[{"href":"https:\/\/blog.univ-angers.fr\/formationarchives20ans\/wp-json\/wp\/v2\/pages\/144","targetHints":{"allow":["GET"]}}],"collection":[{"href":"https:\/\/blog.univ-angers.fr\/formationarchives20ans\/wp-json\/wp\/v2\/pages"}],"about":[{"href":"https:\/\/blog.univ-angers.fr\/formationarchives20ans\/wp-json\/wp\/v2\/types\/page"}],"author":[{"embeddable":true,"href":"https:\/\/blog.univ-angers.fr\/formationarchives20ans\/wp-json\/wp\/v2\/users\/417"}],"replies":[{"embeddable":true,"href":"https:\/\/blog.univ-angers.fr\/formationarchives20ans\/wp-json\/wp\/v2\/comments?post=144"}],"version-history":[{"count":18,"href":"https:\/\/blog.univ-angers.fr\/formationarchives20ans\/wp-json\/wp\/v2\/pages\/144\/revisions"}],"predecessor-version":[{"id":605,"href":"https:\/\/blog.univ-angers.fr\/formationarchives20ans\/wp-json\/wp\/v2\/pages\/144\/revisions\/605"}],"up":[{"embeddable":true,"href":"https:\/\/blog.univ-angers.fr\/formationarchives20ans\/wp-json\/wp\/v2\/pages\/70"}],"wp:attachment":[{"href":"https:\/\/blog.univ-angers.fr\/formationarchives20ans\/wp-json\/wp\/v2\/media?parent=144"}],"curies":[{"name":"wp","href":"https:\/\/api.w.org\/{rel}","templated":true}]}}