{"id":142,"date":"2013-02-01T21:52:31","date_gmt":"2013-02-01T20:52:31","guid":{"rendered":"https:\/\/blog.univ-angers.fr\/formationarchives20ans\/?page_id=142"},"modified":"2013-02-17T13:00:11","modified_gmt":"2013-02-17T12:00:11","slug":"que-deviennent-les-anciens-etudiants","status":"publish","type":"page","link":"https:\/\/blog.univ-angers.fr\/formationarchives20ans\/les-etiduants\/que-deviennent-les-anciens-etudiants\/","title":{"rendered":"Que deviennent les anciens \u00e9tudiants ?"},"content":{"rendered":"<p>Les nouveaux dipl\u00f4m\u00e9s trouvent leur premier emploi rapidement apr\u00e8s leur sortie de l\u2019universit\u00e9. <\/p>\n<div id=\"attachment_424\" style=\"width: 585px\" class=\"wp-caption aligncenter\"><a href=\"https:\/\/blog.univ-angers.fr\/formationarchives20ans\/files\/2013\/02\/anc-\u00e9tiduant-graph-1.png\"><img loading=\"lazy\" decoding=\"async\" aria-describedby=\"caption-attachment-424\" src=\"https:\/\/blog.univ-angers.fr\/formationarchives20ans\/files\/2013\/02\/anc-\u00e9tiduant-graph-1.png\" alt=\"\" width=\"575\" height=\"332\" class=\"size-full wp-image-424\" srcset=\"https:\/\/blog.univ-angers.fr\/formationarchives20ans\/files\/2013\/02\/anc-\u00e9tiduant-graph-1.png 575w, https:\/\/blog.univ-angers.fr\/formationarchives20ans\/files\/2013\/02\/anc-\u00e9tiduant-graph-1-300x173.png 300w, https:\/\/blog.univ-angers.fr\/formationarchives20ans\/files\/2013\/02\/anc-\u00e9tiduant-graph-1-500x288.png 500w\" sizes=\"auto, (max-width: 575px) 100vw, 575px\" \/><\/a><p id=\"caption-attachment-424\" class=\"wp-caption-text\">Source : enqu\u00eate r\u00e9alis\u00e9e par les \u00e9tudiants de l\u2019option valorisation du patrimoine en 2012-2013, sur 82 dipl\u00f4m\u00e9s de la formation<\/p><\/div>\n<p>Les enqu\u00eates r\u00e9alis\u00e9es par le<a href=\"http:\/\/www.univ-angers.fr\/fr\/formation\/orientation---formation\/suio-ip.html\" target=\"_blank\"> SUIO-IP<\/a> (Service universitaire d\u2019information, d\u2019orientation et d\u2019aide \u00e0 l\u2019insertion professionnelle) de l\u2019universit\u00e9 d\u2019Angers depuis 2005 montrent que 30 mois apr\u00e8s avoir obtenu leur dipl\u00f4me plus de 97 % des anciens \u00e9tudiants sont en situation d\u2019activit\u00e9. <\/p>\n<p>\tDurant les premi\u00e8res ann\u00e9es qui suivent leur sortie de l\u2019universit\u00e9 (entre 1 et 3 ans), les dipl\u00f4m\u00e9s cumulent souvent les emplois \u00e0 dur\u00e9e d\u00e9termin\u00e9e avant de trouver un poste compl\u00e8tement stable. <\/p>\n<div id=\"attachment_425\" style=\"width: 538px\" class=\"wp-caption aligncenter\"><a href=\"https:\/\/blog.univ-angers.fr\/formationarchives20ans\/files\/2013\/02\/anc-\u00e9tiduant-graph-2.png\"><img loading=\"lazy\" decoding=\"async\" aria-describedby=\"caption-attachment-425\" src=\"https:\/\/blog.univ-angers.fr\/formationarchives20ans\/files\/2013\/02\/anc-\u00e9tiduant-graph-2.png\" alt=\"\" width=\"528\" height=\"365\" class=\"size-full wp-image-425\" srcset=\"https:\/\/blog.univ-angers.fr\/formationarchives20ans\/files\/2013\/02\/anc-\u00e9tiduant-graph-2.png 528w, https:\/\/blog.univ-angers.fr\/formationarchives20ans\/files\/2013\/02\/anc-\u00e9tiduant-graph-2-300x207.png 300w, https:\/\/blog.univ-angers.fr\/formationarchives20ans\/files\/2013\/02\/anc-\u00e9tiduant-graph-2-433x300.png 433w\" sizes=\"auto, (max-width: 528px) 100vw, 528px\" \/><\/a><p id=\"caption-attachment-425\" class=\"wp-caption-text\">Source : enqu\u00eates du SUIO-IP de 2006 \u00e0 2009<\/p><\/div>\n<p>\tDans la plupart des cas, les dipl\u00f4m\u00e9s se disent satisfaits de leur emploi et le trouve en ad\u00e9quation avec leur formation. Ils occupent majoritairement des postes dans la fonction publique (69%), notamment de cat\u00e9gorie A et B. Les entreprises priv\u00e9es accueillent 20% des dipl\u00f4m\u00e9s, et les entreprises publiques 11%. \u00c0 plus de 93%, il s\u2019agit de contrat \u00e0 temps plein.<\/p>\n<div id=\"attachment_426\" style=\"width: 635px\" class=\"wp-caption aligncenter\"><a href=\"https:\/\/blog.univ-angers.fr\/formationarchives20ans\/files\/2013\/02\/anc-\u00e9tiduant-graph-3.png\"><img loading=\"lazy\" decoding=\"async\" aria-describedby=\"caption-attachment-426\" src=\"https:\/\/blog.univ-angers.fr\/formationarchives20ans\/files\/2013\/02\/anc-\u00e9tiduant-graph-3.png\" alt=\"\" width=\"625\" height=\"365\" class=\"size-full wp-image-426\" srcset=\"https:\/\/blog.univ-angers.fr\/formationarchives20ans\/files\/2013\/02\/anc-\u00e9tiduant-graph-3.png 625w, https:\/\/blog.univ-angers.fr\/formationarchives20ans\/files\/2013\/02\/anc-\u00e9tiduant-graph-3-300x175.png 300w, https:\/\/blog.univ-angers.fr\/formationarchives20ans\/files\/2013\/02\/anc-\u00e9tiduant-graph-3-500x292.png 500w\" sizes=\"auto, (max-width: 625px) 100vw, 625px\" \/><\/a><p id=\"caption-attachment-426\" class=\"wp-caption-text\">Source : enqu\u00eates du SUIO-IP de 2006 \u00e0 2009<\/p><\/div>\n<div id=\"attachment_427\" style=\"width: 635px\" class=\"wp-caption aligncenter\"><a href=\"https:\/\/blog.univ-angers.fr\/formationarchives20ans\/files\/2013\/02\/anc-\u00e9tiduant-graph-4.png\"><img loading=\"lazy\" decoding=\"async\" aria-describedby=\"caption-attachment-427\" src=\"https:\/\/blog.univ-angers.fr\/formationarchives20ans\/files\/2013\/02\/anc-\u00e9tiduant-graph-4.png\" alt=\"\" width=\"625\" height=\"380\" class=\"size-full wp-image-427\" srcset=\"https:\/\/blog.univ-angers.fr\/formationarchives20ans\/files\/2013\/02\/anc-\u00e9tiduant-graph-4.png 625w, https:\/\/blog.univ-angers.fr\/formationarchives20ans\/files\/2013\/02\/anc-\u00e9tiduant-graph-4-300x182.png 300w, https:\/\/blog.univ-angers.fr\/formationarchives20ans\/files\/2013\/02\/anc-\u00e9tiduant-graph-4-493x300.png 493w\" sizes=\"auto, (max-width: 625px) 100vw, 625px\" \/><\/a><p id=\"caption-attachment-427\" class=\"wp-caption-text\">Source : enqu\u00eate r\u00e9alis\u00e9e par les \u00e9tudiants de l\u2019option valorisation du patrimoine en 2012-2013, sur 82 dipl\u00f4m\u00e9s de la formation<\/p><\/div>\n<p>Quelques exemples de postes occup\u00e9s par les anciens \u00e9tudiants au moment des enqu\u00eates du SUIO-IP (2006-2009) :<br \/>\n<em>Archiviste itin\u00e9rant<br \/>\nCharg\u00e9 de mission au bureau des archives<br \/>\nAttach\u00e9e de conservation du patrimoine<br \/>\nResponsable des archives communales<br \/>\nChef d&rsquo;\u00e9quipe<br \/>\nArchiviste du service remplacement du Centre de gestion de la fonction publique territoriale Archiviste itin\u00e9rante chef d&rsquo;\u00e9quipe<br \/>\nArchiviste \u00e0 la maison-m\u00e8re de la congr\u00e9gation du Bon Pasteur<br \/>\nArchiviste-documentaliste<br \/>\nAssistant archiviste pour une soci\u00e9t\u00e9 au Centre d&rsquo;archives et de documentation du Parlement europ\u00e9en<br \/>\nAssistant qualifi\u00e9 de conservation<br \/>\nAssistance de conservation du patrimoine et des biblioth\u00e8ques.<br \/>\nAssistant archiviste<\/em><\/p>\n","protected":false},"excerpt":{"rendered":"<p>Les nouveaux dipl\u00f4m\u00e9s trouvent leur premier emploi rapidement apr\u00e8s leur sortie de l\u2019universit\u00e9. Les enqu\u00eates r\u00e9alis\u00e9es par le SUIO-IP (Service universitaire d\u2019information, d\u2019orientation et d\u2019aide \u00e0 l\u2019insertion professionnelle) de l\u2019universit\u00e9 d\u2019Angers depuis 2005 montrent que 30 mois apr\u00e8s avoir obtenu &hellip; <a href=\"https:\/\/blog.univ-angers.fr\/formationarchives20ans\/les-etiduants\/que-deviennent-les-anciens-etudiants\/\">Continuer la lecture <span class=\"meta-nav\">&rarr;<\/span><\/a><\/p>\n","protected":false},"author":417,"featured_media":0,"parent":70,"menu_order":0,"comment_status":"open","ping_status":"open","template":"","meta":{"footnotes":""},"class_list":["post-142","page","type-page","status-publish","hentry"],"_links":{"self":[{"href":"https:\/\/blog.univ-angers.fr\/formationarchives20ans\/wp-json\/wp\/v2\/pages\/142","targetHints":{"allow":["GET"]}}],"collection":[{"href":"https:\/\/blog.univ-angers.fr\/formationarchives20ans\/wp-json\/wp\/v2\/pages"}],"about":[{"href":"https:\/\/blog.univ-angers.fr\/formationarchives20ans\/wp-json\/wp\/v2\/types\/page"}],"author":[{"embeddable":true,"href":"https:\/\/blog.univ-angers.fr\/formationarchives20ans\/wp-json\/wp\/v2\/users\/417"}],"replies":[{"embeddable":true,"href":"https:\/\/blog.univ-angers.fr\/formationarchives20ans\/wp-json\/wp\/v2\/comments?post=142"}],"version-history":[{"count":14,"href":"https:\/\/blog.univ-angers.fr\/formationarchives20ans\/wp-json\/wp\/v2\/pages\/142\/revisions"}],"predecessor-version":[{"id":189,"href":"https:\/\/blog.univ-angers.fr\/formationarchives20ans\/wp-json\/wp\/v2\/pages\/142\/revisions\/189"}],"up":[{"embeddable":true,"href":"https:\/\/blog.univ-angers.fr\/formationarchives20ans\/wp-json\/wp\/v2\/pages\/70"}],"wp:attachment":[{"href":"https:\/\/blog.univ-angers.fr\/formationarchives20ans\/wp-json\/wp\/v2\/media?parent=142"}],"curies":[{"name":"wp","href":"https:\/\/api.w.org\/{rel}","templated":true}]}}