{"id":139,"date":"2013-02-01T21:51:47","date_gmt":"2013-02-01T20:51:47","guid":{"rendered":"https:\/\/blog.univ-angers.fr\/formationarchives20ans\/?page_id=139"},"modified":"2013-05-12T20:44:13","modified_gmt":"2013-05-12T19:44:13","slug":"20-ans-de-diplomes","status":"publish","type":"page","link":"https:\/\/blog.univ-angers.fr\/formationarchives20ans\/les-etiduants\/20-ans-de-diplomes\/","title":{"rendered":"20 ans de dipl\u00f4m\u00e9s"},"content":{"rendered":"<p>Listes des personnes ayant obtenu le dipl\u00f4me<\/p>\n<li>DESS Histoire et m\u00e9tiers des archives\n<p><strong>Promotion 1994\/1995<\/strong><br \/>\nAUFRAY Sandrine<br \/>\nBELSEUR Philippe<br \/>\nCHIRADE Nadine<br \/>\nDELEUIL Carole<br \/>\nDUBOIS Christophe<br \/>\nGILG Isabelle<br \/>\nGODEFROY V\u00e9ronique<br \/>\nGUILLAUME \u00c9lisabeth<br \/>\nLAVIGNE Anion<br \/>\nMICHEL Laurence<br \/>\nNAUD Marie-\u00c9dith<br \/>\nPAQUELET Muriel<br \/>\nROSEAU Isabelle<br \/>\nROUGIER Agn\u00e8s<\/p>\n<p><strong>Promotion 1995\/1996<\/strong><br \/>\nAIGRAULT Pierre-Yves<br \/>\nAUDREN Catherine<br \/>\nBARB\u00c9 Catherine<br \/>\nBLIVET Boris<br \/>\nCHAPON Nathalie<br \/>\nCHAREAU Cyrille<br \/>\nDEPERNET Marielle<br \/>\n\u00c9TIENNE Claire<br \/>\nFABRE Marie-Luce<br \/>\nGANDON Christophe<br \/>\nGRELARD Fr\u00e9d\u00e9rik<br \/>\nLECUYER Juliette<br \/>\nLOPES Natalie<br \/>\nMAC GRATH Karine<br \/>\nMARZIN Cathy<br \/>\nOREFICI Laure<br \/>\nPAVY Fr\u00e9d\u00e9ric<br \/>\nTHUEZ J\u00e9r\u00f4me<\/p>\n<p><strong>Promotion 1996\/1997<\/strong><br \/>\nBARBOT Gu\u00e9na\u00eblle<br \/>\nCAILLAUD Vincent<br \/>\nCHEVALIER Jean<br \/>\nCOURNEZ S\u00e9verine<br \/>\nDAVID Aur\u00e9lie<br \/>\nDUDEZERT \u00c9lise<br \/>\nGARCIA Claire<br \/>\nGU\u00c9RIN Patrice<br \/>\nGUILLON Aude<br \/>\nGUILPIN Thierry<br \/>\nLACAM Muriel<br \/>\nLAUNAY Fabrice<br \/>\nLONGEAUX (DE) Marie<br \/>\nMONRAT Karine<br \/>\nPARENTY M\u00e9lanie<br \/>\nREUZE Fabrice<\/p>\n<p><strong>Promotion 1997\/1998<\/strong><br \/>\nAUG\u00c9 Pierre-Emmanuel<br \/>\nBAUDRY Agn\u00e8s<br \/>\nBAYA Delphine<br \/>\nBOUSSION Samuel<br \/>\nBRION (DE) Isabelle<br \/>\nBUFFET Charles-Andr\u00e9<br \/>\nB\u00dcHLMANN \u00c9lisabeth<br \/>\nCOMBOT Yann<br \/>\nCOSTERGENT Catherine<br \/>\nDUBOIS Sophie<br \/>\nGUASCO V\u00e9ronique<br \/>\nHERMEL Micka\u00eblle<br \/>\nHEULLANT Vanina<br \/>\nJANDIN St\u00e9phanie<br \/>\nJOUINEAU Emmanuelle<br \/>\nLACROIX Fanny<br \/>\nLAMBELIN Marie-Pierre<br \/>\nLAURIER Anne<br \/>\nLEBRETON Sylvain<br \/>\nLEVRARD Magali<br \/>\nLORNE Fleur-H\u00e9l\u00e8ne<br \/>\nM\u00c9NET S\u00e9verine<br \/>\nMEREL Thierry<br \/>\nODDONE Vanessa<br \/>\nROBIN Myriam<\/p>\n<p><strong>Promotion 1998\/1999<\/strong><br \/>\nALLAIN Nathalie<br \/>\nBILLONNEAU St\u00e9phane<br \/>\nCAILLET Geoffroy<br \/>\nCOURANT Hugues<br \/>\nDELON Francis<br \/>\nDERVIEUX Christophe<br \/>\nDOLLINGER Sonia<br \/>\nDUVAUX Julien<br \/>\nFERRERO Damien<br \/>\nFOULARD Damien<br \/>\nGANGAROSSA Marie-Th\u00e9r\u00e8sa<br \/>\nJOUOT Cassandre<br \/>\nLAMY Arnaud<br \/>\nLANDRIEU Astrid<br \/>\nMARREL \u00c9lodie-C\u00e9cile<br \/>\nMARTIN Carole<br \/>\nMASSON Patricia<br \/>\nM\u00c9NARD Ga\u00e9tan<br \/>\nOUVRARD Ga\u00eblle<br \/>\nPICQUET Karine<br \/>\nPILLET Fr\u00e9d\u00e9ric<br \/>\nSOURICE Ga\u00ebtan<br \/>\nVERGNAULT Virginie<br \/>\nVIRAPIN-JUIN Svetlana<\/p>\n<p><strong>Promotion 1999\/2000<\/strong><br \/>\nAVIAT Rapha\u00eblle<br \/>\nBARBAULT Ang\u00e9lique<br \/>\nBESCOND Marianne<br \/>\nBOSQUET Christelle<br \/>\nCLAVEAU Magalie<br \/>\nCOLLIN Marie<br \/>\nCORB\u00c9 M\u00e9lanie<br \/>\nDEMORY C\u00e9dric<br \/>\nDESWARTVAEGHER Christelle<br \/>\nGALLOIS Juliette<br \/>\nGESLIN-COLLIN Isabelle<br \/>\nHEYTENS C\u00e9line<br \/>\nJANIN Claire<br \/>\nKRAXNER St\u00e9phane<br \/>\nLAMARE Fr\u00e9d\u00e9rik<br \/>\nLONGIN Cyril<br \/>\nMAR\u00c9CHAL C\u00e9line<br \/>\nMATHERN R\u00e9gine<br \/>\nOLIVI\u00c9RO Estelle<br \/>\nPEREZ Sylvia<br \/>\nRAVALET Richard<br \/>\nSCHWAB Nelly<br \/>\nTACET Armelle<br \/>\nVERGNES Rosine<\/p>\n<p><strong>Promotion 2000\/2001<\/strong><br \/>\nANGEBAULT Matthieu<br \/>\nBENO\u00ceT Marie-\u00c9lodie<br \/>\nBILLAUD Lydie<br \/>\nBOUDAUD Sylvie<br \/>\nBRIHAT Delphine<br \/>\nBRUANT Christelle<br \/>\nCARGANICO S\u00e9bastien<br \/>\nCISS\u00c9 Seydouba<br \/>\nDAUSSUN C\u00e9cile<br \/>\nDELAHAYE C\u00e9line<br \/>\nFRAN\u00c7OIS Estelle<br \/>\nGRIMAULT Anna<br \/>\nIZAC Anne-Claire<br \/>\nLE BLANC Nathalie<br \/>\nLEVY C\u00e9cile<br \/>\nLOGELIN Yann<br \/>\nLOUSSOUARN Olivier<br \/>\nMARTINET Chlo\u00e9<br \/>\nPAUILLAC Myriam<br \/>\nP\u00c9NOT Pascal<br \/>\nPOUEY-DICARD Fabien<br \/>\nQU\u00c9TEL Elsa-Hasnia<br \/>\nRIOU Rozenn<br \/>\nTASSEAU B\u00e9n\u00e9dicte<br \/>\nT\u00c9TU Beno\u00eet<br \/>\nVAILLANT Christophe<br \/>\nVANBALBERGHE Agn\u00e8s<\/p>\n<p><strong>Promotion 2001\/2002<\/strong><br \/>\nAZZOLA Olivier<br \/>\nBASTER Virginie<br \/>\nBEAUMONT Pierre<br \/>\nB\u00c9DI\u00c9E Morgane<br \/>\nBESSOT Muriel<br \/>\nBILHAUT Laetitia<br \/>\nBRUNTERC\u2019H Anne<br \/>\nCATTEAU St\u00e9phanie<br \/>\nCAVEL Thomas<br \/>\nCHARRIER \u00c9milie<br \/>\nDONNEGER Ga\u00ebl<br \/>\nDUBREUIL Alain<br \/>\nFERRADOU Bernadette<br \/>\nGANDILLE St\u00e9phanie<br \/>\nGARCIN Mathilde<br \/>\nGAVAND B\u00e9n\u00e9dicte<br \/>\nGHIENNE Claire<br \/>\nLAKOMY Isabelle<br \/>\nLARIVE Magali<br \/>\nLE BRECH Goulven<br \/>\nLE MARGUERESSE Julien<br \/>\nLOARER Agn\u00e8s<br \/>\nLOCHARD Marion<br \/>\nMANU\u00c9LIAN \u00c9lise<br \/>\nOGHINA-PAVIE Cristiana<br \/>\nPRIANON Aur\u00e9lie<br \/>\nRAPHEL Marc<br \/>\nRIGAULT Anthony<br \/>\nRIVAL Nicolas<br \/>\nSTIVER Nad\u00e8ge<\/p>\n<p><strong>Promotion 2002\/2003<\/strong><br \/>\nADAGAS Lionel<br \/>\nBAILLY Anne<br \/>\nBALLUAIS Flavie<br \/>\nBARANGER Nathalie<br \/>\nBIENCOURT-HERMANT Caroline<br \/>\nCROQUETTE Marielle<br \/>\nDEL PIANO Clara<br \/>\nDUFFAULT David<br \/>\nGRINGORE Julie<br \/>\nGRIPPON Alice<br \/>\nLE F\u00c8VRE Soazig<br \/>\nLEOST Kristel<br \/>\nMASSENET Henri<br \/>\nM\u00c9NARD Claire<br \/>\nMERLE (DU) Aude<br \/>\nMIGNOT Laurence<br \/>\nMISCHLER Julien<br \/>\nMOUCHON C\u00e9cile<br \/>\nPOTHIER Aude<br \/>\nRANGOGNIO Aur\u00e9lie<br \/>\nROUGE H\u00e9lo\u00efse<br \/>\nS\u00c9GUIN Agn\u00e8s<br \/>\nSUPIOT Rapha\u00ebl<br \/>\nTHUAU Soizic<\/p>\n<p><strong>Promotion 2003\/2004<\/strong><br \/>\nARMAND Mathilde<br \/>\nBARREAU Laurie<br \/>\nBERNARD Gwenhael<br \/>\nBIDET Laurent<br \/>\nBROEKAERT Guillaume<br \/>\nBRUNEL Laurence-Marie<br \/>\nCASTELBAJAC (DE) Ma\u00eblys<br \/>\nCHARPENTIER Elwin<br \/>\nFINES Juliette<br \/>\nGALLOIS Isabelle<br \/>\nGROSJEAN Pascale<br \/>\nLACAILLE Anouck<br \/>\nLEVAVASSEUR Violaine<br \/>\nMOULON Aude<br \/>\nNAWROCKI Marie-Ange<br \/>\nPAPIN \u00c9ric<br \/>\nPARISOT H\u00e9l\u00e8ne<br \/>\nPOIRIER Aur\u00e9lie<br \/>\nPOUPIN V\u00e9ronique<br \/>\nRENIER La\u00ebtitia<br \/>\nRODRIGUEZ Leticia<br \/>\nS\u00c9BILLE S\u00e9verine<br \/>\nS\u00c9ROUL Franck<br \/>\nVIAUD Ronan<\/p>\n<p><strong>Promotion 2004\/2005<\/strong><br \/>\nBAYLE-LABOUR\u00c9 Marie<br \/>\nBEAUC\u00c9 Marie<br \/>\nBOCHE Samuel<br \/>\nBONNAFOUS Eug\u00e9nie<br \/>\nBOURGNEUF Vincent<br \/>\nCHARPENTIER Alix<br \/>\nDALLAINE Aziliz<br \/>\nDAVOINE Aude<br \/>\nFRANGEUL Aur\u00e9lie<br \/>\nGATTI Claire<br \/>\nGERMANEAU Marion<br \/>\nHAMARD Damien<br \/>\nLE GALL Vincent<br \/>\nLECLERCQ Florence<br \/>\nMADAY Charlotte<br \/>\nMERLET Jean<br \/>\nMOUGINOT Ma\u00eflys<br \/>\nOLLIVIER Nad\u00e8ge<br \/>\nPENLA\u00cb Marie<br \/>\nPORTAIS Marie<br \/>\nPROVOST Catherine<br \/>\nPR\u00dcM Alexandra<br \/>\nRESLINGER Camille<br \/>\nRONDET La\u00e9ticia<br \/>\nROSSIGNOL Genevi\u00e8ve<br \/>\nSAUDRAIS H\u00e9l\u00e8ne<\/p>\n<li>Master Sciences humaines et sociales Mention Histoire, G\u00e9ographie, Document Sp\u00e9cialit\u00e9 Archives et r\u00e9seaux documentaires \u00c0 finalit\u00e9 professionnelle\n<p><strong>Promotion 2005\/2006<\/strong><br \/>\nBONNAMY H\u00e9l\u00e8ne<br \/>\nGIRARDEAUX Emmanuelle<br \/>\nGUILLAUMIN Sarah<br \/>\nIBANEZ Marl\u00e8ne<br \/>\nJOBARD M\u00e9lanie<br \/>\nJANON \u00c9milie<br \/>\nJULLIEN Eve<br \/>\nL\u2019HOTELLIER Anysa<br \/>\nLE DIRACH Aude<br \/>\nLIENARD Amandine<br \/>\nMIKOLAJCZAK Karine<br \/>\nMOAN Aur\u00e9lie<br \/>\nMONNIER Adeline<br \/>\nPAILHES Simon<br \/>\nRIEU Magali<br \/>\nRONDOIN Emmanuelle<br \/>\nTROUBAT Oriane<br \/>\nVIDAL Claire<br \/>\nVILAIN Aude<\/p>\n<p><strong>Promotion 2006\/2007<\/strong><br \/>\nCARIO Marie-Claude<br \/>\nCHAHWAN Marie<br \/>\nCOUDRET Sabine<br \/>\nDE BERNARDY DE SIGOYER Typhaine<br \/>\nDUFAY Germain<br \/>\nGARBAR A\u00efcha<br \/>\nGIRAUDET Maud<br \/>\nGOUBEAUX Dani\u00e8le<br \/>\nHOARAU Priscilla<br \/>\nJANSSENS Agn\u00e8s<br \/>\nJESTIN Pierre<br \/>\nJOLLIVET Charly<br \/>\nLAMY Alice<br \/>\nLE FORESTIER DE QUILLIEN Clotilde<br \/>\nLEBLED S\u00e9bastien<br \/>\nLEPAGE Julien<br \/>\nMIRALLES Corinne<br \/>\nNAULLEAU Anne-Cl\u00e9mentine<br \/>\nPEDENON Cl\u00e9mentine<br \/>\nRICHOU Carole<br \/>\nROBILLARD Maud<br \/>\nSOMMIER Corentin<br \/>\nTH\u00c9VARD Sarah<br \/>\nWISZ Marie-Amandine<\/p>\n<p><strong>Promotion 2007\/2008<\/strong><br \/>\nALL\u00c9ZY  Pauline<br \/>\nAUBERTIN Cynthia<br \/>\nBEAU Emmanuel<br \/>\nBENET Emmanuelle<br \/>\nBOULANGER Fran\u00e7ois<br \/>\nBOURDIC Ma\u00efwenn<br \/>\nBROSSARD Audrey<br \/>\nB\u00c9NONY L\u00e9a<br \/>\nCHABOT Benoit<br \/>\nCHAMPAGNAC Aline<br \/>\nDANIELLOU Emmanuelle<br \/>\nDENOU Nathalie<br \/>\nELBISSER Sarah<br \/>\nFERR\u00c9 Charline<br \/>\nGOUTANIER Coralie<br \/>\nGROSBOIS Sandrine<br \/>\nMARIE Lucie<br \/>\nPOURADIER-DUTEIL Pauline<br \/>\nPUBERT Damien<br \/>\nRETAILLEAU Jasmine<br \/>\nSEYEUX Ga\u00eblle<br \/>\nTH\u00c9VENIAUT Marine<br \/>\nVASSEUR Carine<br \/>\nVINCENT Lucie<\/p>\n<li>Master Sciences humaines et sociales Mention Histoire, G\u00e9ographie, Document Sp\u00e9cialit\u00e9 Histoire et m\u00e9tiers des archives \u00c0 finalit\u00e9 professionnelle\n<p><strong>Promotion 2008\/2009<\/strong><br \/>\nBAILLIARD Swanny<br \/>\nBAUMARD Rapha\u00ebl<br \/>\nBRETAULT Marie<br \/>\nCAILLAUD Pauline<br \/>\nGOHIER Nad\u00e8ge<br \/>\nGRIMAULT Charles<br \/>\nLAFON Anne<br \/>\nLEGAY Lise<br \/>\nLEGRU M\u00e9lanie<br \/>\nLORIN Fabrice<br \/>\nMARIE Florian<br \/>\nMINTEC Marina<br \/>\nPLOQUIN Claire<br \/>\nSAUCEY Anne-Laure<br \/>\nTAILLECOURS Florian<br \/>\nTROUV\u00c9 Clothilde<br \/>\nVIROT Alan<br \/>\nWINISDORFFER Tiphaine<\/p>\n<p><strong>Promotion 2009\/2010<\/strong><br \/>\nBERNARD Camille<br \/>\nCAZEAUX Matthieu<br \/>\nCHEVALIER Christ\u00e8le<br \/>\nCHINCHOLLE Blandine<br \/>\nCONNAN Adeline<br \/>\nDAVID Pierre-Michel<br \/>\nDENIS Patrice<br \/>\nDESHAIES Thibaud<br \/>\nGARDELLE Sibylle<br \/>\nHERSANT Fr\u00e9d\u00e9ric<br \/>\nKOCH Karoline<br \/>\nLE FICHANT Maud<br \/>\nLEBRUN Maude<br \/>\nLEPAGE Lucie<br \/>\nLEYOUDEC Ma\u00eflys<br \/>\nLHUISSIER Florian<br \/>\nMASALA C\u00e9cile<br \/>\nPEYC\u00c9R\u00c9 Lucille<br \/>\nRAULO Gwennan<br \/>\nRICOU Claudia<br \/>\nSALOMON Katell<\/p>\n<p><strong>Promotion 2010\/2011<\/strong><br \/>\nBELLAMY Justine<br \/>\nBOURMAUD Ang\u00e9lique<br \/>\nCARTON Florimont<br \/>\nCHANSON Fabien<br \/>\nDEMARTY Nad\u00e8ge<br \/>\nDIEUMEGARD Camille<br \/>\nFR\u00c9VAL Lise<br \/>\nHOUDET Marine<br \/>\nJAUNAY Julian<br \/>\nKALTOUMI Assia<br \/>\nKERVEGANT Marie-Laure<br \/>\nLACOUR Marion<br \/>\nLOUVET Sylvain<br \/>\nMALABIRADE Val\u00e9rie<br \/>\nPR\u00c9CIGOUT \u00c9lise<br \/>\nRIVA ROVEDA Fabrice<br \/>\nROINARD Ana\u00ebl<br \/>\nSAVATIER Tiffanie<br \/>\nSCAGLIONE Marc<br \/>\nVAUDAUX Rapha\u00ebl<\/p>\n<p><strong>Promotion 2011\/2012<\/strong><br \/>\nBENOIST Laurence<br \/>\nBRANGEON Marion<br \/>\nBR\u00c9JEON Ma\u00eflys<br \/>\nCHARDRON Jean-Fran\u00e7ois<br \/>\nCHARON Margot<br \/>\nCOTARD Claire<br \/>\nCUERQ S\u00e9gol\u00e8ne<br \/>\nDELAUNAY C\u00e9cile<br \/>\nDENNERY Anne-\u00c9lisabeth<br \/>\nDOUILLARD Tiphaine<br \/>\nGEORGES Margot<br \/>\nHUERTA Nicolas<br \/>\nH\u00c9LIAS Sandrine<br \/>\nLAUGRAUD Pauline<br \/>\nMICHELI M\u00e9lanie<br \/>\nMONDAIN Pierre<br \/>\nORDONNEAU Charl\u00e8ne<br \/>\nPOUCE Aude<br \/>\nREVARDEAU Charline<br \/>\nSZCZYTOWSKA Natalia<br \/>\nWALLET Justine<br \/>\nWOJCIECHOWSKI Agn\u00e8s<\/p>\n<li>Licence professionnelle Ressources documentaires et bases de donn\u00e9es Sp\u00e9cialit\u00e9 Traitement et gestion des archives et des biblioth\u00e8ques\n<p><strong>Promotion 2005\/2006<\/strong><br \/>\nBERGEARD Nadine<br \/>\nBLAIS Aur\u00e9lie<br \/>\nBOSSARD Nicolas<br \/>\nBOURILLON Bastien<br \/>\nCOSTA Nicolas<br \/>\nFOUG\u00c8RE \u00c9milie<br \/>\nGAUTHIER Caroline<br \/>\nGUIRAUDEN Nicolas<br \/>\nJEGONDAY Dieyla<br \/>\nMASSON Rapha\u00eblle-Ga\u00eblle<br \/>\nPETIT \u00c9milie<br \/>\nQUENTIN Christophe<br \/>\nRABOIN \u00c9lisabeth<br \/>\nRENIER C\u00e9cile<br \/>\nRIPOCHE Arnaud<br \/>\nRUSTERHOLTZ Cl\u00e9ment<br \/>\nTIJOU Lucie<br \/>\nTR\u00c9NIT Cl\u00e9ment<br \/>\nVIVION Laure<\/p>\n<p><strong>Promotion 2006\/2007<\/strong><br \/>\nBARIL Laure<br \/>\nBOSSARD Lucie<br \/>\nBOUSSEAU Marguerite<br \/>\nBRENNSTUHL Cindya<br \/>\nCANCOU\u00cbT David<br \/>\nCHASSEIGNEAUX Yannick<br \/>\nCHAUVIGN\u00c9 Olivier<br \/>\nDEVEILLE-GUIDOU Laureline<br \/>\nDUMARTIN \u00c9l\u00e9na<br \/>\nFRAN\u00c7OIS Anne-Claire<br \/>\nGATICA Oriana<br \/>\nGAUTREAU C\u00e9line<br \/>\nGOUGUET H\u00e9l\u00e8ne<br \/>\nHARDOUIN Julie<br \/>\nLAMBERT Amandine<br \/>\nLE MEST Julie<br \/>\nMARTIN Claudine<br \/>\nQUEFFELEC Anne-C\u00e9cile<br \/>\nSANCE \u00c9lisa<br \/>\nTHOUVENIN Anne-Laure<\/p>\n<p><strong>Promotion 2007\/2008<\/strong><br \/>\nAUBERT C\u00e9cile<br \/>\nBERNARDOT David<br \/>\nCAREAU Ludovic<br \/>\nFELICIER Adeline<br \/>\nLAHUEC Ga\u00eblle<br \/>\nLAMBERT Brigitte<br \/>\nLE POLOTEC Claire<br \/>\nLE ROY Adeline<br \/>\nRAVENEL H\u00e9l\u00e8ne<br \/>\nTAUPIN \u00c9lodie<br \/>\nTOURET Tiphaine<br \/>\nVERNEY Antoine<br \/>\n\u00c9CHAMPARD Ang\u00e9line<\/p>\n<li>Licence professionnelle Ressources documentaires et bases de donn\u00e9es Dans le domaine sciences humaines et sociales Sp\u00e9cialit\u00e9 traitement et gestion des archives et des biblioth\u00e8ques\n<p><strong>Promotion 2008\/2009<\/strong><br \/>\nBAILLOT Lucie<br \/>\nBALAGNY Dora<br \/>\nBIOTEAU Anne-Lise<br \/>\nBOULAY \u00c9lise<br \/>\nBOURDIN \u00c9meline<br \/>\nBRIE H\u00e9l\u00e8ne<br \/>\nBRILLANT Isabelle<br \/>\nCALCAGNI St\u00e9phanie<br \/>\nCARROY Lucie<br \/>\nCOUTAND \u00c9lise<br \/>\nFOUCHER No\u00e9mie<br \/>\nFRADET Fr\u00e9d\u00e9ric<br \/>\nGIRARD Nelly<br \/>\nGIRLANDA Cyril<br \/>\nHEBERT Pierre<br \/>\nLABEL Geoffrey<br \/>\nLE BAS Marie<br \/>\nLE FLOHIC Myriam<br \/>\nLOGNON V\u00e9ronique<br \/>\nMALABOEUF C\u00e9line<br \/>\nMAUFRAIS Blandine<br \/>\nR\u00c9THOR\u00c9 Julie<br \/>\nTH\u00c9OLIER Fanny<\/p>\n<p><strong>Promotion 2009\/2010<\/strong><br \/>\nALEXIS Marion<br \/>\nBELLIER Pierre<br \/>\nBORNE Lionna<br \/>\nBRETAULT Camille<br \/>\nBUCHET Am\u00e9lie<br \/>\nCHAMPIR\u00c9 Ma\u00ebva<br \/>\nCHARON Margot<br \/>\nCHRETIEN Vincent<br \/>\nCROUZET Claire<br \/>\nDARGENTON R\u00e9becca<br \/>\nFLAMISSET \u00c9lo\u00efse<br \/>\nGEORGES Margot<br \/>\nGUILLOUET \u00c9lodie<br \/>\nLE PAPE Alice<br \/>\nLORGEOUX Laura<br \/>\nMARCHALOT S\u00e9bastien<br \/>\nMULLER Suzanne<br \/>\nM\u00c9NARD Fabien<br \/>\nRIPOCHE Julie<br \/>\nSIEFFERT Marie<br \/>\nTURQUET \u00c9lodie<br \/>\nVINCENT Ga\u00eblle<\/p>\n<p><strong>Promotion 2010\/2011<\/strong><br \/>\nBONNEL Florie<br \/>\nBROUSMICHE C\u00e9line<br \/>\nCANY Pauline<br \/>\nCROSNIER Aur\u00e9lie<br \/>\nDESMEDT St\u00e9phanie<br \/>\nDESRUE B\u00e9r\u00e9nice<br \/>\nDIOU Florian<br \/>\nGRAND Manon<br \/>\nINTERRANTE Francine<br \/>\nLAFOR\u00caTS Claudette<br \/>\nLAMARQUE Christine<br \/>\nLAURENT Aurore<br \/>\nMICHEL C\u00e9cile<br \/>\nNAUD Marjorie<br \/>\nRUBAN Beno\u00eet<br \/>\nSTEFANT Sol\u00e8ne<br \/>\nTENIER H\u00e9l\u00e8ne<\/p>\n<p><strong>Promotion 2011\/2012<\/strong><br \/>\nALEXANDRE Cl\u00e9mence<br \/>\nBARBEDETTE Ana\u00efs-\u00c9milie<br \/>\nBARDIN Manon<br \/>\nBARON Lise<br \/>\nBODIN Julien<br \/>\nBOUCHER Allan<br \/>\nCORRE Ana\u00efs<br \/>\nDESCHAMPS Violaine<br \/>\nKERBRAT Lieng-Sy<br \/>\nPRIGENT Marie<br \/>\nPROVOST Ma\u00e9va<br \/>\nRENTET Tristan<br \/>\nRICHARD S\u00e9verine<br \/>\nRIMELEN Fran\u00e7ois<br \/>\nTESSIER Cl\u00e9ment<br \/>\nTREMBLAY Jessica<\/p>\n<li>Dipl\u00f4me d\u2019universit\u00e9 Gestion de l&rsquo;information et conduite de Projet (DU GICP)\n<p><strong>Promotion 2001\/2003<\/strong><br \/>\nBAUD Marie-Claire<br \/>\nBELLON \u00c9lisabeth<br \/>\nBOUSQUET Herv\u00e9<br \/>\nCHAPUS Catherine<br \/>\nCOLIN Fran\u00e7oise<br \/>\nDEMELLIER Daniel<br \/>\nDOUCET Patrick<br \/>\nGANNE Isabelle<br \/>\nLAJOINIE Natacha<br \/>\nLAPORTE-CAVILLON Anne<br \/>\nMANSUY Sylvie<br \/>\nSTROOBANDT Christine<br \/>\nWOESTYN Sylvie<\/p>\n<p><strong>Promotion 2002\/2004<\/strong><br \/>\nBERTIN Colette<br \/>\nBERTOLDI Pascale<br \/>\nBOURDIN Ga\u00eblle<br \/>\nCHRISTIANS C\u00e9line<br \/>\nLACANT St\u00e9phanie<br \/>\nLACROSSE  Marie-Laure<br \/>\nLE CALVEZ Agn\u00e8s<br \/>\nLESTE Myriam<br \/>\nPECQUEUX Sylvie<br \/>\nPRIOL Gilbert<br \/>\nQUARGNUL David<br \/>\nRIQUIER H\u00e9l\u00e8ne<br \/>\nSALAUN Nelly<\/p>\n<p><strong>Promotion 2004\/2006<\/strong><br \/>\nBAILLOUX Anne-Marie<br \/>\nCOURANT Jo\u00eblle<br \/>\nGAZILLOT Catherine<br \/>\nGESTIN Claudie<br \/>\nNAVONE St\u00e9phanie<br \/>\nOUISSE Guylaine<br \/>\nPAUTRE Anne-Marie<br \/>\nPION G\u00e9rard<\/p>\n<li>Dipl\u00f4me d\u2019universit\u00e9 Conduite de projet en documentation, archives et records management (DU CPDARM)\n<p><strong>Promotion 2006\/2008<\/strong><br \/>\nCOIN-CARABALLO Ghislaine<br \/>\nDELAMEILLEURE Guido<br \/>\nLE COMTE-DUMONT Estelle<br \/>\nMACOU-CATHERINE Sophie-Anne<br \/>\nMULLER-DAMIEN Christelle<br \/>\nNUFFER Olivier<br \/>\nPALERMITI Fran\u00e7ois<br \/>\nTEILLANT-FLEURY Marie-H\u00e9l\u00e8ne<br \/>\nTESSIER-PIERRE Anne-Marie<br \/>\nTESTEMITANU Valentina<\/p>\n<p><strong>Promotion 2008\/2010<\/strong><br \/>\nADJOVI Roger<br \/>\nBENETEAU Laurent<br \/>\nCROSTE TRUC Monique<br \/>\nROSENFELDER Patricia<br \/>\nTELLIER Fabrice<br \/>\nVEILLE MARTIN Catherine<\/p>\n<p><a href='https:\/\/blog.univ-angers.fr\/formationarchives20ans\/files\/2013\/02\/Les-\u00e9tudiants_A-Masson_J-L-Marais_S-Bertoldi.avi'>Interview d&rsquo;Agn\u00e8s Masson, Jean-Luc Marais et Sylvain Bertoldi<\/a><\/p>\n<p><em>Vous pouvez exercer votre droit d&rsquo;acc\u00e8s et de modification \u00e0 l&rsquo;adresse suivante : patrice.marcilloux@univ-angers.fr <\/em><\/p>\n","protected":false},"excerpt":{"rendered":"<p>Listes des personnes ayant obtenu le dipl\u00f4me DESS Histoire et m\u00e9tiers des archives Promotion 1994\/1995 AUFRAY Sandrine BELSEUR Philippe CHIRADE Nadine DELEUIL Carole DUBOIS Christophe GILG Isabelle GODEFROY V\u00e9ronique GUILLAUME \u00c9lisabeth LAVIGNE Anion MICHEL Laurence NAUD Marie-\u00c9dith PAQUELET Muriel ROSEAU &hellip; <a href=\"https:\/\/blog.univ-angers.fr\/formationarchives20ans\/les-etiduants\/20-ans-de-diplomes\/\">Continuer la lecture <span class=\"meta-nav\">&rarr;<\/span><\/a><\/p>\n","protected":false},"author":417,"featured_media":0,"parent":70,"menu_order":0,"comment_status":"open","ping_status":"open","template":"","meta":{"footnotes":""},"class_list":["post-139","page","type-page","status-publish","hentry"],"_links":{"self":[{"href":"https:\/\/blog.univ-angers.fr\/formationarchives20ans\/wp-json\/wp\/v2\/pages\/139","targetHints":{"allow":["GET"]}}],"collection":[{"href":"https:\/\/blog.univ-angers.fr\/formationarchives20ans\/wp-json\/wp\/v2\/pages"}],"about":[{"href":"https:\/\/blog.univ-angers.fr\/formationarchives20ans\/wp-json\/wp\/v2\/types\/page"}],"author":[{"embeddable":true,"href":"https:\/\/blog.univ-angers.fr\/formationarchives20ans\/wp-json\/wp\/v2\/users\/417"}],"replies":[{"embeddable":true,"href":"https:\/\/blog.univ-angers.fr\/formationarchives20ans\/wp-json\/wp\/v2\/comments?post=139"}],"version-history":[{"count":14,"href":"https:\/\/blog.univ-angers.fr\/formationarchives20ans\/wp-json\/wp\/v2\/pages\/139\/revisions"}],"predecessor-version":[{"id":398,"href":"https:\/\/blog.univ-angers.fr\/formationarchives20ans\/wp-json\/wp\/v2\/pages\/139\/revisions\/398"}],"up":[{"embeddable":true,"href":"https:\/\/blog.univ-angers.fr\/formationarchives20ans\/wp-json\/wp\/v2\/pages\/70"}],"wp:attachment":[{"href":"https:\/\/blog.univ-angers.fr\/formationarchives20ans\/wp-json\/wp\/v2\/media?parent=139"}],"curies":[{"name":"wp","href":"https:\/\/api.w.org\/{rel}","templated":true}]}}