{"id":137,"date":"2013-02-01T21:51:03","date_gmt":"2013-02-01T20:51:03","guid":{"rendered":"https:\/\/blog.univ-angers.fr\/formationarchives20ans\/?page_id=137"},"modified":"2013-02-16T12:15:20","modified_gmt":"2013-02-16T11:15:20","slug":"la-formation-demain","status":"publish","type":"page","link":"https:\/\/blog.univ-angers.fr\/formationarchives20ans\/les-enseignents-et-enseignements\/la-formation-demain\/","title":{"rendered":"La formation demain"},"content":{"rendered":"<p>Comment la formation va-t-elle continuer \u00e0 \u00e9voluer et \u00e0 jouer tout son r\u00f4le, au service des \u00e9tudiants, des archives et de l\u2019archivistique ? Les fondamentaux sont connus et ont fait la preuve de leur efficacit\u00e9 : cours d\u2019archivistique, interventions de professionnels, projets collectifs, jeux d\u2019options, polyvalence, comp\u00e9tences transversales. Il faudra trouver les moyens de maintenir ces \u00e9quilibres face aux tentations de la sp\u00e9cialisation et de la technicit\u00e9 exclusive. <\/p>\n<p>La formation devra s\u2019efforcer \u00e0 la fois d\u2019\u00eatre toujours plus \u00e0 l\u2019\u00e9coute de la profession et de percevoir les nouveaux besoins, les reconfigurations du syst\u00e8me archivistique fran\u00e7ais, les \u00e9volutions de la demande sociale, la place toujours mouvante des archives dans la soci\u00e9t\u00e9. L\u2019activit\u00e9 de recherche peut aider \u00e0 saisir ces \u00e9mergences et \u00e0 les int\u00e9grer \u00e0 la r\u00e9flexion sur le devenir de la formation.<\/p>\n<p>Le d\u00e9veloppement d\u2019une <a href=\"https:\/\/blog.univ-angers.fr\/formationarchives20ans\/professionnalisation-et-recherches\/la-recherche-en-archivistique-un-axe-cher-a-la-formation\/\" title=\"La recherche scientifique en archives : un axe cher \u00e0 la formation angevine\" target=\"_blank\">recherche archivistique<\/a>, \u00e9ventuellement tr\u00e8s appliqu\u00e9e, constituera un stimulant axe de d\u00e9veloppement. La confrontation des \u00e9tudiants aux enjeux internationaux et \u00e0 la diversit\u00e9 des pratiques dans l\u2019environnement archivistique international sera assur\u00e9ment de plus en plus n\u00e9cessaire. La formation continue est de plus en plus \u00e0 l\u2019ordre du jour, y compris \u00e0 l\u2019universit\u00e9 : la prise en compte de ses imp\u00e9ratifs supposera une grande inventivit\u00e9 p\u00e9dagogique et organisationnelle. <\/p>\n<p>Les d\u00e9fis ne manquent pas. <\/p>\n<p><a href='https:\/\/blog.univ-angers.fr\/formationarchives20ans\/files\/2013\/02\/Formation-de-demain_B-Grailles_P-Marcilloux.avi'>Interview de B\u00e9n\u00e9dicte Grailles et de Patrice Marcilloux<\/a><\/p>\n","protected":false},"excerpt":{"rendered":"<p>Comment la formation va-t-elle continuer \u00e0 \u00e9voluer et \u00e0 jouer tout son r\u00f4le, au service des \u00e9tudiants, des archives et de l\u2019archivistique ? Les fondamentaux sont connus et ont fait la preuve de leur efficacit\u00e9 : cours d\u2019archivistique, interventions de &hellip; <a href=\"https:\/\/blog.univ-angers.fr\/formationarchives20ans\/les-enseignents-et-enseignements\/la-formation-demain\/\">Continuer la lecture <span class=\"meta-nav\">&rarr;<\/span><\/a><\/p>\n","protected":false},"author":417,"featured_media":0,"parent":66,"menu_order":0,"comment_status":"open","ping_status":"open","template":"","meta":{"footnotes":""},"class_list":["post-137","page","type-page","status-publish","hentry"],"_links":{"self":[{"href":"https:\/\/blog.univ-angers.fr\/formationarchives20ans\/wp-json\/wp\/v2\/pages\/137","targetHints":{"allow":["GET"]}}],"collection":[{"href":"https:\/\/blog.univ-angers.fr\/formationarchives20ans\/wp-json\/wp\/v2\/pages"}],"about":[{"href":"https:\/\/blog.univ-angers.fr\/formationarchives20ans\/wp-json\/wp\/v2\/types\/page"}],"author":[{"embeddable":true,"href":"https:\/\/blog.univ-angers.fr\/formationarchives20ans\/wp-json\/wp\/v2\/users\/417"}],"replies":[{"embeddable":true,"href":"https:\/\/blog.univ-angers.fr\/formationarchives20ans\/wp-json\/wp\/v2\/comments?post=137"}],"version-history":[{"count":6,"href":"https:\/\/blog.univ-angers.fr\/formationarchives20ans\/wp-json\/wp\/v2\/pages\/137\/revisions"}],"predecessor-version":[{"id":524,"href":"https:\/\/blog.univ-angers.fr\/formationarchives20ans\/wp-json\/wp\/v2\/pages\/137\/revisions\/524"}],"up":[{"embeddable":true,"href":"https:\/\/blog.univ-angers.fr\/formationarchives20ans\/wp-json\/wp\/v2\/pages\/66"}],"wp:attachment":[{"href":"https:\/\/blog.univ-angers.fr\/formationarchives20ans\/wp-json\/wp\/v2\/media?parent=137"}],"curies":[{"name":"wp","href":"https:\/\/api.w.org\/{rel}","templated":true}]}}