{"id":231,"date":"2023-12-07T14:22:51","date_gmt":"2023-12-07T13:22:51","guid":{"rendered":"https:\/\/blog.univ-angers.fr\/fondsspe\/?page_id=231"},"modified":"2025-01-15T16:31:26","modified_gmt":"2025-01-15T15:31:26","slug":"accueil","status":"publish","type":"page","link":"https:\/\/blog.univ-angers.fr\/fondsspe\/","title":{"rendered":"A la d\u00e9couverte des tr\u00e9sors de la Biblioth\u00e8que universitaire d\u2019Angers\u2026"},"content":{"rendered":"\n<p><\/p>\n\n\n\n<h2 class=\"wp-block-heading\"><\/h2>\n\n\n\n<p>La BUA rec\u00e8le des collections originales mais m\u00e9connues : le Centre des Archives du F\u00e9minisme (CAF), des archives litt\u00e9raires et des livres anciens, que le blog \u00ab\u00a0La BU d&rsquo;Angers sans r\u00e9serve\u00a0\u00bb vous propose d\u2019explorer.<\/p>\n\n\n\n<p>Ce blog mettra en lumi\u00e8re, au fil de l\u2019actualit\u00e9,&nbsp; les fonds pr\u00e9cieux de la biblioth\u00e8que et les animations qui les font vivre : expositions, participation \u00e0 des journ\u00e9es d\u2019\u00e9tudes et \u00e0 des colloques, visites-pr\u00e9sentations du CAF, du fonds ancien et des fonds litt\u00e9raires\u2026<\/p>\n\n\n\n<p>Que vous soyez \u00e9tudiant.e, chercheur.se, simple curieux.se, n\u2019h\u00e9sitez pas \u00e0 contribuer \u00e0 la vie de ce blog en laissant vos commentaires.<\/p>\n\n\n<div class=\"wp-block-image\">\n<figure class=\"aligncenter\"><a href=\"https:\/\/blog.univ-angers.fr\/fondsspe\/category\/nouveautes\/actualites\/\"><img loading=\"lazy\" decoding=\"async\" width=\"150\" height=\"150\" src=\"https:\/\/blog.univ-angers.fr\/fondsspe\/files\/2025\/01\/cabinet2-150x150.jpg\" alt=\"\" class=\"wp-image-532\" \/><\/a><figcaption class=\"wp-element-caption\">Quoi de neuf ?<\/figcaption><\/figure>\n<\/div>\n\n\n<div class=\"wp-block-columns is-layout-flex wp-container-core-columns-is-layout-9d6595d7 wp-block-columns-is-layout-flex\">\n<div class=\"wp-block-column is-layout-flow wp-block-column-is-layout-flow\"><div class=\"wp-block-image\">\n<figure class=\"aligncenter size-full\"><a href=\"https:\/\/blog.univ-angers.fr\/fondsspe\/category\/femmes-feminisme\/\"><img loading=\"lazy\" decoding=\"async\" width=\"474\" height=\"555\" src=\"https:\/\/blog.univ-angers.fr\/fondsspe\/files\/2023\/12\/FF1bisMenu.png\" alt=\"\" class=\"wp-image-247\" style=\"object-fit:cover\" srcset=\"https:\/\/blog.univ-angers.fr\/fondsspe\/files\/2023\/12\/FF1bisMenu.png 474w, https:\/\/blog.univ-angers.fr\/fondsspe\/files\/2023\/12\/FF1bisMenu-256x300.png 256w\" sizes=\"auto, (max-width: 474px) 100vw, 474px\" \/><\/a><figcaption class=\"wp-element-caption\">Femmes et f\u00e9minisme<\/figcaption><\/figure>\n<\/div><\/div>\n\n\n\n<div class=\"wp-block-column is-layout-flow wp-block-column-is-layout-flow\"><div class=\"wp-block-image\">\n<figure class=\"aligncenter size-full\"><a href=\"https:\/\/blog.univ-angers.fr\/fondsspe\/category\/litterature-poesie\/\"><img loading=\"lazy\" decoding=\"async\" width=\"459\" height=\"532\" src=\"https:\/\/blog.univ-angers.fr\/fondsspe\/files\/2023\/12\/BurgessMenu3-1.png\" alt=\"\" class=\"wp-image-244\" srcset=\"https:\/\/blog.univ-angers.fr\/fondsspe\/files\/2023\/12\/BurgessMenu3-1.png 459w, https:\/\/blog.univ-angers.fr\/fondsspe\/files\/2023\/12\/BurgessMenu3-1-259x300.png 259w\" sizes=\"auto, (max-width: 459px) 100vw, 459px\" \/><\/a><figcaption class=\"wp-element-caption\">Litt\u00e9rature et po\u00e9sie<\/figcaption><\/figure>\n<\/div><\/div>\n\n\n\n<div class=\"wp-block-column is-layout-flow wp-block-column-is-layout-flow\"><div class=\"wp-block-image\">\n<figure class=\"aligncenter size-full\"><a href=\"https:\/\/blog.univ-angers.fr\/fondsspe\/category\/livres-anciens\/\"><img loading=\"lazy\" decoding=\"async\" width=\"377\" height=\"432\" src=\"https:\/\/blog.univ-angers.fr\/fondsspe\/files\/2024\/01\/LivresanciensMenu2.png\" alt=\"\" class=\"wp-image-403\" style=\"object-fit:cover\" srcset=\"https:\/\/blog.univ-angers.fr\/fondsspe\/files\/2024\/01\/LivresanciensMenu2.png 377w, https:\/\/blog.univ-angers.fr\/fondsspe\/files\/2024\/01\/LivresanciensMenu2-262x300.png 262w\" sizes=\"auto, (max-width: 377px) 100vw, 377px\" \/><\/a><figcaption class=\"wp-element-caption\">Livres anciens<\/figcaption><\/figure>\n<\/div><\/div>\n<\/div>\n","protected":false},"excerpt":{"rendered":"<p>La BUA rec\u00e8le des collections originales mais m\u00e9connues : le Centre des Archives du F\u00e9minisme (CAF), des archives litt\u00e9raires et des livres anciens, que le blog \u00ab\u00a0La BU d&rsquo;Angers sans r\u00e9serve\u00a0\u00bb vous propose d\u2019explorer. Ce blog mettra en lumi\u00e8re, au &hellip; <a href=\"https:\/\/blog.univ-angers.fr\/fondsspe\/\">Continuer la lecture <span class=\"meta-nav\">&rarr;<\/span><\/a><\/p>\n","protected":false},"author":14913,"featured_media":0,"parent":0,"menu_order":0,"comment_status":"closed","ping_status":"closed","template":"","meta":{"footnotes":""},"class_list":["post-231","page","type-page","status-publish","hentry"],"_links":{"self":[{"href":"https:\/\/blog.univ-angers.fr\/fondsspe\/wp-json\/wp\/v2\/pages\/231","targetHints":{"allow":["GET"]}}],"collection":[{"href":"https:\/\/blog.univ-angers.fr\/fondsspe\/wp-json\/wp\/v2\/pages"}],"about":[{"href":"https:\/\/blog.univ-angers.fr\/fondsspe\/wp-json\/wp\/v2\/types\/page"}],"author":[{"embeddable":true,"href":"https:\/\/blog.univ-angers.fr\/fondsspe\/wp-json\/wp\/v2\/users\/14913"}],"replies":[{"embeddable":true,"href":"https:\/\/blog.univ-angers.fr\/fondsspe\/wp-json\/wp\/v2\/comments?post=231"}],"version-history":[{"count":22,"href":"https:\/\/blog.univ-angers.fr\/fondsspe\/wp-json\/wp\/v2\/pages\/231\/revisions"}],"predecessor-version":[{"id":536,"href":"https:\/\/blog.univ-angers.fr\/fondsspe\/wp-json\/wp\/v2\/pages\/231\/revisions\/536"}],"wp:attachment":[{"href":"https:\/\/blog.univ-angers.fr\/fondsspe\/wp-json\/wp\/v2\/media?parent=231"}],"curies":[{"name":"wp","href":"https:\/\/api.w.org\/{rel}","templated":true}]}}