{"id":2,"date":"2024-09-15T18:07:12","date_gmt":"2024-09-15T16:07:12","guid":{"rendered":"https:\/\/blog.univ-angers.fr\/empires\/?page_id=2"},"modified":"2025-04-30T11:52:55","modified_gmt":"2025-04-30T09:52:55","slug":"page-d-exemple","status":"publish","type":"page","link":"https:\/\/blog.univ-angers.fr\/empires\/","title":{"rendered":"Colloque Relecture des empires ib\u00e9riques\u00a0: Espagne, Portugal, Am\u00e9rique de 1890 \u00e0 nos jours"},"content":{"rendered":"\r\n<p class=\"has-text-align-center width=2000px has-heading-font-family has-x-large-font-size\">Universit\u00e9 d&rsquo;Angers, 3-4 avril 2025,\u00a0Maison de la Recherche Germaine Tillion, Amphi Tillion<\/p>\r\n<p class=\"has-heading-font-family\">Organisateurs : Manuelle Peloille, Christophe Araujo, Yves L\u00e9onard, Matthieu Trouv\u00e9, Universit\u00e9 d&rsquo;Angers (3L.AM), Centre \u00c9mile Durkheim, Soci\u00e9t\u00e9 Fran\u00e7aise d&rsquo;Histoire Politique, Centre d&rsquo;histoire de Sciences Po, Fondation Calouste Gulbenkian-D\u00e9l\u00e9gation en France.<\/p>\r\n\r\n\r\n\r\n<h1 style=\"text-align: center\"><strong>\u00c9couter les interventions<\/strong><\/h1>\r\n<p><a href=\"https:\/\/univ-angers.cloud.panopto.eu\/Panopto\/Pages\/Viewer.aspx?id=71041eb4-821c-4e33-816f-b2bc00a716ef\">Conf\u00e9rence d&rsquo;Enric Ucelay da Cal, \u00ab\u00a0Herencias e interacciones entre la Pen\u00ednsula Ib\u00e9rica y las Am\u00e9ricas: el peso del pasado pol\u00edtico-social desde finales del siglo XIX hasta hoy\u00bb<\/a><\/p>\r\n<p><a href=\"https:\/\/univ-angers.cloud.panopto.eu\/Panopto\/Pages\/Viewer.aspx?id=1a215fb1-f006-4ada-af82-b2bc00a71681\">Conf\u00e9rence de Lorenzo Delgado, \u00abNostalgie de l\u2019empire et recherche d\u2019un atout international.\u00a0\u00a0L\u2019Am\u00e9rique latine dans l\u2019action ext\u00e9rieure espagnole\u00bb<\/a><\/p>\r\n<p><a href=\"https:\/\/univ-angers.cloud.panopto.eu\/Panopto\/Pages\/Viewer.aspx?id=3bcf7ec3-b8a5-40f7-99b0-b2bf0083465a\">Pr\u00e9sentation du podcast \u00ab\u00a0Iber\u00f3manos\u00a0\u00bb par Rodrigo Escribano Roca<\/a> <a href=\"https:\/\/www.youtube.com\/playlist?list=PLC3mrkZ6O6Diyy7hNLqqM0EdNJjmBGQ33\">PODCAST<\/a><\/p>\r\n<p><a href=\"https:\/\/univ-angers.cloud.panopto.eu\/Panopto\/Pages\/Viewer.aspx?id=c86b2de8-3f42-49ef-8a8c-b2bf00978199\">Premier Caf\u00e9 PUR, pr\u00e9sentation de <em>Fabriques latines de l&rsquo;eug\u00e9nisme<\/em> (X. Tabet, F. Martinez, M. Peloille) par Bertrand Fauquenot (3L.AM Angers)<\/a><\/p>\r\n<p><span style=\"color: #0000ff\"><a href=\"https:\/\/univ-angers.cloud.panopto.eu\/Panopto\/Pages\/Viewer.aspx?id=7c37b519-053f-4ea1-a502-b2bc00ea7c7f\">Sebasti\u00e1n Acevedo, \u00ab\u00a0\u00c0 la recherche d\u2019une troisi\u00e8me voie hispanique comme alternative au capitalisme nord-am\u00e9ricain et au communisme sovi\u00e9tique : relecture, id\u00e9alisation et exaltation du pass\u00e9 imp\u00e9rial et catholique en Colombie pendant la r\u00e9action conservatrice (1936-1946)\u00a0\u00bb<\/a>.<\/span><\/p>\r\n<p><a href=\"https:\/\/univ-angers.cloud.panopto.eu\/Panopto\/Pages\/Viewer.aspx?id=e668a788-ca33-4380-acf5-b2bf0083bc57\"><span style=\"color: #0000ff\">Ombeline Anderouin : \u00ab\u00a0Les relations entre le Mexique et l&rsquo;Espagne : le cas du secteur touristique\u00a0\u00bb<\/span><\/a><\/p>\r\n<p><a href=\"https:\/\/univ-angers.cloud.panopto.eu\/Panopto\/Pages\/Viewer.aspx?id=004b54b4-00ba-4e0e-9f7c-b2bc00a7162e\"><span style=\"color: #0000ff\">Christophe Araujo, \u00ab Une machine m\u00e9morielle \u00e0 l&rsquo;\u0153uvre: l&rsquo;Acad\u00e9mie Portugaise d&rsquo;Histoire et la d\u00e9fense de l&rsquo;Empire (de sa cr\u00e9ation en 1936 \u00e0 1974) \u00bb<\/span><\/a><\/p>\r\n<p><a href=\"https:\/\/univ-angers.cloud.panopto.eu\/Panopto\/Pages\/Viewer.aspx?id=f59fa28c-d00d-465d-a15a-b2bf0083d5fe\"><span style=\"color: #0000ff\">Rapha\u00ebl Benbouhou, \u00ab\u00a0Entre coalition et imp\u00e9rialisme sportif. Une reconstruction symbolique de l\u2019\u201cEmpire\u201c par la Royale F\u00e9d\u00e9ration Espagnole de Football et ses relations \u00e0 la FIFA (1939-1953)\u00a0\u00bb<\/span><\/a><\/p>\r\n<p><br \/><a href=\"https:\/\/univ-angers.cloud.panopto.eu\/Panopto\/Pages\/Viewer.aspx?id=dfa1733a-56ab-4f42-93c1-b2bf0082dd19\"><span style=\"color: #0000ff\">Bertrand Fauquenot, \u00ab\u00a0Les colonisations, espagnole et fran\u00e7aise, au Maroc (1912-1931). L\u2019Africanisme espagnol et la circulation des id\u00e9es entre les deux protectorats\u00a0\u00bb.<\/span><\/a><\/p>\r\n<p><a href=\"https:\/\/univ-angers.cloud.panopto.eu\/Panopto\/Pages\/Viewer.aspx?id=87c0ad67-deda-4438-9429-b2bf0083777c\"><span style=\"color: #0000ff\">\u00c1lvaro Jimena, \u00ab Los \u00faltimos de Filipinas \u00bb : un mythe imp\u00e9rial forg\u00e9 par la propagande franquiste<\/span><\/a>.<\/p>\r\n<p><span style=\"color: #0000ff\"><a href=\"https:\/\/univ-angers.cloud.panopto.eu\/Panopto\/Pages\/Viewer.aspx?id=5b4d5551-6ed4-4af6-8d5e-b2bc00a716c5\">Yves L\u00e9onard, \u00ab Le lusotropicalisme, pr\u00e9sences d\u2019un pass\u00e9 imaginaire \u00bb<\/a>.<\/span><\/p>\r\n<p><br \/><a href=\"https:\/\/univ-angers.cloud.panopto.eu\/Panopto\/Pages\/Viewer.aspx?id=143c63f9-3b00-459b-a78f-b2bf00838b78\"><span style=\"color: #0000ff\">Mohamed Mimoune, \u00ab\u00a0La persistance du discours imp\u00e9rial pendant la dictature franquiste : les discours de l\u00e9gitimation de la pr\u00e9sence espagnole au Sahara Occidental (1958-1976)\u00a0\u00bb<\/span><\/a><\/p>\r\n<p><a href=\"https:\/\/univ-angers.cloud.panopto.eu\/Panopto\/Pages\/Viewer.aspx?id=8d9e6117-b351-4173-af29-b2bc00d627f8\"><span style=\"color: #0000ff\">Virginie Tisserant, \u00ab\u00a0Occidentaliser l&rsquo;Ib\u00e9ro-Am\u00e9rique par l&rsquo;Ib\u00e9rosph\u00e8re: comment le parti politique Vox tente de r\u00e9\u00e9crire les relations bilat\u00e9rales et la m\u00e9moire des empires ib\u00e9riques\u00a0\u00bb<\/span><\/a>.<\/p>\r\n<p><a href=\"https:\/\/univ-angers.cloud.panopto.eu\/Panopto\/Pages\/Viewer.aspx?id=3543e362-5e12-4767-ba95-b2bc00ce1f89\"><span style=\"color: #0000ff\">Dar\u00edo Varela Fern\u00e1ndez, \u00ab\u00a0Iberoesfera \u00bfel nuevo concepto de Vox para resucitar el viejo imperio?\u00a0\u00bb<\/span><\/a><\/p>\r\n<p><span style=\"color: #0000ff\"><a href=\"https:\/\/univ-angers.cloud.panopto.eu\/Panopto\/Pages\/Viewer.aspx?id=6b5fffef-c30c-487a-b44c-b2bc00cde023\">Rafael V\u00e1zquez Garc\u00eda, \u201cUn pasado que volver a conquistar\u201d. El discurso de la derecha y la extrema derecha en Espa\u00f1a sobre la Hispanidad<\/a>.<\/span><\/p>\r\n<p class=\"has-heading-font-family has-small-font-size\"><\/p><!-- AddThis Advanced Settings generic via filter on the_content --><!-- AddThis Share Buttons generic via filter on the_content -->","protected":false},"excerpt":{"rendered":"<p>Universit\u00e9 d&rsquo;Angers, 3-4 avril 2025,\u00a0Maison de la Recherche Germaine Tillion, Amphi Tillion Organisateurs : Manuelle Peloille, Christophe Araujo, Yves L\u00e9onard, Matthieu Trouv\u00e9, Universit\u00e9 d&rsquo;Angers (3L.AM), Centre \u00c9mile Durkheim, Soci\u00e9t\u00e9 Fran\u00e7aise d&rsquo;Histoire Politique, Centre d&rsquo;histoire de Sciences Po, Fondation Calouste Gulbenkian-D\u00e9l\u00e9gation en France. \u00c9couter les interventions Conf\u00e9rence d&rsquo;Enric Ucelay da Cal, \u00ab\u00a0Herencias e interacciones entre la &hellip; <a href=\"https:\/\/blog.univ-angers.fr\/empires\/\" class=\"more-link\">Continuer la lecture de <span class=\"screen-reader-text\">Colloque Relecture des empires ib\u00e9riques\u00a0: Espagne, Portugal, Am\u00e9rique de 1890 \u00e0 nos jours<\/span>  <span class=\"meta-nav\">&rarr;<\/span><\/a><!-- AddThis Advanced Settings generic via filter on get_the_excerpt --><!-- AddThis Share Buttons generic via filter on get_the_excerpt --><\/p>\n","protected":false},"author":26584,"featured_media":20,"parent":0,"menu_order":0,"comment_status":"closed","ping_status":"open","template":"page-templates\/full-width.php","meta":{"footnotes":""},"class_list":["post-2","page","type-page","status-publish","has-post-thumbnail","hentry"],"_links":{"self":[{"href":"https:\/\/blog.univ-angers.fr\/empires\/wp-json\/wp\/v2\/pages\/2","targetHints":{"allow":["GET"]}}],"collection":[{"href":"https:\/\/blog.univ-angers.fr\/empires\/wp-json\/wp\/v2\/pages"}],"about":[{"href":"https:\/\/blog.univ-angers.fr\/empires\/wp-json\/wp\/v2\/types\/page"}],"author":[{"embeddable":true,"href":"https:\/\/blog.univ-angers.fr\/empires\/wp-json\/wp\/v2\/users\/26584"}],"replies":[{"embeddable":true,"href":"https:\/\/blog.univ-angers.fr\/empires\/wp-json\/wp\/v2\/comments?post=2"}],"version-history":[{"count":56,"href":"https:\/\/blog.univ-angers.fr\/empires\/wp-json\/wp\/v2\/pages\/2\/revisions"}],"predecessor-version":[{"id":190,"href":"https:\/\/blog.univ-angers.fr\/empires\/wp-json\/wp\/v2\/pages\/2\/revisions\/190"}],"wp:featuredmedia":[{"embeddable":true,"href":"https:\/\/blog.univ-angers.fr\/empires\/wp-json\/wp\/v2\/media\/20"}],"wp:attachment":[{"href":"https:\/\/blog.univ-angers.fr\/empires\/wp-json\/wp\/v2\/media?parent=2"}],"curies":[{"name":"wp","href":"https:\/\/api.w.org\/{rel}","templated":true}]}}