{"id":5,"date":"2017-01-11T09:36:47","date_gmt":"2017-01-11T08:36:47","guid":{"rendered":"https:\/\/blog.univ-angers.fr\/dictionnairefeministes\/?page_id=5"},"modified":"2017-02-06T09:21:20","modified_gmt":"2017-02-06T08:21:20","slug":"presentation","status":"publish","type":"page","link":"https:\/\/blog.univ-angers.fr\/dictionnairefeministes\/","title":{"rendered":"Pr\u00e9sentation"},"content":{"rendered":"<div id=\"attachment_4\" style=\"width: 216px\" class=\"wp-caption alignleft\"><a href=\"https:\/\/blog.univ-angers.fr\/dictionnairefeministes\/files\/2017\/01\/dico.png\"><img loading=\"lazy\" decoding=\"async\" aria-describedby=\"caption-attachment-4\" class=\"size-medium wp-image-4\" alt=\"Couverture du Dictionnaire des f\u00e9ministes\" src=\"https:\/\/blog.univ-angers.fr\/dictionnairefeministes\/files\/2017\/01\/dico-206x300.png\" width=\"206\" height=\"300\" srcset=\"https:\/\/blog.univ-angers.fr\/dictionnairefeministes\/files\/2017\/01\/dico-206x300.png 206w, https:\/\/blog.univ-angers.fr\/dictionnairefeministes\/files\/2017\/01\/dico.png 323w\" sizes=\"auto, (max-width: 206px) 100vw, 206px\" \/><\/a><p id=\"caption-attachment-4\" class=\"wp-caption-text\">Couverture du Dictionnaire des f\u00e9ministes<\/p><\/div>\n<p style=\"text-indent: 2em\" align=\"justify\">Premier dictionnaire historique sur les f\u00e9ministes, ce livre pr\u00e9sente en 587 374 mots, 421 notices biographiques et 137 notices th\u00e9matiques, et sous la plume de 196 auteur.e.s, une vision globale des f\u00e9minismes en France des origines \u00e0 nos jours.<\/p>\n<p style=\"text-indent: 2em\" align=\"justify\">Il synth\u00e9tise les connaissances les plus actuelles sur des questions aussi vari\u00e9es que les diff\u00e9rentes formes de f\u00e9minisme, les revendications, les th\u00e9ories et les trajectoires militantes en faveur de la cause des femmes.<\/p>\n<p style=\"text-indent: 2em\" align=\"justify\"><a href=\"https:\/\/blog.univ-angers.fr\/dictionnairefeministes\/files\/2017\/01\/Dictionnaire-des-f\u00e9ministes.-France-XVIIIe-XXIe-si\u00e8cle.pdf\">Communiqu\u00e9 de presse du <em>Dictionnaire des f\u00e9ministes<\/em><\/a><\/p>\n<p style=\"text-indent: 2em\" align=\"justify\">\n<!-- AddThis Advanced Settings generic via filter on the_content --><!-- AddThis Share Buttons generic via filter on the_content -->","protected":false},"excerpt":{"rendered":"<p>Premier dictionnaire historique sur les f\u00e9ministes, ce livre pr\u00e9sente en 587 374 mots, 421 notices biographiques et 137 notices th\u00e9matiques, et sous la plume de 196 auteur.e.s, une vision globale des f\u00e9minismes en France des origines \u00e0 nos jours. Il &hellip; <a href=\"https:\/\/blog.univ-angers.fr\/dictionnairefeministes\/\">Continuer la lecture <span class=\"meta-nav\">&rarr;<\/span><\/a><!-- AddThis Advanced Settings generic via filter on get_the_excerpt --><!-- AddThis Share Buttons generic via filter on get_the_excerpt --><\/p>\n","protected":false},"author":12310,"featured_media":0,"parent":0,"menu_order":0,"comment_status":"closed","ping_status":"closed","template":"","meta":{"footnotes":""},"class_list":["post-5","page","type-page","status-publish","hentry"],"_links":{"self":[{"href":"https:\/\/blog.univ-angers.fr\/dictionnairefeministes\/wp-json\/wp\/v2\/pages\/5","targetHints":{"allow":["GET"]}}],"collection":[{"href":"https:\/\/blog.univ-angers.fr\/dictionnairefeministes\/wp-json\/wp\/v2\/pages"}],"about":[{"href":"https:\/\/blog.univ-angers.fr\/dictionnairefeministes\/wp-json\/wp\/v2\/types\/page"}],"author":[{"embeddable":true,"href":"https:\/\/blog.univ-angers.fr\/dictionnairefeministes\/wp-json\/wp\/v2\/users\/12310"}],"replies":[{"embeddable":true,"href":"https:\/\/blog.univ-angers.fr\/dictionnairefeministes\/wp-json\/wp\/v2\/comments?post=5"}],"version-history":[{"count":0,"href":"https:\/\/blog.univ-angers.fr\/dictionnairefeministes\/wp-json\/wp\/v2\/pages\/5\/revisions"}],"wp:attachment":[{"href":"https:\/\/blog.univ-angers.fr\/dictionnairefeministes\/wp-json\/wp\/v2\/media?parent=5"}],"curies":[{"name":"wp","href":"https:\/\/api.w.org\/{rel}","templated":true}]}}