{"id":18,"date":"2017-01-11T10:07:45","date_gmt":"2017-01-11T09:07:45","guid":{"rendered":"https:\/\/blog.univ-angers.fr\/dictionnairefeministes\/?page_id=18"},"modified":"2017-02-01T16:45:20","modified_gmt":"2017-02-01T15:45:20","slug":"biographiques","status":"publish","type":"page","link":"https:\/\/blog.univ-angers.fr\/dictionnairefeministes\/biographiques\/","title":{"rendered":"Entr\u00e9es biographiques"},"content":{"rendered":"<p><strong><a title=\"aller \u00e0 la lettre A\" href=\"#A\">A<\/a> <a title=\"aller \u00e0 la lettre B\" href=\"#B\">B<\/a> <a title=\"aller \u00e0 la lettre C\" href=\"#C\">C<\/a> <a title=\"aller \u00e0 la lettre D\" href=\"#D\">D<\/a> <a title=\"aller \u00e0 la lettre E\" href=\"#E\">E<\/a> <a title=\"aller \u00e0 la lettre F\" href=\"#F\">F<\/a> <a title=\"aller \u00e0 la lettre G\" href=\"#G\">G<\/a> <a title=\"aller \u00e0 la lettre H\" href=\"#H\">H<\/a><a title=\"aller \u00e0 la lettre I\" href=\"#I\"> I<\/a> <a title=\"aller \u00e0 la lettre J\" href=\"#J\">J<\/a> <a title=\"aller \u00e0 la lettre K\" href=\"#K\">K<\/a> <a title=\"aller \u00e0 la lettre L\" href=\"#L\">L<\/a> <a title=\"aller \u00e0 la lettre M\" href=\"#M\">M<\/a> <a title=\"aller \u00e0 la lettre N\" href=\"#N\">N<\/a> <a title=\"aller \u00e0 la lettre O\" href=\"#O\">O<\/a> <a title=\"aller \u00e0 la lettre P\" href=\"#P\">P<\/a> <a title=\"aller \u00e0 la lettre Q\" href=\"#Q\">Q<\/a> <a title=\"aller \u00e0 la lettre R\" href=\"#R\">R<\/a> <a title=\"aller \u00e0 la lettre S\" href=\"#S\">S<\/a> <a title=\"aller \u00e0 la lettre T\" href=\"#T\">T<\/a> <a title=\"aller \u00e0 la lettre U\" href=\"#U\">U<\/a> <a title=\"aller \u00e0 la lettre V\" href=\"#V\">V<\/a> <a title=\"aller \u00e0 la lettre W\" href=\"#W\">W<\/a> <a title=\"aller \u00e0 la lettre X\" href=\"#X\">X<\/a> <a title=\"aller \u00e0 la lettre Y\" href=\"#Y\">Y<\/a> <a title=\"aller \u00e0 la lettre Z\" href=\"#Z\">Z<\/a><\/strong><\/p>\n<p><a name=\"A\"><\/a><\/p>\n<blockquote><p><strong>A<\/strong><\/p><\/blockquote>\n<p>Abar Nicole (Catherine Louveau)<br \/>\nAdam Juliette (Alice Primi et Karen Offen)<br \/>\nAdler Laure (Claire Blandin)<br \/>\nAgacinski Sylviane (Isabelle Lacoue-Labarthe)<br \/>\nAkerman Chantal (Sandy Flitterman-Lewis)<br \/>\nAlbin Guillot Laure (Catherine Gonnard)<br \/>\nAlbrecht Berty (Christine Bard et Corinne Bouchoux)<br \/>\nAlonso Isabelle (Claire Blandin)<br \/>\nAlphen-Salvador Gabrielle (Mich\u00e8le Bitton)<br \/>\nAlquier Henriette (Anne-Marie Sohn)<br \/>\nAmara Fadela (Yannick Ripa)<br \/>\nAmelin Isnelle (Myriam Paris)<br \/>\nAmeline Nicole (Sandrine L\u00e9v\u00eaque et Sabrina Tricaud)<br \/>\nAndr\u00e9 L\u00e9o (Alice Primi)<br \/>\nAntoine Monique (Bibia Pavard)<br \/>\nArcier Raymonde (Fabienne Dumont)<br \/>\nArnaud Ang\u00e9lique (Sophie Delvallez et Alice Primi)<br \/>\nArnauld George (\u00c8ve Gianoncelli)<br \/>\nArria Ly (Andrea Mansker)<br \/>\nAsti\u00e9 de Valsayre Marie-Rose (Charles Sowerwine)<br \/>\nAubrac Lucie (Christine Bard et Corinne Bouchoux)<br \/>\nAuclert Hubertine (\u00c9dith Ta\u00efeb)<br \/>\nAudouard Olympe (Isabelle Ernot)<br \/>\nAudry Colette (S\u00e9verine Liatard)<br \/>\nAudry Jacqueline (Brigitte Rollet)<br \/>\nAutain Cl\u00e9mentine (Catherine Valenti)<br \/>\nAvril de Sainte-Croix G. (Karen Offen)<\/p>\n<p><a name=\"B\"><\/a><\/p>\n<blockquote><p><strong>B<\/strong><\/p><\/blockquote>\n<p>Bachelot Roselyne (Sabrina Tricaud)<br \/>\nBadinter \u00c9lisabeth (Isabelle Lacoue-Labarthe)<br \/>\nBaldeck Marylin (Mireille Douspis)<br \/>\nBasch Fran\u00e7oise (Fran\u00e7oise Picq)<br \/>\nBashkirtseff Marie (Yannick Ripa)<br \/>\nBaudino Genevi\u00e8ve (Camille Masclet)<br \/>\nBavay Francine (Catherine Achin)<br \/>\nBeauquier Charles (Alban Jacquemart)<br \/>\nBeauvoir Simone de (Sylvie Chaperon)<br \/>\nBeddoukh Laure (Christine Bard)<br \/>\nB\u00e9r\u00e8re Marie-Jeanne (Malthilde Dubesset)<br \/>\nBernheim Cathy (Audrey Lasserre)<br \/>\nBertaux H\u00e9l\u00e8ne (Catherine Gonnard)<br \/>\nBertin C\u00e9lia (Sylvie Chaperon)<br \/>\nBigot Marthe et Antoinette (Anne-Marie Sohn)<br \/>\nBlanquart Louisette (Mich\u00e8le Rault)<br \/>\nBodin Louise (Colette Cosnier \u2020)<br \/>\nBodin Marguerite (Denise Karnaouch)<br \/>\nBogelot Isabelle (Colette Avrane,avec Christine Bard)<br \/>\nBoissonnas Sylvina (Bibia Pavard,avec H\u00e9l\u00e8ne Fleckinger)<br \/>\nBonheur Rosa (Catherine Gonnard)<br \/>\nBonnet Marie-Jo (Audrey Lasserre)<br \/>\nBonnevial Marie (Christine Bard et Corinne Bouchoux)<br \/>\nBouchardeau Huguette (Bibia Pavard)<br \/>\nBoucheron Brigitte (Ir\u00e8ne Corr adin)<br \/>\nBouchez Monique (Christian Gu\u00e9rin)<br \/>\nBougl\u00e9 Marie-Louise (Colette Avrane)<br \/>\nBourcier Marie-H\u00e9l\u00e8ne\/Sam (Ilana Eloit)<br \/>\n<a title=\"BOURGEOIS Louise\" href=\"https:\/\/blog.univ-angers.fr\/dictionnairefeministes\/2017\/01\/30\/bourgeois-louise\/\">Bourgeois Louise<\/a> (Marie-Laure Bernadac)<br \/>\nBousquet Danielle (Mireille Douspis)<br \/>\nBouvard St\u00e9phanie (Charles Sowerwine)<br \/>\nBouvier Jeanne (Colette Avrane)<br \/>\nBret\u00e9cher Claire (Claire Blandin)<br \/>\nBrion H\u00e9l\u00e8ne (Colette Avrane, avec Christine Bard)<br \/>\nBrive Marie-France (Laure Ortiz)<br \/>\nBrunerie-Kauffmann Jo\u00eblle (Sandrine Garcia)<br \/>\nBrunhes Delamarre Mariel (Sandrine Roll)<br \/>\nBrunschvicg C\u00e9cile (C\u00e9cile Formaglio)<br \/>\nBuet Jackie (Fran\u00e7oise Flamant)<br \/>\nBuisson Ferdinand (Alban Jacquemart)<br \/>\nBureau Annie (Sandrine Garcia)<br \/>\nButillard Andr\u00e9e (Christian Gu\u00e9rin)<\/p>\n<p><a name=\"C\"><\/a><\/p>\n<blockquote><p><strong>C<\/strong><\/p><\/blockquote>\n<p>Cahun Claude (Tirza T. Latimer)<br \/>\nCalmis Charlotte (Marie-Jo Bonnet)<br \/>\nCamax-Zoegger Marie-Anne (Catherine Gonnard)<br \/>\nCapy Marcelle (Christine Bard)<br \/>\nCardinal Marie (Delphine Naudier)<br \/>\nCaron H\u00e9l\u00e8ne (Christian Gu\u00e9rin)<br \/>\nCasalis Marie-France (Sandrine Garcia)<br \/>\nCassatt Mary (Catherine Gonnard)<br \/>\nCasteras Christiane de (Fabienne Dumont)<br \/>\nCausse Mich\u00e8le (Katy Barasc)<br \/>\nCenival Marie de (Lucie Bargel)<br \/>\nChafiq Chahla (Christine Bard)<br \/>\nCharest Danielle (Dominique Bourque)<br \/>\nChaton Jeanne (Sylvie Chaperon)<br \/>\nChauvin Jeanne (Juliette Rennes)<br \/>\nCh\u00e9liga-Loewy Marya (Jean Elisabeth Pedersen)<br \/>\nChenu Jeanne (Magali Dell a Sudda)<br \/>\nChetcuti-Osorovitz Natacha (Catherine Florian)<br \/>\nChoisy Maryse (Nicole G. Albert)<br \/>\nCixous H\u00e9l\u00e8ne (Delphine Naudier)<br \/>\nClerc Th\u00e9r\u00e8se (Pauline Boivineau)<br \/>\nCohen Annie (Christine Bard et Audrey Lasserre)<br \/>\nColin Madeleine (Slava Liszek \u2020)<br \/>\nColliard Lucie (Anne-Marie Sohn)<br \/>\nCollin Fran\u00e7oise (Delphine Naudier)<br \/>\nComte Francine (Marion Charpenel)<br \/>\nCond\u00e9 Maryse (Christiane Chaulet Achour)<br \/>\n<a title=\"CONDORCET [Jean Antoine Nicolas CARITAT, marquis de]\" href=\"https:\/\/blog.univ-angers.fr\/dictionnairefeministes\/2017\/01\/30\/condorcet-jean-antoine-nicolas-caritat-marquis-de\/\">Condorcet<\/a> (Dominique Godineau)<br \/>\nCorlieu C\u00e9cile de (Magali Dell a Sudda)<br \/>\nCormier Manon (Bernard Lachaise)<br \/>\nCouette Marie (Slava Liszek \u2020)<br \/>\nCouriau Emma (Charles Sowerwine)<\/p>\n<p><a name=\"D\"><\/a><\/p>\n<blockquote><p><strong>D<\/strong><\/p><\/blockquote>\n<p>Dallier Aline (Fabienne Dumont)<br \/>\nDalsace Jean (Sandrine Garcia)<br \/>\nDaubi\u00e9 Julie-Victoire (Alice Primi)<br \/>\nDe Haas Caroline (Delphine Dulong)<br \/>\nDebl\u00e9 Colette (Fabienne Dumont)<br \/>\nDedieu Marie (Fran\u00e7oise Picq)<br \/>\nDelachenal Genevi\u00e8ve (Christian Gu\u00e9rin)<br \/>\nDelavault Huguette (Danielle Gondard-Cozette)<br \/>\nDelphy Christine (Sylvie Chaperon)<br \/>\nD\u00e9mar Claire (Sophie Delvallez)<br \/>\nDemont-Breton Virginie (Catherine Gonnard)<br \/>\nDental Monique (Marion Charpenel)<br \/>\nDeraismes Maria (Florence Rochefort)<br \/>\nDeroin Jeanne (Mich\u00e8le Riot-Sarcey)<br \/>\n<a title=\"DESPENTES Virginie\" href=\"https:\/\/blog.univ-angers.fr\/dictionnairefeministes\/2017\/01\/30\/despentes-virginie\/\">Despentes Virginie<\/a> (Delphine Naudier)<br \/>\nDeudon Catherine (Marion Charpenel)<br \/>\nDevaud Marcelle (France Chabod)<br \/>\nDhavernas Marie-Jo (Fran\u00e7oise Picq)<br \/>\nDhavernas Odile (Fran\u00e7oise Picq)<br \/>\nDmitrieff \u00c9lisabeth (Xavi\u00e8re Gauthier)<br \/>\nDoneaud Th\u00e9r\u00e8se (Christian Gu\u00e9rin)<br \/>\nDorn\u00e8s Yvonne (Bibia Pavard)<br \/>\nDourlen-Rollier Anne-Marie (Sandrine Garcia)<br \/>\nDrevet Camille (Anne-Marie Pavillard)<br \/>\nDrous No\u00eblie (Anne-Marie Sohn)<br \/>\nDubois Bernice (Yves Den\u00e9ch\u00e8re)<br \/>\nDuch\u00eane Gabrielle (Colette Avrane,avec Christine Bard)<br \/>\nDufau Cl\u00e9mentine-H\u00e9l\u00e8ne (Catherine Gonnard)<br \/>\nDufourt Ren\u00e9e (Mathilde Dubesset)<br \/>\nDulac Germaine (Sandy Flitterm an-Lewis)<br \/>\nDumas Francine (\u00c9velyne Diebolt)<br \/>\nDumas Maryse (Margaret Maruani)<br \/>\nDuncan Isadora (Pauline Boivineau)<br \/>\nDurand Marguerite (Annie Metz)<br \/>\nDuras Marguerite (Xavi\u00e8re Gauthier)<\/p>\n<p><a name=\"E\"><\/a><\/p>\n<blockquote><p><strong>E<\/strong><\/p><\/blockquote>\n<p>Eaubonne Fran\u00e7oise d\u2019 (Caroline Goldblum)<br \/>\nEdwards-Pilliet Blanche (Nicole Edelman)<br \/>\nEnfantin Barth\u00e9lemy (Philippe R\u00e9gnier)<br \/>\nErnaux Annie (Delphine Naudier)<br \/>\nErra Mercedes (Christine Bard)<br \/>\nEspineira Karine (Arnaud Alessandrin)<br \/>\nEstoc G. d\u2019 (Nicole Cad\u00e8ne)<br \/>\nEyquem Marie-Th\u00e9r\u00e8se (Florys Castan-Vicente)<\/p>\n<p><a name=\"F\"><\/a><\/p>\n<blockquote><p><strong>F<\/strong><\/p><\/blockquote>\n<p>Fabre Henri (Mathilde Dubesset et Sandrine Garcia)<br \/>\nFassin \u00c9ric (Yannick Ripa)<br \/>\nFaure-Fraisse Anne-Marie (Ilana Eloit)<br \/>\nFeldman Jacqueline (Nelly Las)<br \/>\nFerrer Esther et Mathilde (Fabienne Dumont)<br \/>\nFerrey-Martin Annie (Mathilde Dubesset)<br \/>\nFlamant Fran\u00e7oise (Christine Bard et Corinne Bouchoux, avec H\u00e9l\u00e8ne Fleckinger)<br \/>\nForesti Florence (Brigitte Rollet)<br \/>\nFouch\u00e8re Berthe (Colette Avrane)<br \/>\nFouque Antoinette (Sylvie Chaperon)<br \/>\nFourest Caroline (Claire Blandin)<br \/>\nFourier Charles (Thomas Bouchet)<br \/>\nFraisse Genevi\u00e8ve (Isabelle Lacoue-Labarthe)<br \/>\nFrydman Monique (Fabienne Dumont)<br \/>\nFuchs Denise (Claire Lafon)<\/p>\n<p><a name=\"G\"><\/a><\/p>\n<blockquote><p><strong>G<\/strong><\/p><\/blockquote>\n<p>Gaspard Fran\u00e7oise (Karine Dorvaux)<br \/>\nGast Camille du (Annie Metz)<br \/>\nGaudry Danielle (Christine Bard et Corinne Bouchoux)<br \/>\nGauthier Xavi\u00e8re (Isabelle Lacoue-Labarthe)<br \/>\nGautier Gis\u00e8le (Delphine Dulong)<br \/>\nG\u00e9nisson Catherine (Catherine Achin)<br \/>\nGilbert Marion (Annie Metz)<br \/>\nGilles Christiane (Slava Liszek \u2020)<br \/>\nGiroud Fran\u00e7oise (Claire Blandin)<br \/>\nGisserot H\u00e9l\u00e8ne (Sabrina Tricaud)<br \/>\nGodart Justin (Alban Jacquemart)<br \/>\nGodelier Maurice (Agn\u00e8s Fine)<br \/>\nGoldet C\u00e9cile (Sandrine Garcia)<br \/>\nGondonneau Jean (Alban Jacquemart)<br \/>\nGonin Marcel (Pascale Le Brouster)<br \/>\nGonin Marie-Fran\u00e7oise (Fran\u00e7oise Flamant)<br \/>\nGonnard Catherine (Ilana Eloit)<br \/>\nGouges Olympe de (Dominique Godineau)<br \/>\nGournay Marie Le Jars de (Marie-Fr\u00e9d\u00e9rique Pellegrin)<br \/>\nGr\u00e9goire M\u00e9nie (Claire Blandin)<br \/>\nGr\u00e9lois Anne-Marie (Claudine Brecourt-Villars et Suzette Robichon)<br \/>\nGr\u00e9pon Marguerite (Sylvie Chaperon)<br \/>\nGr\u00e9sy Brigitte (Sandrine Dauphin)<br \/>\nGrinberg Suzanne (Christine Bard)<br \/>\nGroult Beno\u00eete (France Chabod)<br \/>\nGuenifi Asma (Dalila Morslyly)<br \/>\nGu\u00e9rin Marie (Denise Karnaouch)<br \/>\nGuerlais Maryse (Mireille Douspis)<br \/>\nGuillaumin Colette (Isabelle Lacoue-Labarthe)<br \/>\nGuillot Marie (Slava Liszek \u2020)<br \/>\nGuyomar Pierre (Dominique Godineau)<br \/>\nGuyot Yves (Yannick Ripa)<\/p>\n<p><a name=\"H\"><\/a><\/p>\n<blockquote><p><strong>H<\/strong><\/p><\/blockquote>\n<p>Hahn Clarisse (Floris Taton)<br \/>\nHalimi Gis\u00e8le (Catherine Valenti)<br \/>\nHaller Gustave (Anne Rivi\u00e8re)<br \/>\nHarcourt Florence d\u2019 (Sabrina Tricaud)<br \/>\nHarlor (Annie Metz)<br \/>\nH\u00e9ricourt Jenny P. d\u2019 (Alice Primi avec Karen Offen)<br \/>\nH\u00e9ritier Fran\u00e7oise (Agn\u00e8s Fine)<br \/>\nHermann Claudine (Josette Costes)<br \/>\nHouel Annik (Isabelle Lacoue-Labarthe)<br \/>\nHumbert Jeanne (Francis Ronsin)<br \/>\nHuston Nancy (Christine Bard et Corinne Bouchoux)<\/p>\n<p><a name=\"I\"><\/a><\/p>\n<blockquote><p><strong>I<\/strong><\/p><\/blockquote>\n<p>Iff Simone (Bibia Pavard)<br \/>\nIrigaray Luce (Xavi\u00e8re Gauthier)<\/p>\n<p><a name=\"J\"><\/a><\/p>\n<blockquote><p><strong>J<\/strong><\/p><\/blockquote>\n<p>Janicot Fran\u00e7oise (Fabienne Dumont)<br \/>\nJannet Chantal (Christian Gu\u00e9rin)<br \/>\nJean Patric (Corinne Bouchoux)<br \/>\nJoliot-Curie Ir\u00e8ne (Louis-Pascal Jacquemond)<br \/>\nJouannet Ir\u00e8ne et Pierre (AlbanJacquemart et Bibia Pavard)<br \/>\nJulien Jacqueline (Ir\u00e8ne Corradin)<br \/>\nJunter Annie (Fanny Bugnon)<\/p>\n<p><a name=\"K\"><\/a><\/p>\n<blockquote><p><strong>K<\/strong><\/p><\/blockquote>\n<p>Kandel Liliane (Isabelle Lacoue-Labarthe)<br \/>\nKauffmann Caroline (Charles Sowerwine)<br \/>\nKeita Aoua (Pascale Barth\u00e9l\u00e9my)<br \/>\nK\u00e9p\u00e8s Suzanne (Christine Bard et Corinne Bouchoux)<br \/>\nKergomard Pauline (Florence Rochefort)<br \/>\nKlonaris Maria\/Thomadaki Katerina (C\u00e9cile Chich)<br \/>\nKnibiehler Yvonne (Isabelle Lacoue-Labarthe)<br \/>\nKoppe Louise (Anne Cova)<br \/>\nKraemer-Bach Marcelle (Mich\u00e8le Bitton)<br \/>\nKreder Colette (France Chabod)<br \/>\nKristeva Julia (Laurie Laufer)<\/p>\n<p><a name=\"L\"><\/a><\/p>\n<blockquote><p><strong>L<\/strong><\/p><\/blockquote>\n<p>L Nicola (Floris Taton)<br \/>\nLa Rochefoucauld Edm\u00e9e de (Christine Bard)<br \/>\nLacombe Claire (Dominique Godineau)<br \/>\nLagroua Weill-Hall\u00e9 Marie-Andr\u00e9e (Sandrine Garcia)<br \/>\nLancelot Thomas (Alban Jacquemart)<br \/>\nLaot Jeannette (Pascale Le Brouster)<br \/>\nLarrouy Mich\u00e8le (Ilana Eloit)<br \/>\nLaubie Paulette (Colette Avrane)<br \/>\nLaurant Fran\u00e7oise (Mathilde Dubesset)<br \/>\nLe Doar\u00e9 Christine (Natacha Chetcuti-Osorovitz)<br \/>\nLe Doeuff Mich\u00e8le (Audrey Lasserre)<br \/>\nLe Gac-Salonne Marie (Isabelle Le Boulanger)<br \/>\nLe Gall Anne (Colette Avrane, avec Maryse Elgoyhen)<br \/>\nLebdi Safia (Fiammetta Venner)<br \/>\nLeclerc Annie (Delphine Naudier)<br \/>\nLefaucheux Marie-H\u00e9l\u00e8ne (Charles Riondet)<br \/>\nLegouv\u00e9 Ernest (Karen Offen et Alban Jacquemart)<br \/>\nLegrand-Falco Marcelle (Christine Machiels)<br \/>\nLehmann Andr\u00e9e (Mich\u00e8le Bitton)<br \/>\nLemonnier \u00c9lisa (Sophie Delvallez)<br \/>\nL\u00e9ro Jane (\u00c8ve Gianoncelli)<br \/>\nLesselier Claudie (Fiammetta Venner)<br \/>\nLesseps Emmanu\u00e8le de (Bibia Pavard)<br \/>\nLesueur Daniel (Yannick Ripa)<br \/>\nL\u00e9vy Martine (Sandrine Dauphin)<br \/>\nLhermitte Georges (Alban Jacquemart)<br \/>\nLipkowski Ir\u00e8ne de (Sabrina Tricaud)<br \/>\nLublin Lea (Fabienne Dumont)<\/p>\n<p><a name=\"M\"><\/a><\/p>\n<blockquote><p><strong>M<\/strong><\/p><\/blockquote>\n<p>M\u2019Rabet Fad\u00e9la (Dalila Morslyly)<br \/>\nMaglione Milvia (Fabienne Dumont)<br \/>\nMalaterre-Sellier Germaine (Alison S. Fell)<br \/>\nMalraux Clara (Mireille Douspis)<br \/>\nMargueritte Victor (Christine Bard)<br \/>\nMarqui\u00e9 H\u00e9l\u00e8ne (Pauline Boivineau)<br \/>\nMartin Georges (Colette Avrane)<br \/>\nMartin Maria (Colette Avrane)<br \/>\nMartin Nelly (Suzette Robichon)<br \/>\nMarty-Capgras Andr\u00e9e (Sylvie Chaperon)<br \/>\nMaruani Margaret (Christine Bard)<br \/>\nMathieu Nicole-Claude (Isabelle Lacoue-Labarthe)<br \/>\nMaugeret Marie (Christine Bard)<br \/>\nMay Atlani Catherine (Pauline Boivineau)<br \/>\nMbaye d\u2019Erneville Annette (Pascale Barth\u00e9l\u00e9my)<br \/>\nM\u00e9cary Caroline (Natacha Chetcuti-Osorovitz)<br \/>\nM\u00e9lin Jeanne (Isabelle Vah\u00e9)<br \/>\nMessager Annette (Fabienne Dumont)<br \/>\nMichel Andr\u00e9e (Jules Falquet)<br \/>\nMichel Janie (Fran\u00e7oise Flamant)<br \/>\nMichel Louise (Xavi\u00e8re Gauthier)<br \/>\nMilliat Alice (Philippe T\u00e9tart)<br \/>\nMinck [ou Mink] Paule (Xavi\u00e8re Gauthier)<br \/>\nMisme Jane (Helen Chenut Hardenet C\u00e9cile Formaglio)<br \/>\nMnouchkine Ariane (Rapha\u00eblle Doyon et Roberta Gandolfi)<br \/>\nMoll-Weiss Augusta (Sandrine Roll)<br \/>\nMonod Sarah (Gabrielle Cadier-Rey)<br \/>\nMontreuil-Straus Germaine (Catherine Rollet)<br \/>\nMontreynaud Florence (France Chabod)<br \/>\nMoria Blanche (Anne Rivi\u00e8re)<br \/>\nMossuz-Lavau Janine (Christine Bard)<br \/>\nMouraud Tania (Floris Taton)<br \/>\nMr\u00e9jen Val\u00e9rie (Floris Taton)<\/p>\n<p><a name=\"N\"><\/a><\/p>\n<blockquote><p><strong>N<\/strong><\/p><\/blockquote>\n<p>Nardal Jane (\u00c8ve Gianoncelli)<br \/>\nNardal Paulette (\u00c8ve Gianoncelli)<br \/>\nN\u00e8gre Anne (Laure Ortiz)<br \/>\nNetter Yvonne (Christine Bard)<br \/>\nNiboyet Eug\u00e9nie (Mich\u00e8le Riot-Sarcey)<br \/>\nNi\u00e9pce Janine (Catherine Gonnard)<br \/>\nNonon Jacqueline (Sandrine Dauphin)<\/p>\n<p><a name=\"O\"><\/a><\/p>\n<blockquote><p><strong>O<\/strong><\/p><\/blockquote>\n<p>Oddo-Deflou Jeanne (Colette Avrane)<br \/>\nOrensanz Marie (Floris Taton)<br \/>\nORLAN (Fabienne Dumont)<br \/>\nOussekine Sarah-Nass\u00e9ra (Lucie Bargel)<\/p>\n<p><a name=\"P\"><\/a><\/p>\n<blockquote><p><strong>P<\/strong><\/p><\/blockquote>\n<p>Pageaud Alphonse (Pascale Le Brouster)<br \/>\nPalm d\u2019Aelders Etta (Dominique Godineau)<br \/>\nPane Gina (Floris Taton)<br \/>\nPape-Carpantier Marie (Colette Cosnier \u2020)<br \/>\nPapon Christiane (France Chabod)<br \/>\nPasquier Fran\u00e7oise (Fanny Mazzone et Nadja Ringart)<br \/>\nPastre Genevi\u00e8ve (Fran\u00e7oise Tchartiloglou)<br \/>\nPaz Magdeleine (Mireille Douspis)<br \/>\nPelletier Madeleine (Charles Sowerwine)<br \/>\nPelletier Monique (Janine Mossuz-Lavau)<br \/>\nPenrose Valentine (Floris Taton)<br \/>\n<a title=\"PERROT Michelle [Michelle ROUX]\" href=\"https:\/\/blog.univ-angers.fr\/dictionnairefeministes\/2017\/01\/30\/perrot-michelle-michelle-roux\/\">Perrot Michelle<\/a> (Isabelle Lacoue-Labarthe)<br \/>\nPetit Gabrielle (Madeleine Laude)<br \/>\nPichon-Landry Marguerite (Julien Pomart)<br \/>\nPicq Fran\u00e7oise (Marion Charpenel)<br \/>\nPiot Maudy (Mireille Douspis)<br \/>\nPizan Christine de (Nicole Pellegrin)<br \/>\nPlanchais Agn\u00e8s (Christian Gu\u00e9rin)<br \/>\nPognon Maria (Colette Avrane)<br \/>\nPoinso-Chapuis Germaine (Yvonne Knibiehler)<br \/>\nPortalier B\u00e9rang\u00e8re (Claire Blandin)<br \/>\nPotoni\u00e9-Pierre Eug\u00e9nie (Charles Sowerwine)<br \/>\nPoullain de La Barre Fran\u00e7ois (Marie-Fr\u00e9d\u00e9rique Pellegrin)<br \/>\nPoupelet Jane (Anne Rivi\u00e8re)<br \/>\nProust C\u00e9cile (Pauline Boivineau)<br \/>\nPuech Marie-Louise (Nicole Fouch\u00e9)<\/p>\n<p><a name=\"R\"><\/a><\/p>\n<blockquote><p><strong>R<\/strong><\/p><\/blockquote>\n<p>Raoul Fanny (Christelle Brunet)<br \/>\nRauze Marianne (Charles Sowerwine)<br \/>\nR\u00e9chard Marie-Jos\u00e8phe (H\u00e9l\u00e8ne Rebours)<br \/>\nReclus (famille) (Gabrielle Cadier-Rey)<br \/>\nRenaud \u00c9lisabeth (Charles Sowerwine)<br \/>\nRenooz C\u00e9line (Nicole Edelman)<br \/>\nRicher L\u00e9on (Alban Jacquemart)<br \/>\nRingart Nadja (H\u00e9l\u00e8ne Fleckinger)<br \/>\nRobichon Suzette (Brigitte Boucheron)<br \/>\nRobin Paul (Nathalie Br\u00e9mand)<br \/>\nRochedereux \u00c9velyne (Fran\u00e7oise Flamant)<br \/>\nRochefort Christiane (Delphine Naudier)<br \/>\nRogerat Chantal (Margaret Maruani)<br \/>\nRojtman Suzy (Fran\u00e7oise Flamant)<br \/>\nRoland Pauline (Sophie Delvallez)<br \/>\nRossignol Laurence (Sandrine L\u00e9v\u00eaque)<br \/>\nRouch H\u00e9l\u00e8ne (Dominique Fougeyrollas-Schwebel)<br \/>\nRoudy Yvette (Charles Sowerwine)<br \/>\nRouquet Pierrette et Henriette (Anne-Marie Sohn)<br \/>\nRoussel Nelly (Elinor Accampo)<br \/>\nRoussopoulos Carole (H\u00e9l\u00e8ne Fleckinger)<br \/>\nRouzade L\u00e9onie (Charles Sowerwine)<br \/>\nRoyer Cl\u00e9mence (Christine Bard et Corinne Bouchoux)<br \/>\nRykiel Sonia (Christine Bard)<\/p>\n<p><a name=\"S\"><\/a><\/p>\n<blockquote><p><strong>S<\/strong><\/p><\/blockquote>\n<p>Saban Ody (Floris Taton)<br \/>\nSaint Phalle Niki de (Fabienne Dumont)<br \/>\nSalm Constance de (Christine Plant\u00e9)<br \/>\nSalmon Sabine (Marion Paoletti)<br \/>\n<a title=\"SAND George [Amantine Aurore Lucile DUPIN]\" href=\"https:\/\/blog.univ-angers.fr\/dictionnairefeministes\/2017\/01\/24\/sand-george-amantine-aurore-lucile-dupin\/\">Sand George<\/a> (Michelle Perrot)<br \/>\nSaporta Karine (Pauline Boivineau)<br \/>\nSaumoneau Louise (Charles Sowerwine)<br \/>\nSchmahl Jeanne (Karen Offen)<br \/>\nSchwarzer Alice (Claire Blandin)<br \/>\nSebbar Le\u00efla (Christiane Chaulet Achour)<br \/>\nSedira Zineb (Floris Taton)<br \/>\nS\u00e9e Yvonne (Mich\u00e8le Bitton)<br \/>\nSembat Marcel (Alban Jacquemart)<br \/>\nSerreau Coline (Brigitte Rollet)<br \/>\nSerruys Yvonne (Marjan Sterckx)<br \/>\nServan-Schreiber Claude (Claire Blandin)<br \/>\nS\u00e9verine (Christiane Chaulet Achour)<br \/>\nSeyrig Delphine (H\u00e9l\u00e8ne Fleckinger)<br \/>\nSiegfried Julie (Gabrielle Cadier-Rey)<br \/>\nSimon Pierre (Alban Jacquemart)<br \/>\nSingles Donna (Mathilde Dubesset)<br \/>\nSirkis Luce (Johanne Berlin)<br \/>\nSocquet Jeanne (Fabienne Dumont)<br \/>\nSow Fatou (Pascale Barth\u00e9l\u00e9my)<br \/>\nSta\u00ebl Germaine de (St\u00e9phanie Genand)<br \/>\nStorti Martine (Sandrine L\u00e9v\u00eaque)<br \/>\nSugier Annie (Delphine Dulong)<br \/>\nSullerot \u00c9velyne (Claire Blandin)<br \/>\nSurduts Maya (Fran\u00e7oise Flamant)<br \/>\nSyamour (Catherine Gonnard)<br \/>\nSylvestre Anne (Hyacinthe Ravet, avec Nadja Ringart)<\/p>\n<p><a name=\"T\"><\/a><\/p>\n<blockquote><p><strong>T<\/strong><\/p><\/blockquote>\n<p>Tamzali Wassyla (Dalila Morslyly)<br \/>\nThalmann Rita (Liliane Kandel)<br \/>\nTh\u00e9baud Fran\u00e7oise (Isabelle Lacoue-Labarthe)<br \/>\nTh\u00e9roigne de M\u00e9ricourt Anne-Jos\u00e8phe (Dominique Godineau)<br \/>\nThiam Awa (Anne Hugon)<br \/>\nThibaut Josy (Fran\u00e7oise Flamant)<br \/>\nThibert Marguerite (Fran\u00e7oise Th\u00e9baud)<br \/>\nThomas \u00c9dith (Fran\u00e7oise Th\u00e9baud)<br \/>\nThomas Maud-Yeuse (Arnaud Alessandrin)<br \/>\nThurnauer Agn\u00e8s (Floris Taton)<br \/>\nTiset Roseline (Nathalie Rubel)<br \/>\nTournade Olga (Slava Liszek \u2020)<br \/>\nTrat Josette (Fran\u00e7oise Picq)<br \/>\nTristan Flora (Susan Foley)<br \/>\nTroisgros Simone (Pascale Le Brouster)<br \/>\nTrumel Nelly (Fran\u00e7oise Flamant)<\/p>\n<p><a name=\"U\"><\/a><\/p>\n<blockquote><p><strong>U<\/strong><\/p><\/blockquote>\n<p>Ulrich Sylvie (Mathilde Dubesset)<\/p>\n<p><a name=\"V\"><\/a><\/p>\n<blockquote><p><strong>V<\/strong><\/p><\/blockquote>\n<p>Valabr\u00e8gue Catherine (Sylvie Chaperon)<br \/>\nValette Aline (Marilyn J. Boxer)<br \/>\nVallaud-Belkacem Najat (Catherine Valenti)<br \/>\nVan Lunen Chenu Marie-Th\u00e9r\u00e8se (Mathilde Dubesset)<br \/>\nVandrey Lena (Annie Metz)<br \/>\nVarda Agn\u00e8s (Brigitte Rollet)<br \/>\nVayssade Marie-Claude (Yves Den\u00e9ch\u00e8re)<br \/>\nVeil Simone (Bibia Pavard)<br \/>\nVenner Fiammetta (Liliane Kandel)<br \/>\nV\u00e9ret\/Gay D\u00e9sir\u00e9e (Mich\u00e8le Riot-Sarcey)<br \/>\nVernet Madeleine (Christine Bard)<br \/>\nV\u00e9rone Maria (Christine Bard)<br \/>\nViall\u00e9 Jane (Pascale Barth\u00e9l\u00e9my)<br \/>\nVictor \u00c9liane (H\u00e9l\u00e8ne Fleckinger)<br \/>\nViennot \u00c9liane (Isabelle Lacoue-Labarthe)<br \/>\nViollis Andr\u00e9e (Anne Renoult)<br \/>\nViviani Ren\u00e9 (Alban Jacquemart)<br \/>\nVoilquin Suzanne (Sophie Delvallez)<\/p>\n<p><a name=\"W\"><\/a><\/p>\n<blockquote><p><strong>W<\/strong><\/p><\/blockquote>\n<p>Weil-Curiel Linda (Laure Ortiz)<br \/>\nWeiss Louise (Christine Bard et Yves Den\u00e9ch\u00e8re)<br \/>\nWieder Ioana (H\u00e9l\u00e8ne Fleckinger)<br \/>\nWittig Monique (Delphine Naudier)<br \/>\nWitt-Schlumberger Marguerite de (Christine Machiels)<\/p>\n<p><a name=\"Y\"><\/a><\/p>\n<blockquote><p><strong>Y<\/strong><\/p><\/blockquote>\n<p>Yalter Nil (Fabienne Dumont)<\/p>\n<p><a name=\"Z\"><\/a><\/p>\n<blockquote><p><strong>Z<\/strong><\/p><\/blockquote>\n<p>Zanta L\u00e9ontine (Christine Bard)<br \/>\nZelensky Anne (Marion Paoletti)<br \/>\nZilberg Arlette (Marion Charpenel)<br \/>\nZimmermann Marie-Jo (Marl\u00e8ne Coulomb -Gully)<\/p>\n<!-- AddThis Advanced Settings generic via filter on the_content --><!-- AddThis Share Buttons generic via filter on the_content -->","protected":false},"excerpt":{"rendered":"<p>A B C D E F G H I J K L M N O P Q R S T U V W X Y Z A Abar Nicole (Catherine Louveau) Adam Juliette (Alice Primi et Karen Offen) Adler Laure &hellip; <a href=\"https:\/\/blog.univ-angers.fr\/dictionnairefeministes\/biographiques\/\">Continuer la lecture <span class=\"meta-nav\">&rarr;<\/span><\/a><!-- AddThis Advanced Settings generic via filter on get_the_excerpt --><!-- AddThis Share Buttons generic via filter on get_the_excerpt --><\/p>\n","protected":false},"author":12310,"featured_media":0,"parent":0,"menu_order":0,"comment_status":"open","ping_status":"open","template":"","meta":{"footnotes":""},"class_list":["post-18","page","type-page","status-publish","hentry"],"_links":{"self":[{"href":"https:\/\/blog.univ-angers.fr\/dictionnairefeministes\/wp-json\/wp\/v2\/pages\/18","targetHints":{"allow":["GET"]}}],"collection":[{"href":"https:\/\/blog.univ-angers.fr\/dictionnairefeministes\/wp-json\/wp\/v2\/pages"}],"about":[{"href":"https:\/\/blog.univ-angers.fr\/dictionnairefeministes\/wp-json\/wp\/v2\/types\/page"}],"author":[{"embeddable":true,"href":"https:\/\/blog.univ-angers.fr\/dictionnairefeministes\/wp-json\/wp\/v2\/users\/12310"}],"replies":[{"embeddable":true,"href":"https:\/\/blog.univ-angers.fr\/dictionnairefeministes\/wp-json\/wp\/v2\/comments?post=18"}],"version-history":[{"count":1,"href":"https:\/\/blog.univ-angers.fr\/dictionnairefeministes\/wp-json\/wp\/v2\/pages\/18\/revisions"}],"predecessor-version":[{"id":77,"href":"https:\/\/blog.univ-angers.fr\/dictionnairefeministes\/wp-json\/wp\/v2\/pages\/18\/revisions\/77"}],"wp:attachment":[{"href":"https:\/\/blog.univ-angers.fr\/dictionnairefeministes\/wp-json\/wp\/v2\/media?parent=18"}],"curies":[{"name":"wp","href":"https:\/\/api.w.org\/{rel}","templated":true}]}}