{"id":17,"date":"2017-01-11T10:04:59","date_gmt":"2017-01-11T09:04:59","guid":{"rendered":"https:\/\/blog.univ-angers.fr\/dictionnairefeministes\/?page_id=17"},"modified":"2017-02-01T16:44:32","modified_gmt":"2017-02-01T15:44:32","slug":"thematiques","status":"publish","type":"page","link":"https:\/\/blog.univ-angers.fr\/dictionnairefeministes\/thematiques\/","title":{"rendered":"Entr\u00e9es th\u00e9matiques"},"content":{"rendered":"<p><strong><a title=\"aller \u00e0 la lettre A\" href=\"#A\">A<\/a> <a title=\"aller \u00e0 la lettre B\" href=\"#B\">B<\/a> <a title=\"aller \u00e0 la lettre C\" href=\"#C\">C<\/a> <a title=\"aller \u00e0 la lettre D\" href=\"#D\">D<\/a> <a title=\"aller \u00e0 la lettre E\" href=\"#E\">E<\/a> <a title=\"aller \u00e0 la lettre F\" href=\"#F\">F<\/a> <a title=\"aller \u00e0 la lettre G\" href=\"#G\">G<\/a> <a title=\"aller \u00e0 la lettre H\" href=\"#H\">H<\/a><a title=\"aller \u00e0 la lettre I\" href=\"#I\"> I<\/a> <a title=\"aller \u00e0 la lettre J\" href=\"#J\">J<\/a> <a title=\"aller \u00e0 la lettre K\" href=\"#K\">K<\/a> <a title=\"aller \u00e0 la lettre L\" href=\"#L\">L<\/a> <a title=\"aller \u00e0 la lettre M\" href=\"#M\">M<\/a> <a title=\"aller \u00e0 la lettre N\" href=\"#N\">N<\/a> <a title=\"aller \u00e0 la lettre O\" href=\"#O\">O<\/a> <a title=\"aller \u00e0 la lettre P\" href=\"#P\">P<\/a> <a title=\"aller \u00e0 la lettre Q\" href=\"#Q\">Q<\/a> <a title=\"aller \u00e0 la lettre R\" href=\"#R\">R<\/a> <a title=\"aller \u00e0 la lettre S\" href=\"#S\">S<\/a> <a title=\"aller \u00e0 la lettre T\" href=\"#T\">T<\/a> <a title=\"aller \u00e0 la lettre U\" href=\"#U\">U<\/a> <a title=\"aller \u00e0 la lettre V\" href=\"#V\">V<\/a> <a title=\"aller \u00e0 la lettre W\" href=\"#W\">W<\/a> <a title=\"aller \u00e0 la lettre X\" href=\"#X\">X<\/a> <a title=\"aller \u00e0 la lettre Y\" href=\"#Y\">Y<\/a> <a title=\"aller \u00e0 la lettre Z\" href=\"#Z\">Z<\/a><\/strong><\/p>\n<p><a name=\"A\"><\/a><\/p>\n<blockquote><p><strong>A<\/strong><\/p><\/blockquote>\n<p>Alg\u00e9rie (Dalila Morslyly)<br \/>\nAm\u00e9rique (\u00c9ric Fassin)<br \/>\nAmour (Christine Bard)<br \/>\nAnarchaf\u00e9minisme (Laetitia Dechaufour)<br \/>\nAnarchisme (Sophie Kerignard)<br \/>\nAnticl\u00e9ricalisme (Florence Rochefort)<br \/>\nAntif\u00e9minisme (Helen Chenut Harden)<br \/>\nAntiracisme (Sophie Noy\u00e9)<br \/>\nAntis\u00e9mitisme (Nelly Las)<br \/>\nArchives et biblioth\u00e8ques (Annie Metz)<br \/>\nArt (Fabienne Dumont)<br \/>\nAvocates (Juliette Rennes)<\/p>\n<p><a name=\"B\"><\/a><\/p>\n<blockquote><p><strong>B<\/strong><\/p><\/blockquote>\n<p>Belgique (Catherine Jacques)<br \/>\nBlack feminism (Nassira Hedjerassi)<\/p>\n<p><a name=\"C\"><\/a><\/p>\n<blockquote><p><strong>C<\/strong><\/p><\/blockquote>\n<p>Care (Patricia Paperman)<br \/>\nCart\u00e9sianisme (Marie-Fr\u00e9d\u00e9rique Pellegrin)<br \/>\nCatholicisme (Mathilde Dubesset)<br \/>\nCause animale (Fabien Carri\u00e9)<br \/>\nC\u00e9libat (Genevi\u00e8ve Guilpain)<br \/>\nChanson (Audrey Lasserre)<br \/>\nCin\u00e9ma (Brigitte Rollet)<br \/>\nColonialisme (Pascale Barth\u00e9l\u00e9my)<br \/>\nCommunardes (Xavi\u00e8re Gauthier)<br \/>\nCommunistes (Christine Bard)<br \/>\nConseil international des femmes (cif) (Catherine Jacques)<br \/>\nConseil national des femmes fran\u00e7aises (cnff) (Anne Cova)<br \/>\nContraception et avortement (Bibia Pavard)<br \/>\nCorps (Christine Bard)<br \/>\nCreux de la vague (Sylvie Chaperon)<br \/>\nCyberf\u00e9ministes (Scar Herv\u00e9)<\/p>\n<p><a name=\"D\"><\/a><\/p>\n<blockquote><p><strong>D<\/strong><\/p><\/blockquote>\n<p>Danse (Pauline Boivineau)<br \/>\nDeuxi\u00e8me vague (Christine Bard)<br \/>\nDroit (St\u00e9phanie Hennette-Vauchez)<br \/>\nDroites (Sabrina Tricaud)<\/p>\n<p><a name=\"E\"><\/a><\/p>\n<blockquote><p><strong>E<\/strong><\/p><\/blockquote>\n<p>\u00c9cof\u00e9minisme (Jeanne Burgart Goutal)<br \/>\n\u00c9criture f\u00e9minine (Audrey Lasserre)<br \/>\n\u00c9dition (Fanny Mazzone)<br \/>\n\u00c9ducation (Genevi\u00e8ve Pezeu et Rebecca Rogers)<br \/>\nEnfance (Yves Den\u00e9ch\u00e8re)<br \/>\nEurope (Yves Den\u00e9ch\u00e8re)<br \/>\nExtr\u00eame droite (Christine Bard et Camille Cleret)<\/p>\n<p><a name=\"F\"><\/a><\/p>\n<blockquote><p><strong>F<\/strong><\/p><\/blockquote>\n<p>Femen (Fiammetta Venner)<br \/>\nF\u00e9minisation de la langue (Claudie Baudino)<br \/>\nF\u00e9minisme d\u2019Ancien R\u00e9gime (Nicole Pellegrin)<br \/>\nF\u00e9minisme d\u2019\u00c9tat (Sandrine Dauphin)<br \/>\nF\u00e9minisme mat\u00e9rialiste (Sophie Noy\u00e9)<br \/>\nF\u00e9minisme mod\u00e9r\u00e9 (Christine Bard)<br \/>\nF\u00e9minisme radical (Christine Bard)<br \/>\nF\u00e9minisme universaliste\/diff\u00e9rentialiste (Sylvia Duverger)<br \/>\nF\u00e9minismes islamiques (St\u00e9phanie Latte Abdallah)<br \/>\nFemme nouvelle (Christine Bard)<br \/>\nFemmes de 1848 (Mich\u00e8le Riot-Sarcey)<br \/>\nFolie (Yannick Ripa)<br \/>\nFranc-ma\u00e7onnerie (Jean-Pierre Bacot)<\/p>\n<p><a name=\"G\"><\/a><\/p>\n<blockquote><p><strong>G<\/strong><\/p><\/blockquote>\n<p><a title=\"GAR\u00c7ONNE\" href=\"https:\/\/blog.univ-angers.fr\/dictionnairefeministes\/2017\/01\/30\/garconne\/\">Gar\u00e7onne<\/a> (Christine Bard)<br \/>\nGuadeloupe (\u00c8ve Gianoncelli)<\/p>\n<p><a name=\"H\"><\/a><\/p>\n<blockquote><p><strong>H<\/strong><\/p><\/blockquote>\n<p>Handicap (Aur\u00e9lie Damamme)<br \/>\n<a title=\"HOMMES FEMINISTES\" href=\"https:\/\/blog.univ-angers.fr\/dictionnairefeministes\/2017\/01\/30\/hommes-feministes\/\">Hommes f\u00e9ministes<\/a> (Alban Jacquemart)<br \/>\nHumour (Christine Bard et Brigitte Rollet)<\/p>\n<p><a name=\"I\"><\/a><\/p>\n<blockquote><p><strong>I<\/strong><\/p><\/blockquote>\n<p>Immigr\u00e9es (Claudie Lesselier)<br \/>\nInstitutrices (Anne-Marie Sohn)<br \/>\nInternationalisme (Christine Bard)<br \/>\nIntersectionnalit\u00e9 (Nassira Hedjerassi)<\/p>\n<p><a name=\"J\"><\/a><\/p>\n<blockquote><p><strong>J<\/strong><\/p><\/blockquote>\n<p>Juda\u00efsme\/jud\u00e9it\u00e9 (Nelly Las)<\/p>\n<p><a name=\"K\"><\/a><\/p>\n<blockquote><p><strong>K<\/strong><\/p><\/blockquote>\n<p>Kanaky (Christine Salomon)<\/p>\n<p><a name=\"L\"><\/a><\/p>\n<blockquote><p><strong>L<\/strong><\/p><\/blockquote>\n<p>La R\u00e9union (Myriam Paris)<br \/>\nLadyfest (Manon Labry bry)<br \/>\nLa\u00efcit\u00e9 (Florence Rochefort)<br \/>\nLesbianisme radical (Natacha Chetcuti-Osorovitz)<br \/>\nLesbiennes (Christine Bard)<br \/>\nlgbt (Massimo Prearo)<br \/>\nLib\u00e9ration sexuelle (Sylvie Chaperon)<br \/>\nLibrairie (Nelly Sanchez)<br \/>\nLigue des droits de l\u2019homme (Emmanuel Naquet)<br \/>\nLitt\u00e9rature (Audrey Lasserre)<\/p>\n<p><a name=\"M\"><\/a><\/p>\n<blockquote><p><strong>M<\/strong><\/p><\/blockquote>\n<p>Mai-juin 1968 (Michelle Zancarini-Fournel)<br \/>\nMarche mondiale des femmes (Isabelle Giraud)<br \/>\nMaroc (Chadia Arab et Nasima Moujoud)<br \/>\nMartinique (\u00c8ve Gianoncelli)<br \/>\nMarxisme (Sophie Noy\u00e9)<br \/>\nMaternit\u00e9 (premi\u00e8re vague) (Yvonne Knibiehler)<br \/>\nMaternit\u00e9 (deuxi\u00e8me vague) (Sandrine Garcia)<br \/>\nM\u00e9dias (Claire Blandin)<br \/>\nM\u00e9moire (Marion Charpenel)<br \/>\nMLF (Marion Charpenel)<br \/>\nMondialisation (Jules Falquet)<br \/>\nMourir dans la dignit\u00e9 (Christine Bard et Corinne Bouchoux)<\/p>\n<p><a name=\"N\"><\/a><\/p>\n<blockquote><p><strong>N<\/strong><\/p><\/blockquote>\n<p>N\u00e9o-malthusianisme (Christine Bard)<\/p>\n<p><a name=\"O\"><\/a><\/p>\n<blockquote><p><strong>O<\/strong><\/p><\/blockquote>\n<p>Oeuvres (Christine Bard)<br \/>\nOuvri\u00e8res (Fanny Gallot et \u00c8ve Meuret-Campfort)<\/p>\n<p><a name=\"P\"><\/a><\/p>\n<blockquote><p><strong>P<\/strong><\/p><\/blockquote>\n<p>Pacifisme (Christine Bard)<br \/>\nParis\/province (Camille Masclet)<br \/>\nParit\u00e9 (R\u00e9jane S\u00e9nac)<br \/>\nParlementaires (Christine Bard et Corinne Bouchoux)<br \/>\nPerformance (Floris Taton)<br \/>\nPhotographie (Annie Metz)<br \/>\nPlanning familial (Bibia Pavard)<br \/>\n<a title=\"POP FEMINISME\" href=\"https:\/\/blog.univ-angers.fr\/dictionnairefeministes\/2017\/01\/30\/pop-feminisme\/\">Pop f\u00e9minisme<\/a> (Johanna Luyssen)<br \/>\n<a title=\"PORNOGRAPHIE\" href=\"https:\/\/blog.univ-angers.fr\/dictionnairefeministes\/2017\/01\/30\/pornographie\/\">Pornographie<\/a> (Marie-Anne Paveau)<br \/>\nPremi\u00e8re Guerre mondiale (Fran\u00e7oise Th\u00e9baud)<br \/>\nPremi\u00e8re vague (Christine Bard)<br \/>\n<a title=\"PRISON\" href=\"https:\/\/blog.univ-angers.fr\/dictionnairefeministes\/2017\/01\/24\/prison\/\">Prison<\/a> (Claudie Lesselier)<br \/>\nProstitution (Christine Machiels)<br \/>\nProtestantisme (Gabrielle Cadier-Rey)<br \/>\nPsychanalyse (Laurie Laufer)<\/p>\n<p><a name=\"Q\"><\/a><\/p>\n<blockquote><p><strong>Q<\/strong><\/p><\/blockquote>\n<p>Qu\u00e9bec (Diane Lamoureux)<br \/>\nQueer (Natacha Chetcuti-Osorovitz)<\/p>\n<p><a name=\"R\"><\/a><\/p>\n<blockquote><p><strong>R<\/strong><\/p><\/blockquote>\n<p>Recherche (Rose-Marie Lagrave)<br \/>\nRennes (Lydie Por\u00e9e)<br \/>\nR\u00e9volution fran\u00e7aise (Dominique Godineau)<\/p>\n<p><a name=\"S\"><\/a><\/p>\n<blockquote><p><strong>S<\/strong><\/p><\/blockquote>\n<p>Saint-simoniennes (Mich\u00e8le Riot-Sarcey)<br \/>\nSant\u00e9 (Lucile Ruault)<br \/>\nSciences (Jeanne Peiffer)<br \/>\nSeconde Guerre mondiale (Christine Bard et Corinne Bouchoux)<br \/>\nS\u00e9duction (Christine Bard)<br \/>\nSionisme (Nelly Las)<br \/>\nSocialistes (Fran\u00e7oise Th\u00e9baud)<br \/>\nSportives (Catherine Louveau)<br \/>\nSquat (\u00c9dith Gaillard)<br \/>\nSuffragisme (Christine Bard)<br \/>\nSyndicats (Christine Bard)<\/p>\n<p><a name=\"T\"><\/a><\/p>\n<blockquote><p><strong>T<\/strong><\/p><\/blockquote>\n<p>Th\u00e9\u00e2tre (Lorraine Wiss)<br \/>\nTransf\u00e9minisme (Karine Espineira)<br \/>\nTransidentit\u00e9 (Karine Espineira)<br \/>\nTransmission (Marion Charpenel et Camille Masclet)<br \/>\nTravail (Christine Bard avec Fran\u00e7oise Th\u00e9baud)<br \/>\nTroisi\u00e8me vague (Sophie Noy\u00e9)<br \/>\nTrotskystes (Josette Trat)<br \/>\nTunisie (Sophie Bessis)<\/p>\n<p><a name=\"U\"><\/a><\/p>\n<blockquote><p><strong>U<\/strong><\/p><\/blockquote>\n<p>Union des femmes fran\u00e7aises (Sylvie Chaperon)<br \/>\nUnion f\u00e9minine civique et sociale (Christian Gu\u00e9rin)<\/p>\n<p><a name=\"V\"><\/a><\/p>\n<blockquote><p><strong>V<\/strong><\/p><\/blockquote>\n<p>V\u00e9g\u00e9tarisme (Fabien Carri\u00e9)<br \/>\nVid\u00e9o (H\u00e9l\u00e8ne Fleckinger)<br \/>\nVieillir (Monique Membrado)<br \/>\nViolences masculines (Sylvie Cromer)<br \/>\nVoyageuses (Val\u00e9rie Boulain)<\/p>\n<!-- AddThis Advanced Settings generic via filter on the_content --><!-- AddThis Share Buttons generic via filter on the_content -->","protected":false},"excerpt":{"rendered":"<p>A B C D E F G H I J K L M N O P Q R S T U V W X Y Z A Alg\u00e9rie (Dalila Morslyly) Am\u00e9rique (\u00c9ric Fassin) Amour (Christine Bard) Anarchaf\u00e9minisme (Laetitia Dechaufour) Anarchisme &hellip; <a href=\"https:\/\/blog.univ-angers.fr\/dictionnairefeministes\/thematiques\/\">Continuer la lecture <span class=\"meta-nav\">&rarr;<\/span><\/a><!-- AddThis Advanced Settings generic via filter on get_the_excerpt --><!-- AddThis Share Buttons generic via filter on get_the_excerpt --><\/p>\n","protected":false},"author":12310,"featured_media":0,"parent":0,"menu_order":0,"comment_status":"open","ping_status":"open","template":"","meta":{"footnotes":""},"class_list":["post-17","page","type-page","status-publish","hentry"],"_links":{"self":[{"href":"https:\/\/blog.univ-angers.fr\/dictionnairefeministes\/wp-json\/wp\/v2\/pages\/17","targetHints":{"allow":["GET"]}}],"collection":[{"href":"https:\/\/blog.univ-angers.fr\/dictionnairefeministes\/wp-json\/wp\/v2\/pages"}],"about":[{"href":"https:\/\/blog.univ-angers.fr\/dictionnairefeministes\/wp-json\/wp\/v2\/types\/page"}],"author":[{"embeddable":true,"href":"https:\/\/blog.univ-angers.fr\/dictionnairefeministes\/wp-json\/wp\/v2\/users\/12310"}],"replies":[{"embeddable":true,"href":"https:\/\/blog.univ-angers.fr\/dictionnairefeministes\/wp-json\/wp\/v2\/comments?post=17"}],"version-history":[{"count":2,"href":"https:\/\/blog.univ-angers.fr\/dictionnairefeministes\/wp-json\/wp\/v2\/pages\/17\/revisions"}],"predecessor-version":[{"id":78,"href":"https:\/\/blog.univ-angers.fr\/dictionnairefeministes\/wp-json\/wp\/v2\/pages\/17\/revisions\/78"}],"wp:attachment":[{"href":"https:\/\/blog.univ-angers.fr\/dictionnairefeministes\/wp-json\/wp\/v2\/media?parent=17"}],"curies":[{"name":"wp","href":"https:\/\/api.w.org\/{rel}","templated":true}]}}