{"id":138,"date":"2017-02-06T11:45:09","date_gmt":"2017-02-06T10:45:09","guid":{"rendered":"https:\/\/blog.univ-angers.fr\/dictionnairefeministes\/?page_id=138"},"modified":"2017-07-04T13:16:03","modified_gmt":"2017-07-04T12:16:03","slug":"esprit-de-suite-2","status":"publish","type":"page","link":"https:\/\/blog.univ-angers.fr\/dictionnairefeministes\/esprit-de-suite-2\/","title":{"rendered":"Esprit de suite"},"content":{"rendered":"<p align=\"justify\"><strong>Le dictionnaire ne fige rien dans le marbre. Nous pensons d\u00e9j\u00e0 \u00e0 une \u00e9dition revue et augment\u00e9e (l\u00e9g\u00e8rement augment\u00e9e car cette premi\u00e8re \u00e9dition compte 1700 pages et nous souhaitons rester dans le format d&rsquo;un seul volume). Dans cette perspective, nous cr\u00e9ons cette rubrique \u00ab\u00a0Esprit de suite\u00a0\u00bb ouverte \u00e0 vos contributions, d\u00e8s lors qu&rsquo;elles viennent compl\u00e9ter et \u00e9clairer certaines notices du dictionnaire. Il est aussi envisageable de publier, dans un premier temps en ligne, de nouvelles notices, respectant le type de pr\u00e9sentation du Dictionnaire \u00ab\u00a0papier\u00a0\u00bb. Vos textes peuvent \u00eatre envoy\u00e9s \u00e0 : christine.bard@univ-angers.fr<\/strong><\/p>\n<p><strong>La photographe Laurence Prat, \u00e0 propos de la photographie de Nicole-Claude Mathieu<\/strong><\/p>\n<p>Paris, 9 mars 2017<\/p>\n<p>Je suis particuli\u00e8rement contente que le portrait de Nicole-Claude Mathieu ait \u00e9t\u00e9 \u00e9dit\u00e9 dans ce dictionnaire historique. L&rsquo;histoire de ma rencontre avec elle et de ce portrait est fondatrice de cette s\u00e9rie de portraits. Suite \u00e0 la soir\u00e9e \u00e0 la librairie Violette &amp; Co, j&rsquo;ai repens\u00e9 \u00e0 elle, me rem\u00e9morant en d\u00e9tail la rencontre et la r\u00e9alisation du portrait, deux moments que je n&rsquo;oublierai jamais.<\/p>\n<p>\u00ab\u00a0Les ailes de la nuit de Nicole-Claude Mathieu\u00a0\u00bb<br \/>\nSon port de t\u00eate et son regard, sa cigarette qui me dit : \u00ab\u00a0j&rsquo;en meurs et alors\u00a0\u00bb et sa bague, pour l\u2019anthropologie\u2026<\/p>\n<p>J&rsquo;ai install\u00e9 les lumi\u00e8res devant ce fond noir que je nomme : \u00ab\u00a0ses ailes de la nuit\u00a0\u00bb et qui repr\u00e9sente pour moi son histoire pass\u00e9e (je la rencontre \u00e0 la toute fin de sa vie), mais aussi la nuit dans laquelle elle repartait.<\/p>\n<p>Je ne pense pas faire une documentation sur des f\u00e9ministes\u00a0; je cherche \u00e0 faire un travail artistique qui peut-\u00eatre un jour sera per\u00e7u comme tel et qui de ce fait fera entrer les sujets photographi\u00e9es dans l&rsquo;histoire visuelle de ce pays. C&rsquo;est en tout cas mon cheminement.<\/p>\n<p>La premi\u00e8re exposition fut autour du 8 mars (2014\u2026) dans la magnifique mairie du 3e arrondissement. Elle mourut la veille du vernissage. Je devais prendre la parole devant 200 personnes qui \u00e9taient venues pour elle. Ma pr\u00e9sentation fut in\u00e9vitablement pour elle. \u00c9tonnante situation, me \u00ab\u00a0regardant\u00a0\u00bb parler, portant l&rsquo;annonce de son d\u00e9c\u00e8s, devant tant de personnes qui la connaissaient tellement mieux que moi.<\/p>\n<p>Merci pour ce choix. Amiti\u00e9 et bon courage pour la suite\u2026<\/p>\n<p>Laurence<\/p>\n<p>&lt;<a href=\"http:\/\/www.laurenceprat.paris\/\" target=\"_blank\">http:\/\/www.laurenceprat.paris\/<\/a>&gt;<\/p>\n<p>Mail :<a href=\"mailto:photographe@laurenceprat.paris\" target=\"_blank\">photographe@laurenceprat.paris<\/a>&gt;*<\/p>\n<!-- AddThis Advanced Settings generic via filter on the_content --><!-- AddThis Share Buttons generic via filter on the_content -->","protected":false},"excerpt":{"rendered":"<p>Le dictionnaire ne fige rien dans le marbre. Nous pensons d\u00e9j\u00e0 \u00e0 une \u00e9dition revue et augment\u00e9e (l\u00e9g\u00e8rement augment\u00e9e car cette premi\u00e8re \u00e9dition compte 1700 pages et nous souhaitons rester dans le format d&rsquo;un seul volume). Dans cette perspective, nous &hellip; <a href=\"https:\/\/blog.univ-angers.fr\/dictionnairefeministes\/esprit-de-suite-2\/\">Continuer la lecture <span class=\"meta-nav\">&rarr;<\/span><\/a><!-- AddThis Advanced Settings generic via filter on get_the_excerpt --><!-- AddThis Share Buttons generic via filter on get_the_excerpt --><\/p>\n","protected":false},"author":12310,"featured_media":0,"parent":0,"menu_order":0,"comment_status":"open","ping_status":"open","template":"","meta":{"footnotes":""},"class_list":["post-138","page","type-page","status-publish","hentry"],"_links":{"self":[{"href":"https:\/\/blog.univ-angers.fr\/dictionnairefeministes\/wp-json\/wp\/v2\/pages\/138","targetHints":{"allow":["GET"]}}],"collection":[{"href":"https:\/\/blog.univ-angers.fr\/dictionnairefeministes\/wp-json\/wp\/v2\/pages"}],"about":[{"href":"https:\/\/blog.univ-angers.fr\/dictionnairefeministes\/wp-json\/wp\/v2\/types\/page"}],"author":[{"embeddable":true,"href":"https:\/\/blog.univ-angers.fr\/dictionnairefeministes\/wp-json\/wp\/v2\/users\/12310"}],"replies":[{"embeddable":true,"href":"https:\/\/blog.univ-angers.fr\/dictionnairefeministes\/wp-json\/wp\/v2\/comments?post=138"}],"version-history":[{"count":1,"href":"https:\/\/blog.univ-angers.fr\/dictionnairefeministes\/wp-json\/wp\/v2\/pages\/138\/revisions"}],"predecessor-version":[{"id":140,"href":"https:\/\/blog.univ-angers.fr\/dictionnairefeministes\/wp-json\/wp\/v2\/pages\/138\/revisions\/140"}],"wp:attachment":[{"href":"https:\/\/blog.univ-angers.fr\/dictionnairefeministes\/wp-json\/wp\/v2\/media?parent=138"}],"curies":[{"name":"wp","href":"https:\/\/api.w.org\/{rel}","templated":true}]}}