{"id":52,"date":"2016-04-18T13:53:09","date_gmt":"2016-04-18T12:53:09","guid":{"rendered":"https:\/\/blog.univ-angers.fr\/clownanniversaire\/?page_id=52"},"modified":"2016-04-18T13:55:28","modified_gmt":"2016-04-18T12:55:28","slug":"coucou-2","status":"publish","type":"page","link":"https:\/\/blog.univ-angers.fr\/clownanniversaire\/","title":{"rendered":"Introduction au b(lol)g"},"content":{"rendered":"<p><strong>Les clowns. Voil\u00e0 un ph\u00e9nom\u00e8ne culturel dont on entend peu parler et pourtant il existe un r\u00e9el march\u00e9 centr\u00e9 autour de ces personnages. Des clowns qui proposent leurs services auxquels on fait appel pour toute sorte d&rsquo;occasion, aussi bien aux plus jeunes qu&rsquo;aux plus \u00e2g\u00e9s:  anniversaires, animations dans des h\u00f4pitaux ou en maison de retraite. Mais s&rsquo;ils sont avant tout destin\u00e9s \u00e0 amuser la galerie et ainsi assimil\u00e9s \u00e0 la joie, \u00e0 des \u00eatres innocents et r\u00e9confortants, les clowns font aussi l&rsquo;objet d&rsquo;une phobie ou d&rsquo;un traumatisme chez un grand nombre de personne. En effet beaucoup trouvent en ce concept un c\u00f4t\u00e9 troublant voire effrayant de par leur apparence singuli\u00e8re. L&rsquo;int\u00e9r\u00eat de ce blog est de partager nos recherches tant sur les origines de ce personnage, des diff\u00e9rents sentiments qu&rsquo;il suscite, des adaptations de celui ci \u00e0 l&rsquo;\u00e9cran mais encore des informations g\u00e9n\u00e9rales portant sur les services propos\u00e9s par les clowns d&rsquo;animation.<\/strong><\/p>\n<p>\u00e9crit par Someya Chekroun<\/p>\n","protected":false},"excerpt":{"rendered":"<p>Les clowns. Voil\u00e0 un ph\u00e9nom\u00e8ne culturel dont on entend peu parler et pourtant il existe un r\u00e9el march\u00e9 centr\u00e9 autour de ces personnages. Des clowns qui proposent leurs services auxquels on fait appel pour toute sorte d&rsquo;occasion, aussi bien aux &hellip; <a href=\"https:\/\/blog.univ-angers.fr\/clownanniversaire\/\">Continuer la lecture <span class=\"meta-nav\">&rarr;<\/span><\/a><\/p>\n","protected":false},"author":28291,"featured_media":0,"parent":0,"menu_order":0,"comment_status":"closed","ping_status":"open","template":"","meta":{"footnotes":""},"class_list":["post-52","page","type-page","status-publish","hentry"],"_links":{"self":[{"href":"https:\/\/blog.univ-angers.fr\/clownanniversaire\/index.php?rest_route=\/wp\/v2\/pages\/52","targetHints":{"allow":["GET"]}}],"collection":[{"href":"https:\/\/blog.univ-angers.fr\/clownanniversaire\/index.php?rest_route=\/wp\/v2\/pages"}],"about":[{"href":"https:\/\/blog.univ-angers.fr\/clownanniversaire\/index.php?rest_route=\/wp\/v2\/types\/page"}],"author":[{"embeddable":true,"href":"https:\/\/blog.univ-angers.fr\/clownanniversaire\/index.php?rest_route=\/wp\/v2\/users\/28291"}],"replies":[{"embeddable":true,"href":"https:\/\/blog.univ-angers.fr\/clownanniversaire\/index.php?rest_route=%2Fwp%2Fv2%2Fcomments&post=52"}],"version-history":[{"count":0,"href":"https:\/\/blog.univ-angers.fr\/clownanniversaire\/index.php?rest_route=\/wp\/v2\/pages\/52\/revisions"}],"wp:attachment":[{"href":"https:\/\/blog.univ-angers.fr\/clownanniversaire\/index.php?rest_route=%2Fwp%2Fv2%2Fmedia&parent=52"}],"curies":[{"name":"wp","href":"https:\/\/api.w.org\/{rel}","templated":true}]}}