{"id":97,"date":"2021-01-07T10:14:26","date_gmt":"2021-01-07T09:14:26","guid":{"rendered":"https:\/\/blog.univ-angers.fr\/christinebard\/?page_id=97"},"modified":"2023-05-14T08:36:43","modified_gmt":"2023-05-14T07:36:43","slug":"valorisation","status":"publish","type":"page","link":"https:\/\/blog.univ-angers.fr\/christinebard\/valorisation\/","title":{"rendered":"Valorisation"},"content":{"rendered":"<p><strong>Organisation en valorisation<\/strong><\/p>\n<p>Mars 2017, mars 2018, mars 2019\u2026&nbsp;: lancement et participation au \u00ab&nbsp;Mois du genre de l\u2019Universit\u00e9 d\u2019Angers&nbsp;\u00bb impuls\u00e9 par le programme GEDI, en lien avec la commission \u00c9galit\u00e9 et des diff\u00e9rents acteurs (\u00e9tudiant.e.s, enseignant.e.s, personnels) et disciplines de l\u2019\u00e9tablissement, sous une programmation unique. D\u00e8s 2017, 12 rendez-vous sur la th\u00e9matique du genre, int\u00e9grant des activit\u00e9s de GEDI&nbsp;: l\u2019exposition sur \u00ab&nbsp;Mauvaises filles&nbsp;\u00bb, deux colloques, un sur les antif\u00e9minismes et les masculinismes d\u2019hier et d\u2019aujourd\u2019hui&nbsp;et un autre sur les femmes et la francophonie, une visite du Centre des archives du f\u00e9minisme, la pr\u00e9sentation du nouveau site <a href=\"http:\/\/musea.fr\/\">MUSEA<\/a>, un atelier Wikip\u00e9dia autour du <em>Dictionnaire des f\u00e9ministes<\/em> pour apprendre \u00e0 enrichir des notices sur l\u2019encyclop\u00e9die en ligne, ainsi que des rencontres et des conf\u00e9rences.<br \/>\n6 octobre 2017&nbsp;: organisation et pr\u00e9sentation du <em>Dictionnaire des f\u00e9ministes<\/em> aux <strong>Rendez-vous de l\u2019histoire de Blois <\/strong>\u00ab&nbsp;Carte&nbsp;blanche&nbsp;\u00bb&nbsp;: table-ronde sur les intellectuelles et sur les relations avec le Maghreb (avec Sylvie Chaperon, Isabelle Lacoue-Labarthe, Dalila Morsly, Chadia Arab).<\/p>\n<p><strong>Nuit europ\u00e9enne des chercheurs : organisation de&nbsp;:<\/strong><\/p>\n<p>2016 : proposition d\u2019un vote pour une femme panth\u00e9onisable en lien avec la sortie du Dictionnaire des f\u00e9ministes<br \/>\n2017 : jeu et promotion autour de MUSEA<\/p>\n<p><strong>F\u00eate de la science&nbsp;:<br \/>\n<\/strong><br \/>\n2016 : D\u00e9couverte de notices du Dictionnaire des f\u00e9ministes et organisation d\u2019un vote pour la panth\u00e9onisation d\u2019une f\u00e9ministe.<br \/>\n2017 : jeu et promotion autour de MUSEA<\/p>\n<p><strong>Mois du documentaire&nbsp;:<\/strong><\/p>\n<p>2015 (9 novembre)&nbsp;: projection du webdocumentaire de GEDI <em>Itin\u00e9raires de femmes \u00e9lues<\/em>, \u00e0 la Maison de la recherche Germaine Tillion, avec C. Bouchoux, s\u00e9natrice, V. Gu\u00e9rin, IGE de GEDI.<\/p>\n<p><strong>Cycle des Mardis de Confluences jusqu\u2019en 2017&nbsp;:<\/strong><\/p>\n<p>Une conf\u00e9rence mensuelle pour tout public sur des th\u00e8mes transversaux variant chaque ann\u00e9e ou tous les deux ans, au sein de la Maison des sciences humaines Germaine Tillion \u00e0 l\u2019Universit\u00e9 d\u2019Angers, le mardi 18h-20h.<\/p>\n<p><strong>Pr\u00e9sentations th\u00e9\u00e2tralis\u00e9es du Dictionnaire des f\u00e9ministes&nbsp;: 4<\/strong><\/p>\n<p>23 juin 2017&nbsp;: <em>Les f\u00e9ministes de A \u00e0 Z<\/em> un \u00e9v\u00e9nement sur le <em>Dictionnaire des f\u00e9ministes<\/em> avec la Compagnie th\u00e9\u00e2trale Science 89 (Nantes), la metteuse en sc\u00e8ne Fran\u00e7oise Thyrion, Christine Bard, et un collectif local de lectrices\/lecteurs interpr\u00e9tant des notices biographiques du dictionnaire. Premi\u00e8re \u00e0 Batz-sur-Mer (44), en partenariat avec la Ville de Batz-sur-Mer. 100 personnes dans l\u2019assistance.<br \/>\n5 f\u00e9vrier 2018&nbsp;: <em>Idem<\/em> \u00e0 la Gare num\u00e9rique de Jeumont (59), en partenariat avec la Ville de Jeumont et l\u2019Agglom\u00e9ration Val de Sambre. 60 personnes.<br \/>\n15 f\u00e9vrier 2018&nbsp;: <em>Idem<\/em> \u00e0 Nantes (44), Salle Vasse. 100 personnes.<br \/>\n10 mars 2018&nbsp;: <em>Idem<\/em> au Croisic (44), Salle des f\u00eates, en partenariat avec la Ville du Croisic. 100 personnes.<\/p>\n<!-- AddThis Advanced Settings generic via filter on the_content --><!-- AddThis Share Buttons generic via filter on the_content -->","protected":false},"excerpt":{"rendered":"<p>Organisation en valorisation Mars 2017, mars 2018, mars 2019\u2026&nbsp;: lancement et participation au \u00ab&nbsp;Mois du genre de l\u2019Universit\u00e9 d\u2019Angers&nbsp;\u00bb impuls\u00e9 par le programme GEDI, en lien avec la commission \u00c9galit\u00e9 et des diff\u00e9rents acteurs (\u00e9tudiant.e.s, enseignant.e.s, personnels) et disciplines de &hellip; <a href=\"https:\/\/blog.univ-angers.fr\/christinebard\/valorisation\/\">Continuer la lecture <span class=\"meta-nav\">&rarr;<\/span><\/a><!-- AddThis Advanced Settings generic via filter on get_the_excerpt --><!-- AddThis Share Buttons generic via filter on get_the_excerpt --><\/p>\n","protected":false},"author":3490,"featured_media":0,"parent":0,"menu_order":0,"comment_status":"closed","ping_status":"open","template":"","meta":{"footnotes":""},"class_list":["post-97","page","type-page","status-publish","hentry"],"_links":{"self":[{"href":"https:\/\/blog.univ-angers.fr\/christinebard\/wp-json\/wp\/v2\/pages\/97","targetHints":{"allow":["GET"]}}],"collection":[{"href":"https:\/\/blog.univ-angers.fr\/christinebard\/wp-json\/wp\/v2\/pages"}],"about":[{"href":"https:\/\/blog.univ-angers.fr\/christinebard\/wp-json\/wp\/v2\/types\/page"}],"author":[{"embeddable":true,"href":"https:\/\/blog.univ-angers.fr\/christinebard\/wp-json\/wp\/v2\/users\/3490"}],"replies":[{"embeddable":true,"href":"https:\/\/blog.univ-angers.fr\/christinebard\/wp-json\/wp\/v2\/comments?post=97"}],"version-history":[{"count":1,"href":"https:\/\/blog.univ-angers.fr\/christinebard\/wp-json\/wp\/v2\/pages\/97\/revisions"}],"predecessor-version":[{"id":278,"href":"https:\/\/blog.univ-angers.fr\/christinebard\/wp-json\/wp\/v2\/pages\/97\/revisions\/278"}],"wp:attachment":[{"href":"https:\/\/blog.univ-angers.fr\/christinebard\/wp-json\/wp\/v2\/media?parent=97"}],"curies":[{"name":"wp","href":"https:\/\/api.w.org\/{rel}","templated":true}]}}