{"id":85,"date":"2021-01-06T11:03:41","date_gmt":"2021-01-06T10:03:41","guid":{"rendered":"https:\/\/blog.univ-angers.fr\/christinebard\/?page_id=85"},"modified":"2023-06-21T16:40:53","modified_gmt":"2023-06-21T15:40:53","slug":"invitations","status":"publish","type":"page","link":"https:\/\/blog.univ-angers.fr\/christinebard\/invitations\/","title":{"rendered":"Invitations"},"content":{"rendered":"<p><strong>Invitations \u00e0 l\u2019\u00e9tranger<\/strong><\/p>\n<p>2023 : f\u00e9vrier-mars invit\u00e9e au Japon (Universit\u00e9 de Nara, Maison franco-japonaise)<\/p>\n<p>2020 : 6 mars invit\u00e9e \u00e0 New York University, Institute for French Studies, Symposium Scholars and their Kin, New York, Etats-Unis. \u00ab Jack in the fog. Gen\/ethics of a family secret \u00bb, Stephane Gerson.<\/p>\n<p>2019 : 10-12\/10\/2019 pr\u00e9sidence de s\u00e9ance au colloque international \u00e0 l\u2019UNIL (\u00ab Les mouvements lesbiens, homosexuels et trans en France. Ann\u00e9es 70 t 80 \u00bb), Lausanne, Suisse.<\/p>\n<p>2019 12-15\/06 Participation \u00e0 l\u2019animation et conf\u00e9rence au BRULAU, colloque de l\u2019Ecole doctorale francophone en Etudes Genre, UNIL, Lausanne, Suisse.<\/p>\n<p>2019 : Invit\u00e9e pour une table-ronde Anti-feminism in France and in the United Kingdom \u00e0 Londres \u00e0 l\u2019initiative de l\u2019ambassade de France (Alice B\u00e9ja), \u201cUnderstanding Women\u2019s Antifeminism\u201d, Londres, Royaume-Uni (https:\/\/uk.ambafrance.org\/Anti-feminism-in-France-and-the-United-Kingdom).<\/p>\n<p>2019 : Invit\u00e9e pour une conference au York Festival of ideas \u201cFeminism and the labour movement : antagonisms, alliances, intersections\u201d (Sarah Mitchell), York, Royaume-Uni.<\/p>\n<p>2019 : 1er mai Invitation au colloque Repenser les notions : Denyse Baillargeon et le m\u00e9tier d\u2019historienne, Universit\u00e9 de Montr\u00e9al, Canada.<\/p>\n<p>2019 13 mai : Conf\u00e9rence \u00e0 l\u2019Institut des \u00e9tudes Genre, Universit\u00e9 de Gen\u00e8ve, Suisse.<\/p>\n<p>2018 : invit\u00e9e \u00e0 l\u2019ULB \u2013 Bruxelles Semaine du 10 au 16 d\u00e9cembre 2018. STRIGES (Maison des sciences humaines de l\u2019ULB) (David Paternotte et Val\u00e9rie Piette) \u2013 2 conf\u00e9rences dont une dans le cycle \u00ab 69, ann\u00e9e \u00e9rotique ? \u00bb ; \u00ab 1969 : l\u2019affaire Gabrielle Russier \u00bb + invitation \u00e0 l\u2019Universit\u00e9 Catholique de Louvain \u00ab Le priv\u00e9 est politique \u00bb : l\u2019exp\u00e9rience du Dictionnaire des f\u00e9ministes \u00bb.<\/p>\n<p>2018 : invit\u00e9e \u00e0 New York University, New York, Etats-Unis. Du 1er septembre au 18 octobre &#8211; Institute for French Studies (public masters et doctorats) \u2013 7 semaines de cours\/s\u00e9minaires\/ 1 conf\u00e9rence \u00e0 l\u2019Institute for French Studies le 18\/09\/2018 + 1 conf\u00e9rence \u00e0 la Maison fran\u00e7aise (26\/09\/2018) (St\u00e9phane Gerson) &#8211; + conf\u00e9rence \u00e0 Wellesley College [Boston] le 3\/10\/2018.<\/p>\n<p>2018 : du 11 au 15 juin, invit\u00e9e en Suisse \u00e0 l\u2019Universit\u00e9 de Lausanne, conf\u00e9rence sur l\u2019antif\u00e9minisme et mentorat dans le cadre du BRULAU (\u00e9cole d\u2019\u00e9t\u00e9 en \u00e9tudes genre UNIL-ULB) S\u00e9bastien Chauvin (pour le comit\u00e9 d\u2019organisation belge et suisse).<\/p>\n<p>2018 : du 7 au 9 mars &#8211; invit\u00e9e en Suisse. 7 mars : Conf\u00e9rence \u00ab Le v\u00eatement unisexe, une utopie ? \u00bb pour la Semaine de l\u2019\u00e9galit\u00e9 en Ville de Gen\u00e8ve \u2013 avec l\u2019Universit\u00e9 de Gen\u00e8ve + 8 mars : invitation \u00e0 l&#8217;Universit\u00e9 de Lausanne \u00ab De #Metoo aux suffragettes : comprendre le pr\u00e9sent du f\u00e9minisme avec son histoire \u00bb &#8211; 9 mars \u00e0 Universit\u00e9 de Fribourg \u00ab Id\u00e9es re\u00e7ues sur le f\u00e9minisme de la premi\u00e8re vague \u00bb.<\/p>\n<p>2017 : 2 septembre 2017 : Intervention dans la table ronde \u00ab Femmes battantes \u00bb dans le cadre du festival Le livre sur les quais, Morges, Suisse.<\/p>\n<p>2015 : 29 octobre, Bruxelles, Universit\u00e9 des femmes ; \u00ab D\u00e9clinisme et antif\u00e9minisme : deux vieux camarades dans le combat culturel \u00bb.<\/p>\n<p>2015 : du 8 au 10 mai \u2013 invit\u00e9e \u00e0 Leeds \u2013 Royaume-Uni. \u00ab L\u2019ann\u00e9e 1975 du f\u00e9minisme \u00bb, keynote speaker pour le colloque de Women in French UK Les Femmes s\u2019ent\u00eatent: Feminism, writing, art and film 1975-2015: Bilan(s) et avenir(s).<\/p>\n<p>2014 : du 15 au 21 mai, invit\u00e9e \u00e0 l\u2019UQAM (Montr\u00e9al) \u2013 Canada. Conf\u00e9rence pour le colloque F\u00e9minisme et luttes LGBT puis Intervention au s\u00e9minaire de l\u2019IREF.<\/p>\n<p>2012 : Bruxelles 24 octobre Conf\u00e9rence au Coll\u00e8ge Belgique sur l\u2019histoire des transgressions de genre.<\/p>\n<p>2011 : Bruxelles 7 octobre Universit\u00e9 des femmes et ULB \u00e0 l\u2019invitation de Val\u00e9rie Piette et de Val\u00e9rie Lootvoet dans le cycle \u00ab Les fausses bonnes id\u00e9es \u00bb.<\/p>\n<p>2009 : S\u00e9minaire de recherche \u00ab Jeunesse et r\u00e9gulations sociales. Regards compar\u00e9s Canada-France, 19e-20e s.\u00bb \u00e0 l\u2019Universit\u00e9 de Sherbrooke (Qu\u00e9bec, Canada) &#8211; 10-11 juin : \u00c0 quoi ressemble la jeune fille moderne ? (France, ann\u00e9es 1920-1930).<\/p>\n<p>2009 : invit\u00e9e aux Etats-Unis (St Louis, Missouri) \u2013 Society for French Historical Studies annual Meeeting mars : L\u2019image des femmes au gouvernement de Blum \u00e0 Sarkozy<br \/>\n2008 : Conf\u00e9rence \u00e0 Mons (Belgique) 4 novembre : Les femmes et la conqu\u00eate de la citoyennet\u00e9 en France (XIXe-XXe s.).<\/p>\n<p>2008 : Australie, \u00e0 Brisbane &#8211; Sixteenth George Rud\u00e9 Seminar in French History and Civilisation 9-11 juillet : \u201cLe pantalon : une histoire politique, de la R\u00e9volution \u00e0 nos jours\u201d.<\/p>\n<p>2008 : invit\u00e9e au Royaume-Uni (Leeds), colloque de Women in French \u00ab Le parcours \/ Trajectories \u00bb &#8211; 9-11 mai : \u00ab Pour une histoire politique du pantalon \u00bb.<\/p>\n<p>2008 : mission d\u2019enseignement Erasmus \u00e0 l\u2019Universit\u00e9 Libre de Bruxelles pendant une semaine. &#8211; 18-25 avril : le 21, intervention dans le cours de M1 d\u2019histoire urbaine de Serge Jaumain &#8211; le 22, intervention dans le s\u00e9minaire sur l\u2019histoire des universit\u00e9s (Didier Devriese) : \u00ab L\u2019acc\u00e8s des femmes \u00e0 l\u2019enseignement sup\u00e9rieur en France \u00bb &#8211; le 23, conf\u00e9rence \u00e0 l\u2019Universit\u00e9 de Louvain la Neuve sur l\u2019histoire du pantalon &#8211; le 24, intervention au s\u00e9minaire sur l\u2019histoire de la sexualit\u00e9 (Val\u00e9rie Piette) : \u00ab Le Planning familial en France \u00bb.<\/p>\n<p>2007 : Invit\u00e9e en Belgique, Les amiti\u00e9s fran\u00e7aises de Mons &#8211; 16 octobre : \u00ab Diff\u00e9rencier les sexes aux XIXe et XXe si\u00e8cles : l\u2019exemple du v\u00eatement \u00bb.<\/p>\n<p>2006 : Invit\u00e9e en Belgique &#8211; 19 mai sur l\u2019histoire du Planning familial en France, s\u00e9minaire d\u2019histoire des femmes de l\u2019Universit\u00e9 Libre de Bruxelles &#8211; 21 octobre colloque sur les Archives f\u00e9ministes en Europe \u00e0 l\u2019initiative du CARHIF (Centre d\u2019archives pour l\u2019histoire des femmes) de Bruxelles. \u2013<\/p>\n<p>2006 : Invit\u00e9e en Belgique &#8211; 15 novembre : La grand\u2019peur de l\u2019indiff\u00e9renciation des sexes\/des genres (XIXe-XXe s.), Mons, Institut des hautes \u00e9tudes de Belgique.<\/p>\n<p>2006 : Invit\u00e9e au Canada : Montr\u00e9al et Sherbrooke (Universit\u00e9 Mc Gill \u2013 Andr\u00e9e L\u00e9vesque, Groupe d\u2019histoire de Montr\u00e9al, Institut de Recherche et d\u2019\u00e9tudes f\u00e9ministes de l\u2019UQAM, Section qu\u00e9b\u00e9coise du Comit\u00e9 Canadien d\u2019histoire des femmes de Montr\u00e9al, Sherbrooke : \u00e0 l\u2019invitation du D\u00e9partement d\u2019Histoire, Christine Hudon) du 9 septembre au 18 septembre : th\u00e8me des conf\u00e9rences : M\u00e9moire et histoire des femmes, Trouble dans le genre vestimentaire, Pr\u00e9sentation de Musea\u2026<\/p>\n<p>2006 : Invit\u00e9e en Grande-Bretagne \u00e0 Oxford, Maison fran\u00e7aise, pour le colloque \u00ab Eight questions on writing contemporary history \u00bb (Anne Simonin, Robert Gildea) &#8211; Du 10 au 13 juin : intervention sur \u00ab Quel avenir pour l\u2019histoire du genre ? \u00bb.<\/p>\n<p>2005 : Invit\u00e9e aux Pays-Bas \u00e0 l\u2019Institut IIAV d\u2019Amsterdam &#8211; 16 d\u00e9cembre 2005 : Journ\u00e9e d\u2019\u00e9tude \u00ab New tools : new possibilities for collaboration \u00bb \u00e0 propos de l\u2019utilisation de NTIC dans le domaine de l\u2019histoire du genre (sites Archives du f\u00e9minisme et Musea).<\/p>\n<p>2004 : Invit\u00e9e au Portugal, \u00e0 l\u2019Universit\u00e9 Nouvelle de Lisbonne par le groupe de recherche Faces de Eva &#8211; du 19 au 21 mai, sur le th\u00e8me Histoire et M\u00e9moire.<\/p>\n<p>2003 : Invit\u00e9e aux Etats-Unis au colloque de la Western Society for French history \u00e0 Irvine &#8211; du 29 octobre-1er novembre, colloque, organis\u00e9 par Timoty Tackett, Sarah Farmer, Helen Harden Chenut \u00e0 l\u2019Universit\u00e9 de Californie.<\/p>\n<p>2001 : Invit\u00e9e aux Etats-Unis pour un s\u00e9jour d\u2019une semaine \u00e0 Hamilton College &#8211; En avril, conf\u00e9rence ouverte \u00e0 tous publics, interventions dans le cours d\u2019histoire et interventions dans deux cours de civilisation fran\u00e7aise, entretiens avec des enseignants et des \u00e9tudiants. 9 avril 2001 : conf\u00e9rence sur \u00ab French Flappers, Fashion and Fantasy in the Roaring 20\u2019s\u201d.<\/p>\n<p>2000 : Intervention aux Etats-Unis au colloque Women in French, St Paul-Mineapolis &#8211; Du 6 au 8 avril, intervention sur la r\u00e9forme du costume f\u00e9minin (fin XIXe-d\u00e9but XXe s.).<\/p>\n<p>1999 : Invit\u00e9e en Allemagne, par le Conseil de l\u2019Europe, \u00e0 Donaueschingen &#8211; A l\u2019invitation du Conseil de l\u2019Europe (Conseil de la coop\u00e9ration culturelle \u2013 programme de formation continue des enseignants), dans le cadre du 83e s\u00e9minaire europ\u00e9en d\u2019enseignants \u00e0 Donaueschingen (Allemagne) du 17 au 20 mai 1999 dont le th\u00e8me annuel \u00e9tait \u00ab Les femmes dans l\u2019histoire de l\u2019Europe du XXe si\u00e8cle \u00bb &#8211; Conf\u00e9rence sur \u00ab Visibilit\u00e9 et invisibilit\u00e9 des femmes dans l\u2019enseignement de l\u2019histoire au XXe si\u00e8cle \u00bb et animation d\u2019ateliers sur diff\u00e9rents aspects de l\u2019enseignement de l\u2019histoire des femmes.<\/p>\n<p>1998 : Invit\u00e9e en Grande-Bretagne, au colloque Women in French, Hilkley &#8211; du 15 au 17 mai, intervention sur \u00ab Gender trouble ? La &#8220;gar\u00e7onne&#8221; des ann\u00e9es 1920 \u00bb.<\/p>\n<p>1998 : Echange Socrates avec Anne Cova (Universidade Aberta) \u00e0 Lisbonne (Portugal) S\u00e9jour \u00e0 Lisbonne du 7 au 14 juin 1998 dans le cadre d&#8217;un \u00e9change Socrates. Conf\u00e9rence de 3 heures dans le s\u00e9minaire de recherche sur les femmes \u00e0 l&#8217;\u00e9poque contemporaine que dirige Anne Cova.<\/p>\n<p>1997 : S\u00e9jour en Hongrie pour une semaine \u00e0 l\u2019Universit\u00e9 de Szeged et \u00e0 Budapest &#8211; Conf\u00e9rences et \u00e9changes avec les enseignants, du 20 au 28 avril.<\/p>\n<p>1996 : Invit\u00e9e en Allemagne au colloque Feminism and Democracy, Frankfurt am Main &#8211; organis\u00e9 par Prof. Ute Gerhard \u00e0 la Goethe-Universit\u00e4t (langue : anglais).<\/p>\n<p>1995 : Invit\u00e9e en Grande-Bretagne au Colloque France : Population and people, Newcastle &#8211; les 6-8 septembre par the Association for the study of Modern and Contemporary France.<\/p>\n<p><strong>Invitations en France<\/strong><\/p>\n<p>14 avril 2021 : \u00ab Une exposition en construction : \u00ab Parisiennes citoyennes \u00bb, invitation \u00e0 l\u2019ENS de Lyon \u2013 laboratoire Triangle, Anne Verjus<\/p>\n<p>10 mars 2021 : \u00ab Recherches sur les antif\u00e9minismes \u00bb, invitation au s\u00e9minaire de Pascale Goetschel Universit\u00e9 de Paris I<\/p>\n<p>22 f\u00e9vrier 2021 : \u00ab Retour sur l\u2019affaire Gabrielle Russier \u00bb, s\u00e9minaire Histoire des sexualit\u00e9s, EHESS, Paris (Sylvie Steinberg)<\/p>\n<p>19 mai 2015 : Participation \u00e0 la colloque Femmes citoyennes, dans le cadre de la c\u00e9l\u00e9bration du soixante-dixi\u00e8me anniversaire du premier vote des femmes.<\/p>\n<p>24 septembre 2010 : Invit\u00e9e par Philippe Colin sur France Inter, magazine consacr\u00e9 \u00e0 la vie culturelle, aux d\u00e9bats d\u2019id\u00e9es, aux mouvements sociaux qui caract\u00e9risent l\u2019\u00e9poque ou la bousculent.<\/p>\n<!-- AddThis Advanced Settings generic via filter on the_content --><!-- AddThis Share Buttons generic via filter on the_content -->","protected":false},"excerpt":{"rendered":"<p>Invitations \u00e0 l\u2019\u00e9tranger 2023 : f\u00e9vrier-mars invit\u00e9e au Japon (Universit\u00e9 de Nara, Maison franco-japonaise) 2020 : 6 mars invit\u00e9e \u00e0 New York University, Institute for French Studies, Symposium Scholars and their Kin, New York, Etats-Unis. \u00ab Jack in the fog. &hellip; <a href=\"https:\/\/blog.univ-angers.fr\/christinebard\/invitations\/\">Continuer la lecture <span class=\"meta-nav\">&rarr;<\/span><\/a><!-- AddThis Advanced Settings generic via filter on get_the_excerpt --><!-- AddThis Share Buttons generic via filter on get_the_excerpt --><\/p>\n","protected":false},"author":3490,"featured_media":0,"parent":0,"menu_order":0,"comment_status":"closed","ping_status":"open","template":"","meta":{"footnotes":""},"class_list":["post-85","page","type-page","status-publish","hentry"],"_links":{"self":[{"href":"https:\/\/blog.univ-angers.fr\/christinebard\/wp-json\/wp\/v2\/pages\/85","targetHints":{"allow":["GET"]}}],"collection":[{"href":"https:\/\/blog.univ-angers.fr\/christinebard\/wp-json\/wp\/v2\/pages"}],"about":[{"href":"https:\/\/blog.univ-angers.fr\/christinebard\/wp-json\/wp\/v2\/types\/page"}],"author":[{"embeddable":true,"href":"https:\/\/blog.univ-angers.fr\/christinebard\/wp-json\/wp\/v2\/users\/3490"}],"replies":[{"embeddable":true,"href":"https:\/\/blog.univ-angers.fr\/christinebard\/wp-json\/wp\/v2\/comments?post=85"}],"version-history":[{"count":2,"href":"https:\/\/blog.univ-angers.fr\/christinebard\/wp-json\/wp\/v2\/pages\/85\/revisions"}],"predecessor-version":[{"id":287,"href":"https:\/\/blog.univ-angers.fr\/christinebard\/wp-json\/wp\/v2\/pages\/85\/revisions\/287"}],"wp:attachment":[{"href":"https:\/\/blog.univ-angers.fr\/christinebard\/wp-json\/wp\/v2\/media?parent=85"}],"curies":[{"name":"wp","href":"https:\/\/api.w.org\/{rel}","templated":true}]}}