{"id":56,"date":"2021-01-05T10:03:19","date_gmt":"2021-01-05T09:03:19","guid":{"rendered":"https:\/\/blog.univ-angers.fr\/christinebard\/?page_id=56"},"modified":"2021-01-12T15:26:12","modified_gmt":"2021-01-12T14:26:12","slug":"femenrev","status":"publish","type":"page","link":"https:\/\/blog.univ-angers.fr\/christinebard\/femenrev\/","title":{"rendered":"FemEnRev"},"content":{"rendered":"<p><strong>Le projet FemEnRev (F\u00e9minismes en revue)<\/strong><\/p>\n<p>Laur\u00e9at de l\u2019appel \u00e0 projets Collex-Pers\u00e9e 2019-2020, le programme FemEnRev num\u00e9rise, enrichit et met \u00e0 disposition de la recherche des revues f\u00e9ministes fran\u00e7aises de la seconde moiti\u00e9 du XXe si\u00e8cle. Une vingtaine de titres publi\u00e9s entre 1944 et 2019, de mani\u00e8re ind\u00e9pendante ou par diverses structures, ont \u00e9t\u00e9 retenus. Premi\u00e8re \u00e9tape : il faut reconstituer <em>des collections compl\u00e8tes de ces journaux et revues difficiles \u00e0 trouver, \u00e0 partir de ce que qui est conserv\u00e9 par le CAF \u00e0 Angers, mais aussi par la Biblioth\u00e8que Marguerite Durand \u00e0 Paris, la Contemporaine \u00e0 Nanterre, et la Biblioth\u00e8que nationale de France si n\u00e9cessaire<\/em>. Quelque 50 000 pages vont \u00eatre num\u00e9ris\u00e9es et mises \u00e0 disposition sur le site d\u00e9di\u00e9 du portail Pers\u00e9e. Une premi\u00e8re collection des 25 num\u00e9ros de Sorci\u00e8res, sortis de 1975 \u00e0 1982, est d\u2019ores et d\u00e9j\u00e0 consultable.<\/p>\n<p>Chaque num\u00e9ro, chaque article est accompagn\u00e9 de multiples informations (fiche bibliographique, mots cl\u00e9s permettant de r\u00e9aliser des recherches th\u00e9matiques, etc.). <em>L\u2019\u00e9quipe de recherche mobilis\u00e9e sur ce projet intervient dans la pr\u00e9sentation des revues, des contributrices, apporte des explications sur les conditions de fabrication du journal, de son \u00e9cho\u2026 <\/em><\/p>\n<p>Le projet, soutenu financi\u00e8rement sur 2 ans \u00e0 hauteur de 92 000 euros par CollEx-Pers\u00e9e, va offrir un acc\u00e8s \u00e0 une mine de sources qualitatives. <em>Tr\u00e8s peu de publications abordent pour le moment le f\u00e9minisme sous l\u2019angle de la presse. Gr\u00e2ce \u00e0 ces revues, on comprendra mieux les caract\u00e9ristiques et les \u00e9volutions de la presse f\u00e9ministe ainsi que les r\u00e9dactrices, sur lesquelles des recherches biographiques seront men\u00e9es. Cerise sur le g\u00e2teau, les images et dessins pr\u00e9sents dans ces revues renouvelleront l\u2019iconographie f\u00e9ministe.<\/em><\/p>\n<p><strong>La \u00ab foire aux questions \u00bb de la pers\u00e9ide FemEnRev Magali Guaresi, Christine Bard, Nathalie Clot Date : 08\/09\/2020<br \/>\n<\/strong><\/p>\n<p>\u2022<strong>\tComment le projet F\u00e9minisme en revue est-il n\u00e9 ?<\/strong><\/p>\n<p>Le projet est n\u00e9 d\u2019une rencontre entre Magali Guaresi (Dr en histoire, Universit\u00e9 C\u00f4te d\u2019Azur) avec Xavi\u00e8re Gauthier, fondatrice de la revue <em>Sorci\u00e8res<\/em>, lors d\u2019un colloque sur \u00ab Les femmes et les revues \u00bb \u00e0 Bastia en 2018. Face \u00e0 la difficult\u00e9 d\u2019acc\u00e8s \u00e0 la collection dans son enti\u00e8ret\u00e9 (la Biblioth\u00e8que Marguerite Durand \u00e9tait alors ferm\u00e9e pour travaux), l\u2019\u00e9quipe ni\u00e7oise ExFEM (1918, 1968, 2018 : Cent ans d\u2019expressions f\u00e9minines. France, Italie, Espagne) a d\u00e9cid\u00e9 de contacter Pers\u00e9e pour savoir si la num\u00e9risation de corpus de recherche \u00e9tait envisageable. La r\u00e9ponse a \u00e9t\u00e9 positive et enthousiaste. Exceptionnellement, Pers\u00e9e a accept\u00e9 de num\u00e9riser la revue sans apport de financement et de la publier sur une Pers\u00e9ide, y voyant un moyen de faire progresser sa cha\u00eene de traitement des corpus d\u2019archives. Sur cette lanc\u00e9e, Pers\u00e9e nous a encourag\u00e9es \u00e0 voir plus loin et \u00e0 concourir \u00e0 l\u2019appel Collex-Pers\u00e9e pour enrichir la pers\u00e9ide d\u2019autres revues f\u00e9ministes.<\/p>\n<p>En 2019, Magali Guaresi a donc pris contact avec Christine Bard (historienne, UMR TEMOS) pour une association scientifique et un portage du projet par la Biblioth\u00e8que universitaire de l\u2019Universit\u00e9 d\u2019Angers qui a le Centre des archives du f\u00e9minisme sous sa responsabilit\u00e9 (Nathalie Clot). Nous avons alors pris contact avec les partenaires les plus \u00e0 m\u00eames de mener \u00e0 bien l\u2019entreprise : outre le Centre des Archives du f\u00e9minisme, la Biblioth\u00e8que Marguerite Durand, La Contemporaine, la BnF, ainsi que des sp\u00e9cialistes de l\u2019histoire des f\u00e9minismes contemporains. En mai 2020, notre projet a \u00e9t\u00e9 retenu \u00e0 l\u2019unanimit\u00e9 par le jury de Collex Pers\u00e9e.<\/p>\n<p>\u2022<strong>\tComment le projet va-t-il fonctionner ?<br \/>\n<\/strong><br \/>\nLe projet se d\u00e9roulera sur 2 ans, de septembre 2020 \u00e0 ao\u00fbt 2022. Un comit\u00e9 de pilotage et un comit\u00e9 scientifique compos\u00e9s de chercheuses, d\u2019archivistes et de biblioth\u00e9caires, en lien avec des militantes, sont charg\u00e9s d\u2019organiser le travail de num\u00e9risation, de documentation, de diffusion et de valorisation des collections lors de workshops. Deux colloques seront organis\u00e9s, \u00e0 Nice et \u00e0 Angers, pour communiquer les travaux men\u00e9s sur les revues et m\u00e9diatiser les t\u00e9moignages des actrices historiques. <\/p>\n<p><strong>\u2022\tQuels sont les avantages d\u2019une pers\u00e9ide par rapport \u00e0 d\u2019autres num\u00e9risations ?<\/strong><\/p>\n<p>La num\u00e9risation des p\u00e9riodiques f\u00e9ministes sur une plateforme solide et norm\u00e9e telle que Pers\u00e9e pr\u00e9sente plusieurs avantages patrimoniaux et scientifiques. La stabilit\u00e9 institutionnelle de Pers\u00e9e, qui s\u2019est impos\u00e9 ces derni\u00e8res d\u00e9cennies comme l\u2019un des portails de revues de sciences humaines et sociales les plus utilis\u00e9s, permet d\u2019esp\u00e9rer un archivage p\u00e9renne du corpus FemEnRev. Les proc\u00e9dures de num\u00e9risation, les formats de fichiers, le travail sur les m\u00e9tadonn\u00e9es, les alignements de r\u00e9f\u00e9rentiels (IDRef) sont bien ma\u00eetris\u00e9s et permettront la p\u00e9rennit\u00e9, la visibilit\u00e9 et l\u2019interop\u00e9rabilit\u00e9 de la Pers\u00e9ide. <\/p>\n<p><strong>\u2022\tPourquoi le corpus retenu n\u2019est-il pas exhaustif ?<\/strong><\/p>\n<p>La premi\u00e8re liste de revues retenues pour le projet contenait pr\u00e8s de 60 titres francophones fran\u00e7ais. L\u2019ambition \u00e9tait de repr\u00e9senter la production \u00e9ditoriale f\u00e9ministe de la Lib\u00e9ration \u00e0 nos jours, en consid\u00e9rant tant les vagues que leurs creux, et en incluant tant les titres publi\u00e9s par des collectifs autonomes que ceux \u00e9dit\u00e9s par des structures diverses (associations, partis, syndicats, etc.). Il s\u2019agissait de montrer la vari\u00e9t\u00e9 des conceptions et des usages des p\u00e9riodiques dans l\u2019histoire des f\u00e9minismes de toutes tendances (f\u00e9minisme radical autonome, f\u00e9minisme partisan, f\u00e9minisme syndical, f\u00e9minisme diff\u00e9rentialiste, f\u00e9minisme lutte des classes, f\u00e9minisme lesbien, f\u00e9minisme la\u00efque, religieux, etc.). <\/p>\n<p>\u2022\t<strong>Quels sont les crit\u00e8res qui ont d\u00e9termin\u00e9 le p\u00e9rim\u00e8tre du corpus ?<\/strong><\/p>\n<p>Pour cette premi\u00e8re phase de num\u00e9risation, le corpus soumis au concours Collex-Pers\u00e9e a \u00e9t\u00e9 r\u00e9duit en raison de crit\u00e8res administratifs et techniques, et non pas de crit\u00e8res historiques ou politiques. En effet, Collex-Pers\u00e9e pose comme l\u2019un des crit\u00e8res fondamentaux pour le financement du projet l\u2019obtention de l\u2019autorisation formelle de cession des droits pour diffusion en ligne. Une campagne d\u2019information aupr\u00e8s des 60 revues pr\u00e9-list\u00e9es a \u00e9t\u00e9 men\u00e9e dans le d\u00e9lai tr\u00e8s bref de l\u2019appel \u00e0 concourir de Collex, quand un contact mail ou t\u00e9l\u00e9phone a pu \u00eatre identifi\u00e9. Toutes les revues ayant r\u00e9pondu favorablement ont \u00e9t\u00e9 retenues dans le corpus soumis \u00e0 Collex-Pers\u00e9e. <\/p>\n<p>\u2022\t<strong>Quelles sont, pour l\u2019heure, les possibilit\u00e9s d\u2019extension du corpus ?<\/strong><\/p>\n<p>Compte-tenu de l\u2019existence d\u2019une petite marge de man\u0153uvre budg\u00e9taire, nous sommes en train de travailler avec les services administratifs de Pers\u00e9e \u00e0 l\u2019int\u00e9gration de 3 revues suppl\u00e9mentaires dans cette premi\u00e8re vague de num\u00e9risation : <em>La Revue d\u2019en Face, Parole !<\/em> et <em>Histoires d\u2019elles<\/em>. Gr\u00e2ce \u00e0 l\u2019implication de chercheuses et de militantes (\u00e0 l\u2019image de Fran\u00e7oise Picq, de Marion Charpenel ou d\u2019Audrey Lasserre) qui mettent \u00e0 disposition leur collection et leur expertise, nous travaillons \u00e0 la r\u00e9ussite de cette int\u00e9gration (autorisation de cession des droits, campagne d\u2019information des ayants droits). <\/p>\n<p>\u2022<strong>\tPourquoi des revues telles que Nouvelles Questions f\u00e9ministes ou les Cahiers du Grif n\u2019y figurent pas ?<br \/>\n<\/strong><br \/>\nDes revues, \u00e0 l\u2019image de <em>Nouvelles Questions f\u00e9ministes<\/em> ou de la revue belge <em>Les Cahiers du Grif<\/em>, sont d\u00e9j\u00e0 num\u00e9ris\u00e9es sur Pers\u00e9e ou des plateformes comparables. Nous esp\u00e9rons toutefois que dans un prolongement du projet FemEnRev ces revues puissent \u00eatre ajout\u00e9es \u00e0 la Pers\u00e9ide. <\/p>\n<p>\u2022\t<strong>Que faire pour s\u2019impliquer si le projet m\u2019int\u00e9resse ou que je souhaite l\u2019am\u00e9liorer ?<\/strong><\/p>\n<p>Il existe plusieurs mani\u00e8res de s\u2019impliquer dans le collectif ouvert de chercheuses et de militantes autour de FemEnRev. D\u2019abord, il est possible de travailler \u00e0 l\u2019int\u00e9gration future d\u2019autres revues, dans le cadre d\u2019un prochain appel \u00e0 projet, en travaillant \u00e0 obtenir les accords des ayants-droits, \u00e0 localiser les collections, identifier leurs volum\u00e9tries, etc.<br \/>\nPar ailleurs, il est possible d\u2019aider le comit\u00e9 scientifique de FemEnRev pour enrichir les connaissances sur les revues mises en ligne. Plus sp\u00e9cifiquement, chaque revue \u00e9tant marrain\u00e9e par un ou deux membres du comit\u00e9 scientifique, vous pouvez concentrer votre aide sur une revue en particulier.<\/p>\n<p>\u2022<strong>\tQu\u2019est-ce que le marrainage de revue ?<\/strong><\/p>\n<p>Le marrainage d\u2019une revue consiste \u00e0 suivre le travail de la num\u00e9risation jusqu\u2019\u00e0 la mise en ligne en passant par le traitement documentaire et l\u2019enrichissement \u00e9ditorial. Concr\u00e8tement, il s\u2019agit d\u2019aider les \u00e9quipes techniques de Pers\u00e9e \u00e0 bien segmenter les unit\u00e9s documentaires, \u00e0 bien les attribuer \u00e0 un genre de texte ou d\u2019illustration, \u00e0 bien identifier les autrices ou les artistes (\u00e0 rep\u00e9rer une personne derri\u00e8re un pseudo par exemple), \u00e0 bien dater les productions (lorsque les dates sont absentes ou lacunaires), etc. Il s\u2019agit \u00e9galement de produire des petits contenus \u00e9ditoriaux susceptibles de pr\u00e9senter la revue, ses fondatrices, son organisation pratique, sa ligne \u00e9ditoriale, ses contributrices, etc. Ces textes seront publi\u00e9s et rendus visibles sur la Pers\u00e9ide. Pour mener \u00e0 bien ses t\u00e2ches, la marraine a acc\u00e8s aux fichiers num\u00e9ris\u00e9s qu\u2019elle peut utiliser dans le but de nourrir ses recherches, ses communications ou ses articles.<\/p>\n<p>\u2022\t<strong>Comment contacter l\u2019\u00e9quipe FemEnRev ?<\/strong><\/p>\n<p>Par mail :<br \/>\n<a href=\"mailto:magali.guaresi@gmail.com\">magali.guaresi@gmail.com<\/a><br \/>\n<a href=\"mailto:Christine.Bard@univ-angers.fr\">Christine.Bard@univ-angers.fr<\/a><\/p>\n<p>\u2022<strong>\tO\u00f9 trouver la pers\u00e9ide ?<\/strong><\/p>\n<p><a href=\"https:\/\/femenrev.persee.fr\">https:\/\/femenrev.persee.fr\/<\/a><br \/>\nVoir <em>Sorci\u00e8res<\/em> sur la pers\u00e9ide : <a href=\"https:\/\/femenrev.persee.fr\/\">https:\/\/femenrev.persee.fr\/<\/a><\/p>\n<p><a href=\"https:\/\/blog.univ-angers.fr\/christinebard\/files\/2021\/01\/work.png\"><img loading=\"lazy\" decoding=\"async\" src=\"https:\/\/blog.univ-angers.fr\/christinebard\/files\/2021\/01\/work.png\" alt=\"work\" width=\"795\" height=\"1125\" class=\"aligncenter size-full wp-image-58\" srcset=\"https:\/\/blog.univ-angers.fr\/christinebard\/files\/2021\/01\/work.png 795w, https:\/\/blog.univ-angers.fr\/christinebard\/files\/2021\/01\/work-212x300.png 212w, https:\/\/blog.univ-angers.fr\/christinebard\/files\/2021\/01\/work-723x1024.png 723w\" sizes=\"auto, (max-width: 795px) 100vw, 795px\" \/><\/a><\/p>\n<p><strong>FemEnRev associe les partenaires suivants :<\/strong><\/p>\n<p>\u2022 le laboratoire de recherche <a href=\"https:\/\/temos.cnrs.fr\/\">Temos<\/a> (Universit\u00e9 d\u2019Angers) ;<br \/>\n\u2022 l\u2019\u00e9quipe <a href=\"http:\/\/web.univ-cotedazur.fr\/fr\/idex\/academies\/human-societies-ideas-and-environments\/contents\/projects\/1918-1968-2018-cent-ans-d2019expressions-feminines\/@@highlight_view#.X_QwzS2S2qC\">Idex \u201cExFEM\u201d<\/a>, soutenue par l\u2019Universit\u00e9 C\u00f4te d\u2019Azur, qui r\u00e9unit des chercheuses issues de trois laboratoires pluridisciplinaires (le Centre de la M\u00e9diterran\u00e9e moderne et contemporaine, le Centre transdisciplinaire d\u2019\u00e9pist\u00e9mologie de la litt\u00e9rature et des arts vivants (CTEL) et le Laboratoire interdisciplinaire r\u00e9cits Cultures et soci\u00e9t\u00e9s (LIRCES) ;<br \/>\n\u2022 le S<a href=\"https:\/\/bu.univ-angers.fr\/zone\/Patrimoine\/centre-des-archives-du-feminisme\">ervice commun de la documentation et des archives<\/a> de l\u2019Universit\u00e9 d\u2019Angers ;<br \/>\n\u2022 la <a href=\"https:\/\/www.archivesdufeminisme.fr\/ressources\/liens\/bib-marguerite-durand-presentation\/\">Biblioth\u00e8que Marguerite Durand <\/a>(BMD), \u00e0 Paris ;<br \/>\n\u2022 la <a href=\"http:\/\/www.lacontemporaine.fr\/\">Contemporaine <\/a>(ex BDIC), \u00e0 Nanterre ;<br \/>\n\u2022 la <a href=\"https:\/\/www.bnf.fr\/fr\">Biblioth\u00e8que nationale de France <\/a>(BNF) ;<br \/>\n\u2022 <a href=\"http:\/\/info.persee.fr\/missions\/\">Pers\u00e9e<\/a> <\/p>\n<!-- AddThis Advanced Settings generic via filter on the_content --><!-- AddThis Share Buttons generic via filter on the_content -->","protected":false},"excerpt":{"rendered":"<p>Le projet FemEnRev (F\u00e9minismes en revue) Laur\u00e9at de l\u2019appel \u00e0 projets Collex-Pers\u00e9e 2019-2020, le programme FemEnRev num\u00e9rise, enrichit et met \u00e0 disposition de la recherche des revues f\u00e9ministes fran\u00e7aises de la seconde moiti\u00e9 du XXe si\u00e8cle. Une vingtaine de titres &hellip; <a href=\"https:\/\/blog.univ-angers.fr\/christinebard\/femenrev\/\">Continuer la lecture <span class=\"meta-nav\">&rarr;<\/span><\/a><!-- AddThis Advanced Settings generic via filter on get_the_excerpt --><!-- AddThis Share Buttons generic via filter on get_the_excerpt --><\/p>\n","protected":false},"author":3490,"featured_media":0,"parent":0,"menu_order":0,"comment_status":"open","ping_status":"closed","template":"showcase.php","meta":{"footnotes":""},"class_list":["post-56","page","type-page","status-publish","hentry"],"_links":{"self":[{"href":"https:\/\/blog.univ-angers.fr\/christinebard\/wp-json\/wp\/v2\/pages\/56","targetHints":{"allow":["GET"]}}],"collection":[{"href":"https:\/\/blog.univ-angers.fr\/christinebard\/wp-json\/wp\/v2\/pages"}],"about":[{"href":"https:\/\/blog.univ-angers.fr\/christinebard\/wp-json\/wp\/v2\/types\/page"}],"author":[{"embeddable":true,"href":"https:\/\/blog.univ-angers.fr\/christinebard\/wp-json\/wp\/v2\/users\/3490"}],"replies":[{"embeddable":true,"href":"https:\/\/blog.univ-angers.fr\/christinebard\/wp-json\/wp\/v2\/comments?post=56"}],"version-history":[{"count":1,"href":"https:\/\/blog.univ-angers.fr\/christinebard\/wp-json\/wp\/v2\/pages\/56\/revisions"}],"predecessor-version":[{"id":57,"href":"https:\/\/blog.univ-angers.fr\/christinebard\/wp-json\/wp\/v2\/pages\/56\/revisions\/57"}],"wp:attachment":[{"href":"https:\/\/blog.univ-angers.fr\/christinebard\/wp-json\/wp\/v2\/media?parent=56"}],"curies":[{"name":"wp","href":"https:\/\/api.w.org\/{rel}","templated":true}]}}