{"id":22,"date":"2021-01-04T12:29:40","date_gmt":"2021-01-04T11:29:40","guid":{"rendered":"https:\/\/blog.univ-angers.fr\/christinebard\/?page_id=22"},"modified":"2023-05-14T08:37:22","modified_gmt":"2023-05-14T07:37:22","slug":"archives-du-feminisme","status":"publish","type":"page","link":"https:\/\/blog.univ-angers.fr\/christinebard\/archives-du-feminisme\/","title":{"rendered":"Colloques"},"content":{"rendered":"<p><strong>Organisation de colloques et de journ\u00e9es d\u2019\u00e9tude (JE)<\/strong><\/p>\n<p>31 mars 2021 : co-organisation de la journ\u00e9e d&#8217;\u00e9tudes Histoire et m\u00e9moire des d\u00e9portations<\/p>\n<p>25 mars 2020 : co-organisation de la journ\u00e9e d&#8217;\u00e9tudes Histoire et m\u00e9moires de la d\u00e9portation- report\u00e9 en 2021<\/p>\n<p>28-30 ao\u00fbt 2019 : co-organisation Congr\u00e8s Institut du Genre \/ Universit\u00e9 d\u2019Angers<\/p>\n<p>13 f\u00e9vrier 2019 : JE Histoire et m\u00e9moire des d\u00e9portations<\/p>\n<p>27 ao\u00fbt 2018 Atelier d\u2019une \u00bd journ\u00e9e sur les archives f\u00e9ministes au Colloque international de recherche f\u00e9ministe dans la francophonie (CIRFF 2018), Universit\u00e9 de Nanterre, avec l\u2019association Archives du f\u00e9minisme.<\/p>\n<p>26-28 mars 2018 : colloque international bilingue Les f\u00e9ministes et leurs archives (1968-2018). Militantisme, m\u00e9moire et recherche, Universit\u00e9 d\u2019Angers (GEDI) \u2013 avec l\u2019association Archives du f\u00e9minisme et H\u00e9l\u00e8ne Fleckinger, Alban Jacquemart, Claire Blandin, Sandrine L\u00e9v\u00eaque, Pauline Boivineau, Marion Charpenel, Audrey Lasserre, Bibia Pavard.<\/p>\n<p>21 mars 2018 : journ\u00e9e d\u2019\u00e9tudes L\u2019image, cycle Histoire et m\u00e9moire de la d\u00e9portation, TEMOS\/SFR, Universit\u00e9 d\u2019Angers, avec Yves Den\u00e9ch\u00e8re, Dominique Sagot-Duvauroux, Thomas Williams.<\/p>\n<p>7-8 d\u00e9cembre 2017 : Symposium du programme de recherche GEDI, UA.<\/p>\n<p>22 mars 2017 : journ\u00e9e d\u2019\u00e9tudes La transmission, cycle Histoire et m\u00e9moire de la d\u00e9portation, Universit\u00e9 d\u2019Angers, avec Yves Den\u00e9ch\u00e8re.<\/p>\n<p>3-4 mars 2017 : Colloque franco-qu\u00e9b\u00e9cois Antif\u00e9minismes et masculinismes d\u2019hier et d\u2019aujourd\u2019hui, avec M\u00e9lissa Blais, et Francis Dupuis-D\u00e9ri (UQAM et R\u00e9QEF).<\/p>\n<p>16 mars 2016 : journ\u00e9e d\u2019\u00e9tudes Face \u00e0 la disparition cycle Histoire et m\u00e9moire de la d\u00e9portation, Universit\u00e9 d\u2019Angers, avec Yves Den\u00e9ch\u00e8re.<\/p>\n<p>28 novembre 2015 : Journ\u00e9e d\u2019\u00e9tudes de GEDI Les jeunes face aux discriminations. Actions \u00e9ducatives en Pays de la Loire, Universit\u00e9 d\u2019Angers.<\/p>\n<p>18 mars 2015 : journ\u00e9e d\u2019\u00e9tudes Apr\u00e8s Auschwitz : t\u00e9moigner et transmettre, cycle Histoire et m\u00e9moire de la d\u00e9portation, Universit\u00e9 d\u2019Angers, avec Yves Den\u00e9ch\u00e8re et Marc Berg\u00e8re.<\/p>\n<p>5 d\u00e9cembre 2014 : journ\u00e9e d\u2019\u00e9tudes Femmes dans la Grande Guerre, Angers, Archives d\u00e9partementales de Maine-et-Loire, avec Elisabeth Verry et Fr\u00e9d\u00e9rique El Amrani.<\/p>\n<p>14 novembre 2014 : journ\u00e9e d\u2019\u00e9tudes de GEDI Les injures sexistes et homophobes : analyse, r\u00e9pression et pr\u00e9vention, Universit\u00e9 d\u2019Angers.<\/p>\n<p>6 mars 2014 : journ\u00e9e d\u2019\u00e9tudes Les camps : lieux de m\u00e9moire ; m\u00e9moire(s) des lieux, cycle Histoire et m\u00e9moire de la d\u00e9portation, Universit\u00e9 d\u2019Angers, avec Yves Den\u00e9ch\u00e8re et Marc Berg\u00e8re.<\/p>\n<p>21 f\u00e9vrier 2014 : avec Sylvie Chaperon, journ\u00e9e d\u2019\u00e9tudes Le f\u00e9minisme au filtre de la m\u00e9moire, Universit\u00e9 d\u2019Angers\/SFR\/CERHIO \u2013 FRAMESPA Universit\u00e9 de Toulouse Le Mirail, \u00e0 la MSH de Toulouse.<\/p>\n<p>20 mars 2013 : journ\u00e9e d\u2019\u00e9tudes \u00ab Histoire et m\u00e9moire de la r\u00e9sistance et de la d\u00e9portation \u00e0 l\u2019\u00e9chelle locale \u00bb, cycle Histoire et m\u00e9moire de la d\u00e9portation, Universit\u00e9 d\u2019Angers, avec Yves Den\u00e9ch\u00e8re et Marc Berg\u00e8re.<\/p>\n<p>13 mars 2013 : journ\u00e9e d\u2019\u00e9tudes Quand le corps dit le genre, avec le Groupe Genre de l\u2019Universit\u00e9 d\u2019Angers.<\/p>\n<p>27-28 septembre 2012 : avec Georges Bertin et Lauric Guillaud, colloque Figures de l\u2019utopie, hier et aujourd\u2019hui, Universit\u00e9 d\u2019Angers \/ CNAM.<\/p>\n<p>6 juin 2012 : avec EGEA Groupe d\u2019\u00e9tudes sur le genre de l\u2019Universit\u00e9 d\u2019Angers \u00ab Les mots pour dire le genre \u00bb, MSH, Universit\u00e9 d\u2019Angers.<\/p>\n<p>24 mars 2012 : journ\u00e9e d\u2019\u00e9tudes Histoire et m\u00e9moire des f\u00e9minismes (Archives du f\u00e9minisme \/ Universit\u00e9 d\u2019Angers).<\/p>\n<p>Mars 2012 : journ\u00e9e d\u2019\u00e9tudes Des spoliations artistiques en France sous l\u2019Occupation aux probl\u00e8mes de restitution de 1945 \u00e0 nos jours, cycle Histoire et m\u00e9moire des d\u00e9portations, CERHIO, Universit\u00e9 d\u2019Angers, avec Yves Den\u00e9ch\u00e8re.<\/p>\n<p>6 juin 2012 : Journ\u00e9e d\u2019\u00e9tudes Les mots pour dire le genre, avec le Groupe Genre de l\u2019Universit\u00e9 d\u2019Angers.<\/p>\n<p>5 d\u00e9cembre 2012 : \u00ab Femmes, genre, f\u00e9minisme : perspectives historiennes \u00bb, journ\u00e9e d\u2019\u00e9tudes de l\u2019\u00e9cole doctorale SCE sur Nouvelles recherches sur le genre (Universit\u00e9 d\u2019Angers).<\/p>\n<p>20 juin 2011 : Direction de la Journ\u00e9e d\u2019\u00e9tude Hommage \u00e0 Dalila Morsly, sociolinguiste (MSH, Angers).<\/p>\n<p>19-20 mai 2011 : direction du colloque international, \u00e0 Sciences Po Paris, co-organisation CERHIO\/Centre d\u2019histoire de Sciences Po : \u00ab Les f\u00e9ministes de la premi\u00e8re vague \u00bb.<\/p>\n<p>Mars 2011 : \u00ab Les chemins de fer fran\u00e7ais et la d\u00e9portation des Juifs sous l\u2019Occupation \u00bb, Cycle Histoire et m\u00e9moire des d\u00e9portations, CERHIO, Universit\u00e9 d\u2019Angers, co-organisation avec Yves Den\u00e9ch\u00e8re, Marc Berg\u00e8re et al.<\/p>\n<p>20-22 mai 2010 : direction du colloque international, \u00e0 la MSH Confluences, en co-organisation CERHIO\/Centre d\u2019histoire de Sciences Po : Les f\u00e9ministes de la deuxi\u00e8me vague, actrices du changement social.<\/p>\n<p>2 juin 2010 : co-organisation de la journ\u00e9e d\u2019\u00e9tudes Sexe, genre et sexualit\u00e9 : v\u00e9cus juv\u00e9niles, Confluences, avec Emmanuel Gratton.<\/p>\n<p>26 mars 2010 : co-organisation avec Ludivine Bantigny, Claire Blandin, Arnaud Baub\u00e9rot, Janine Mossuz-Lavau, Gabrielle Costa de Beauregard, journ\u00e9e d\u2019\u00e9tudes Jeunesse et genre : de la variable sociologique aux politiques publiques. 1 : L\u2019expertise savante.<\/p>\n<p>1er avril 2009 : \u00ab L\u2019internement des Tsiganes en France pendant la Seconde Guerre mondiale \u00bb, co-organisation avec M. Berg\u00e8re, Y. Den\u00e9ch\u00e8re, M.-B. Daviet-Vincent, cycle Histoire et m\u00e9moire de la d\u00e9portation.<\/p>\n<p>12 mars 2008 : co-organisation avec Claire Andrieu, Marc Berg\u00e8re et Yves Den\u00e9ch\u00e8re, B\u00e9n\u00e9dicte Daviet-Vincent, Guillaume Piketty de la demi-journ\u00e9e d\u2019\u00e9tudes Femmes et d\u00e9portation \u00e0 l\u2019Universit\u00e9 d\u2019Angers, avec le Centre d\u2019histoire de Sciences Po.<\/p>\n<p>8 mars 2008 : organisation de Femmes : une histoire en mouvement, journ\u00e9e d\u2019\u00e9tudes \u00e0 la biblioth\u00e8que universitaire d\u2019Angers.<\/p>\n<p>18 avril 2007 : co-direction avec Marc Berg\u00e8re et Yves Den\u00e9ch\u00e8re de la demi-journ\u00e9e Les enfants face \u00e0 la Shoah, Universit\u00e9 d\u2019Angers.<\/p>\n<p>19 avril 2006 : co-direction de la demi-journ\u00e9e d\u2019\u00e9tudes Des homosexuels d\u00e9port\u00e9s pendant la Seconde Guerre mondiale, avec Marc Berg\u00e8re et Yves Den\u00e9ch\u00e8re, Universit\u00e9 d\u2019Angers.<\/p>\n<p>8 mars 2006 : co-direction avec l\u2019association Archives du f\u00e9minisme, le Centre d\u2019Histoire de Sciences Po et le Mouvement fran\u00e7ais pour le Planning familial du colloque Le Planning familial : 50 ans d\u2019histoire, \u00e0 la BnF grand auditorium. Introduction et animation des d\u00e9bats.<\/p>\n<p>11 mai 2005 : co-direction de la demi-journ\u00e9e d\u2019\u00e9tudes 60e anniversaire de la lib\u00e9ration des camps d\u2019extermination et de concentration, Universit\u00e9 d\u2019Angers, avec Yves Den\u00e9ch\u00e8re et Marc Berg\u00e8re.<\/p>\n<p>20 novembre 2004 : co-direction du colloque Sources audiovisuelles et archives du f\u00e9minisme (co-organisation Archives du f\u00e9minisme \/ BNF), Paris, auditorium de la BNF. Introduction.<\/p>\n<p>5- 6 novembre 2004 : co-direction du colloque international Femmes et relations internationales au XXe si\u00e8cle, \u00e0 la Sorbonne, avec Jean-Claude Allain, Jean-Marc Delaunay, Yves Den\u00e9ch\u00e8re, Fran\u00e7oise Gaspard, Elisabeth du R\u00e9au impliquant l\u2019Universit\u00e9 d\u2019Angers et l\u2019Universit\u00e9 de Paris III.<\/p>\n<p>30-31 mai 2002 : co-direction du colloque Genre et politique de l\u2019Association fran\u00e7aise des sciences politiques avec Janine Mossuz-Lavau (CEVIPOF) et Christian Baudelot (ENS), IEP Paris.<\/p>\n<p>16-18 mai 2002 : direction du colloque Le Genre des territoires, Plessis-Mac\u00e9 (unit\u00e9 A1 du programme 2H2S).<\/p>\n<p>17-19 mai 2001 : co-direction avec Michelle Perrot, Fr\u00e9d\u00e9ric Chauvaud et Jacques-Guy Petit du colloque international Justice et diff\u00e9rences des sexes, H\u00f4tel des P\u00e9nitentes, Angers.<\/p>\n<p>18 avril 2001 : direction de la journ\u00e9e d\u2019\u00e9tudes : Premi\u00e8res rencontres Archives et histoire du f\u00e9minisme, Angers.<\/p>\n<p>27-28 mars 1998 : direction du colloque Les antif\u00e9minismes en France des ann\u00e9es trente \u00e0 nos jours, HIRES, Maison des sciences humaines, Angers.<\/p>\n<p>31 mai 1997 : direction de la journ\u00e9e d&#8217;\u00e9tude sur L\u2019antif\u00e9minisme en France de la Belle Epoque aux ann\u00e9es trente.<\/p>\n<p>4 mai 1996 : direction de la journ\u00e9e d&#8217;\u00e9tude sur Gen\u00e8se de l&#8217;antif\u00e9minisme moderne. 2e volet : Les repr\u00e9sentations.<\/p>\n<p>23 mars 1996 : direction de la Journ\u00e9e d&#8217;\u00e9tude sur Gen\u00e8se de l&#8217;antif\u00e9minisme moderne. 1er volet : les discours savants.<\/p>\n<p>27 janvier 1996 : codirection de la journ\u00e9e d&#8217;\u00e9tudes Syndicalisation des femmes, discours et pratiques du groupe &#8220;syndicalisation&#8221; de l&#8217;URA CNRS 1738, Sorbonne.<\/p>\n<p>5-6 d\u00e9cembre 1991 : direction du colloque Madeleine Pelletier (1874-1939), CEDREF, Universit\u00e9 de Paris VII.<\/p>\n<p><strong>Appartenance \u00e0 des comit\u00e9s scientifiques de colloques<\/strong><\/p>\n<p>4-6\/02\/2021 : membre du CS du colloque international DERVI \u00ab Actualit\u00e9 et histoire des violences incestueuses. Entre occultation et r\u00e9v\u00e9lation \u00bb, EHESS, Paris.<\/p>\n<p>12-13 mars 2020 : membre du CS du colloque Les femmes contre le changement ? Engagements f\u00e9minins entre conservatisme, r\u00e9action et extr\u00e9misme en Europe (fin XVIIIe-XXIe si\u00e8cle), Universit\u00e9 de Rennes 2.<\/p>\n<p>10-12 octobre 2019 : membre du comit\u00e9 scientifique du colloque international \u00ab Les mouvements lesbiens, homosexuels et trans en France. Ann\u00e9es 70 et 80 \u00bb, Universit\u00e9 de Lausanne, Facult\u00e9 de sciences sociales et politiques (CRAPUL-IEPHI \/ CEG-ISS, FRAMESPA Toulouse). Animation de la s\u00e9ance du 11 octobre \u00ab Groupements politiques, lieux de sociabilit\u00e9s et aspects culturels \u00bb.<\/p>\n<p>4 juin 2019 : membre du comit\u00e9 scientifique de la journ\u00e9e d\u2019\u00e9tudes \u00ab Explorer le genre en histoire : de la source \u00e0 la m\u00e9thode \u00bb (Laboratoire TEMOS, Universit\u00e9 d\u2019Angers).<\/p>\n<p>25 mai 2018 : membre du comit\u00e9 scientifique de la journ\u00e9e d\u2019\u00e9tudes \u00ab 68 : 50 ans apr\u00e8s ! \u00bb Le Mans Universit\u00e9, Philippe T\u00e9tart, Jean-Philippe Melchior.<\/p>\n<p>6-7 mars 2018 : membre du comit\u00e9 scientifique du colloque \u00ab Mode et morale \u00bb (Lyon 2 et Universit\u00e9 de la mode) + pr\u00e9sidence de s\u00e9ance (Damien Delille, St\u00e9phanie Kunert, Isabelle Hare).<\/p>\n<p>10-12 mai 2017 : participation \u00e0 l\u2019organisation du colloque international de GEDI Les discriminations fond\u00e9es sur le sexe, l\u2019orientation sexuelle et l\u2019identit\u00e9 de genre, F\u00e9licien Lemaire et Daniel Borrillo, avec Xavier Aurey, pr\u00e9sidence de la session \u00ab Rencontre et confrontation des notions \u00bb.<\/p>\n<p>23-24 mars 2017 : \u00ab Pr\u00e9sentation \u00bb, en ouverture du colloque Femmes en francophonie, Universit\u00e9 d\u2019Angers, Franco-Unis \/ GEDI (Julien Kilango et Ma\u00ebva Touzeau).<\/p>\n<p>14 juin 2016 : Pr\u00e9sentation \u00bb, en ouverture de la journ\u00e9e d\u2019\u00e9tudes de GEDI Genre, art et m\u00e9moire. Ce que les arts visuels font aux \u0153uvres des cr\u00e9atrices, Universit\u00e9 d\u2019Angers, Fr\u00e9d\u00e9rique Le Nan et al.<\/p>\n<p>10 novembre 2016 : \u00ab Pr\u00e9sentation \u00bb en ouverture de la journ\u00e9e d\u2019\u00e9tudes de GEDI Ecriture, femmes et engagement, une question de genre, Fr\u00e9d\u00e9rique Le Nan et al., Universit\u00e9 d\u2019Angers.<\/p>\n<p>16 juin 2015 : \u00ab Ouverture \u00bb de la journ\u00e9e d\u2019\u00e9tudes de GEDI Des femmes en litt\u00e9rature. La voix, le jeu et le genre, Universit\u00e9 d\u2019Angers, Fr\u00e9d\u00e9rique Le Nan et Catherine Pergoux-Baeza.<br \/>\n16-18 d\u00e9cembre 2014 : membre du comit\u00e9 d\u2019organisation de la Biennale de g\u00e9ographie sur le genre, Universit\u00e9 d\u2019Angers.<\/p>\n<p>Septembre 2014 : membre du comit\u00e9 d\u2019organisation du congr\u00e8s des \u00e9tudes genre \u00e0 Lyon, ENS<br \/>\n27-29 octobre 2014 : participation au comit\u00e9 scientifique des 16e carrefours d\u2019histoire du sport : le sport et les sixties.<\/p>\n<p>22 septembre 2006 : membre du comit\u00e9 scientifique de la journ\u00e9e d\u2019\u00e9tudes doctorales Histoire des masculinit\u00e9s en France (1789-1945) : \u00e9tat des recherches, Paris.<\/p>\n<p>2005-2006 : membre du comit\u00e9 scientifique du colloque Costumes r\u00e9gionaux, mutations vestimentaires et \u00ab modes \u00bb de constructions identitaires (18e-21e si\u00e8cle) Universit\u00e9 de Rennes 2.<\/p>\n<p>12-13 mai 2005 : membre du comit\u00e9 scientifique du colloque de l\u2019association Effigies \u00e0 Paris.<\/p>\n<p>19-20 octobre 2004 : membre du comit\u00e9 scientifique des Journ\u00e9es d\u2019\u00e9tudes interdisciplinaires \u00ab Les recherches sur les homosexualit\u00e9s \u00bb (CADIS-EHESS, Fran\u00e7oise Gaspard, Bruno Perreau).<\/p>\n<p>28-30 octobre 2004 : membre du comit\u00e9 scientifique du colloque Sport et genre XIXe-XXe si\u00e8cles, 11e carrefour d\u2019histoire du sport, Lyon (Thierry Terret).<\/p>\n<p>26-27 novembre 2004 : membre du comit\u00e9 scientifique du colloque international Genre et militantisme organis\u00e9 par Olivier Fillieule et Patricia Roux \u00e0 l\u2019Universit\u00e9 de Lausanne.<\/p>\n<!-- AddThis Advanced Settings generic via filter on the_content --><!-- AddThis Share Buttons generic via filter on the_content -->","protected":false},"excerpt":{"rendered":"<p>Organisation de colloques et de journ\u00e9es d\u2019\u00e9tude (JE) 31 mars 2021 : co-organisation de la journ\u00e9e d&#8217;\u00e9tudes Histoire et m\u00e9moire des d\u00e9portations 25 mars 2020 : co-organisation de la journ\u00e9e d&#8217;\u00e9tudes Histoire et m\u00e9moires de la d\u00e9portation- report\u00e9 en 2021 &hellip; <a href=\"https:\/\/blog.univ-angers.fr\/christinebard\/archives-du-feminisme\/\">Continuer la lecture <span class=\"meta-nav\">&rarr;<\/span><\/a><!-- AddThis Advanced Settings generic via filter on get_the_excerpt --><!-- AddThis Share Buttons generic via filter on get_the_excerpt --><\/p>\n","protected":false},"author":3490,"featured_media":0,"parent":0,"menu_order":2,"comment_status":"closed","ping_status":"open","template":"","meta":{"footnotes":""},"class_list":["post-22","page","type-page","status-publish","hentry"],"_links":{"self":[{"href":"https:\/\/blog.univ-angers.fr\/christinebard\/wp-json\/wp\/v2\/pages\/22","targetHints":{"allow":["GET"]}}],"collection":[{"href":"https:\/\/blog.univ-angers.fr\/christinebard\/wp-json\/wp\/v2\/pages"}],"about":[{"href":"https:\/\/blog.univ-angers.fr\/christinebard\/wp-json\/wp\/v2\/types\/page"}],"author":[{"embeddable":true,"href":"https:\/\/blog.univ-angers.fr\/christinebard\/wp-json\/wp\/v2\/users\/3490"}],"replies":[{"embeddable":true,"href":"https:\/\/blog.univ-angers.fr\/christinebard\/wp-json\/wp\/v2\/comments?post=22"}],"version-history":[{"count":1,"href":"https:\/\/blog.univ-angers.fr\/christinebard\/wp-json\/wp\/v2\/pages\/22\/revisions"}],"predecessor-version":[{"id":272,"href":"https:\/\/blog.univ-angers.fr\/christinebard\/wp-json\/wp\/v2\/pages\/22\/revisions\/272"}],"wp:attachment":[{"href":"https:\/\/blog.univ-angers.fr\/christinebard\/wp-json\/wp\/v2\/media?parent=22"}],"curies":[{"name":"wp","href":"https:\/\/api.w.org\/{rel}","templated":true}]}}