{"id":19,"date":"2021-01-04T12:20:27","date_gmt":"2021-01-04T11:20:27","guid":{"rendered":"https:\/\/blog.univ-angers.fr\/christinebard\/?page_id=19"},"modified":"2023-05-14T08:38:28","modified_gmt":"2023-05-14T07:38:28","slug":"expositions","status":"publish","type":"page","link":"https:\/\/blog.univ-angers.fr\/christinebard\/expositions\/","title":{"rendered":"Expositions"},"content":{"rendered":"<p><strong><a href=\"http:\/\/www.musea.fr\/\">MUSEA<\/a> : <\/strong><\/p>\n<p>Mus\u00e9e d\u2019histoire des femmes et du genre, MUSEA a \u00e9t\u00e9 cr\u00e9\u00e9 en 2004 et j\u2019en demeure la coordinatrice. Il est n\u00e9 du d\u00e9sir de diffuser les recherches universitaires en direction de publics vari\u00e9s, sous la forme d\u2019expositions valorisant des ressources iconographiques et proposant des analyses d\u2019images.<br \/>\nUne dizaine de financements, dont mon IUF Junior et le Fonds social europ\u00e9en, ont alors contribu\u00e9 \u00e0 la r\u00e9alisation d\u2019un site original. Une ing\u00e9nieure d\u2019\u00e9tudes, Isabelle Lamy, a \u00e9t\u00e9 salari\u00e9e pendant les deux premi\u00e8res ann\u00e9es d\u2019existence de MUSEA. Ce mus\u00e9e virtuel fonctionne comme une revue scientifique, avec un comit\u00e9 scientifique, une double lecture des expositions, la pr\u00e9sence d\u2019un appareil critique (notes, bibliographie). 20 expositions ont \u00e9t\u00e9 r\u00e9alis\u00e9es.<br \/>\nGr\u00e2ce au programme de recherche GEDI en 2015-2017, j\u2019ai pu investir dans le renouvellement du site devenu obsol\u00e8te techniquement. Il a fallu repenser le site et op\u00e9rer la migration des contenus, ce qui a \u00e9t\u00e9 r\u00e9alis\u00e9 avec l\u2019aide de la MSH Ange Gu\u00e9pin (Nantes) et de Vincent Gu\u00e9rin. Etudi\u00e9 par deux masters et pr\u00e9sent\u00e9 dans une th\u00e8se sur les mus\u00e9es de femmes dans le monde, MUSEA reste \u00e0 ce jour une r\u00e9alisation tr\u00e8s originale dans le contexte fran\u00e7ais.<br \/>\nRattach\u00e9 \u00e0 mon laboratoire, TEMOS, MUSEA b\u00e9n\u00e9ficie du soutien logistique et technique de son personnel (deux ing\u00e9nieures d\u2019\u00e9tudes : Mireille Loirat et Aur\u00e9lie Hess). Le comit\u00e9 scientifique est compos\u00e9 de : Christine Bard, Corinne Bouchoux, J\u00e9r\u00e9mie Brucker, Yves Den\u00e9ch\u00e8re, Fr\u00e9d\u00e9rique El Amrani, B\u00e9n\u00e9dicte Grailles, Nahema Hanafi, Fr\u00e9d\u00e9rique Le Nan, David Niget, Nicole Pellegrin, \u00c9ric Pierre.<\/p>\n<p>Qu\u2019il s\u2019agisse des choix d\u2019expositions, d\u2019autrices et d\u2019auteurs, des valorisations d\u2019expositions par des conf\u00e9rences ou des animations avec le public lors de la Nuit des chercheurs, de la F\u00eate de la science, ou encore du \u00ab Mois du genre \u00bb de l\u2019Universit\u00e9 d\u2019Angers, c\u2019est surtout \u00e0 un niveau angevin \/ lig\u00e9rien que l\u2019activit\u00e9 de MUSEA s\u2019est d\u00e9ploy\u00e9e. MUSEA a ainsi fortement contribu\u00e9 \u00e0 la reconnaissance des \u00e9tudes sur le genre au sein de l\u2019universit\u00e9 d\u2019Angers. Plusieurs expositions font conna\u00eetre les ressources du Centre des archives du f\u00e9minisme de l\u2019Universit\u00e9 d\u2019Angers.<\/p>\n<p>Pour MUSEA, le lien recherche-formation est tr\u00e8s fort puisque les expositions portent sur des recherches r\u00e9centes, novatrices, le plus souvent des th\u00e8ses. MUSEA s\u2019adresse \u00e0 tous les publics. Il est un excellent support de cours, de conf\u00e9rences, de travaux dirig\u00e9s. Il est utilis\u00e9 par \u00e9tudiant.es, des \u00e9l\u00e8ves en lyc\u00e9e, et leurs professeur.es.<br \/>\nDepuis l\u2019exposition \u00ab Sortir du gyn\u00e9c\u00e9e : un nouveau regard sur la Gr\u00e8ce antique \u00bb (2018), des traductions sont mises en ligne. L\u2019ambition du mus\u00e9e virtuel est de s\u2019internationaliser \u00e9galement \u00e0 travers le choix des sujets et des autrices et auteurs.<\/p>\n<p><a href=\"https:\/\/blog.univ-angers.fr\/christinebard\/files\/2021\/01\/Capture-d\u2019\u00e9cran-2021-01-04-\u00e0-17.20.03.png\"><img loading=\"lazy\" decoding=\"async\" class=\"aligncenter size-full wp-image-46\" src=\"https:\/\/blog.univ-angers.fr\/christinebard\/files\/2021\/01\/Capture-d\u2019\u00e9cran-2021-01-04-\u00e0-17.20.03.png\" alt=\"Capture d\u2019\u00e9cran 2021-01-04 \u00e0 17.20.03\" width=\"2880\" height=\"1678\" srcset=\"https:\/\/blog.univ-angers.fr\/christinebard\/files\/2021\/01\/Capture-d\u2019\u00e9cran-2021-01-04-\u00e0-17.20.03.png 2880w, https:\/\/blog.univ-angers.fr\/christinebard\/files\/2021\/01\/Capture-d\u2019\u00e9cran-2021-01-04-\u00e0-17.20.03-300x174.png 300w, https:\/\/blog.univ-angers.fr\/christinebard\/files\/2021\/01\/Capture-d\u2019\u00e9cran-2021-01-04-\u00e0-17.20.03-1024x596.png 1024w, https:\/\/blog.univ-angers.fr\/christinebard\/files\/2021\/01\/Capture-d\u2019\u00e9cran-2021-01-04-\u00e0-17.20.03-500x291.png 500w\" sizes=\"auto, (max-width: 2880px) 100vw, 2880px\" \/><\/a><\/p>\n<p><strong>Exposition au mus\u00e9e Carnavalet : Parisiennes citoyennes !<br \/>\n<\/strong><\/p>\n<p><a href=\"https:\/\/blog.univ-angers.fr\/christinebard\/files\/2021\/01\/jardin_carnavalet_27_sur_29.jpg\"><img loading=\"lazy\" decoding=\"async\" class=\"aligncenter size-full wp-image-50\" src=\"https:\/\/blog.univ-angers.fr\/christinebard\/files\/2021\/01\/jardin_carnavalet_27_sur_29.jpg\" alt=\"jardin_carnavalet_27_sur_29\" width=\"700\" height=\"467\" srcset=\"https:\/\/blog.univ-angers.fr\/christinebard\/files\/2021\/01\/jardin_carnavalet_27_sur_29.jpg 700w, https:\/\/blog.univ-angers.fr\/christinebard\/files\/2021\/01\/jardin_carnavalet_27_sur_29-300x200.jpg 300w, https:\/\/blog.univ-angers.fr\/christinebard\/files\/2021\/01\/jardin_carnavalet_27_sur_29-449x300.jpg 449w\" sizes=\"auto, (max-width: 700px) 100vw, 700px\" \/><\/a><\/p>\n<!-- AddThis Advanced Settings generic via filter on the_content --><!-- AddThis Share Buttons generic via filter on the_content -->","protected":false},"excerpt":{"rendered":"<p>MUSEA : Mus\u00e9e d\u2019histoire des femmes et du genre, MUSEA a \u00e9t\u00e9 cr\u00e9\u00e9 en 2004 et j\u2019en demeure la coordinatrice. Il est n\u00e9 du d\u00e9sir de diffuser les recherches universitaires en direction de publics vari\u00e9s, sous la forme d\u2019expositions valorisant &hellip; <a href=\"https:\/\/blog.univ-angers.fr\/christinebard\/expositions\/\">Continuer la lecture <span class=\"meta-nav\">&rarr;<\/span><\/a><!-- AddThis Advanced Settings generic via filter on get_the_excerpt --><!-- AddThis Share Buttons generic via filter on get_the_excerpt --><\/p>\n","protected":false},"author":3490,"featured_media":0,"parent":0,"menu_order":6,"comment_status":"closed","ping_status":"closed","template":"","meta":{"footnotes":""},"class_list":["post-19","page","type-page","status-publish","hentry"],"_links":{"self":[{"href":"https:\/\/blog.univ-angers.fr\/christinebard\/wp-json\/wp\/v2\/pages\/19","targetHints":{"allow":["GET"]}}],"collection":[{"href":"https:\/\/blog.univ-angers.fr\/christinebard\/wp-json\/wp\/v2\/pages"}],"about":[{"href":"https:\/\/blog.univ-angers.fr\/christinebard\/wp-json\/wp\/v2\/types\/page"}],"author":[{"embeddable":true,"href":"https:\/\/blog.univ-angers.fr\/christinebard\/wp-json\/wp\/v2\/users\/3490"}],"replies":[{"embeddable":true,"href":"https:\/\/blog.univ-angers.fr\/christinebard\/wp-json\/wp\/v2\/comments?post=19"}],"version-history":[{"count":2,"href":"https:\/\/blog.univ-angers.fr\/christinebard\/wp-json\/wp\/v2\/pages\/19\/revisions"}],"predecessor-version":[{"id":271,"href":"https:\/\/blog.univ-angers.fr\/christinebard\/wp-json\/wp\/v2\/pages\/19\/revisions\/271"}],"wp:attachment":[{"href":"https:\/\/blog.univ-angers.fr\/christinebard\/wp-json\/wp\/v2\/media?parent=19"}],"curies":[{"name":"wp","href":"https:\/\/api.w.org\/{rel}","templated":true}]}}