{"id":18,"date":"2021-01-04T12:20:17","date_gmt":"2021-01-04T11:20:17","guid":{"rendered":"https:\/\/blog.univ-angers.fr\/christinebard\/?page_id=18"},"modified":"2023-05-14T08:35:50","modified_gmt":"2023-05-14T07:35:50","slug":"congrescolloques","status":"publish","type":"page","link":"https:\/\/blog.univ-angers.fr\/christinebard\/congrescolloques\/","title":{"rendered":"Institut Universitaire de France"},"content":{"rendered":"<p><strong>Une histoire culturelle de la r\u00e9volution sexuelle<\/strong><\/p>\n<p>Mon projet ouvre un chantier sur l\u2019histoire culturelle de la r\u00e9volution sexuelle \u00e0 l\u2019\u00e9poque contemporaine (premi\u00e8re phase : 1880-1930 ; deuxi\u00e8me 1960 \u00e0 nos jours, sans n\u00e9gliger son creux : la contre-r\u00e9volution du milieu du si\u00e8cle). Il vise le d\u00e9p\u00f4t d\u2019une ERC Advanced Grant : Voix d\u2019\u00e9crivaines sur l\u2019\u00e9mancipation sexuelle : une histoire transnationale (fin XIXe-d\u00e9but XXIe si\u00e8cle). Quatre productions dans le cadre de l\u2019IUF sont pr\u00e9vues, illustrant des facettes de la r\u00e9volution sexuelle : un ouvrage et une exposition sur le styliste avant-gardiste Rudy Gernreich ; un ouvrage sur l\u2019Affaire Gabrielle Russier (1969), l\u2019\u00e9dition des m\u00e9moires de Suzy, riches en informations sur la vie sexuelle d\u2019une femme de milieu populaire, enfin un essai historiographique : D\u00e9finir la r\u00e9volution sexuelle.<\/p>\n<!-- AddThis Advanced Settings generic via filter on the_content --><!-- AddThis Share Buttons generic via filter on the_content -->","protected":false},"excerpt":{"rendered":"<p>Une histoire culturelle de la r\u00e9volution sexuelle Mon projet ouvre un chantier sur l\u2019histoire culturelle de la r\u00e9volution sexuelle \u00e0 l\u2019\u00e9poque contemporaine (premi\u00e8re phase : 1880-1930 ; deuxi\u00e8me 1960 \u00e0 nos jours, sans n\u00e9gliger son creux : la contre-r\u00e9volution du &hellip; <a href=\"https:\/\/blog.univ-angers.fr\/christinebard\/congrescolloques\/\">Continuer la lecture <span class=\"meta-nav\">&rarr;<\/span><\/a><!-- AddThis Advanced Settings generic via filter on get_the_excerpt --><!-- AddThis Share Buttons generic via filter on get_the_excerpt --><\/p>\n","protected":false},"author":3490,"featured_media":0,"parent":0,"menu_order":0,"comment_status":"closed","ping_status":"open","template":"","meta":{"footnotes":""},"class_list":["post-18","page","type-page","status-publish","hentry"],"_links":{"self":[{"href":"https:\/\/blog.univ-angers.fr\/christinebard\/wp-json\/wp\/v2\/pages\/18","targetHints":{"allow":["GET"]}}],"collection":[{"href":"https:\/\/blog.univ-angers.fr\/christinebard\/wp-json\/wp\/v2\/pages"}],"about":[{"href":"https:\/\/blog.univ-angers.fr\/christinebard\/wp-json\/wp\/v2\/types\/page"}],"author":[{"embeddable":true,"href":"https:\/\/blog.univ-angers.fr\/christinebard\/wp-json\/wp\/v2\/users\/3490"}],"replies":[{"embeddable":true,"href":"https:\/\/blog.univ-angers.fr\/christinebard\/wp-json\/wp\/v2\/comments?post=18"}],"version-history":[{"count":1,"href":"https:\/\/blog.univ-angers.fr\/christinebard\/wp-json\/wp\/v2\/pages\/18\/revisions"}],"predecessor-version":[{"id":275,"href":"https:\/\/blog.univ-angers.fr\/christinebard\/wp-json\/wp\/v2\/pages\/18\/revisions\/275"}],"wp:attachment":[{"href":"https:\/\/blog.univ-angers.fr\/christinebard\/wp-json\/wp\/v2\/media?parent=18"}],"curies":[{"name":"wp","href":"https:\/\/api.w.org\/{rel}","templated":true}]}}