{"id":15,"date":"2021-01-04T12:19:08","date_gmt":"2021-01-04T11:19:08","guid":{"rendered":"https:\/\/blog.univ-angers.fr\/christinebard\/?page_id=15"},"modified":"2023-05-14T08:37:55","modified_gmt":"2023-05-14T07:37:55","slug":"encadrement-doctoral-et-post-doctoral","status":"publish","type":"page","link":"https:\/\/blog.univ-angers.fr\/christinebard\/encadrement-doctoral-et-post-doctoral\/","title":{"rendered":"Encadrement doctoral"},"content":{"rendered":"<p><strong>Th\u00e8ses dirig\u00e9es ou codirig\u00e9es :<br \/>\n<\/strong><br \/>\nCatherine Jacques, 2003, en cotutelle avec l\u2019Universit\u00e9 Libre de Bruxelles, co-directrice Eliane Gubin, Le f\u00e9minisme dans la soci\u00e9t\u00e9 belge (1918-1960), soutenue en 2007, th\u00e8se partiellement publi\u00e9e.<\/p>\n<p>Fr\u00e9d\u00e9rique El Amrani, 2003, Des jeunes filles \u00e0 l\u2019\u00e9cole des femmes. Formation d\u2019une identit\u00e9 f\u00e9minine dans les milieux populaires ruraux en Anjou, 1930-1950, soutenue en 2010 et publi\u00e9e aux PUR.<\/p>\n<p>Colette Avrane, 2003, Les lois sur le travail \u00e0 domicile et leur application en France de la fin du XIXe si\u00e8cle aux ann\u00e9es 1940, soutenue en 2010 et publi\u00e9e aux PUR.<\/p>\n<p>Anne Velez, 2003, La natation f\u00e9minine en France (premier XXe si\u00e8cle), soutenue en 2010.<\/p>\n<p>Fanny Bugnon, 2004, Les m\u00e9dias fran\u00e7ais face aux femmes terroristes en Europe. Discours et repr\u00e9sentations des ann\u00e9es 1960 \u00e0 la fin du XXe si\u00e8cle, soutenue en 2011, th\u00e8se publi\u00e9e.<\/p>\n<p>Vincent Gu\u00e9rin, 2004, La transformation d\u2019un h\u00f4pital psychiatrique : Sainte-Gemmes sur Loire 1937-1990, soutenue en 2011.<\/p>\n<p>Christine Machiels, 2005 co-tutelle avec l\u2019Universit\u00e9 catholique de Louvain (Xavier Rousseaux), Le f\u00e9minisme face \u00e0 la prostitution (France, Belgique, Suisse : 1875-1970), soutenue en 2011, publi\u00e9e aux PUR.<\/p>\n<p>C\u00e9cile Formaglio, 2005, Le f\u00e9minisme de C\u00e9cile Brunschvicg, soutenue en 2011, th\u00e8se publi\u00e9e aux PUR.<\/p>\n<p>Luciana Jinga, 2008, Les femmes et le Parti communiste roumain, cotutelle avec l\u2019Universit\u00e9 Al. I. Cuza, Iasi, Roumanie, 2011.<\/p>\n<p>Andreaa Dimitriu, 2008, Le f\u00e9minisme en Roumanie et ses affinit\u00e9s avec le f\u00e9minisme fran\u00e7ais (1918-1940), cotutelle avec l\u2019Universit\u00e9 Al. I. Cuza, Iasi, Roumanie, 2011.<\/p>\n<p>Pauline Boivineau, 2009, Danse contemporaine, genre et f\u00e9minisme en France (1968-2015), soutenue en 2015.<\/p>\n<p>Vanessa d\u2019Hooghe, 2010, cotutelle avec l\u2019ULB, codirectrice, Val\u00e9rie Piette, &#8220;La f\u00e9minit\u00e9, un beau mot qui dispara\u00eet lentement&#8221;. R\u00e9am\u00e9nagement d&#8217;une norme en crise (Belgique-France, 1960-1980), soutenue en 2015.<\/p>\n<p>Marie-Line Bertrand, 2012 Genre et politique \u00e0 travers l\u2019itin\u00e9raire d\u2019Anna Kuliscioff, soutenue en 2016.<\/p>\n<p>Floris Taton, 2012, Les artistes f\u00e9ministes de la performance en Europe et en Am\u00e9rique du nord des ann\u00e9es 1970 \u00e0 nos jours, soutenue en 2019.<\/p>\n<p>J\u00e9r\u00e9mie Brucker, 2013, Le v\u00eatement professionnel en France des ann\u00e9es 1880 \u00e0 nos jours, soutenue en 2019.<\/p>\n<p>Fiona Casey, 2015, L\u2019avortement en France entre les deux guerres, soutenue en 2019.<\/p>\n<p><strong>DOCTORANT.ES INSCRIT.ES EN 2020-2021<\/strong><\/p>\n<p>CLERET Camille<br \/>\nLe lys et la plume. L\u2019Action fran\u00e7aise au miroir des correspondantes de Charles Maurras<br \/>\nSoutenance au printemps 2021.<br \/>\nCSI : Yves Den\u00e9ch\u00e8re (UA), Sylvie Chaperon (Toulouse Jean Jaur\u00e8s)<\/p>\n<p>MESBAH Jallal<br \/>\nLe corps politique : une histoire des FEMEN de 2008 \u00e0 2018 (Ukraine, France, Qu\u00e9bec, Tunisie)<br \/>\nSoutenance au printemps 2021.<br \/>\nCSI : Sylvie Chaperon (Toulouse Jean Jaur\u00e8s) &amp; Genevi\u00e8ve Pag\u00e9 (UQAM)<\/p>\n<p>CARLIER Denis<br \/>\nG\u00e9n\u00e9alogie du discours antif\u00e9ministe en France<br \/>\n2018. Cotutelle avec l\u2019UQAM (codirecteur : Francis Dupuis-D\u00e9ri).<br \/>\nCSI : Ludivine Bantigny (Uni. Rouen), Magda Fahrni (UQAM)<\/p>\n<p>VIDEBIEN Marie<br \/>\n2018. Les syndicalistes dans les mouvements f\u00e9ministes en France (1901-1981).<br \/>\nCSI : Ludivine Bantigny (Univ. Rouen), Frank Georgi (Universit\u00e9 Evry Paris Saclay)<\/p>\n<p>GILIS Marine<br \/>\n2018. A la rencontre du personnel et du politique : vivre l&#8217;exp\u00e9rience de &#8220;lib\u00e9ration sexuelle&#8221; au sein du MLF (1970-1980).<br \/>\nCSI : Ludivine Bantigny (Rouen), R\u00e9gis Schlagdenhaufen (EHESS), Bibia Pavard (Paris 2 Panth\u00e9on-Assas)<\/p>\n<p>KASAPI Ioanna<br \/>\n2019. Les engagements f\u00e9minins dans les organisations \u00e9tudiantes \u00e0 vocation repr\u00e9sentative (1945-2009).<br \/>\nCSI : Romain Robinet (UA), Florence Descamps (EHESS Paris)<\/p>\n<p>CABADI Marie<br \/>\n2020. Women\u2019s centres et maisons des femmes : une histoire compar\u00e9e des f\u00e9minismes de la 2e vague britanniques et fran\u00e7ais.<br \/>\nCSI : Fanny Bugnon (Rennes 2), Nancy Green (EHESS), Marc Calvini-Lefebvre (Aix-en-Provence)<\/p>\n<p>KLEIN H\u00e9l\u00e8ne<br \/>\n2020. Le v\u00e9cu de la \u00ab charge corporelle \u00bb f\u00e9minine en France depuis 1950.<br \/>\nCodirection Strasbourg Alice Debauche CSI Christine D\u00e9trez (ENS Lyon), Fanny Bugnon (Rennes 2)<\/p>\n<p>CHALEROUX Marine<br \/>\n2020 L\u2019\u00e9mancipation des femmes dans le discours de mode (Paris, Londres, New York, ann\u00e9es 1920 et ann\u00e9es 1960).<br \/>\nCSI : V\u00e9ronique Pouillard (University of Oslo) &amp; Sophie Kurkdjian (American University of Paris)<\/p>\n<p>HAYER Lucie<br \/>\n2020 La non-mixit\u00e9 dans le mouvement f\u00e9ministe en France de la fin du 19e si\u00e8cle \u00e0 nos jours.<br \/>\nCSI : Sylvie Chaperon (Univ. Toulouse Jean Jaur\u00e8s), Alban Jacquemart (Univ. Paris-Dauphine) et Bibia Pavard (Univ. Paris 2 Panth\u00e9on-Assas)<\/p>\n<p>HOLDERBAUM Bruna<br \/>\n2021 Une histoire genr\u00e9e du smoking de la fin du 19e si\u00e8cle \u00e0 nos jours.<br \/>\nCSI : Manuel Charpy (CNRS), Sophie Kurkdjian (assistant professor en fashion studies \u00e0 l&#8217;American University of Paris) et V\u00e9ronique Pouillard (University of Oslo)<\/p>\n<!-- AddThis Advanced Settings generic via filter on the_content --><!-- AddThis Share Buttons generic via filter on the_content -->","protected":false},"excerpt":{"rendered":"<p>Th\u00e8ses dirig\u00e9es ou codirig\u00e9es : Catherine Jacques, 2003, en cotutelle avec l\u2019Universit\u00e9 Libre de Bruxelles, co-directrice Eliane Gubin, Le f\u00e9minisme dans la soci\u00e9t\u00e9 belge (1918-1960), soutenue en 2007, th\u00e8se partiellement publi\u00e9e. Fr\u00e9d\u00e9rique El Amrani, 2003, Des jeunes filles \u00e0 l\u2019\u00e9cole &hellip; <a href=\"https:\/\/blog.univ-angers.fr\/christinebard\/encadrement-doctoral-et-post-doctoral\/\">Continuer la lecture <span class=\"meta-nav\">&rarr;<\/span><\/a><!-- AddThis Advanced Settings generic via filter on get_the_excerpt --><!-- AddThis Share Buttons generic via filter on get_the_excerpt --><\/p>\n","protected":false},"author":3490,"featured_media":0,"parent":0,"menu_order":5,"comment_status":"closed","ping_status":"closed","template":"","meta":{"footnotes":""},"class_list":["post-15","page","type-page","status-publish","hentry"],"_links":{"self":[{"href":"https:\/\/blog.univ-angers.fr\/christinebard\/wp-json\/wp\/v2\/pages\/15","targetHints":{"allow":["GET"]}}],"collection":[{"href":"https:\/\/blog.univ-angers.fr\/christinebard\/wp-json\/wp\/v2\/pages"}],"about":[{"href":"https:\/\/blog.univ-angers.fr\/christinebard\/wp-json\/wp\/v2\/types\/page"}],"author":[{"embeddable":true,"href":"https:\/\/blog.univ-angers.fr\/christinebard\/wp-json\/wp\/v2\/users\/3490"}],"replies":[{"embeddable":true,"href":"https:\/\/blog.univ-angers.fr\/christinebard\/wp-json\/wp\/v2\/comments?post=15"}],"version-history":[{"count":1,"href":"https:\/\/blog.univ-angers.fr\/christinebard\/wp-json\/wp\/v2\/pages\/15\/revisions"}],"predecessor-version":[{"id":280,"href":"https:\/\/blog.univ-angers.fr\/christinebard\/wp-json\/wp\/v2\/pages\/15\/revisions\/280"}],"wp:attachment":[{"href":"https:\/\/blog.univ-angers.fr\/christinebard\/wp-json\/wp\/v2\/media?parent=15"}],"curies":[{"name":"wp","href":"https:\/\/api.w.org\/{rel}","templated":true}]}}