{"id":147,"date":"2021-01-11T10:01:53","date_gmt":"2021-01-11T09:01:53","guid":{"rendered":"https:\/\/blog.univ-angers.fr\/christinebard\/?page_id=147"},"modified":"2023-05-14T08:38:13","modified_gmt":"2023-05-14T07:38:13","slug":"traductions-de-mes-publications","status":"publish","type":"page","link":"https:\/\/blog.univ-angers.fr\/christinebard\/traductions-de-mes-publications\/","title":{"rendered":"Traductions de mes publications"},"content":{"rendered":"<p><em>Ce que soul\u00e8ve la jupe. Identit\u00e9s, transgressions, r\u00e9sistances<\/em>, Paris, Autrement, 2010, 170 p.<\/p>\n<p><em><a href=\"https:\/\/www.goodreads.com\/book\/show\/17332789-kjolen---frihet-eller-f-ngelse\">Kjolen. Frihet eller F\u00e4ngelse ?<\/a><\/em>, St\u00f6ckholm, Leopard F\u00f6rlag, 2011. (traduction en su\u00e9dois)<\/p>\n<p><a href=\"https:\/\/blog.univ-angers.fr\/christinebard\/files\/2021\/01\/Capture-d\u2019\u00e9cran-2021-01-11-\u00e0-10.20.40.png\"><img loading=\"lazy\" decoding=\"async\" src=\"https:\/\/blog.univ-angers.fr\/christinebard\/files\/2021\/01\/Capture-d\u2019\u00e9cran-2021-01-11-\u00e0-10.20.40.png\" alt=\"Capture d\u2019\u00e9cran 2021-01-11 \u00e0 10.20.40\" width=\"1790\" height=\"1390\" class=\"aligncenter size-full wp-image-151\" srcset=\"https:\/\/blog.univ-angers.fr\/christinebard\/files\/2021\/01\/Capture-d\u2019\u00e9cran-2021-01-11-\u00e0-10.20.40.png 1790w, https:\/\/blog.univ-angers.fr\/christinebard\/files\/2021\/01\/Capture-d\u2019\u00e9cran-2021-01-11-\u00e0-10.20.40-300x232.png 300w, https:\/\/blog.univ-angers.fr\/christinebard\/files\/2021\/01\/Capture-d\u2019\u00e9cran-2021-01-11-\u00e0-10.20.40-1024x795.png 1024w, https:\/\/blog.univ-angers.fr\/christinebard\/files\/2021\/01\/Capture-d\u2019\u00e9cran-2021-01-11-\u00e0-10.20.40-386x300.png 386w\" sizes=\"auto, (max-width: 1790px) 100vw, 1790px\" \/><\/a><br \/>\nAUTRE_BARD_2010_01_L204<\/p>\n<p><em>Une histoire politique du pantalon<\/em>, Paris, Seuil, 2010, \u00e9dition augment\u00e9e d\u2019un post-scriptum en Points Seuil, 2014, 454 p.<\/p>\n<p><em><a href=\"https:\/\/core.ac.uk\/download\/pdf\/52412083.pdf\">Una historia pol\u00edtica del pantal\u1f40n<\/a><\/em>, Barcelona, Tusquets, 2012 (traduction en espagnol)<\/p>\n<p><a href=\"https:\/\/blog.univ-angers.fr\/christinebard\/files\/2021\/01\/Capture-d\u2019\u00e9cran-2021-01-11-\u00e0-10.37.57.png\"><img loading=\"lazy\" decoding=\"async\" src=\"https:\/\/blog.univ-angers.fr\/christinebard\/files\/2021\/01\/Capture-d\u2019\u00e9cran-2021-01-11-\u00e0-10.37.57.png\" alt=\"Capture d\u2019\u00e9cran 2021-01-11 \u00e0 10.37.57\" width=\"2110\" height=\"1388\" class=\"aligncenter size-full wp-image-152\" srcset=\"https:\/\/blog.univ-angers.fr\/christinebard\/files\/2021\/01\/Capture-d\u2019\u00e9cran-2021-01-11-\u00e0-10.37.57.png 2110w, https:\/\/blog.univ-angers.fr\/christinebard\/files\/2021\/01\/Capture-d\u2019\u00e9cran-2021-01-11-\u00e0-10.37.57-300x197.png 300w, https:\/\/blog.univ-angers.fr\/christinebard\/files\/2021\/01\/Capture-d\u2019\u00e9cran-2021-01-11-\u00e0-10.37.57-1024x673.png 1024w, https:\/\/blog.univ-angers.fr\/christinebard\/files\/2021\/01\/Capture-d\u2019\u00e9cran-2021-01-11-\u00e0-10.37.57-456x300.png 456w\" sizes=\"auto, (max-width: 2110px) 100vw, 2110px\" \/><\/a><\/p>\n<p><em>Pantolonun Politik Tarihi<\/em>, Istanbul, Sel, 2012. (traduit en turc)<\/p>\n<p><a href=\"https:\/\/blog.univ-angers.fr\/christinebard\/files\/2021\/01\/Capture-d\u2019\u00e9cran-2021-01-11-\u00e0-10.56.19.png\"><img loading=\"lazy\" decoding=\"async\" src=\"https:\/\/blog.univ-angers.fr\/christinebard\/files\/2021\/01\/Capture-d\u2019\u00e9cran-2021-01-11-\u00e0-10.56.19.png\" alt=\"Capture d\u2019\u00e9cran 2021-01-11 \u00e0 10.56.19\" width=\"2072\" height=\"1388\" class=\"aligncenter size-full wp-image-154\" srcset=\"https:\/\/blog.univ-angers.fr\/christinebard\/files\/2021\/01\/Capture-d\u2019\u00e9cran-2021-01-11-\u00e0-10.56.19.png 2072w, https:\/\/blog.univ-angers.fr\/christinebard\/files\/2021\/01\/Capture-d\u2019\u00e9cran-2021-01-11-\u00e0-10.56.19-300x200.png 300w, https:\/\/blog.univ-angers.fr\/christinebard\/files\/2021\/01\/Capture-d\u2019\u00e9cran-2021-01-11-\u00e0-10.56.19-1024x685.png 1024w, https:\/\/blog.univ-angers.fr\/christinebard\/files\/2021\/01\/Capture-d\u2019\u00e9cran-2021-01-11-\u00e0-10.56.19-447x300.png 447w\" sizes=\"auto, (max-width: 2072px) 100vw, 2072px\" \/><\/a><\/p>\n<p><em>\u041a\u0440\u0438\u0441\u0442\u0438\u043d \u0411\u0430\u0440. \u041f\u043e\u043b\u0438\u0442\u0438\u0447\u0435\u0441\u043a\u0430\u044f \u0438\u0441\u0442\u043e\u0440\u0438\u044f \u0431\u0440\u044e\u043a<\/em>, \u0411\u0430\u0440, \u041a. \u041f\u043e\u043b\u0438\u0442\u0438\u0447\u0435\u0441\u043a\u0430\u044f \u0438\u0441\u0442\u043e\u0440\u0438\u044f \u0431\u0440\u044e\u043a, \/ \u041a\u0440\u0438\u0441\u0442\u0438\u043d \u0411\u0430\u0440; \u043f\u0435\u0440. \u0441 \u0444\u0440\u0430\u043d\u0446. \u0421. \u041f\u0435\u0442\u0440\u043e\u0432\u0430. \u2014 \u041c.: \u041d\u043e\u0432\u043e\u0435 \u043b\u0438\u0442\u0435\u0440\u0430\u0442\u0443\u0440\u043d\u043e\u0435 \u043e\u0431\u043e\u0437\u0440\u0435\u043d\u0438\u0435, 2013. (traduit en russe).<\/p>\n<p><a href=\"https:\/\/blog.univ-angers.fr\/christinebard\/files\/2021\/01\/Capture-d\u2019\u00e9cran-2021-01-11-\u00e0-10.48.10.png\"><img loading=\"lazy\" decoding=\"async\" src=\"https:\/\/blog.univ-angers.fr\/christinebard\/files\/2021\/01\/Capture-d\u2019\u00e9cran-2021-01-11-\u00e0-10.48.10.png\" alt=\"Capture d\u2019\u00e9cran 2021-01-11 \u00e0 10.48.10\" width=\"2516\" height=\"1388\" class=\"aligncenter size-full wp-image-153\" srcset=\"https:\/\/blog.univ-angers.fr\/christinebard\/files\/2021\/01\/Capture-d\u2019\u00e9cran-2021-01-11-\u00e0-10.48.10.png 2516w, https:\/\/blog.univ-angers.fr\/christinebard\/files\/2021\/01\/Capture-d\u2019\u00e9cran-2021-01-11-\u00e0-10.48.10-300x165.png 300w, https:\/\/blog.univ-angers.fr\/christinebard\/files\/2021\/01\/Capture-d\u2019\u00e9cran-2021-01-11-\u00e0-10.48.10-1024x564.png 1024w, https:\/\/blog.univ-angers.fr\/christinebard\/files\/2021\/01\/Capture-d\u2019\u00e9cran-2021-01-11-\u00e0-10.48.10-500x275.png 500w\" sizes=\"auto, (max-width: 2516px) 100vw, 2516px\" \/><\/a><\/p>\n<p>Les Femmes dans la soci\u00e9t\u00e9 fran\u00e7aise au XXe si\u00e8cle;, Paris, Armand Colin, coll. U, 2001, 2e \u00e9dition revue, 2003, 285 p.<\/p>\n<p><em>Die Frauen in der franz\u00f6sischen Gesellschaft des 20. Jahrhunderts<\/em>, Bonn, B\u00f6hlau Verlag, 2008.(traduit en allemand)<\/p>\n<p><a href=\"https:\/\/blog.univ-angers.fr\/christinebard\/files\/2021\/01\/Capture-d\u2019\u00e9cran-2021-01-11-\u00e0-11.04.00.png\"><img loading=\"lazy\" decoding=\"async\" src=\"https:\/\/blog.univ-angers.fr\/christinebard\/files\/2021\/01\/Capture-d\u2019\u00e9cran-2021-01-11-\u00e0-11.04.00.png\" alt=\"Capture d\u2019\u00e9cran 2021-01-11 \u00e0 11.04.00\" width=\"2172\" height=\"1388\" class=\"aligncenter size-full wp-image-155\" srcset=\"https:\/\/blog.univ-angers.fr\/christinebard\/files\/2021\/01\/Capture-d\u2019\u00e9cran-2021-01-11-\u00e0-11.04.00.png 2172w, https:\/\/blog.univ-angers.fr\/christinebard\/files\/2021\/01\/Capture-d\u2019\u00e9cran-2021-01-11-\u00e0-11.04.00-300x191.png 300w, https:\/\/blog.univ-angers.fr\/christinebard\/files\/2021\/01\/Capture-d\u2019\u00e9cran-2021-01-11-\u00e0-11.04.00-1024x654.png 1024w, https:\/\/blog.univ-angers.fr\/christinebard\/files\/2021\/01\/Capture-d\u2019\u00e9cran-2021-01-11-\u00e0-11.04.00-469x300.png 469w\" sizes=\"auto, (max-width: 2172px) 100vw, 2172px\" \/><\/a><br \/>\nUn si\u00e8cle d\u2019antif\u00e9minisme, pr\u00e9face de Michelle Perrot, Paris, Fayard, 1999, 484 p.<\/p>\n<p><em>Un siglo de antifeminismo<\/em>, Madrid, Biblioteca Nueva, 2000, 413 p. ( traduction en espagnol)<\/p>\n<p><a href=\"https:\/\/blog.univ-angers.fr\/christinebard\/files\/2021\/01\/Capture-d\u2019\u00e9cran-2021-01-11-\u00e0-11.17.19.png\"><img loading=\"lazy\" decoding=\"async\" src=\"https:\/\/blog.univ-angers.fr\/christinebard\/files\/2021\/01\/Capture-d\u2019\u00e9cran-2021-01-11-\u00e0-11.17.19.png\" alt=\"Capture d\u2019\u00e9cran 2021-01-11 \u00e0 11.17.19\" width=\"2228\" height=\"1386\" class=\"aligncenter size-full wp-image-156\" srcset=\"https:\/\/blog.univ-angers.fr\/christinebard\/files\/2021\/01\/Capture-d\u2019\u00e9cran-2021-01-11-\u00e0-11.17.19.png 2228w, https:\/\/blog.univ-angers.fr\/christinebard\/files\/2021\/01\/Capture-d\u2019\u00e9cran-2021-01-11-\u00e0-11.17.19-300x186.png 300w, https:\/\/blog.univ-angers.fr\/christinebard\/files\/2021\/01\/Capture-d\u2019\u00e9cran-2021-01-11-\u00e0-11.17.19-1024x637.png 1024w, https:\/\/blog.univ-angers.fr\/christinebard\/files\/2021\/01\/Capture-d\u2019\u00e9cran-2021-01-11-\u00e0-11.17.19-482x300.png 482w\" sizes=\"auto, (max-width: 2228px) 100vw, 2228px\" \/><\/a><\/p>\n<p><em><a href=\"https:\/\/www.cambriapress.com\/cambriapress.cfm?template=4&amp;bid=524\">Sexing Political Culture in the History of France<\/a><\/em>, Alison M. Moore, New-York, Cambria Press, 2013, &#8221; Le Pantalon, Toward A Political History of Trousers&#8221; p.75-95.<\/p>\n<p><a href=\"https:\/\/blog.univ-angers.fr\/christinebard\/files\/2021\/01\/Capture-d\u2019\u00e9cran-2021-01-11-\u00e0-11.54.12.png\"><img loading=\"lazy\" decoding=\"async\" src=\"https:\/\/blog.univ-angers.fr\/christinebard\/files\/2021\/01\/Capture-d\u2019\u00e9cran-2021-01-11-\u00e0-11.54.12.png\" alt=\"Capture d\u2019\u00e9cran 2021-01-11 \u00e0 11.54.12\" width=\"2028\" height=\"1388\" class=\"aligncenter size-full wp-image-157\" srcset=\"https:\/\/blog.univ-angers.fr\/christinebard\/files\/2021\/01\/Capture-d\u2019\u00e9cran-2021-01-11-\u00e0-11.54.12.png 2028w, https:\/\/blog.univ-angers.fr\/christinebard\/files\/2021\/01\/Capture-d\u2019\u00e9cran-2021-01-11-\u00e0-11.54.12-300x205.png 300w, https:\/\/blog.univ-angers.fr\/christinebard\/files\/2021\/01\/Capture-d\u2019\u00e9cran-2021-01-11-\u00e0-11.54.12-1024x700.png 1024w, https:\/\/blog.univ-angers.fr\/christinebard\/files\/2021\/01\/Capture-d\u2019\u00e9cran-2021-01-11-\u00e0-11.54.12-438x300.png 438w\" sizes=\"auto, (max-width: 2028px) 100vw, 2028px\" \/><\/a><\/p>\n<p><em>El pasado en construcci\u00f3n. Revisionismos hist\u00f3ricos en la historiograf\u00eda contempor\u00e1nea<\/em>,Espana,Instituci\u00f3n &#8220;Fernando el Cat\u00f3lico&#8221;, 2015,\u201cHistoriograf\u00eda y memoria del feminismo: las tentaciones revisionistas&#8221; pp.47-66<\/p>\n<p><a href=\"https:\/\/blog.univ-angers.fr\/christinebard\/files\/2021\/01\/Capture-d\u2019\u00e9cran-2021-01-11-\u00e0-11.54.38.png\"><img loading=\"lazy\" decoding=\"async\" src=\"https:\/\/blog.univ-angers.fr\/christinebard\/files\/2021\/01\/Capture-d\u2019\u00e9cran-2021-01-11-\u00e0-11.54.38.png\" alt=\"Capture d\u2019\u00e9cran 2021-01-11 \u00e0 11.54.38\" width=\"1980\" height=\"1386\" class=\"aligncenter size-full wp-image-160\" srcset=\"https:\/\/blog.univ-angers.fr\/christinebard\/files\/2021\/01\/Capture-d\u2019\u00e9cran-2021-01-11-\u00e0-11.54.38.png 1980w, https:\/\/blog.univ-angers.fr\/christinebard\/files\/2021\/01\/Capture-d\u2019\u00e9cran-2021-01-11-\u00e0-11.54.38-300x210.png 300w, https:\/\/blog.univ-angers.fr\/christinebard\/files\/2021\/01\/Capture-d\u2019\u00e9cran-2021-01-11-\u00e0-11.54.38-1024x716.png 1024w, https:\/\/blog.univ-angers.fr\/christinebard\/files\/2021\/01\/Capture-d\u2019\u00e9cran-2021-01-11-\u00e0-11.54.38-428x300.png 428w\" sizes=\"auto, (max-width: 1980px) 100vw, 1980px\" \/><\/a><\/p>\n<p><em>The Women&#8217;s Liberation Movement: Impacts and Outcomes<\/em>,Kristina Schulz, New York, Berghahn Book,July 2017, pp.157 &#8220;Lesbianism as Political Construction in the French Feminist Context&#8221;.<\/p>\n<p><a href=\"https:\/\/blog.univ-angers.fr\/christinebard\/files\/2021\/01\/Capture-d\u2019\u00e9cran-2021-01-11-\u00e0-11.54.56.png\"><img loading=\"lazy\" decoding=\"async\" src=\"https:\/\/blog.univ-angers.fr\/christinebard\/files\/2021\/01\/Capture-d\u2019\u00e9cran-2021-01-11-\u00e0-11.54.56.png\" alt=\"Capture d\u2019\u00e9cran 2021-01-11 \u00e0 11.54.56\" width=\"1992\" height=\"1386\" class=\"aligncenter size-full wp-image-161\" srcset=\"https:\/\/blog.univ-angers.fr\/christinebard\/files\/2021\/01\/Capture-d\u2019\u00e9cran-2021-01-11-\u00e0-11.54.56.png 1992w, https:\/\/blog.univ-angers.fr\/christinebard\/files\/2021\/01\/Capture-d\u2019\u00e9cran-2021-01-11-\u00e0-11.54.56-300x208.png 300w, https:\/\/blog.univ-angers.fr\/christinebard\/files\/2021\/01\/Capture-d\u2019\u00e9cran-2021-01-11-\u00e0-11.54.56-1024x712.png 1024w, https:\/\/blog.univ-angers.fr\/christinebard\/files\/2021\/01\/Capture-d\u2019\u00e9cran-2021-01-11-\u00e0-11.54.56-431x300.png 431w\" sizes=\"auto, (max-width: 1992px) 100vw, 1992px\" \/><\/a><\/p>\n<!-- AddThis Advanced Settings generic via filter on the_content --><!-- AddThis Share Buttons generic via filter on the_content -->","protected":false},"excerpt":{"rendered":"<p>Ce que soul\u00e8ve la jupe. Identit\u00e9s, transgressions, r\u00e9sistances, Paris, Autrement, 2010, 170 p. Kjolen. Frihet eller F\u00e4ngelse ?, St\u00f6ckholm, Leopard F\u00f6rlag, 2011. (traduction en su\u00e9dois) AUTRE_BARD_2010_01_L204 Une histoire politique du pantalon, Paris, Seuil, 2010, \u00e9dition augment\u00e9e d\u2019un post-scriptum en Points &hellip; <a href=\"https:\/\/blog.univ-angers.fr\/christinebard\/traductions-de-mes-publications\/\">Continuer la lecture <span class=\"meta-nav\">&rarr;<\/span><\/a><!-- AddThis Advanced Settings generic via filter on get_the_excerpt --><!-- AddThis Share Buttons generic via filter on get_the_excerpt --><\/p>\n","protected":false},"author":3490,"featured_media":0,"parent":0,"menu_order":5,"comment_status":"closed","ping_status":"closed","template":"","meta":{"footnotes":""},"class_list":["post-147","page","type-page","status-publish","hentry"],"_links":{"self":[{"href":"https:\/\/blog.univ-angers.fr\/christinebard\/wp-json\/wp\/v2\/pages\/147","targetHints":{"allow":["GET"]}}],"collection":[{"href":"https:\/\/blog.univ-angers.fr\/christinebard\/wp-json\/wp\/v2\/pages"}],"about":[{"href":"https:\/\/blog.univ-angers.fr\/christinebard\/wp-json\/wp\/v2\/types\/page"}],"author":[{"embeddable":true,"href":"https:\/\/blog.univ-angers.fr\/christinebard\/wp-json\/wp\/v2\/users\/3490"}],"replies":[{"embeddable":true,"href":"https:\/\/blog.univ-angers.fr\/christinebard\/wp-json\/wp\/v2\/comments?post=147"}],"version-history":[{"count":1,"href":"https:\/\/blog.univ-angers.fr\/christinebard\/wp-json\/wp\/v2\/pages\/147\/revisions"}],"predecessor-version":[{"id":281,"href":"https:\/\/blog.univ-angers.fr\/christinebard\/wp-json\/wp\/v2\/pages\/147\/revisions\/281"}],"wp:attachment":[{"href":"https:\/\/blog.univ-angers.fr\/christinebard\/wp-json\/wp\/v2\/media?parent=147"}],"curies":[{"name":"wp","href":"https:\/\/api.w.org\/{rel}","templated":true}]}}