{"id":13,"date":"2021-01-04T12:17:34","date_gmt":"2021-01-04T11:17:34","guid":{"rendered":"https:\/\/blog.univ-angers.fr\/christinebard\/?page_id=13"},"modified":"2023-05-14T08:39:02","modified_gmt":"2023-05-14T07:39:02","slug":"parcours-de-recherche","status":"publish","type":"page","link":"https:\/\/blog.univ-angers.fr\/christinebard\/parcours-de-recherche\/","title":{"rendered":"Parcours de recherche"},"content":{"rendered":"<p>En r\u00e9sum\u00e9&#8230;<br \/>\nJ\u2019ai \u00e9tudi\u00e9 l&#8217;histoire \u00e0 l\u2019Universit\u00e9 de Lille III puis \u00e0 l\u2019Universit\u00e9 de Paris 7, o\u00f9 j&#8217;ai soutenu une th\u00e8se sur l&#8217;histoire des f\u00e9minismes, sous la direction de Michelle Perrot, en 1993. Apr\u00e8s y avoir enseign\u00e9 comme allocataire-monitrice, j\u2019ai \u00e9t\u00e9 attach\u00e9e temporaire d\u2019enseignement et de recherche \u00e0 l\u2019Universit\u00e9 d\u2019Orl\u00e9ans, j\u2019ai donn\u00e9 des cours dans des antennes parisiennes de Hamilton College et de Columbia University, puis j\u2019ai \u00e9t\u00e9 \u00e9lue en 1995 sur un poste d\u2019histoire contemporaine \u00e0 l\u2019Universit\u00e9 d\u2019Angers o\u00f9 j\u2019enseigne toujours. De 2000 \u00e0 2005, j&#8217;ai \u00e9t\u00e9 membre junior de l&#8217;Institut universitaire de France. J\u2019ai pendant une petite dizaine d\u2019ann\u00e9es eu un double rattachement : laboratoire d\u2019histoire \u00e0 Angers et Centre d\u2019histoire de Science po \u00e0 Paris. J\u2019ai enseign\u00e9 cinq ans \u00e0 Sciences Po Paris. En 2002, j&#8217;ai soutenu mon habilitation \u00e0 diriger des recherches et en 2004, j&#8217;ai \u00e9t\u00e9 \u00e9lue professeure d&#8217;histoire contemporaine.<br \/>\nJ&#8217;ai particip\u00e9 \u00e0 la vie de plusieurs revues : <em><a href=\"https:\/\/www.cairn.info\/revue-clio.htm\">Clio. Histoire, femmes et soci\u00e9t\u00e9s <\/a><\/em>(1995-2005), <em>Travail, genre et soci\u00e9t\u00e9s <\/em>(2011-2014), <em>Histoire@politique. Politique, culture et soci\u00e9t\u00e9<\/em> (2007-2012). Je fais partie des comit\u00e9s scientifiques \/ de lecture de <em>Sextant<\/em>, de Genre&amp;Histoire (revue de l&#8217;<a href=\"https:\/\/www.mnemosyne.asso.fr\/mnemosyne\/\">association Mn\u00e9mosyne<\/a>), de la <em>Revue d&#8217;histoire culturelle. XVIIIe-XXIe si\u00e8cles<\/em>. Je publie le <em><a href=\"https:\/\/www.archivesdufeminisme.fr\/les-activites\/bulletin-de-lassociation\/\">bulletin d&#8217;Archives du f\u00e9minisme<\/a><\/em> depuis 2001 et dirige depuis 2006 la collection<a href=\"http:\/\/www.pur-editions.fr\/collection.php?idColl=105\"> Archives du f\u00e9minisme aux Presses universitaires de Rennes<\/a>.<br \/>\nDepuis 2020, je suis membre senior de l&#8217;Institut universitaire de France.<\/p>\n<p>Pour en savoir plus : Christine Bard, avec Jean-Marie Durand, <em>Mon genre d&#8217;histoire<\/em>, Paris, PUF, 2021.<\/p>\n<!-- AddThis Advanced Settings generic via filter on the_content --><!-- AddThis Share Buttons generic via filter on the_content -->","protected":false},"excerpt":{"rendered":"<p>En r\u00e9sum\u00e9&#8230; J\u2019ai \u00e9tudi\u00e9 l&#8217;histoire \u00e0 l\u2019Universit\u00e9 de Lille III puis \u00e0 l\u2019Universit\u00e9 de Paris 7, o\u00f9 j&#8217;ai soutenu une th\u00e8se sur l&#8217;histoire des f\u00e9minismes, sous la direction de Michelle Perrot, en 1993. Apr\u00e8s y avoir enseign\u00e9 comme allocataire-monitrice, j\u2019ai &hellip; <a href=\"https:\/\/blog.univ-angers.fr\/christinebard\/parcours-de-recherche\/\">Continuer la lecture <span class=\"meta-nav\">&rarr;<\/span><\/a><!-- AddThis Advanced Settings generic via filter on get_the_excerpt --><!-- AddThis Share Buttons generic via filter on get_the_excerpt --><\/p>\n","protected":false},"author":3490,"featured_media":0,"parent":0,"menu_order":10,"comment_status":"closed","ping_status":"closed","template":"","meta":{"footnotes":""},"class_list":["post-13","page","type-page","status-publish","hentry"],"_links":{"self":[{"href":"https:\/\/blog.univ-angers.fr\/christinebard\/wp-json\/wp\/v2\/pages\/13","targetHints":{"allow":["GET"]}}],"collection":[{"href":"https:\/\/blog.univ-angers.fr\/christinebard\/wp-json\/wp\/v2\/pages"}],"about":[{"href":"https:\/\/blog.univ-angers.fr\/christinebard\/wp-json\/wp\/v2\/types\/page"}],"author":[{"embeddable":true,"href":"https:\/\/blog.univ-angers.fr\/christinebard\/wp-json\/wp\/v2\/users\/3490"}],"replies":[{"embeddable":true,"href":"https:\/\/blog.univ-angers.fr\/christinebard\/wp-json\/wp\/v2\/comments?post=13"}],"version-history":[{"count":1,"href":"https:\/\/blog.univ-angers.fr\/christinebard\/wp-json\/wp\/v2\/pages\/13\/revisions"}],"predecessor-version":[{"id":283,"href":"https:\/\/blog.univ-angers.fr\/christinebard\/wp-json\/wp\/v2\/pages\/13\/revisions\/283"}],"wp:attachment":[{"href":"https:\/\/blog.univ-angers.fr\/christinebard\/wp-json\/wp\/v2\/media?parent=13"}],"curies":[{"name":"wp","href":"https:\/\/api.w.org\/{rel}","templated":true}]}}