{"id":123,"date":"2021-01-07T11:26:32","date_gmt":"2021-01-07T10:26:32","guid":{"rendered":"https:\/\/blog.univ-angers.fr\/christinebard\/?page_id=123"},"modified":"2023-05-14T08:31:35","modified_gmt":"2023-05-14T07:31:35","slug":"presentation","status":"publish","type":"page","link":"https:\/\/blog.univ-angers.fr\/christinebard\/","title":{"rendered":"Pr\u00e9sentation"},"content":{"rendered":"<div id=\"attachment_89\" style=\"width: 295px\" class=\"wp-caption aligncenter\"><a href=\"https:\/\/blog.univ-angers.fr\/christinebard\/files\/2020\/04\/Laurence-Prat-foulard.jpg\"><img loading=\"lazy\" decoding=\"async\" aria-describedby=\"caption-attachment-89\" src=\"https:\/\/blog.univ-angers.fr\/christinebard\/files\/2020\/04\/Laurence-Prat-foulard-285x300.jpg\" alt=\"Laurence Prat\" width=\"285\" height=\"300\" class=\"size-medium wp-image-89\" srcset=\"https:\/\/blog.univ-angers.fr\/christinebard\/files\/2020\/04\/Laurence-Prat-foulard-285x300.jpg 285w, https:\/\/blog.univ-angers.fr\/christinebard\/files\/2020\/04\/Laurence-Prat-foulard-973x1024.jpg 973w, https:\/\/blog.univ-angers.fr\/christinebard\/files\/2020\/04\/Laurence-Prat-foulard.jpg 1826w\" sizes=\"auto, (max-width: 285px) 100vw, 285px\" \/><\/a><p id=\"caption-attachment-89\" class=\"wp-caption-text\">Photo de Christine Bard par <a href=\"https:\/\/www.laurenceprat.paris\">Laurence Prat<\/a><\/p><\/div>\n<p>Bonjour,<\/p>\n<p>Bienvenue sur mon blog d&#8217;historienne.<br \/>\nJ&#8217;y pr\u00e9sente les grandes lignes de mon travail et y publie mes annonces ainsi que mes coups de coeur scientifiques et culturels.<br \/>\nJe l&#8217;utilise pour vous informer sur mon activit\u00e9 en tant que :<br \/>\n&gt; professeure d&#8217;histoire contemporaine \u00e0 l&#8217;Universit\u00e9 d&#8217;Angers, membre du <a href=\"https:\/\/temos.cnrs.fr\/\">laboratoire TEMOS<\/a> (Temps, Mondes, Soci\u00e9t\u00e9s) CNRS UMR 9016<br \/>\n&gt; membre senior de <a href=\"https:\/\/www.iufrance.fr\">l&#8217;Institut universitaire de France<\/a><br \/>\n&gt; responsable de <a href=\"http:\/\/musea.fr\">MUSEA<\/a>, le mus\u00e9e virtuel sur l&#8217;historie des femmes et du genre<br \/>\n&gt; pr\u00e9sidente de l&#8217;association <a href=\"https:\/\/www.archivesdufeminisme.fr\">Archives du f\u00e9minisme<\/a><br \/>\n&gt; entre autres&#8230;<\/p>\n<p>Bonne visite !<\/p>\n<p>Christine Bard<\/p>\n<p>Vous pouvez m&#8217;\u00e9crire \u00e0 la Facult\u00e9 des lettres, langues et sciences humaines<br \/>\n<a href=\"https:\/\/www.google.com\/maps?client=safari&amp;rls=en&amp;oe=UTF-8&amp;q=Maison+de+la+Recherche+Germaine+Tillion+5+bis+bd+Lavoisier+-+49045+Angers+cedex+01&amp;um=1&amp;ie=UTF-8&amp;sa=X&amp;ved=2ahUKEwit2a3VxInuAhVJ3IUKHajOBYcQ_AUoAXoECAcQAw\">Maison de la Recherche Germaine Tillion<br \/>\n5 bis bd Lavoisier &#8211; 49045 Angers cedex 01<\/a><br \/>\nM&#8217;envoyer un courriel : <a href=\"Christine.Bard@univ-angers.fr\">Christine.Bard@univ-angers.fr<\/a><br \/>\nOu me retrouver sur twitter : <a href=\"https:\/\/twitter.com\/christine_bard?lang=fr\">@Christine_Bard<\/a><\/p>\n<p>En tant que chercheuse et en tant que professeure, directrice de th\u00e8ses, organisatrice de colloques, animatrice de structures et de programme interdisciplinaires, initiatrice de publications collectives (<em>Dictionnaire des f\u00e9ministes<\/em>, ouvrages), directrice de collection (\u00ab Archives du f\u00e9minisme \u00bb), je travaille sur 4 axes th\u00e9matiques qui souvent se croisent : l\u2019histoire des f\u00e9minismes, des antif\u00e9minismes, le langage vestimentaire, enfin l\u2019histoire des sexualit\u00e9s. Le genre en est le d\u00e9nominateur commun, fa\u00e7on, pour moi, de mettre au jour la dimension politique des faits culturels. Mes objets de recherche sont vari\u00e9s, \u00e0 l\u2019instar des sources mobilis\u00e9es (litt\u00e9rature, images, archives, presse). Je suis aussi attentive aux enjeux de l\u2019\u00e9criture de l\u2019histoire et au rapport histoire\/m\u00e9moire\/litt\u00e9rature.<\/p>\n<p>Ma sp\u00e9cialisation initiale concerne l\u2019histoire des mouvements f\u00e9ministes en France et d\u2019une mani\u00e8re plus g\u00e9n\u00e9rale l\u2019histoire politique, l\u2019histoire des mouvements sociaux, l\u2019histoire des femmes en politique. Je suis rest\u00e9e fid\u00e8le \u00e0 ce sujet, que je d\u00e9fends \u00e0 travers une r\u00e9flexion et une action sur les archives. J\u2019ai aussi enrichi l\u2019histoire du f\u00e9minisme par l\u2019\u00e9tude de son contre-mouvement : l\u2019histoire des antif\u00e9minismes et des oppositions id\u00e9ologiques \u00e0 l\u2019\u00e9galit\u00e9 des sexes. Mais j\u2019ai surtout explor\u00e9 l\u2019histoire culturelle du genre (imaginaires sociaux, culture mat\u00e9rielle et symbolique) avec des \u00e9tudes sur la mode, le pantalon, la jupe, le langage des apparences. Je m\u2019oriente de plus en plus vers l\u2019histoire des sexualit\u00e9s au prisme du genre, des r\u00e9cits de vie intimes et des \u0153uvres litt\u00e9raires qui ont contribu\u00e9 \u00e0 des mythes tels que ceux de la Femme nouvelle, de la Gar\u00e7onne, etc.<\/p>\n<!-- AddThis Advanced Settings generic via filter on the_content --><!-- AddThis Share Buttons generic via filter on the_content -->","protected":false},"excerpt":{"rendered":"<p>Bonjour, Bienvenue sur mon blog d&#8217;historienne. J&#8217;y pr\u00e9sente les grandes lignes de mon travail et y publie mes annonces ainsi que mes coups de coeur scientifiques et culturels. Je l&#8217;utilise pour vous informer sur mon activit\u00e9 en tant que : &hellip; <a href=\"https:\/\/blog.univ-angers.fr\/christinebard\/\">Continuer la lecture <span class=\"meta-nav\">&rarr;<\/span><\/a><!-- AddThis Advanced Settings generic via filter on get_the_excerpt --><!-- AddThis Share Buttons generic via filter on get_the_excerpt --><\/p>\n","protected":false},"author":3490,"featured_media":0,"parent":0,"menu_order":0,"comment_status":"closed","ping_status":"closed","template":"showcase.php","meta":{"footnotes":""},"class_list":["post-123","page","type-page","status-publish","hentry"],"_links":{"self":[{"href":"https:\/\/blog.univ-angers.fr\/christinebard\/wp-json\/wp\/v2\/pages\/123","targetHints":{"allow":["GET"]}}],"collection":[{"href":"https:\/\/blog.univ-angers.fr\/christinebard\/wp-json\/wp\/v2\/pages"}],"about":[{"href":"https:\/\/blog.univ-angers.fr\/christinebard\/wp-json\/wp\/v2\/types\/page"}],"author":[{"embeddable":true,"href":"https:\/\/blog.univ-angers.fr\/christinebard\/wp-json\/wp\/v2\/users\/3490"}],"replies":[{"embeddable":true,"href":"https:\/\/blog.univ-angers.fr\/christinebard\/wp-json\/wp\/v2\/comments?post=123"}],"version-history":[{"count":1,"href":"https:\/\/blog.univ-angers.fr\/christinebard\/wp-json\/wp\/v2\/pages\/123\/revisions"}],"predecessor-version":[{"id":274,"href":"https:\/\/blog.univ-angers.fr\/christinebard\/wp-json\/wp\/v2\/pages\/123\/revisions\/274"}],"wp:attachment":[{"href":"https:\/\/blog.univ-angers.fr\/christinebard\/wp-json\/wp\/v2\/media?parent=123"}],"curies":[{"name":"wp","href":"https:\/\/api.w.org\/{rel}","templated":true}]}}