{"id":133,"date":"2018-12-06T16:08:19","date_gmt":"2018-12-06T15:08:19","guid":{"rendered":"https:\/\/blog.univ-angers.fr\/capacite\/?page_id=133"},"modified":"2023-09-07T15:36:19","modified_gmt":"2023-09-07T13:36:19","slug":"les-intervenants","status":"publish","type":"page","link":"https:\/\/blog.univ-angers.fr\/capacite\/les-intervenants\/","title":{"rendered":"Les intervenants"},"content":{"rendered":"<h2><strong>Sophie Lambert-Wiber<\/strong><\/h2>\n<h4><em>Ma\u00eetre de conf\u00e9rences en droit priv\u00e9, HDR<br \/>\n<\/em>Membre du Centre Jean Bodin, Laboratoire de recherche juridique et politique (<a title=\"Vers les pages du Centre Jean Bodin\" href=\"http:\/\/centrejeanbodin.univ-angers.fr\/fr\/index.html\" target=\"_blank\" rel=\"noopener\">UPRES EA 4337<\/a>)<br \/>\n<strong> Responsable p\u00e9dagogique de la capacit\u00e9 en droit en ligne d\u2019Angers<em><br \/>\n<\/em><\/strong><\/h4>\n<p>&nbsp;<\/p>\n<h2><strong>Antoine B\u00e9guin<\/strong><\/h2>\n<h4><em>Ma\u00eetre de conf\u00e9rences en Droit priv\u00e9<br \/>\n<\/em>Membre du Centre Jean Bodin, Laboratoire de recherche juridique et politique (<a title=\"Vers les pages du Centre Jean Bodin\" href=\"http:\/\/centrejeanbodin.univ-angers.fr\/fr\/index.html\" target=\"_blank\" rel=\"noopener\">UPRES EA 4337<\/a>)<br \/>\nAvocat inscrit au barreau d\u2019Angers<\/h4>\n<p>&nbsp;<\/p>\n<h2><strong>Christine Blondel-Angebault<br \/>\n<\/strong><\/h2>\n<h4><em>Responsable du secteur proc\u00e9dure civile pour Juris-Data (LexisNexis)<\/em><br \/>\n<em>Juge au TGI d\u2019Angers<\/em><\/h4>\n<p>&nbsp;<\/p>\n<h2><strong>C\u00e9cile Bonneman<\/strong><\/h2>\n<h4><em>Avocat au Barreau d\u2019Angers<br \/>\n<\/em>Enseignante en premi\u00e8re et seconde ann\u00e9e de la capacit\u00e9 en droit en ligne d\u2019Angers<\/h4>\n<p>&nbsp;<\/p>\n<h2><strong>Pierre Brossard<\/strong><\/h2>\n<h4><em>Ma\u00eetre de conf\u00e9rences en Droit public<\/em><br \/>\nMembre du Centre Jean Bodin, Laboratoire de recherche juridique et politique (<a title=\"Vers les pages du Centre Jean Bodin\" href=\"http:\/\/centrejeanbodin.univ-angers.fr\/fr\/index.html\" target=\"_blank\" rel=\"noopener\">UPRES EA 4337<\/a>)<br \/>\nAvocat, Barreau d\u2019Angers<\/h4>\n<p>&nbsp;<\/p>\n<h2><strong>Jean Fougerouse<\/strong><\/h2>\n<h4><em>Ma\u00eetre de conf\u00e9rences en Droit public, habilit\u00e9 \u00e0 diriger les recherches<\/em><br \/>\nMembre du Centre Jean Bodin, Laboratoire de recherche juridique et politique (<a title=\"Vers les pages du Centre Jean Bodin\" href=\"http:\/\/centrejeanbodin.univ-angers.fr\/fr\/index.html\" target=\"_blank\" rel=\"noopener\">UPRES EA 4337<\/a>)<\/h4>\n<p>&nbsp;<\/p>\n<h2><strong>Flore Gasnier<\/strong><\/h2>\n<h4><em>Ma\u00eetre de conf\u00e9rences en Droit priv\u00e9<br \/>\n<\/em>Membre du Centre Jean Bodin, Laboratoire de recherche juridique et politique (<a title=\"Vers les pages du Centre Jean Bodin\" href=\"http:\/\/centrejeanbodin.univ-angers.fr\/fr\/index.html\" target=\"_blank\" rel=\"noopener\">UPRES EA 4337<\/a>)<\/h4>\n<p>&nbsp;<\/p>\n<h2><strong>Benjamin HOCQUE<br \/>\n<\/strong><\/h2>\n<p><em>Professeur SES<\/em><\/p>\n<h2><strong>Thierry Phelippeau<\/strong><\/h2>\n<h4><em><em>Avocat g\u00e9n\u00e9ral \u00e0 la Cour d&rsquo;appel de Poitiers<\/em><\/em><\/h4>\n<p>&nbsp;<\/p>\n<p>&nbsp;<\/p>\n","protected":false},"excerpt":{"rendered":"<p>Sophie Lambert-Wiber Ma\u00eetre de conf\u00e9rences en droit priv\u00e9, HDR Membre du Centre Jean Bodin, Laboratoire de recherche juridique et politique (UPRES EA 4337) Responsable p\u00e9dagogique de la capacit\u00e9 en droit en ligne d\u2019Angers &nbsp; Antoine B\u00e9guin Ma\u00eetre de conf\u00e9rences en &hellip; <a href=\"https:\/\/blog.univ-angers.fr\/capacite\/les-intervenants\/\">Continuer la lecture <span class=\"meta-nav\">&rarr;<\/span><\/a><\/p>\n","protected":false},"author":14389,"featured_media":0,"parent":0,"menu_order":0,"comment_status":"closed","ping_status":"open","template":"","meta":{"footnotes":""},"class_list":["post-133","page","type-page","status-publish","hentry"],"_links":{"self":[{"href":"https:\/\/blog.univ-angers.fr\/capacite\/wp-json\/wp\/v2\/pages\/133","targetHints":{"allow":["GET"]}}],"collection":[{"href":"https:\/\/blog.univ-angers.fr\/capacite\/wp-json\/wp\/v2\/pages"}],"about":[{"href":"https:\/\/blog.univ-angers.fr\/capacite\/wp-json\/wp\/v2\/types\/page"}],"author":[{"embeddable":true,"href":"https:\/\/blog.univ-angers.fr\/capacite\/wp-json\/wp\/v2\/users\/14389"}],"replies":[{"embeddable":true,"href":"https:\/\/blog.univ-angers.fr\/capacite\/wp-json\/wp\/v2\/comments?post=133"}],"version-history":[{"count":1,"href":"https:\/\/blog.univ-angers.fr\/capacite\/wp-json\/wp\/v2\/pages\/133\/revisions"}],"predecessor-version":[{"id":472,"href":"https:\/\/blog.univ-angers.fr\/capacite\/wp-json\/wp\/v2\/pages\/133\/revisions\/472"}],"wp:attachment":[{"href":"https:\/\/blog.univ-angers.fr\/capacite\/wp-json\/wp\/v2\/media?parent=133"}],"curies":[{"name":"wp","href":"https:\/\/api.w.org\/{rel}","templated":true}]}}