{"id":128,"date":"2018-12-06T15:57:00","date_gmt":"2018-12-06T14:57:00","guid":{"rendered":"https:\/\/blog.univ-angers.fr\/capacite\/?page_id=128"},"modified":"2024-07-03T15:16:45","modified_gmt":"2024-07-03T13:16:45","slug":"livret","status":"publish","type":"page","link":"https:\/\/blog.univ-angers.fr\/capacite\/livret\/","title":{"rendered":"Livret"},"content":{"rendered":"<p>Cliquez sur les liens ci-dessous pour acc\u00e9der aux contenus correspondants :<\/p>\n<ul>\n<li><a title=\"Mot de la responsable de la formation\" href=\"https:\/\/blog.univ-angers.fr\/capacite\/mot-de-la-responsable-de-la-formation\/\">Mot d&rsquo;accueil<\/a><\/li>\n<li><a title=\"Maquette de la formation\" href=\"https:\/\/blog.univ-angers.fr\/capacite\/maquette-de-la-formation\/\">Maquette<\/a><\/li>\n<li>Calendrier<\/li>\n<li><a title=\"Les intervenants\" href=\"https:\/\/blog.univ-angers.fr\/capacite\/les-intervenants\/\">Les intervenants<\/a><\/li>\n<li><a title=\"Les r\u00e9sum\u00e9s de cours\" href=\"https:\/\/blog.univ-angers.fr\/capacite\/les-resumes-de-cours\/\">Les r\u00e9sum\u00e9s de cours<\/a><\/li>\n<li><a title=\"Les examens\" href=\"https:\/\/blog.univ-angers.fr\/capacite\/les-examens\/\">Les examens<\/a><\/li>\n<\/ul>\n","protected":false},"excerpt":{"rendered":"<p>Cliquez sur les liens ci-dessous pour acc\u00e9der aux contenus correspondants : Mot d&rsquo;accueil Maquette Calendrier Les intervenants Les r\u00e9sum\u00e9s de cours Les examens<\/p>\n","protected":false},"author":14389,"featured_media":0,"parent":0,"menu_order":0,"comment_status":"closed","ping_status":"open","template":"","meta":{"footnotes":""},"class_list":["post-128","page","type-page","status-publish","hentry"],"_links":{"self":[{"href":"https:\/\/blog.univ-angers.fr\/capacite\/wp-json\/wp\/v2\/pages\/128","targetHints":{"allow":["GET"]}}],"collection":[{"href":"https:\/\/blog.univ-angers.fr\/capacite\/wp-json\/wp\/v2\/pages"}],"about":[{"href":"https:\/\/blog.univ-angers.fr\/capacite\/wp-json\/wp\/v2\/types\/page"}],"author":[{"embeddable":true,"href":"https:\/\/blog.univ-angers.fr\/capacite\/wp-json\/wp\/v2\/users\/14389"}],"replies":[{"embeddable":true,"href":"https:\/\/blog.univ-angers.fr\/capacite\/wp-json\/wp\/v2\/comments?post=128"}],"version-history":[{"count":2,"href":"https:\/\/blog.univ-angers.fr\/capacite\/wp-json\/wp\/v2\/pages\/128\/revisions"}],"predecessor-version":[{"id":545,"href":"https:\/\/blog.univ-angers.fr\/capacite\/wp-json\/wp\/v2\/pages\/128\/revisions\/545"}],"wp:attachment":[{"href":"https:\/\/blog.univ-angers.fr\/capacite\/wp-json\/wp\/v2\/media?parent=128"}],"curies":[{"name":"wp","href":"https:\/\/api.w.org\/{rel}","templated":true}]}}