{"id":2,"date":"2016-04-02T10:30:37","date_gmt":"2016-04-02T10:30:37","guid":{"rendered":"https:\/\/blog.univ-angers.fr\/buapro\/?page_id=2"},"modified":"2019-05-04T10:50:18","modified_gmt":"2019-05-04T09:50:18","slug":"apropos","status":"publish","type":"page","link":"https:\/\/blog.univ-angers.fr\/buapro\/apropos\/","title":{"rendered":"A propos"},"content":{"rendered":"<p>BUApro est un blog professionnel sur les projets de la Biblioth\u00e8que universitaire d&#8217;Angers, h\u00e9berg\u00e9 par l&#8217;universit\u00e9 d&#8217;Angers.<br \/>\n<strong>Pourquoi <\/strong>: documenter les projets BUA de mani\u00e8re r\u00e9trospective, prendre du recul et faciliter le partage d&#8217;exp\u00e9riences &#8211; de loin en loin, partager une traduction avec l&#8217;accord de l&#8217;auteur d&#8217;origine.<br \/>\n<strong>Comment<\/strong> : avec pragmatisme et honn\u00eatet\u00e9 intellectuelle.<br \/>\n<strong>Quand<\/strong> : une dizaine d&#8217;articles par an, quand on peut.<br \/>\n<strong>Qui<\/strong> : les principaux r\u00e9dacteurs sont les cadres et porteurs de projets de la BUA.<br \/>\n<strong>O\u00f9<\/strong> : lien sur le site BUA, abonnement via Feedly, tweets et retweets&#8230; si vous en avez besoin, vous trouverez.<\/p>\n<p>Seuls les articles encore \u00e0 jour ont \u00e9t\u00e9 migr\u00e9s du blog 2012-2016.<del> Les archives sont toujours pr\u00e9sentes sur le site web BUA, et accessibles via un moteur de recherche externe bien param\u00e9tr\u00e9. [<\/del>peuvent \u00eatre transmises sur demande : seulement disponibles en back office, v\u00e9rification faite]<\/p>\n<p><strong>Table des mati\u00e8res<\/strong> :\u00a0<a title=\"Table des mati\u00e8res #BUAPro\" href=\"https:\/\/blog.univ-angers.fr\/buapro\/2018\/05\/04\/table-des-matieres-buapro\/\" target=\"_blank\">https:\/\/blog.univ-angers.fr\/buapro\/2018\/04\/15\/table-des-matieres-buapro\/<\/a><\/p>\n<p>Mentions l\u00e9gales<br \/>\nResponsable de publication : Nathalie Clot, directrice de la BUA<br \/>\n57 quai F\u00e9lix Faure<br \/>\n49 000 ANGERS<\/p>\n<p>Tous les contenus, sauf mention contraire, sont en CC-BY<\/p>\n<!-- AddThis Advanced Settings generic via filter on the_content --><!-- AddThis Share Buttons generic via filter on the_content -->","protected":false},"excerpt":{"rendered":"<p>BUApro est un blog professionnel sur les projets de la Biblioth\u00e8que universitaire d&#8217;Angers, h\u00e9berg\u00e9 par l&#8217;universit\u00e9 d&#8217;Angers. Pourquoi : documenter les projets BUA de mani\u00e8re r\u00e9trospective, prendre du recul et faciliter le partage d&#8217;exp\u00e9riences &#8211; de loin en loin, partager &hellip; <a href=\"https:\/\/blog.univ-angers.fr\/buapro\/apropos\/\">Continuer la lecture <span class=\"meta-nav\">&rarr;<\/span><\/a><!-- AddThis Advanced Settings generic via filter on get_the_excerpt --><!-- AddThis Share Buttons generic via filter on get_the_excerpt --><\/p>\n","protected":false},"author":11780,"featured_media":0,"parent":0,"menu_order":0,"comment_status":"open","ping_status":"open","template":"","meta":{"footnotes":""},"class_list":["post-2","page","type-page","status-publish","hentry"],"_links":{"self":[{"href":"https:\/\/blog.univ-angers.fr\/buapro\/wp-json\/wp\/v2\/pages\/2","targetHints":{"allow":["GET"]}}],"collection":[{"href":"https:\/\/blog.univ-angers.fr\/buapro\/wp-json\/wp\/v2\/pages"}],"about":[{"href":"https:\/\/blog.univ-angers.fr\/buapro\/wp-json\/wp\/v2\/types\/page"}],"author":[{"embeddable":true,"href":"https:\/\/blog.univ-angers.fr\/buapro\/wp-json\/wp\/v2\/users\/11780"}],"replies":[{"embeddable":true,"href":"https:\/\/blog.univ-angers.fr\/buapro\/wp-json\/wp\/v2\/comments?post=2"}],"version-history":[{"count":1,"href":"https:\/\/blog.univ-angers.fr\/buapro\/wp-json\/wp\/v2\/pages\/2\/revisions"}],"predecessor-version":[{"id":7,"href":"https:\/\/blog.univ-angers.fr\/buapro\/wp-json\/wp\/v2\/pages\/2\/revisions\/7"}],"wp:attachment":[{"href":"https:\/\/blog.univ-angers.fr\/buapro\/wp-json\/wp\/v2\/media?parent=2"}],"curies":[{"name":"wp","href":"https:\/\/api.w.org\/{rel}","templated":true}]}}