{"id":6,"date":"2016-03-02T11:55:04","date_gmt":"2016-03-02T10:55:04","guid":{"rendered":"https:\/\/blog.univ-angers.fr\/banqueannalesistia\/?page_id=6"},"modified":"2020-10-18T15:59:22","modified_gmt":"2020-10-18T14:59:22","slug":"ei1-s1-bases-danalyses","status":"publish","type":"page","link":"https:\/\/blog.univ-angers.fr\/banqueannalesistia\/differentes-matieres\/ei1-s1-bases-danalyses\/","title":{"rendered":"Ei1-Semestre 1"},"content":{"rendered":"<p>Ce semestre se compose de plusieurs unit\u00e9s d&rsquo;enseignement qui sont r\u00e9capitul\u00e9es dans le tableau qui suit. <\/p>\n<table>\n<tr>\n<td> <strong> UE1-1 Formation G\u00e9n\u00e9rale<\/strong> <\/td>\n<td><strong>7<\/strong><\/td>\n<\/tr>\n<tr>\n<td> Anglais <\/td>\n<td> 2 <\/td>\n<\/tr>\n<tr>\n<td> Allemand\/Espagnol <\/td>\n<td> 2 <\/td>\n<\/tr>\n<tr>\n<td> Expression Ecrite et Orale <\/td>\n<td> 2 <\/td>\n<\/tr>\n<tr>\n<td> Sport <\/td>\n<td> 1 <\/td>\n<\/tr>\n<\/table>\n<p><BR><BR><\/p>\n<table>\n<tr>\n<td> <strong>UE1-2 Maths \/ Informatique<\/strong> <\/td>\n<td> <strong>14<\/strong><\/td>\n<\/tr>\n<tr>\n<td> <a href=\"https:\/\/blog.univ-angers.fr\/banqueannalesistia\/differentes-matieres\/ei1-s1-bases-danalyses\/bases-danalyse\/\">Bases d&rsquo;Analyse<\/a> <\/td>\n<td> 4 <\/td>\n<\/tr>\n<tr>\n<td> <a href=\"https:\/\/blog.univ-angers.fr\/banqueannalesistia\/differentes-matieres\/ei1-s1-bases-danalyses\/bases-dalgebre\/\">Base d&rsquo;Alg\u00e8bre<\/a> <\/td>\n<td> 4 <\/td>\n<\/tr>\n<tr>\n<td>Culture num\u00e9rique<\/td>\n<td> 1 <\/td>\n<\/tr>\n<\/table>\n<p><BR><BR><\/p>\n<table>\n<tr>\n<td> <strong>UE1-3 Physique<\/strong> <\/td>\n<td> <strong>5<\/strong><\/td>\n<\/tr>\n<tr>\n<td> <a href=\"https:\/\/blog.univ-angers.fr\/banqueannalesistia\/differentes-matieres\/ei1-s1-bases-danalyses\/mecanique-du-point\/\">M\u00e9canique du Point<\/a> <\/td>\n<td> 3 <\/td>\n<\/tr>\n<tr>\n<td> <a href=\"https:\/\/blog.univ-angers.fr\/banqueannalesistia\/differentes-matieres\/ei1-s1-bases-danalyses\/thermodynamique\/\">Thermodynamique<\/a> <\/td>\n<td> 3 <\/td>\n<\/tr>\n<tr>\n<td><a href=\"https:\/\/blog.univ-angers.fr\/banqueannalesistia\/differentes-matieres\/ei1-s1-bases-danalyses\/electricite\/\">Electricit\u00e9 et Filtrage passif<\/a> <\/td>\n<td> 2 <\/td>\n<\/tr>\n<tr>\n<td> <a href=\"https:\/\/blog.univ-angers.fr\/banqueannalesistia\/differentes-matieres\/ei1-s1-bases-danalyses\/electronumerique\/\">Electronique Num\u00e9rique<\/a> <\/td>\n<td> 3 <\/td>\n<\/tr>\n<\/table>\n","protected":false},"excerpt":{"rendered":"<p>Ce semestre se compose de plusieurs unit\u00e9s d&rsquo;enseignement qui sont r\u00e9capitul\u00e9es dans le tableau qui suit. UE1-1 Formation G\u00e9n\u00e9rale 7 Anglais 2 Allemand\/Espagnol 2 Expression Ecrite et Orale 2 Sport 1 UE1-2 Maths \/ Informatique 14 Bases d&rsquo;Analyse 4 Base &hellip; <a href=\"https:\/\/blog.univ-angers.fr\/banqueannalesistia\/differentes-matieres\/ei1-s1-bases-danalyses\/\">Continuer la lecture <span class=\"meta-nav\">&rarr;<\/span><\/a><\/p>\n","protected":false},"author":31733,"featured_media":0,"parent":261,"menu_order":0,"comment_status":"open","ping_status":"open","template":"","meta":{"footnotes":""},"class_list":["post-6","page","type-page","status-publish","hentry"],"_links":{"self":[{"href":"https:\/\/blog.univ-angers.fr\/banqueannalesistia\/wp-json\/wp\/v2\/pages\/6","targetHints":{"allow":["GET"]}}],"collection":[{"href":"https:\/\/blog.univ-angers.fr\/banqueannalesistia\/wp-json\/wp\/v2\/pages"}],"about":[{"href":"https:\/\/blog.univ-angers.fr\/banqueannalesistia\/wp-json\/wp\/v2\/types\/page"}],"author":[{"embeddable":true,"href":"https:\/\/blog.univ-angers.fr\/banqueannalesistia\/wp-json\/wp\/v2\/users\/31733"}],"replies":[{"embeddable":true,"href":"https:\/\/blog.univ-angers.fr\/banqueannalesistia\/wp-json\/wp\/v2\/comments?post=6"}],"version-history":[{"count":2,"href":"https:\/\/blog.univ-angers.fr\/banqueannalesistia\/wp-json\/wp\/v2\/pages\/6\/revisions"}],"predecessor-version":[{"id":401,"href":"https:\/\/blog.univ-angers.fr\/banqueannalesistia\/wp-json\/wp\/v2\/pages\/6\/revisions\/401"}],"up":[{"embeddable":true,"href":"https:\/\/blog.univ-angers.fr\/banqueannalesistia\/wp-json\/wp\/v2\/pages\/261"}],"wp:attachment":[{"href":"https:\/\/blog.univ-angers.fr\/banqueannalesistia\/wp-json\/wp\/v2\/media?parent=6"}],"curies":[{"name":"wp","href":"https:\/\/api.w.org\/{rel}","templated":true}]}}