{"id":427,"date":"2016-05-19T10:36:45","date_gmt":"2016-05-19T09:36:45","guid":{"rendered":"https:\/\/blog.univ-angers.fr\/banqueannalesistia\/?page_id=427"},"modified":"2016-05-19T12:48:55","modified_gmt":"2016-05-19T11:48:55","slug":"projets-ei2","status":"publish","type":"page","link":"https:\/\/blog.univ-angers.fr\/banqueannalesistia\/differentes-matieres\/ei2-semestre-2\/projets-ei2\/","title":{"rendered":"Projet de Conception"},"content":{"rendered":"<p>En deuxi\u00e8me ann\u00e9e de cycle pr\u00e9pa votre second semestre sera rempli de projets, notamment celui de Projet de Conception. En d\u00e9but de deuxi\u00e8me semestre le responsable des projets M.LAGRANGE va vous faire choisir un sujet par groupe de 3 \u00e0 5 \u00e9l\u00e8ves selon l&rsquo;ampleur du projet, vous aurez alors un professeur r\u00e9f\u00e9rent qui saura vous guider et valider vos \u00e9tapes ! <\/p>\n<p><strong>Voici un bref aper\u00e7u des projets des ann\u00e9es pr\u00e9c\u00e9dentes ! <\/strong> <\/p>\n<p><a href=\"https:\/\/blog.univ-angers.fr\/istiaprojetsei2\/category\/20142015\/\"><br \/>\n<img decoding=\"async\" src=\"https:\/\/blog.univ-angers.fr\/banqueannalesistia\/files\/2016\/05\/Aper%C3%A7u-site-projet-Ei2.jpg\" alt=\"https:\/\/blog.univ-angers.fr\/banqueannalesistia\/files\/2016\/05\/Aper%C3%A7u-site-projet-Ei2.jpg\" \/><\/a><\/p>\n","protected":false},"excerpt":{"rendered":"<p>En deuxi\u00e8me ann\u00e9e de cycle pr\u00e9pa votre second semestre sera rempli de projets, notamment celui de Projet de Conception. En d\u00e9but de deuxi\u00e8me semestre le responsable des projets M.LAGRANGE va vous faire choisir un sujet par groupe de 3 \u00e0 &hellip; <a href=\"https:\/\/blog.univ-angers.fr\/banqueannalesistia\/differentes-matieres\/ei2-semestre-2\/projets-ei2\/\">Continuer la lecture <span class=\"meta-nav\">&rarr;<\/span><\/a><\/p>\n","protected":false},"author":31733,"featured_media":0,"parent":12,"menu_order":0,"comment_status":"open","ping_status":"open","template":"","meta":{"footnotes":""},"class_list":["post-427","page","type-page","status-publish","hentry"],"_links":{"self":[{"href":"https:\/\/blog.univ-angers.fr\/banqueannalesistia\/wp-json\/wp\/v2\/pages\/427","targetHints":{"allow":["GET"]}}],"collection":[{"href":"https:\/\/blog.univ-angers.fr\/banqueannalesistia\/wp-json\/wp\/v2\/pages"}],"about":[{"href":"https:\/\/blog.univ-angers.fr\/banqueannalesistia\/wp-json\/wp\/v2\/types\/page"}],"author":[{"embeddable":true,"href":"https:\/\/blog.univ-angers.fr\/banqueannalesistia\/wp-json\/wp\/v2\/users\/31733"}],"replies":[{"embeddable":true,"href":"https:\/\/blog.univ-angers.fr\/banqueannalesistia\/wp-json\/wp\/v2\/comments?post=427"}],"version-history":[{"count":1,"href":"https:\/\/blog.univ-angers.fr\/banqueannalesistia\/wp-json\/wp\/v2\/pages\/427\/revisions"}],"predecessor-version":[{"id":429,"href":"https:\/\/blog.univ-angers.fr\/banqueannalesistia\/wp-json\/wp\/v2\/pages\/427\/revisions\/429"}],"up":[{"embeddable":true,"href":"https:\/\/blog.univ-angers.fr\/banqueannalesistia\/wp-json\/wp\/v2\/pages\/12"}],"wp:attachment":[{"href":"https:\/\/blog.univ-angers.fr\/banqueannalesistia\/wp-json\/wp\/v2\/media?parent=427"}],"curies":[{"name":"wp","href":"https:\/\/api.w.org\/{rel}","templated":true}]}}