{"id":42,"date":"2016-03-03T10:16:54","date_gmt":"2016-03-03T09:16:54","guid":{"rendered":"https:\/\/blog.univ-angers.fr\/banqueannalesistia\/?page_id=42"},"modified":"2020-01-15T22:23:14","modified_gmt":"2020-01-15T21:23:14","slug":"gestion-de-production","status":"publish","type":"page","link":"https:\/\/blog.univ-angers.fr\/banqueannalesistia\/differentes-matieres\/ei2-semestre-1\/gestion-de-production\/","title":{"rendered":"Organisation Industrielle"},"content":{"rendered":"<p>Le professeur en charge de la mati\u00e8re ne souhaite pas mettre \u00e0 disposition les anciens contr\u00f4les, en revanche pour pr\u00e9parer au mieux le contr\u00f4le il propose de refaire des TD.<\/p>\n","protected":false},"excerpt":{"rendered":"<p>Le professeur en charge de la mati\u00e8re ne souhaite pas mettre \u00e0 disposition les anciens contr\u00f4les, en revanche pour pr\u00e9parer au mieux le contr\u00f4le il propose de refaire des TD.<\/p>\n","protected":false},"author":31733,"featured_media":0,"parent":11,"menu_order":0,"comment_status":"open","ping_status":"open","template":"","meta":{"footnotes":""},"class_list":["post-42","page","type-page","status-publish","hentry"],"_links":{"self":[{"href":"https:\/\/blog.univ-angers.fr\/banqueannalesistia\/wp-json\/wp\/v2\/pages\/42","targetHints":{"allow":["GET"]}}],"collection":[{"href":"https:\/\/blog.univ-angers.fr\/banqueannalesistia\/wp-json\/wp\/v2\/pages"}],"about":[{"href":"https:\/\/blog.univ-angers.fr\/banqueannalesistia\/wp-json\/wp\/v2\/types\/page"}],"author":[{"embeddable":true,"href":"https:\/\/blog.univ-angers.fr\/banqueannalesistia\/wp-json\/wp\/v2\/users\/31733"}],"replies":[{"embeddable":true,"href":"https:\/\/blog.univ-angers.fr\/banqueannalesistia\/wp-json\/wp\/v2\/comments?post=42"}],"version-history":[{"count":1,"href":"https:\/\/blog.univ-angers.fr\/banqueannalesistia\/wp-json\/wp\/v2\/pages\/42\/revisions"}],"predecessor-version":[{"id":630,"href":"https:\/\/blog.univ-angers.fr\/banqueannalesistia\/wp-json\/wp\/v2\/pages\/42\/revisions\/630"}],"up":[{"embeddable":true,"href":"https:\/\/blog.univ-angers.fr\/banqueannalesistia\/wp-json\/wp\/v2\/pages\/11"}],"wp:attachment":[{"href":"https:\/\/blog.univ-angers.fr\/banqueannalesistia\/wp-json\/wp\/v2\/media?parent=42"}],"curies":[{"name":"wp","href":"https:\/\/api.w.org\/{rel}","templated":true}]}}