{"id":31,"date":"2016-03-03T09:54:14","date_gmt":"2016-03-03T08:54:14","guid":{"rendered":"https:\/\/blog.univ-angers.fr\/banqueannalesistia\/?page_id=31"},"modified":"2021-01-27T14:13:28","modified_gmt":"2021-01-27T13:13:28","slug":"dimensionnement-de-systemes-mecaniques","status":"publish","type":"page","link":"https:\/\/blog.univ-angers.fr\/banqueannalesistia\/differentes-matieres\/ei2-semestre-1\/dimensionnement-de-systemes-mecaniques\/","title":{"rendered":"Analyse des syst\u00e8mes m\u00e9caniques"},"content":{"rendered":"<p><a href=\"https:\/\/blog.univ-angers.fr\/banqueannalesistia\/files\/2016\/03\/Dimensionnement-des-Syst\u00e8mes-M\u00e9caniques-CC1-2014-2015.pdf\">Analyse des Syst\u00e8mes M\u00e9caniques CC1 2014-2015<\/a><br \/>\n<a href=\"https:\/\/blog.univ-angers.fr\/banqueannalesistia\/files\/2016\/11\/Dimensionnement-des-Syst\u00e8mes-M\u00e9caniques-CC1-2015-2016.pdf\">Analyse des Syst\u00e8mes M\u00e9caniques CC1 2015-2016<\/a><br \/>\n<a href=\"https:\/\/blog.univ-angers.fr\/banqueannalesistia\/files\/2017\/06\/Dimensionnement-des-Syst\u00e8mes-M\u00e9caniques-CC1-2016-2017.pdf\">Analyse des Syst\u00e8mes M\u00e9caniques CC1 2016-2017<\/a><br \/>\n<a href=\"https:\/\/blog.univ-angers.fr\/banqueannalesistia\/files\/2021\/01\/CC1-Analyse-Syst\u00e8mes-M\u00e9caniques-2A-2020-2021.pdf\">Analyse des Syst\u00e8mes M\u00e9caniques CC1 2020-2021<\/a><\/p>\n<p><a href=\"https:\/\/blog.univ-angers.fr\/banqueannalesistia\/files\/2016\/03\/Dimensionnement-de-Syst\u00e8mes-M\u00e9caniques-CC2-2013-2014.pdf\">Analyse des Syst\u00e8mes M\u00e9caniques CC2 2013-2014<\/a><br \/>\n<a href=\"https:\/\/blog.univ-angers.fr\/banqueannalesistia\/files\/2016\/03\/Dimensionnement-des-Syst\u00e8mes-M\u00e9caniques-CC2-2014-2015.pdf\">Analyse des Syst\u00e8mes M\u00e9caniques CC2 2014-2015<\/a><br \/>\n<a href=\"https:\/\/blog.univ-angers.fr\/banqueannalesistia\/files\/2017\/01\/Dimensionnement-des-Syst\u00e8mes-M\u00e9caniques-CC2-2015-2016.pdf\">Analyse des Syst\u00e8mes M\u00e9caniques CC2 2015-2016<\/a><br \/>\n<a href=\"https:\/\/blog.univ-angers.fr\/banqueannalesistia\/files\/2017\/06\/Dimensionnement-des-Syst\u00e8mes-M\u00e9caniques-CC2-2016-2017.pdf\">Analyse des Syst\u00e8mes M\u00e9caniques CC2 2016-2017<\/a><br \/>\n<a href=\"https:\/\/blog.univ-angers.fr\/banqueannalesistia\/files\/2019\/11\/Analyse-des-Syst\u00e8mes-M\u00e9caniques-CC2-2018-2019.pdf\">Analyse des Syst\u00e8mes M\u00e9caniques CC2 2018-2019<\/a><br \/>\n<a href=\"https:\/\/blog.univ-angers.fr\/banqueannalesistia\/files\/2021\/01\/CC2-Analyse-Syst\u00e8mes-M\u00e9caniques-2A-2020-2021.pdf\">Analyse des Syst\u00e8mes M\u00e9caniques CC2 2020-2021<\/a><\/p>\n","protected":false},"excerpt":{"rendered":"<p>Analyse des Syst\u00e8mes M\u00e9caniques CC1 2014-2015 Analyse des Syst\u00e8mes M\u00e9caniques CC1 2015-2016 Analyse des Syst\u00e8mes M\u00e9caniques CC1 2016-2017 Analyse des Syst\u00e8mes M\u00e9caniques CC1 2020-2021 Analyse des Syst\u00e8mes M\u00e9caniques CC2 2013-2014 Analyse des Syst\u00e8mes M\u00e9caniques CC2 2014-2015 Analyse des Syst\u00e8mes M\u00e9caniques &hellip; <a href=\"https:\/\/blog.univ-angers.fr\/banqueannalesistia\/differentes-matieres\/ei2-semestre-1\/dimensionnement-de-systemes-mecaniques\/\">Continuer la lecture <span class=\"meta-nav\">&rarr;<\/span><\/a><\/p>\n","protected":false},"author":31733,"featured_media":0,"parent":11,"menu_order":0,"comment_status":"open","ping_status":"open","template":"","meta":{"footnotes":""},"class_list":["post-31","page","type-page","status-publish","hentry"],"_links":{"self":[{"href":"https:\/\/blog.univ-angers.fr\/banqueannalesistia\/wp-json\/wp\/v2\/pages\/31","targetHints":{"allow":["GET"]}}],"collection":[{"href":"https:\/\/blog.univ-angers.fr\/banqueannalesistia\/wp-json\/wp\/v2\/pages"}],"about":[{"href":"https:\/\/blog.univ-angers.fr\/banqueannalesistia\/wp-json\/wp\/v2\/types\/page"}],"author":[{"embeddable":true,"href":"https:\/\/blog.univ-angers.fr\/banqueannalesistia\/wp-json\/wp\/v2\/users\/31733"}],"replies":[{"embeddable":true,"href":"https:\/\/blog.univ-angers.fr\/banqueannalesistia\/wp-json\/wp\/v2\/comments?post=31"}],"version-history":[{"count":3,"href":"https:\/\/blog.univ-angers.fr\/banqueannalesistia\/wp-json\/wp\/v2\/pages\/31\/revisions"}],"predecessor-version":[{"id":851,"href":"https:\/\/blog.univ-angers.fr\/banqueannalesistia\/wp-json\/wp\/v2\/pages\/31\/revisions\/851"}],"up":[{"embeddable":true,"href":"https:\/\/blog.univ-angers.fr\/banqueannalesistia\/wp-json\/wp\/v2\/pages\/11"}],"wp:attachment":[{"href":"https:\/\/blog.univ-angers.fr\/banqueannalesistia\/wp-json\/wp\/v2\/media?parent=31"}],"curies":[{"name":"wp","href":"https:\/\/api.w.org\/{rel}","templated":true}]}}