{"id":30,"date":"2016-03-03T09:53:42","date_gmt":"2016-03-03T08:53:42","guid":{"rendered":"https:\/\/blog.univ-angers.fr\/banqueannalesistia\/?page_id=30"},"modified":"2017-06-10T20:01:36","modified_gmt":"2017-06-10T19:01:36","slug":"genie-des-procedes","status":"publish","type":"page","link":"https:\/\/blog.univ-angers.fr\/banqueannalesistia\/differentes-matieres\/ei2-semestre-1\/genie-des-procedes\/","title":{"rendered":"G\u00e9nie des proc\u00e9d\u00e9s"},"content":{"rendered":"<p><strong>Nous allons voir quoi ? Notions cl\u00e9s :<\/strong><\/p>\n<ul>\n<li>Thermochimie<\/li>\n<li>Enthalpie libre<\/li>\n<li>Cin\u00e9tique chimique<\/li>\n<li>Loi d\u2019Arrh\u00e9nius<\/li>\n<li>Electrochimie<\/li>\n<li>Piles<\/li>\n<li>Electrolyse<\/li>\n<li>Corrosion<\/li>\n<li>Combustion<\/li>\n<\/ul>\n<p><strong>Examens pr\u00e9c\u00e9dents :<\/strong><\/p>\n<p><a href=\"https:\/\/blog.univ-angers.fr\/banqueannalesistia\/files\/2016\/03\/G\u00e9nie-des-Proc\u00e9des-CC1-2014-2015.pdf\">G\u00e9nie des Proc\u00e9des CC1 2014-2015<\/a><br \/>\n<a href=\"https:\/\/blog.univ-angers.fr\/banqueannalesistia\/files\/2017\/03\/G\u00e9nie-des-Proc\u00e9d\u00e9s-CC1-2015-2016.pdf\">G\u00e9nie des Proc\u00e9d\u00e9s CC1 2015-2016<\/a><br \/>\n<a href=\"https:\/\/blog.univ-angers.fr\/banqueannalesistia\/files\/2017\/06\/G\u00e9nie-des-Proc\u00e9des-CC1-2016-2017.pdf\">G\u00e9nie des Proc\u00e9des CC1 2016-2017<\/a><\/p>\n<p><a href=\"https:\/\/blog.univ-angers.fr\/banqueannalesistia\/files\/2016\/03\/G\u00e9nie-des-Proc\u00e9d\u00e9s-CC2-2014-2015.pdf\">G\u00e9nie des Proc\u00e9d\u00e9s CC2 2014-2015<\/a><br \/>\n<a href=\"https:\/\/blog.univ-angers.fr\/banqueannalesistia\/files\/2017\/02\/G\u00e9nie-des-Proc\u00e9d\u00e9s-CC2-2015-2016.pdf\">G\u00e9nie des Proc\u00e9d\u00e9s CC2 2015-2016<\/a><br \/>\n<a href=\"https:\/\/blog.univ-angers.fr\/banqueannalesistia\/files\/2017\/06\/G\u00e9nie-des-Proc\u00e9des-CC2-2016-2017.pdf\">G\u00e9nie des Proc\u00e9des CC2 2016-2017<\/a><\/p>\n<p><strong>Qui nous enseigne ?\u00a0<\/strong><br \/>\n<span style=\"text-decoration: underline\">Professeur de cours Magistraux<\/span> :<br \/>\nMme. RICHARD Emmanuelle (emmanuelle.richard@univ-angers.fr), ISTIA bureau 313<br \/>\n<span style=\"text-decoration: underline\">Responsables des Travaux Dirig\u00e9s<\/span> :<br \/>\nMme. RICHARD Emmanuelle (emmanuelle.richard@univ-angers.fr), ISTIA bureau 313<\/p>\n","protected":false},"excerpt":{"rendered":"<p>Nous allons voir quoi ? Notions cl\u00e9s : Thermochimie Enthalpie libre Cin\u00e9tique chimique Loi d\u2019Arrh\u00e9nius Electrochimie Piles Electrolyse Corrosion Combustion Examens pr\u00e9c\u00e9dents : G\u00e9nie des Proc\u00e9des CC1 2014-2015 G\u00e9nie des Proc\u00e9d\u00e9s CC1 2015-2016 G\u00e9nie des Proc\u00e9des CC1 2016-2017 G\u00e9nie des &hellip; <a href=\"https:\/\/blog.univ-angers.fr\/banqueannalesistia\/differentes-matieres\/ei2-semestre-1\/genie-des-procedes\/\">Continuer la lecture <span class=\"meta-nav\">&rarr;<\/span><\/a><\/p>\n","protected":false},"author":31733,"featured_media":0,"parent":11,"menu_order":0,"comment_status":"open","ping_status":"open","template":"","meta":{"footnotes":""},"class_list":["post-30","page","type-page","status-publish","hentry"],"_links":{"self":[{"href":"https:\/\/blog.univ-angers.fr\/banqueannalesistia\/wp-json\/wp\/v2\/pages\/30","targetHints":{"allow":["GET"]}}],"collection":[{"href":"https:\/\/blog.univ-angers.fr\/banqueannalesistia\/wp-json\/wp\/v2\/pages"}],"about":[{"href":"https:\/\/blog.univ-angers.fr\/banqueannalesistia\/wp-json\/wp\/v2\/types\/page"}],"author":[{"embeddable":true,"href":"https:\/\/blog.univ-angers.fr\/banqueannalesistia\/wp-json\/wp\/v2\/users\/31733"}],"replies":[{"embeddable":true,"href":"https:\/\/blog.univ-angers.fr\/banqueannalesistia\/wp-json\/wp\/v2\/comments?post=30"}],"version-history":[{"count":2,"href":"https:\/\/blog.univ-angers.fr\/banqueannalesistia\/wp-json\/wp\/v2\/pages\/30\/revisions"}],"predecessor-version":[{"id":636,"href":"https:\/\/blog.univ-angers.fr\/banqueannalesistia\/wp-json\/wp\/v2\/pages\/30\/revisions\/636"}],"up":[{"embeddable":true,"href":"https:\/\/blog.univ-angers.fr\/banqueannalesistia\/wp-json\/wp\/v2\/pages\/11"}],"wp:attachment":[{"href":"https:\/\/blog.univ-angers.fr\/banqueannalesistia\/wp-json\/wp\/v2\/media?parent=30"}],"curies":[{"name":"wp","href":"https:\/\/api.w.org\/{rel}","templated":true}]}}