{"id":27,"date":"2016-03-03T09:51:57","date_gmt":"2016-03-03T08:51:57","guid":{"rendered":"https:\/\/blog.univ-angers.fr\/banqueannalesistia\/?page_id=27"},"modified":"2021-01-27T13:46:08","modified_gmt":"2021-01-27T12:46:08","slug":"complements-dalgebre","status":"publish","type":"page","link":"https:\/\/blog.univ-angers.fr\/banqueannalesistia\/differentes-matieres\/ei2-semestre-1\/complements-dalgebre\/","title":{"rendered":"Compl\u00e9ments d&rsquo;Alg\u00e8bre"},"content":{"rendered":"<p><a href=\"https:\/\/blog.univ-angers.fr\/banqueannalesistia\/files\/2016\/03\/Compl\u00e9ments-dAlg\u00e8bre-CC1-2014-2015.pdf\">Compl\u00e9ments d&rsquo;Alg\u00e8bre CC1 2014-2015<\/a><br \/>\n<a href=\"https:\/\/blog.univ-angers.fr\/banqueannalesistia\/files\/2016\/12\/Compl\u00e9ments-d\u2019Alg\u00e8bre-CC1-2015-2016.pdf\">Compl\u00e9ments d\u2019Alg\u00e8bre CC1 2015-2016<\/a><br \/>\n<a href=\"https:\/\/blog.univ-angers.fr\/banqueannalesistia\/files\/2017\/06\/Compl\u00e9ments-d\u2019Alg\u00e8bre-CC1-2016-2017.pdf\">Compl\u00e9ments d\u2019Alg\u00e8bre CC1 2016-2017<\/a><br \/>\n<a href=\"https:\/\/blog.univ-angers.fr\/banqueannalesistia\/files\/2019\/10\/Compl\u00e9ments-d\u2019Alg\u00e8bre-CC1-2017-2018.pdf\">Compl\u00e9ments d\u2019Alg\u00e8bre CC1 2017-2018<\/a><br \/>\n<a href=\"https:\/\/blog.univ-angers.fr\/banqueannalesistia\/files\/2019\/10\/Compl\u00e9ments-d\u2019Alg\u00e8bre-CC1-2018-2019.pdf\">Compl\u00e9ments d\u2019Alg\u00e8bre CC1 2018-2019<\/a><br \/>\n<a href=\"https:\/\/blog.univ-angers.fr\/banqueannalesistia\/files\/2020\/10\/Compl%C3%A9ment-dalg%C3%A8bre-CC-2019-2020.pdf\">Compl\u00e9ments d\u2019Alg\u00e8bre CC1 2019-2020<\/a><br \/>\n<a href=\"https:\/\/blog.univ-angers.fr\/banqueannalesistia\/files\/2021\/01\/CC1alg\u00e8bre20202021.pdf\">Compl\u00e9ments d\u2019Alg\u00e8bre CC1 2020-2021<\/a><br \/>\n<a href=\"https:\/\/blog.univ-angers.fr\/banqueannalesistia\/files\/2021\/01\/CC1coralg\u00e8bre20202021.pdf\">corrig\u00e9 CC1 2020-2021<\/a><\/p>\n<p><a href=\"https:\/\/blog.univ-angers.fr\/banqueannalesistia\/files\/2016\/12\/Compl\u00e9ments-d\u2019Alg\u00e8bre-CC2-2015-2016.pdf\">Compl\u00e9ments d\u2019Alg\u00e8bre CC2 2015-2016<\/a><br \/>\n<a href=\"https:\/\/blog.univ-angers.fr\/banqueannalesistia\/files\/2017\/06\/Compl\u00e9ments-d\u2019Alg\u00e8bre-CC2-2016-2017.pdf\">Compl\u00e9ments d\u2019Alg\u00e8bre CC2 2016-2017<\/a><br \/>\n<a href=\"https:\/\/blog.univ-angers.fr\/banqueannalesistia\/files\/2019\/10\/Compl\u00e9ments-d\u2019Alg\u00e8bre-CC2-2017-2018.pdf\">Compl\u00e9ments d\u2019Alg\u00e8bre CC2 2017-2018<\/a><br \/>\n<a href=\"https:\/\/blog.univ-angers.fr\/banqueannalesistia\/files\/2019\/10\/Compl\u00e9ments-d\u2019Alg\u00e8bre-CC2-2018-2019.pdf\">Compl\u00e9ments d\u2019Alg\u00e8bre CC2 2018-2019<\/a><br \/>\n<a href=\"https:\/\/blog.univ-angers.fr\/banqueannalesistia\/files\/2021\/01\/CC2alg\u00e8bre20202021.pdf\">Compl\u00e9ments d\u2019Alg\u00e8bre CC2 2020-2021<\/a><br \/>\n<a href=\"https:\/\/blog.univ-angers.fr\/banqueannalesistia\/files\/2021\/01\/CC2coralg\u00e8bre20202021.pdf\">Corrig\u00e9 CC2 2020-2021<\/a><\/p>\n","protected":false},"excerpt":{"rendered":"<p>Compl\u00e9ments d&rsquo;Alg\u00e8bre CC1 2014-2015 Compl\u00e9ments d\u2019Alg\u00e8bre CC1 2015-2016 Compl\u00e9ments d\u2019Alg\u00e8bre CC1 2016-2017 Compl\u00e9ments d\u2019Alg\u00e8bre CC1 2017-2018 Compl\u00e9ments d\u2019Alg\u00e8bre CC1 2018-2019 Compl\u00e9ments d\u2019Alg\u00e8bre CC1 2019-2020 Compl\u00e9ments d\u2019Alg\u00e8bre CC1 2020-2021 corrig\u00e9 CC1 2020-2021 Compl\u00e9ments d\u2019Alg\u00e8bre CC2 2015-2016 Compl\u00e9ments d\u2019Alg\u00e8bre CC2 2016-2017 Compl\u00e9ments &hellip; <a href=\"https:\/\/blog.univ-angers.fr\/banqueannalesistia\/differentes-matieres\/ei2-semestre-1\/complements-dalgebre\/\">Continuer la lecture <span class=\"meta-nav\">&rarr;<\/span><\/a><\/p>\n","protected":false},"author":31733,"featured_media":0,"parent":11,"menu_order":0,"comment_status":"open","ping_status":"open","template":"","meta":{"footnotes":""},"class_list":["post-27","page","type-page","status-publish","hentry"],"_links":{"self":[{"href":"https:\/\/blog.univ-angers.fr\/banqueannalesistia\/wp-json\/wp\/v2\/pages\/27","targetHints":{"allow":["GET"]}}],"collection":[{"href":"https:\/\/blog.univ-angers.fr\/banqueannalesistia\/wp-json\/wp\/v2\/pages"}],"about":[{"href":"https:\/\/blog.univ-angers.fr\/banqueannalesistia\/wp-json\/wp\/v2\/types\/page"}],"author":[{"embeddable":true,"href":"https:\/\/blog.univ-angers.fr\/banqueannalesistia\/wp-json\/wp\/v2\/users\/31733"}],"replies":[{"embeddable":true,"href":"https:\/\/blog.univ-angers.fr\/banqueannalesistia\/wp-json\/wp\/v2\/comments?post=27"}],"version-history":[{"count":5,"href":"https:\/\/blog.univ-angers.fr\/banqueannalesistia\/wp-json\/wp\/v2\/pages\/27\/revisions"}],"predecessor-version":[{"id":844,"href":"https:\/\/blog.univ-angers.fr\/banqueannalesistia\/wp-json\/wp\/v2\/pages\/27\/revisions\/844"}],"up":[{"embeddable":true,"href":"https:\/\/blog.univ-angers.fr\/banqueannalesistia\/wp-json\/wp\/v2\/pages\/11"}],"wp:attachment":[{"href":"https:\/\/blog.univ-angers.fr\/banqueannalesistia\/wp-json\/wp\/v2\/media?parent=27"}],"curies":[{"name":"wp","href":"https:\/\/api.w.org\/{rel}","templated":true}]}}