{"id":263,"date":"2016-04-21T12:56:24","date_gmt":"2016-04-21T11:56:24","guid":{"rendered":"https:\/\/blog.univ-angers.fr\/banqueannalesistia\/?page_id=263"},"modified":"2020-10-18T16:28:38","modified_gmt":"2020-10-18T15:28:38","slug":"qui-sommes-nous","status":"publish","type":"page","link":"https:\/\/blog.univ-angers.fr\/banqueannalesistia\/qui-sommes-nous\/","title":{"rendered":"Qui sommes nous ?"},"content":{"rendered":"<p>Nous sommes 3 \u00e9tudiants d\u2019Ei1 de l&rsquo;ann\u00e9e 2015-2016 au sein du cycle pr\u00e9paratoire de l&rsquo;ISTIA devenu Polytech ANGERS en janvier 2019.<br \/>\nNous avons comme projet de r\u00e9aliser une base de donn\u00e9es des annales des ann\u00e9es pr\u00e9c\u00e9dentes pour faciliter les r\u00e9visions des \u00e9tudiants du cycle pr\u00e9paratoire.<br \/>\nSi vous souhaitez avoir des informations compl\u00e9mentaires ou des remarques, envoyez nous un mail \u00e0 notre adresse banqueannalesistia@gmail.com .<br \/>\nBonne visite !<\/p>\n<p>Estelle Glaud<br \/>\nAlexandra Dion<br \/>\nMalo Gicquel<\/p>\n<p>Le site est actuellement g\u00e9r\u00e9 d&rsquo;une main de ma\u00eetre par Guillaume Tremblier et Julian Le Daim, et ce depuis octobre 2020. N&rsquo;h\u00e9sitez pas \u00e0 nous contacter pour nous rejoindre !<\/p>\n","protected":false},"excerpt":{"rendered":"<p>Nous sommes 3 \u00e9tudiants d\u2019Ei1 de l&rsquo;ann\u00e9e 2015-2016 au sein du cycle pr\u00e9paratoire de l&rsquo;ISTIA devenu Polytech ANGERS en janvier 2019. Nous avons comme projet de r\u00e9aliser une base de donn\u00e9es des annales des ann\u00e9es pr\u00e9c\u00e9dentes pour faciliter les r\u00e9visions &hellip; <a href=\"https:\/\/blog.univ-angers.fr\/banqueannalesistia\/qui-sommes-nous\/\">Continuer la lecture <span class=\"meta-nav\">&rarr;<\/span><\/a><\/p>\n","protected":false},"author":31733,"featured_media":0,"parent":0,"menu_order":4,"comment_status":"open","ping_status":"open","template":"","meta":{"footnotes":""},"class_list":["post-263","page","type-page","status-publish","hentry"],"_links":{"self":[{"href":"https:\/\/blog.univ-angers.fr\/banqueannalesistia\/wp-json\/wp\/v2\/pages\/263","targetHints":{"allow":["GET"]}}],"collection":[{"href":"https:\/\/blog.univ-angers.fr\/banqueannalesistia\/wp-json\/wp\/v2\/pages"}],"about":[{"href":"https:\/\/blog.univ-angers.fr\/banqueannalesistia\/wp-json\/wp\/v2\/types\/page"}],"author":[{"embeddable":true,"href":"https:\/\/blog.univ-angers.fr\/banqueannalesistia\/wp-json\/wp\/v2\/users\/31733"}],"replies":[{"embeddable":true,"href":"https:\/\/blog.univ-angers.fr\/banqueannalesistia\/wp-json\/wp\/v2\/comments?post=263"}],"version-history":[{"count":3,"href":"https:\/\/blog.univ-angers.fr\/banqueannalesistia\/wp-json\/wp\/v2\/pages\/263\/revisions"}],"predecessor-version":[{"id":404,"href":"https:\/\/blog.univ-angers.fr\/banqueannalesistia\/wp-json\/wp\/v2\/pages\/263\/revisions\/404"}],"wp:attachment":[{"href":"https:\/\/blog.univ-angers.fr\/banqueannalesistia\/wp-json\/wp\/v2\/media?parent=263"}],"curies":[{"name":"wp","href":"https:\/\/api.w.org\/{rel}","templated":true}]}}