{"id":262,"date":"2016-04-21T12:55:37","date_gmt":"2016-04-21T11:55:37","guid":{"rendered":"https:\/\/blog.univ-angers.fr\/banqueannalesistia\/?page_id=262"},"modified":"2020-10-19T09:50:20","modified_gmt":"2020-10-19T08:50:20","slug":"comment-ca-marche","status":"publish","type":"page","link":"https:\/\/blog.univ-angers.fr\/banqueannalesistia\/comment-ca-marche\/","title":{"rendered":"Pr\u00e9sentation"},"content":{"rendered":"<p>La banque d&rsquo;annales de Polytech Angers est un site internet o\u00f9 il vous sera possible de retrouver, comme son nom l&rsquo;indique, les sujets de contr\u00f4les continus (CC) des ann\u00e9es pr\u00e9c\u00e9dentes.<br \/>\nCes derniers repr\u00e9sentent de bons moyens de s&rsquo;entra\u00eener et sont donc \u00e0 consommer sans mod\u00e9ration !<br \/>\nVous remarquerez que de nombreuses corrections sont manquantes, en effet ces derni\u00e8res sont difficiles \u00e0 obtenir, mais notre \u00e9quipe fera de son mieux afin de vous les d\u00e9goter.<\/p>\n<p>Cordialement,<br \/>\nL&rsquo;\u00e9quipe 2020-2021<\/p>\n","protected":false},"excerpt":{"rendered":"<p>La banque d&rsquo;annales de Polytech Angers est un site internet o\u00f9 il vous sera possible de retrouver, comme son nom l&rsquo;indique, les sujets de contr\u00f4les continus (CC) des ann\u00e9es pr\u00e9c\u00e9dentes. Ces derniers repr\u00e9sentent de bons moyens de s&rsquo;entra\u00eener et sont &hellip; <a href=\"https:\/\/blog.univ-angers.fr\/banqueannalesistia\/comment-ca-marche\/\">Continuer la lecture <span class=\"meta-nav\">&rarr;<\/span><\/a><\/p>\n","protected":false},"author":31733,"featured_media":0,"parent":0,"menu_order":0,"comment_status":"open","ping_status":"open","template":"","meta":{"footnotes":""},"class_list":["post-262","page","type-page","status-publish","hentry"],"_links":{"self":[{"href":"https:\/\/blog.univ-angers.fr\/banqueannalesistia\/wp-json\/wp\/v2\/pages\/262","targetHints":{"allow":["GET"]}}],"collection":[{"href":"https:\/\/blog.univ-angers.fr\/banqueannalesistia\/wp-json\/wp\/v2\/pages"}],"about":[{"href":"https:\/\/blog.univ-angers.fr\/banqueannalesistia\/wp-json\/wp\/v2\/types\/page"}],"author":[{"embeddable":true,"href":"https:\/\/blog.univ-angers.fr\/banqueannalesistia\/wp-json\/wp\/v2\/users\/31733"}],"replies":[{"embeddable":true,"href":"https:\/\/blog.univ-angers.fr\/banqueannalesistia\/wp-json\/wp\/v2\/comments?post=262"}],"version-history":[{"count":3,"href":"https:\/\/blog.univ-angers.fr\/banqueannalesistia\/wp-json\/wp\/v2\/pages\/262\/revisions"}],"predecessor-version":[{"id":830,"href":"https:\/\/blog.univ-angers.fr\/banqueannalesistia\/wp-json\/wp\/v2\/pages\/262\/revisions\/830"}],"wp:attachment":[{"href":"https:\/\/blog.univ-angers.fr\/banqueannalesistia\/wp-json\/wp\/v2\/media?parent=262"}],"curies":[{"name":"wp","href":"https:\/\/api.w.org\/{rel}","templated":true}]}}