{"id":261,"date":"2016-04-21T12:52:10","date_gmt":"2016-04-21T11:52:10","guid":{"rendered":"https:\/\/blog.univ-angers.fr\/banqueannalesistia\/?page_id=261"},"modified":"2020-10-19T10:36:06","modified_gmt":"2020-10-19T09:36:06","slug":"differentes-matieres","status":"publish","type":"page","link":"https:\/\/blog.univ-angers.fr\/banqueannalesistia\/differentes-matieres\/","title":{"rendered":"Les mati\u00e8res"},"content":{"rendered":"<p>Votre cursus en cycle pr\u00e9paratoire est divis\u00e9 en 4 semestres que voici : <\/p>\n<h1>Premi\u00e8re ann\u00e9e du cycle pr\u00e9paratoire Ei1:<\/h1>\n<ul>\n<li><a style=\"font-style: normal;text-align: center\" href=\"https:\/\/blog.univ-angers.fr\/banqueannalesistia\/differentes-matieres\/ei1-s1-bases-danalyses\/\">Semestre 1<\/a><\/li>\n<li><a style=\"font-style: normal;text-align: center\" href=\"https:\/\/blog.univ-angers.fr\/banqueannalesistia\/differentes-matieres\/ei1-semestre-2\/\">Semestre 2<\/a><\/li>\n<\/ul>\n<h1>Deuxi\u00e8me ann\u00e9e du cycle pr\u00e9paratoire Ei2:<\/h1>\n<ul>\n<li><a style=\"font-style: normal;text-align: center\" href=\"https:\/\/blog.univ-angers.fr\/banqueannalesistia\/differentes-matieres\/ei2-semestre-1\/\">Semestre 3<\/a><\/li>\n<li><a style=\"font-style: normal;text-align: center\" href=\"https:\/\/blog.univ-angers.fr\/banqueannalesistia\/differentes-matieres\/ei2-semestre-2\/\">Semestre 4<\/a><\/li>\n<\/ul>\n<p>Si vous voulez des informations compl\u00e9mentaires sur les mati\u00e8res du cycle pr\u00e9paratoire de Polytech ANGERS, voici le lien du <a href=\"http:\/\/www.polytech-angers.fr\/fr\/index\/odf-istia\/offre-de-formation.html\">cycle pr\u00e9paratoire<\/a>.<\/p>\n","protected":false},"excerpt":{"rendered":"<p>Votre cursus en cycle pr\u00e9paratoire est divis\u00e9 en 4 semestres que voici : Premi\u00e8re ann\u00e9e du cycle pr\u00e9paratoire Ei1: Semestre 1 Semestre 2 Deuxi\u00e8me ann\u00e9e du cycle pr\u00e9paratoire Ei2: Semestre 3 Semestre 4 Si vous voulez des informations compl\u00e9mentaires sur &hellip; <a href=\"https:\/\/blog.univ-angers.fr\/banqueannalesistia\/differentes-matieres\/\">Continuer la lecture <span class=\"meta-nav\">&rarr;<\/span><\/a><\/p>\n","protected":false},"author":31733,"featured_media":0,"parent":0,"menu_order":0,"comment_status":"open","ping_status":"open","template":"","meta":{"footnotes":""},"class_list":["post-261","page","type-page","status-publish","hentry"],"_links":{"self":[{"href":"https:\/\/blog.univ-angers.fr\/banqueannalesistia\/wp-json\/wp\/v2\/pages\/261","targetHints":{"allow":["GET"]}}],"collection":[{"href":"https:\/\/blog.univ-angers.fr\/banqueannalesistia\/wp-json\/wp\/v2\/pages"}],"about":[{"href":"https:\/\/blog.univ-angers.fr\/banqueannalesistia\/wp-json\/wp\/v2\/types\/page"}],"author":[{"embeddable":true,"href":"https:\/\/blog.univ-angers.fr\/banqueannalesistia\/wp-json\/wp\/v2\/users\/31733"}],"replies":[{"embeddable":true,"href":"https:\/\/blog.univ-angers.fr\/banqueannalesistia\/wp-json\/wp\/v2\/comments?post=261"}],"version-history":[{"count":3,"href":"https:\/\/blog.univ-angers.fr\/banqueannalesistia\/wp-json\/wp\/v2\/pages\/261\/revisions"}],"predecessor-version":[{"id":403,"href":"https:\/\/blog.univ-angers.fr\/banqueannalesistia\/wp-json\/wp\/v2\/pages\/261\/revisions\/403"}],"wp:attachment":[{"href":"https:\/\/blog.univ-angers.fr\/banqueannalesistia\/wp-json\/wp\/v2\/media?parent=261"}],"curies":[{"name":"wp","href":"https:\/\/api.w.org\/{rel}","templated":true}]}}