{"id":24,"date":"2016-03-02T12:14:24","date_gmt":"2016-03-02T11:14:24","guid":{"rendered":"https:\/\/blog.univ-angers.fr\/banqueannalesistia\/?page_id=24"},"modified":"2020-01-16T13:53:22","modified_gmt":"2020-01-16T12:53:22","slug":"probabilites-et-statistiques","status":"publish","type":"page","link":"https:\/\/blog.univ-angers.fr\/banqueannalesistia\/differentes-matieres\/ei1-semestre-2\/probabilites-et-statistiques\/","title":{"rendered":"Probabilit\u00e9s et Statistiques"},"content":{"rendered":"<p><strong>Mais qu\u2019est-ce que c\u2019est ?<\/strong>\u00a0<a href=\"http:\/\/www.techniques-ingenieur.fr\/base-documentaire\/sciences-fondamentales-th8\/probabilites-et-statistique-42101210\/probabilites-af166\/\">Techniques de l\u2019ing\u00e9nieur<\/a>,\u00a0<a href=\"https:\/\/fr.wikiversity.org\/wiki\/Probabilit%C3%A9s_sur_les_ensembles_finis\">Wikiversit\u00e9<\/a><\/p>\n<p><strong>Nous allons voir quoi ? Notions cl\u00e9s :<\/strong><\/p>\n<ul>\n<li>De nombreuses lois de probabilit\u00e9s<\/li>\n<li>Des approfondissements des acquis de Terminale<\/li>\n<li>Les variables al\u00e9atoires<\/li>\n<li>Des syst\u00e8mes \u00e0 deux variables<\/li>\n<\/ul>\n<p><strong>Examens pr\u00e9c\u00e9dents :<\/strong><\/p>\n<p><a href=\"https:\/\/blog.univ-angers.fr\/banqueannalesistia\/files\/2017\/03\/Probabilit\u00e9s-et-Statistiques-CC1-2015-2016.pdf\">Probabilit\u00e9s et Statistiques CC1 2015-2016<\/a><br \/>\n<a href=\"https:\/\/blog.univ-angers.fr\/banqueannalesistia\/files\/2017\/06\/Probabilit\u00e9s-et-Statistiques-CC1-2016-2017.pdf\">Probabilit\u00e9s et Statistiques CC1 2016-2017<\/a><br \/>\n<a href=\"https:\/\/blog.univ-angers.fr\/banqueannalesistia\/files\/2020\/01\/Probabilit\u00e9s-et-Statistiques-CC1-2017-2018.pdf\">Probabilit\u00e9s et Statistiques CC1 2017-2018<\/a><br \/>\n<a href=\"https:\/\/blog.univ-angers.fr\/banqueannalesistia\/files\/2020\/01\/Probabilit\u00e9s-et-Statistiques-CC1-2018-2019.pdf\">Probabilit\u00e9s et Statistiques CC1 2018-2019<\/a><\/p>\n<p><a href=\"https:\/\/blog.univ-angers.fr\/banqueannalesistia\/files\/2017\/03\/Probabilit\u00e9s-et-Statistiques-CC2-2015-2016.pdf\">Probabilit\u00e9s et Statistiques CC2 2015-2016<\/a><br \/>\n<a href=\"https:\/\/blog.univ-angers.fr\/banqueannalesistia\/files\/2017\/06\/Probabilit\u00e9s-et-Statistiques-CC2-2016-2017.pdf\">Probabilit\u00e9s et Statistiques CC2 2016-2017<\/a><br \/>\n<a href=\"https:\/\/blog.univ-angers.fr\/banqueannalesistia\/files\/2020\/01\/Probabilit\u00e9s-et-Statistiques-CC2-2017-2018.pdf\">Probabilit\u00e9s et Statistiques CC2 2017-2018<\/a><br \/>\n<a href=\"https:\/\/blog.univ-angers.fr\/banqueannalesistia\/files\/2020\/01\/Probabilit\u00e9s-et-Statistiques-CC2-2018-2019.pdf\">Probabilit\u00e9s et Statistiques CC2 2018-2019<\/a><\/p>\n<p><a href=\"https:\/\/blog.univ-angers.fr\/banqueannalesistia\/files\/2017\/03\/Probabilit\u00e9s-et-Statistiques-CC3-2015-2016.pdf\">Probabilit\u00e9s et Statistiques CC3 2015-2016<\/a><br \/>\n<a href=\"https:\/\/blog.univ-angers.fr\/banqueannalesistia\/files\/2017\/06\/Probabilit\u00e9s-et-Statistiques-CC3-2016-2017.pdf\">Probabilit\u00e9s et Statistiques CC3 2016-2017<\/a><br \/>\n<a href=\"https:\/\/blog.univ-angers.fr\/banqueannalesistia\/files\/2020\/01\/Probabilit\u00e9s-et-Statistiques-CC3-2017-2018.pdf\">Probabilit\u00e9s et Statistiques CC3 2017-2018<\/a><br \/>\n<a href=\"https:\/\/blog.univ-angers.fr\/banqueannalesistia\/files\/2020\/01\/Probabilit\u00e9s-et-Statistiques-CC3-2018-2019.pdf\">Probabilit\u00e9s et Statistiques CC3 2018-2019<\/a><\/p>\n<p><a href=\"https:\/\/blog.univ-angers.fr\/banqueannalesistia\/files\/2016\/04\/Probabilit\u00e9s-et-Statistiques-Rattrapage-2014-2015.pdf\">Probabilit\u00e9s et Statistiques Rattrapage 2014-2015<\/a><\/p>\n<p><strong>Tu as besoin d\u2019autres explications ? voici des liens vers d\u2019autres plateformes :<\/strong><\/p>\n<ul>\n<li><a href=\"https:\/\/www.youtube.com\/watch?v=dfCNw_npKmA\">Cours vid\u00e9o par Sa\u00efd Chermak<\/a><\/li>\n<li><a href=\"https:\/\/www.math.u-bordeaux.fr\/~creder\/Enseignement\/Miage02ProbasStats.pdf\">Cours en ligne par C. Reder IUP Bordeaux<\/a><\/li>\n<\/ul>\n<p><strong>Qui nous enseigne ?\u00a0<\/strong><br \/>\n<span style=\"text-decoration: underline\">Professeur de cours Magistraux<\/span> :<br \/>\nM.\u00a0TIPLICA Teodor\u00a0(teodor.tiplica[@]univ-angers.fr), ISTIA bureau 414<br \/>\n<span style=\"text-decoration: underline\">Responsables des Travaux Dirig\u00e9s<\/span> :<br \/>\nM.\u00a0TIPLICA Teodor\u00a0(teodor.tiplica[@]univ-angers.fr), ISTIA bureau 414<br \/>\nM. JOLLY Jean-Claude (jean-claude.jolly[@]univ-angers.fr), ISTIA bureau 314<\/p>\n","protected":false},"excerpt":{"rendered":"<p>Mais qu\u2019est-ce que c\u2019est ?\u00a0Techniques de l\u2019ing\u00e9nieur,\u00a0Wikiversit\u00e9 Nous allons voir quoi ? Notions cl\u00e9s : De nombreuses lois de probabilit\u00e9s Des approfondissements des acquis de Terminale Les variables al\u00e9atoires Des syst\u00e8mes \u00e0 deux variables Examens pr\u00e9c\u00e9dents : Probabilit\u00e9s et Statistiques &hellip; <a href=\"https:\/\/blog.univ-angers.fr\/banqueannalesistia\/differentes-matieres\/ei1-semestre-2\/probabilites-et-statistiques\/\">Continuer la lecture <span class=\"meta-nav\">&rarr;<\/span><\/a><\/p>\n","protected":false},"author":31339,"featured_media":0,"parent":10,"menu_order":0,"comment_status":"open","ping_status":"open","template":"","meta":{"footnotes":""},"class_list":["post-24","page","type-page","status-publish","hentry"],"_links":{"self":[{"href":"https:\/\/blog.univ-angers.fr\/banqueannalesistia\/wp-json\/wp\/v2\/pages\/24","targetHints":{"allow":["GET"]}}],"collection":[{"href":"https:\/\/blog.univ-angers.fr\/banqueannalesistia\/wp-json\/wp\/v2\/pages"}],"about":[{"href":"https:\/\/blog.univ-angers.fr\/banqueannalesistia\/wp-json\/wp\/v2\/types\/page"}],"author":[{"embeddable":true,"href":"https:\/\/blog.univ-angers.fr\/banqueannalesistia\/wp-json\/wp\/v2\/users\/31339"}],"replies":[{"embeddable":true,"href":"https:\/\/blog.univ-angers.fr\/banqueannalesistia\/wp-json\/wp\/v2\/comments?post=24"}],"version-history":[{"count":3,"href":"https:\/\/blog.univ-angers.fr\/banqueannalesistia\/wp-json\/wp\/v2\/pages\/24\/revisions"}],"predecessor-version":[{"id":705,"href":"https:\/\/blog.univ-angers.fr\/banqueannalesistia\/wp-json\/wp\/v2\/pages\/24\/revisions\/705"}],"up":[{"embeddable":true,"href":"https:\/\/blog.univ-angers.fr\/banqueannalesistia\/wp-json\/wp\/v2\/pages\/10"}],"wp:attachment":[{"href":"https:\/\/blog.univ-angers.fr\/banqueannalesistia\/wp-json\/wp\/v2\/media?parent=24"}],"curies":[{"name":"wp","href":"https:\/\/api.w.org\/{rel}","templated":true}]}}