{"id":22,"date":"2016-03-02T12:13:48","date_gmt":"2016-03-02T11:13:48","guid":{"rendered":"https:\/\/blog.univ-angers.fr\/banqueannalesistia\/?page_id=22"},"modified":"2017-06-23T19:16:05","modified_gmt":"2017-06-23T18:16:05","slug":"electronumerique","status":"publish","type":"page","link":"https:\/\/blog.univ-angers.fr\/banqueannalesistia\/differentes-matieres\/ei1-s1-bases-danalyses\/electronumerique\/","title":{"rendered":"Electronique num\u00e9rique"},"content":{"rendered":"<p><strong>Mais qu\u2019est-ce que c\u2019est ?<\/strong>\u00a0<a href=\"http:\/\/www.techniques-ingenieur.fr\/base-documentaire\/electronique-automatique-th13\/electronique-ti350\/\">Techniques de l&rsquo;ing\u00e9nieur<\/a>\u00a0, <a href=\"https:\/\/fr.wikiversity.org\/wiki\/Introduction_%C3%A0_l%27%C3%A9lectronique_num%C3%A9rique\">Wikiversit\u00e9<\/a><\/p>\n<p><strong>Nous allons voir quoi ? Notions cl\u00e9s :<\/strong><\/p>\n<ul>\n<li>Logique binaire et combinatoire<\/li>\n<li>Diff\u00e9rentes bases d&rsquo;\u00e9criture<\/li>\n<li>Les s\u00e9quenceurs<\/li>\n<li>Les compteurs<\/li>\n<\/ul>\n<p><strong>Examens pr\u00e9c\u00e9dents :\u00a0<\/strong><\/p>\n<p><a href=\"https:\/\/blog.univ-angers.fr\/banqueannalesistia\/files\/2016\/03\/Electronique-Num\u00e9rique-CC1-2013-2014.pdf\">Electronique Num\u00e9rique CC1 2013-2014<\/a><br \/>\n<a href=\"https:\/\/blog.univ-angers.fr\/banqueannalesistia\/files\/2016\/03\/Electronique-Num\u00e9rique-CC1-2015-2016.pdf\">Electronique Num\u00e9rique CC1 2015-2016<\/a><br \/>\n<a href=\"https:\/\/blog.univ-angers.fr\/banqueannalesistia\/files\/2017\/06\/Electronique-Num\u00e9rique-CC1-2016-2017.pdf\">Electronique Num\u00e9rique CC1 2016-2017<\/a><\/p>\n<p><a href=\"https:\/\/blog.univ-angers.fr\/banqueannalesistia\/files\/2016\/03\/Electronique-Num\u00e9rique-CC2-2013-2014.pdf\">Electronique Num\u00e9rique CC2 2013-2014<\/a><br \/>\n<a href=\"https:\/\/blog.univ-angers.fr\/banqueannalesistia\/files\/2016\/03\/Electronique-Num\u00e9rique-CC2-2014-2015.pdf\">Electronique Num\u00e9rique CC2 2014-2015<\/a><br \/>\n<a href=\"https:\/\/blog.univ-angers.fr\/banqueannalesistia\/files\/2016\/04\/Electronique-Num\u00e9rique-CC2-2015-2016.pdf\">Electronique Num\u00e9rique CC2 2015-2016<\/a><br \/>\n<a href=\"https:\/\/blog.univ-angers.fr\/banqueannalesistia\/files\/2017\/06\/Electronique-Num\u00e9rique-CC2-2016-2017.pdf\">Electronique Num\u00e9rique CC2 2016-2017<\/a><\/p>\n<p><strong>Tu as besoin d\u2019autres explications ? voici des liens vers d\u2019autres plateformes :<\/strong><\/p>\n<ul>\n<li><a href=\"https:\/\/www.youtube.com\/watch?v=E_-eaA5PoR4\">Cours vid\u00e9o par Ensa Easylearn<\/a><\/li>\n<li><a href=\"http:\/\/fabrice.sincere.pagesperso-orange.fr\/cm_electronique\/cours%20electronique\/cours%20electronique%20numerique.pdf\">Cours en ligne Fabrice Sinc\u00e8re, enseignant IUT<\/a><\/li>\n<\/ul>\n<p><strong>Qui nous enseigne ?\u00a0<\/strong><br \/>\n<span style=\"text-decoration: underline\">Professeur de cours Magistraux<\/span> :<br \/>\nM. MANGEARD Patrice<br \/>\n<span style=\"text-decoration: underline\">Responsables des Travaux Dirig\u00e9s<\/span> :<br \/>\nM. MANGEARD Patrice<br \/>\nM. PEZERIL Sylvain (sylvain.pezeril[@]univ-angers.fr)<br \/>\nM. GUYONNEAU R\u00e9my (remy.guyonneau[@]univ-angers.fr), ISTIA bureau 312<\/p>\n","protected":false},"excerpt":{"rendered":"<p>Mais qu\u2019est-ce que c\u2019est ?\u00a0Techniques de l&rsquo;ing\u00e9nieur\u00a0, Wikiversit\u00e9 Nous allons voir quoi ? Notions cl\u00e9s : Logique binaire et combinatoire Diff\u00e9rentes bases d&rsquo;\u00e9criture Les s\u00e9quenceurs Les compteurs Examens pr\u00e9c\u00e9dents :\u00a0 Electronique Num\u00e9rique CC1 2013-2014 Electronique Num\u00e9rique CC1 2015-2016 Electronique Num\u00e9rique &hellip; <a href=\"https:\/\/blog.univ-angers.fr\/banqueannalesistia\/differentes-matieres\/ei1-s1-bases-danalyses\/electronumerique\/\">Continuer la lecture <span class=\"meta-nav\">&rarr;<\/span><\/a><\/p>\n","protected":false},"author":31733,"featured_media":0,"parent":6,"menu_order":0,"comment_status":"open","ping_status":"open","template":"","meta":{"footnotes":""},"class_list":["post-22","page","type-page","status-publish","hentry"],"_links":{"self":[{"href":"https:\/\/blog.univ-angers.fr\/banqueannalesistia\/wp-json\/wp\/v2\/pages\/22","targetHints":{"allow":["GET"]}}],"collection":[{"href":"https:\/\/blog.univ-angers.fr\/banqueannalesistia\/wp-json\/wp\/v2\/pages"}],"about":[{"href":"https:\/\/blog.univ-angers.fr\/banqueannalesistia\/wp-json\/wp\/v2\/types\/page"}],"author":[{"embeddable":true,"href":"https:\/\/blog.univ-angers.fr\/banqueannalesistia\/wp-json\/wp\/v2\/users\/31733"}],"replies":[{"embeddable":true,"href":"https:\/\/blog.univ-angers.fr\/banqueannalesistia\/wp-json\/wp\/v2\/comments?post=22"}],"version-history":[{"count":4,"href":"https:\/\/blog.univ-angers.fr\/banqueannalesistia\/wp-json\/wp\/v2\/pages\/22\/revisions"}],"predecessor-version":[{"id":692,"href":"https:\/\/blog.univ-angers.fr\/banqueannalesistia\/wp-json\/wp\/v2\/pages\/22\/revisions\/692"}],"up":[{"embeddable":true,"href":"https:\/\/blog.univ-angers.fr\/banqueannalesistia\/wp-json\/wp\/v2\/pages\/6"}],"wp:attachment":[{"href":"https:\/\/blog.univ-angers.fr\/banqueannalesistia\/wp-json\/wp\/v2\/media?parent=22"}],"curies":[{"name":"wp","href":"https:\/\/api.w.org\/{rel}","templated":true}]}}