{"id":17,"date":"2016-03-02T12:12:22","date_gmt":"2016-03-02T11:12:22","guid":{"rendered":"https:\/\/blog.univ-angers.fr\/banqueannalesistia\/?page_id=17"},"modified":"2020-10-11T10:06:23","modified_gmt":"2020-10-11T09:06:23","slug":"bases-danalyse","status":"publish","type":"page","link":"https:\/\/blog.univ-angers.fr\/banqueannalesistia\/differentes-matieres\/ei1-s1-bases-danalyses\/bases-danalyse\/","title":{"rendered":"Bases d&rsquo;Analyse"},"content":{"rendered":"<p><strong>Mais qu&rsquo;est-ce que c&rsquo;est ?<\/strong> <a href=\"http:\/\/www.techniques-ingenieur.fr\/base-documentaire\/sciences-fondamentales-th8\/mathematiques-fondamentales-analyse-42103210\/\">Techniques de l&rsquo;Ing\u00e9nieur<\/a>, <a href=\"https:\/\/fr.wikiversity.org\/wiki\/D%C3%A9partement:Analyse\">Wikiversit\u00e9<\/a><\/p>\n<p><strong>Nous allons voir quoi ? Notions cl\u00e9s :<\/strong><\/p>\n<ul>\n<li>Les tables de v\u00e9rit\u00e9<\/li>\n<li>D\u00e9veloppements limit\u00e9s<\/li>\n<li>Introductions aux int\u00e9grales<\/li>\n<li>Arrangements , Combinaisons<\/li>\n<li>Plusieurs raisonnements (r\u00e9currence , absurde etc&#8230;)<\/li>\n<\/ul>\n<p><strong>Examens pr\u00e9c\u00e9dents:<\/strong><br \/>\n<a href=\"https:\/\/blog.univ-angers.fr\/banqueannalesistia\/files\/2016\/03\/Bases-dAnalyse-CC1-2012-2013.pdf\">Bases d&rsquo;Analyse CC1 2012-2013<\/a><br \/>\n<a href=\"https:\/\/blog.univ-angers.fr\/banqueannalesistia\/files\/2016\/03\/Bases-d\u2019Analyse-CC1-2013-2014.pdf\">Bases d\u2019Analyse CC1 2013-2014<\/a><br \/>\n<a href=\"https:\/\/blog.univ-angers.fr\/banqueannalesistia\/files\/2016\/03\/Bases-dAnalyse-CC1-2014-2015.pdf\">Bases d&rsquo;Analyse CC1 2014-2015<\/a><br \/>\n<a href=\"https:\/\/blog.univ-angers.fr\/banqueannalesistia\/files\/2016\/03\/Bases-dAnalyse-CC1-2015-2016.pdf\">Bases d&rsquo;Analyse CC1 2015-2016<\/a><br \/>\n<a href=\"https:\/\/blog.univ-angers.fr\/banqueannalesistia\/files\/2017\/06\/Bases-d\u2019Analyse-CC1-2016-2017.pdf\">Bases d\u2019Analyse CC1 2016-2017<\/a><br \/>\n<a href=\"https:\/\/blog.univ-angers.fr\/banqueannalesistia\/files\/2017\/06\/Bases-d\u2019Analyse-CC1-2016-2017.pdf\">Bases d\u2019Analyse CC1 2016-2017<\/a><\/p>\n<p><a href=\"https:\/\/blog.univ-angers.fr\/banqueannalesistia\/files\/2016\/03\/Bases-d\u2019Analyse-CC2-2013-2014.pdf\">Bases d\u2019Analyse CC2 2013-2014<\/a><br \/>\n<a href=\"https:\/\/blog.univ-angers.fr\/banqueannalesistia\/files\/2016\/03\/Bases-dAnalyse-CC2-2014-2015.pdf\">Bases d&rsquo;Analyse CC2 2014-2015<\/a><br \/>\n<a href=\"https:\/\/blog.univ-angers.fr\/banqueannalesistia\/files\/2016\/03\/Bases-dAnalyse-CC2-Sujet-A-2015-2016.pdf\">Bases d&rsquo;Analyse CC2 2015-2016<\/a><br \/>\n<a href=\"https:\/\/blog.univ-angers.fr\/banqueannalesistia\/files\/2017\/06\/Bases-d\u2019Analyse-CC2-2016-2017.pdf\">Bases d\u2019Analyse CC2 2016-2017<\/a><\/p>\n<p><a href=\"https:\/\/blog.univ-angers.fr\/banqueannalesistia\/files\/2016\/03\/Bases-d\u2019Analyse-CC3-2013-2014.pdf\">Bases d\u2019Analyse CC3 2013-2014<\/a><br \/>\n<a href=\"https:\/\/blog.univ-angers.fr\/banqueannalesistia\/files\/2016\/03\/Bases-dAnalyse-CC3-2015-2016.pdf\">Bases d&rsquo;Analyse CC3 2015-2016<\/a><br \/>\n<a href=\"https:\/\/blog.univ-angers.fr\/banqueannalesistia\/files\/2017\/06\/Bases-d\u2019Analyse-CC3-2016-2017.pdf\">Bases d\u2019Analyse CC3 2016-2017<\/a><\/p>\n<p><a href=\"https:\/\/blog.univ-angers.fr\/banqueannalesistia\/files\/2016\/03\/Bases-dAnalyse-CC4-2015-2016.pdf\">Bases d&rsquo;Analyse CC4 2015-2016<\/a><\/p>\n<p><a href=\"https:\/\/blog.univ-angers.fr\/banqueannalesistia\/files\/2016\/04\/Bases-dAnalyse-Rattrapage-2014-2015.pdf\">Bases d&rsquo;Analyse Rattrapage 2014-2015<\/a><\/p>\n<p><strong>Tu as besoin d&rsquo;autres explications ? voici des liens vers d&rsquo;autres plateformes :<\/strong><\/p>\n<ul>\n<li><a href=\"https:\/\/www.youtube.com\/user\/Exo7Math\/playlists?view=50&amp;shelf_id=22&amp;sort=dd\">Cours en ligne par Exo7Math 1<\/a><\/li>\n<li><a href=\"https:\/\/www.youtube.com\/user\/Exo7Math\/playlists?view=50&amp;shelf_id=24&amp;sort=dd\">Cours en ligne par Exo7Math 2<\/a><\/li>\n<\/ul>\n<p><strong>Qui nous enseigne ? <\/strong><br \/>\n<span style=\"text-decoration: underline\">Professeur de cours Magistraux<\/span> :<br \/>\nM. GRACZYK Piotr<br \/>\n<span style=\"text-decoration: underline\">Responsables des Travaux Dirig\u00e9s<\/span> :<br \/>\nM. GRACZYK Piotr<br \/>\nM. LAGRANGE S\u00e9bastien (sebastien.lagrange[@]univ-angers.fr) ISTIA bureau 312<br \/>\nMme. AL MASRY Zeina<br \/>\nM. OUNAISSI Daoud<\/p>\n","protected":false},"excerpt":{"rendered":"<p>Mais qu&rsquo;est-ce que c&rsquo;est ? Techniques de l&rsquo;Ing\u00e9nieur, Wikiversit\u00e9 Nous allons voir quoi ? Notions cl\u00e9s : Les tables de v\u00e9rit\u00e9 D\u00e9veloppements limit\u00e9s Introductions aux int\u00e9grales Arrangements , Combinaisons Plusieurs raisonnements (r\u00e9currence , absurde etc&#8230;) Examens pr\u00e9c\u00e9dents: Bases d&rsquo;Analyse CC1 &hellip; <a href=\"https:\/\/blog.univ-angers.fr\/banqueannalesistia\/differentes-matieres\/ei1-s1-bases-danalyses\/bases-danalyse\/\">Continuer la lecture <span class=\"meta-nav\">&rarr;<\/span><\/a><\/p>\n","protected":false},"author":31733,"featured_media":0,"parent":6,"menu_order":0,"comment_status":"open","ping_status":"open","template":"","meta":{"footnotes":""},"class_list":["post-17","page","type-page","status-publish","hentry"],"_links":{"self":[{"href":"https:\/\/blog.univ-angers.fr\/banqueannalesistia\/wp-json\/wp\/v2\/pages\/17","targetHints":{"allow":["GET"]}}],"collection":[{"href":"https:\/\/blog.univ-angers.fr\/banqueannalesistia\/wp-json\/wp\/v2\/pages"}],"about":[{"href":"https:\/\/blog.univ-angers.fr\/banqueannalesistia\/wp-json\/wp\/v2\/types\/page"}],"author":[{"embeddable":true,"href":"https:\/\/blog.univ-angers.fr\/banqueannalesistia\/wp-json\/wp\/v2\/users\/31733"}],"replies":[{"embeddable":true,"href":"https:\/\/blog.univ-angers.fr\/banqueannalesistia\/wp-json\/wp\/v2\/comments?post=17"}],"version-history":[{"count":4,"href":"https:\/\/blog.univ-angers.fr\/banqueannalesistia\/wp-json\/wp\/v2\/pages\/17\/revisions"}],"predecessor-version":[{"id":825,"href":"https:\/\/blog.univ-angers.fr\/banqueannalesistia\/wp-json\/wp\/v2\/pages\/17\/revisions\/825"}],"up":[{"embeddable":true,"href":"https:\/\/blog.univ-angers.fr\/banqueannalesistia\/wp-json\/wp\/v2\/pages\/6"}],"wp:attachment":[{"href":"https:\/\/blog.univ-angers.fr\/banqueannalesistia\/wp-json\/wp\/v2\/media?parent=17"}],"curies":[{"name":"wp","href":"https:\/\/api.w.org\/{rel}","templated":true}]}}