{"id":16,"date":"2016-03-02T12:11:29","date_gmt":"2016-03-02T11:11:29","guid":{"rendered":"https:\/\/blog.univ-angers.fr\/banqueannalesistia\/?page_id=16"},"modified":"2019-09-19T20:54:51","modified_gmt":"2019-09-19T19:54:51","slug":"thermodynamique","status":"publish","type":"page","link":"https:\/\/blog.univ-angers.fr\/banqueannalesistia\/differentes-matieres\/ei1-s1-bases-danalyses\/thermodynamique\/","title":{"rendered":"Thermodynamique"},"content":{"rendered":"<p><strong>Mais qu&rsquo;est-ce que c&rsquo;est ?<\/strong> <a href=\"http:\/\/www.techniques-ingenieur.fr\/base-documentaire\/energies-th4\/thermodynamique-et-energetique-42216210\/\">Techniques de l&rsquo;ing\u00e9nieur<\/a>, <a href=\"https:\/\/fr.wikiversity.org\/wiki\/Introduction_%C3%A0_la_thermodynamique\">Wikiversit\u00e9<\/a><\/p>\n<p><strong>Nous allons voir quoi ? Notions cl\u00e9s :<\/strong><\/p>\n<ul>\n<li>Syst\u00e8mes thermodynamiques, Etat, Variables thermodynamiques<\/li>\n<li>Fonction d\u2019\u00e9tat<\/li>\n<li>Bilan entropique<\/li>\n<li>Travail<\/li>\n<li>Chaleur<\/li>\n<li>Energie interne U<\/li>\n<li>Premier principe<\/li>\n<li>Enthalpie H<\/li>\n<li>Coefficients calorim\u00e9triques <\/li>\n<li>Gaz parfaits <\/li>\n<li>Fluides r\u00e9els <\/li>\n<li>Loi de Dalton des m\u00e9langes gazeux <\/li>\n<li>Coefficients thermo\u00e9lastiques <\/li>\n<li>Second principe de thermodynamique <\/li>\n<li>Transformations r\u00e9versibles et r\u00e9elles <\/li>\n<li>Entropie <\/li>\n<li>Machines thermiques <\/li>\n<li>Cycles moteurs et r\u00e9cepteurs <\/li>\n<li>Cycles dithermes r\u00e9versibles (Carnot) <\/li>\n<li>Efficacit\u00e9 d\u2019une machine ditherme <\/li>\n<\/ul>\n<p><strong>Examens pr\u00e9c\u00e9dents : <\/strong><\/p>\n<p><a href=\"https:\/\/blog.univ-angers.fr\/banqueannalesistia\/files\/2016\/03\/Thermodynamique-CC1-2013-2014.pdf\">Thermodynamique CC1 2013-2014<\/a><br \/>\n<a href=\"https:\/\/blog.univ-angers.fr\/banqueannalesistia\/files\/2016\/03\/Thermodynamique-CC1-2014-2015.pdf\">Thermodynamique CC1 2014-2015<\/a><br \/>\n<a href=\"https:\/\/blog.univ-angers.fr\/banqueannalesistia\/files\/2016\/03\/Thermodynamique-CC1-2015-2016.pdf\">Thermodynamique CC1 2015-2016<\/a><br \/>\n<a href=\"https:\/\/blog.univ-angers.fr\/banqueannalesistia\/files\/2017\/06\/Thermodynamique-CC1-2016-2017.pdf\">Thermodynamique CC1 2016-2017<\/a><br \/>\n<a href=\"https:\/\/blog.univ-angers.fr\/banqueannalesistia\/files\/2019\/09\/Thermodynamique-CC1-2017-2018.pdf\">Thermodynamique CC1 2017-2018<\/a><br \/>\n<a href=\"https:\/\/blog.univ-angers.fr\/banqueannalesistia\/files\/2019\/09\/Thermodynamique-CC1-2018-2019.pdf\">Thermodynamique CC1 2018-2019<\/a><\/p>\n<p><a href=\"https:\/\/blog.univ-angers.fr\/banqueannalesistia\/files\/2016\/03\/Thermodynamique-CC2-2013-2014.pdf\">Thermodynamique CC2 2013-2014<\/a><br \/>\n<a href=\"https:\/\/blog.univ-angers.fr\/banqueannalesistia\/files\/2016\/03\/Thermodynamique-CC2-2014-2015.pdf\">Thermodynamique CC2 2014-2015<\/a><br \/>\n<a href=\"https:\/\/blog.univ-angers.fr\/banqueannalesistia\/files\/2016\/03\/Thermodynamique-CC2-2015-2016.pdf\">Thermodynamique CC2 2015-2016<\/a><br \/>\n<a href=\"https:\/\/blog.univ-angers.fr\/banqueannalesistia\/files\/2017\/06\/Thermodynamique-CC2-2016-2017.pdf\">Thermodynamique CC2 2016-2017<\/a><br \/>\n<a href=\"https:\/\/blog.univ-angers.fr\/banqueannalesistia\/files\/2019\/09\/Thermodynamique-CC2-2017-2018.pdf\">Thermodynamique CC2 2017-2018<\/a><br \/>\n<a href=\"https:\/\/blog.univ-angers.fr\/banqueannalesistia\/files\/2019\/09\/CC2-2018-19.pdf\">Thermodynamique CC2 2018-2019<\/a><\/p>\n<p><a href=\"https:\/\/blog.univ-angers.fr\/banqueannalesistia\/files\/2016\/03\/Thermodynamique-CC3-2013-2014.pdf\">Thermodynamique CC3 2013-2014<\/a><br \/>\n<a href=\"https:\/\/blog.univ-angers.fr\/banqueannalesistia\/files\/2016\/03\/Thermodynamque-CC3-2014-2015.pdf\">Thermodynamique CC3 2014-2015<\/a><br \/>\n<a href=\"https:\/\/blog.univ-angers.fr\/banqueannalesistia\/files\/2016\/03\/Thermodynamique-CC3-2015-2016.pdf\">Thermodynamique CC3 2015-2016<\/a><br \/>\n<a href=\"https:\/\/blog.univ-angers.fr\/banqueannalesistia\/files\/2017\/06\/Thermodynamique-CC3-2016-2017.pdf\">Thermodynamique CC3 2016-2017<\/a><\/p>\n<p><a href=\"https:\/\/blog.univ-angers.fr\/banqueannalesistia\/files\/2016\/03\/Thermodynamique-Rattrapage-2014-2015.pdf\">Thermodynamique Rattrapage 2014-2015<\/a><\/p>\n<p><strong>Tu as besoin d&rsquo;autres explications ? voici des liens vers d&rsquo;autres plateformes :<\/strong><\/p>\n<ul>\n<li><a href=\"https:\/\/www.youtube.com\/watch?v=XmY-uFptVRo\">Cours vid\u00e9o, Les gaz parfaits par Optimal Sup-Sp\u00e9 <\/a><\/li>\n<li><a href=\"https:\/\/www.youtube.com\/watch?v=yKTPTUt55UQ\">Cours vid\u00e9o, Premier Principe par Julien Astruc<\/a><\/li>\n<\/ul>\n<p><strong>Qui nous enseigne ? <\/strong><br \/>\n<span style=\"text-decoration: underline\">Professeur de cours Magistraux<\/span> :<br \/>\nMme. RICHARD Emmanuelle (emmanuelle.richard[@]univ-angers.fr), ISTIA bureau 313<br \/>\n<span style=\"text-decoration: underline\">Responsables des Travaux Dirig\u00e9s<\/span> :<br \/>\nMme. RICHARD Emmanuelle (emmanuelle.richard@univ-angers.fr), ISTIA bureau 313<br \/>\nM. LAGRANGE S\u00e9bastien (sebastien.lagrange[@]univ-angers.fr) ISTIA bureau 312<\/p>\n","protected":false},"excerpt":{"rendered":"<p>Mais qu&rsquo;est-ce que c&rsquo;est ? Techniques de l&rsquo;ing\u00e9nieur, Wikiversit\u00e9 Nous allons voir quoi ? Notions cl\u00e9s : Syst\u00e8mes thermodynamiques, Etat, Variables thermodynamiques Fonction d\u2019\u00e9tat Bilan entropique Travail Chaleur Energie interne U Premier principe Enthalpie H Coefficients calorim\u00e9triques Gaz parfaits Fluides &hellip; <a href=\"https:\/\/blog.univ-angers.fr\/banqueannalesistia\/differentes-matieres\/ei1-s1-bases-danalyses\/thermodynamique\/\">Continuer la lecture <span class=\"meta-nav\">&rarr;<\/span><\/a><\/p>\n","protected":false},"author":31733,"featured_media":0,"parent":6,"menu_order":0,"comment_status":"open","ping_status":"open","template":"","meta":{"footnotes":""},"class_list":["post-16","page","type-page","status-publish","hentry"],"_links":{"self":[{"href":"https:\/\/blog.univ-angers.fr\/banqueannalesistia\/wp-json\/wp\/v2\/pages\/16","targetHints":{"allow":["GET"]}}],"collection":[{"href":"https:\/\/blog.univ-angers.fr\/banqueannalesistia\/wp-json\/wp\/v2\/pages"}],"about":[{"href":"https:\/\/blog.univ-angers.fr\/banqueannalesistia\/wp-json\/wp\/v2\/types\/page"}],"author":[{"embeddable":true,"href":"https:\/\/blog.univ-angers.fr\/banqueannalesistia\/wp-json\/wp\/v2\/users\/31733"}],"replies":[{"embeddable":true,"href":"https:\/\/blog.univ-angers.fr\/banqueannalesistia\/wp-json\/wp\/v2\/comments?post=16"}],"version-history":[{"count":3,"href":"https:\/\/blog.univ-angers.fr\/banqueannalesistia\/wp-json\/wp\/v2\/pages\/16\/revisions"}],"predecessor-version":[{"id":200,"href":"https:\/\/blog.univ-angers.fr\/banqueannalesistia\/wp-json\/wp\/v2\/pages\/16\/revisions\/200"}],"up":[{"embeddable":true,"href":"https:\/\/blog.univ-angers.fr\/banqueannalesistia\/wp-json\/wp\/v2\/pages\/6"}],"wp:attachment":[{"href":"https:\/\/blog.univ-angers.fr\/banqueannalesistia\/wp-json\/wp\/v2\/media?parent=16"}],"curies":[{"name":"wp","href":"https:\/\/api.w.org\/{rel}","templated":true}]}}