{"id":15,"date":"2016-03-02T12:11:41","date_gmt":"2016-03-02T11:11:41","guid":{"rendered":"https:\/\/blog.univ-angers.fr\/banqueannalesistia\/?page_id=15"},"modified":"2020-02-21T20:44:29","modified_gmt":"2020-02-21T19:44:29","slug":"electromagnetisme","status":"publish","type":"page","link":"https:\/\/blog.univ-angers.fr\/banqueannalesistia\/differentes-matieres\/ei1-semestre-2\/electromagnetisme\/","title":{"rendered":"Electromagn\u00e9tisme"},"content":{"rendered":"<p><strong>Mais qu\u2019est-ce que c\u2019est ?<\/strong>\u00a0<a href=\"http:\/\/www.techniques-ingenieur.fr\/base-documentaire\/energies-th4\/electrotechnique-generale-42333210\/electromagnetisme-d1020\/\">Techniques de l\u2019ing\u00e9nieur<\/a>,\u00a0<a href=\"https:\/\/fr.wikiversity.org\/wiki\/%C3%89lectromagn%C3%A9tisme_d%C3%A9pendant_du_temps\/%C3%89quations_de_Maxwell\">Wikiversit\u00e9<\/a><\/p>\n<p><strong>Nous allons voir quoi ? Notions cl\u00e9s :<\/strong><\/p>\n<ul>\n<li>\u00c9quations de Maxwell<\/li>\n<li>Magn\u00e9tostatique<\/li>\n<li>Op\u00e9rateurs diff\u00e9rentiels<\/li>\n<\/ul>\n<p><strong>Examens pr\u00e9c\u00e9dents :<\/strong><\/p>\n<p><a href=\"https:\/\/blog.univ-angers.fr\/banqueannalesistia\/files\/2017\/06\/Electromagn\u00e9tisme-test-de-pr\u00e9paration-au-CC1-2016-2017.pdf\">Electromagn\u00e9tisme test de pr\u00e9paration au CC1 2016-2017<\/a><\/p>\n<p><a href=\"https:\/\/blog.univ-angers.fr\/banqueannalesistia\/files\/2016\/03\/Electromagn\u00e9tisme-CC1-2013-2014.pdf\">Electromagn\u00e9tisme CC1 2013-2014<\/a><br \/>\n<a href=\"https:\/\/blog.univ-angers.fr\/banqueannalesistia\/files\/2016\/03\/Electromagn\u00e9tisme-CC1-2014-2015.pdf\">Electromagn\u00e9tisme CC1 2014-2015<\/a><br \/>\n<a href=\"https:\/\/blog.univ-angers.fr\/banqueannalesistia\/files\/2017\/03\/Electromagn\u00e9tisme-CC1-2015-2016.pdf\">Electromagn\u00e9tisme CC1 2015-2016<\/a><br \/>\n<a href=\"https:\/\/blog.univ-angers.fr\/banqueannalesistia\/files\/2017\/06\/Electromagn\u00e9tisme-CC1-2016-2017.pdf\">Electromagn\u00e9tisme CC1 2016-2017<\/a><br \/>\n<a href=\"https:\/\/blog.univ-angers.fr\/banqueannalesistia\/files\/2020\/02\/Electromagn\u00e9tisme-CC1-2018-2019.pdf\">Electromagn\u00e9tisme CC1 2018-2019<\/a><\/p>\n<p><a href=\"https:\/\/blog.univ-angers.fr\/banqueannalesistia\/files\/2016\/03\/Electromagn\u00e9tisme-CC2-2013-2014-.pdf\">Electromagn\u00e9tisme CC2 2013-2014<\/a><br \/>\n<a href=\"https:\/\/blog.univ-angers.fr\/banqueannalesistia\/files\/2016\/03\/Electromagn\u00e9tisme-CC2-2014-2015.pdf\">Electromagn\u00e9tisme CC2 2014-2015<\/a><br \/>\n<a href=\"https:\/\/blog.univ-angers.fr\/banqueannalesistia\/files\/2017\/03\/Electromagn\u00e9tisme-CC2-2015-2016.pdf\">Electromagn\u00e9tisme CC2 2015-2016<\/a><br \/>\n<a href=\"https:\/\/blog.univ-angers.fr\/banqueannalesistia\/files\/2017\/06\/Electromagn\u00e9tisme-CC2-2016-2017.pdf\">Electromagn\u00e9tisme CC2 2016-2017<\/a><br \/>\n<a href=\"https:\/\/blog.univ-angers.fr\/banqueannalesistia\/files\/2020\/02\/Electromagn\u00e9tisme-CC2-2018-2019.pdf\">Electromagn\u00e9tisme CC2 2018-2019<\/a><\/p>\n<p><a href=\"https:\/\/blog.univ-angers.fr\/banqueannalesistia\/files\/2016\/04\/Electromagn\u00e9tisme-Rattrapage-2014-2015.pdf\">Electromagn\u00e9tisme Rattrapage 2014-2015<\/a><\/p>\n<p><strong>Tu as besoin d\u2019autres explications ? voici des liens vers d\u2019autres plateformes :<\/strong><\/p>\n<ul>\n<li><a href=\"https:\/\/www.youtube.com\/watch?v=5EU9BcWCKlQ\">Cours vid\u00e9o par Richard Taillet Universit\u00e9 de Savoie<\/a><\/li>\n<li><a href=\"http:\/\/www.physagreg.fr\/electromagnetisme-11-champ-electrostatique.php\">Cours en ligne par physagreg.fr <\/a><\/li>\n<\/ul>\n<p><strong>Qui nous enseigne ?\u00a0<\/strong><br \/>\n<span style=\"text-decoration: underline\">Professeur de cours Magistraux<\/span> :<br \/>\nM. SAHRAOUI Bouchta (bouchta.sahraoui[@]univ-angers.fr)<br \/>\n<span style=\"text-decoration: underline\">Responsables des Travaux Dirig\u00e9s<\/span> :<br \/>\nM. SAHRAOUI Bouchta (bouchta.sahraoui[@]univ-angers.fr)<br \/>\nM. SALHI Mohamed (mohamed.salhi[@]univ-angers.fr)<\/p>\n","protected":false},"excerpt":{"rendered":"<p>Mais qu\u2019est-ce que c\u2019est ?\u00a0Techniques de l\u2019ing\u00e9nieur,\u00a0Wikiversit\u00e9 Nous allons voir quoi ? Notions cl\u00e9s : \u00c9quations de Maxwell Magn\u00e9tostatique Op\u00e9rateurs diff\u00e9rentiels Examens pr\u00e9c\u00e9dents : Electromagn\u00e9tisme test de pr\u00e9paration au CC1 2016-2017 Electromagn\u00e9tisme CC1 2013-2014 Electromagn\u00e9tisme CC1 2014-2015 Electromagn\u00e9tisme CC1 2015-2016 &hellip; <a href=\"https:\/\/blog.univ-angers.fr\/banqueannalesistia\/differentes-matieres\/ei1-semestre-2\/electromagnetisme\/\">Continuer la lecture <span class=\"meta-nav\">&rarr;<\/span><\/a><\/p>\n","protected":false},"author":31339,"featured_media":0,"parent":10,"menu_order":0,"comment_status":"open","ping_status":"open","template":"","meta":{"footnotes":""},"class_list":["post-15","page","type-page","status-publish","hentry"],"_links":{"self":[{"href":"https:\/\/blog.univ-angers.fr\/banqueannalesistia\/wp-json\/wp\/v2\/pages\/15","targetHints":{"allow":["GET"]}}],"collection":[{"href":"https:\/\/blog.univ-angers.fr\/banqueannalesistia\/wp-json\/wp\/v2\/pages"}],"about":[{"href":"https:\/\/blog.univ-angers.fr\/banqueannalesistia\/wp-json\/wp\/v2\/types\/page"}],"author":[{"embeddable":true,"href":"https:\/\/blog.univ-angers.fr\/banqueannalesistia\/wp-json\/wp\/v2\/users\/31339"}],"replies":[{"embeddable":true,"href":"https:\/\/blog.univ-angers.fr\/banqueannalesistia\/wp-json\/wp\/v2\/comments?post=15"}],"version-history":[{"count":4,"href":"https:\/\/blog.univ-angers.fr\/banqueannalesistia\/wp-json\/wp\/v2\/pages\/15\/revisions"}],"predecessor-version":[{"id":697,"href":"https:\/\/blog.univ-angers.fr\/banqueannalesistia\/wp-json\/wp\/v2\/pages\/15\/revisions\/697"}],"up":[{"embeddable":true,"href":"https:\/\/blog.univ-angers.fr\/banqueannalesistia\/wp-json\/wp\/v2\/pages\/10"}],"wp:attachment":[{"href":"https:\/\/blog.univ-angers.fr\/banqueannalesistia\/wp-json\/wp\/v2\/media?parent=15"}],"curies":[{"name":"wp","href":"https:\/\/api.w.org\/{rel}","templated":true}]}}