{"id":14,"date":"2016-03-02T12:11:14","date_gmt":"2016-03-02T11:11:14","guid":{"rendered":"https:\/\/blog.univ-angers.fr\/banqueannalesistia\/?page_id=14"},"modified":"2020-02-21T20:50:03","modified_gmt":"2020-02-21T19:50:03","slug":"structure-de-la-matiere","status":"publish","type":"page","link":"https:\/\/blog.univ-angers.fr\/banqueannalesistia\/differentes-matieres\/ei1-semestre-2\/structure-de-la-matiere\/","title":{"rendered":"Structure de la Mati\u00e8re"},"content":{"rendered":"<p><strong>Mais qu&rsquo;est-ce que c&rsquo;est ?<\/strong> <a href=\"http:\/\/www.techniques-ingenieur.fr\/base-documentaire\/sciences-fondamentales-th8\/structure-de-la-matiere-42113210\/\">Techniques de l&rsquo;ing\u00e9nieur<\/a>, <a href=\"https:\/\/fr.wikiversity.org\/wiki\/Introduction_%C3%A0_la_science_des_mat%C3%A9riaux\/Structure_de_la_mati%C3%A8re_et_propri%C3%A9t%C3%A9s_en_d%C3%A9coulant\">Wikiversit\u00e9<\/a><\/p>\n<p><strong>Nous allons voir quoi ? Notions cl\u00e9s :<\/strong><\/p>\n<ul>\n<li>Atomistique<\/li>\n<li>Classification p\u00e9riodique<\/li>\n<li>Liaisons fortes dans les solides : Ioniques \u2013 Covalentes \u2013 M\u00e9talliques<\/li>\n<li>Liaisons faibles inter- et intra-mol\u00e9culaires : Liaisons de Van der Waals \u2013 Liaisons H<\/li>\n<li>Ordre et d\u00e9sordre dans les solides : Etat cristallin, amorphe \u2013 D\u00e9fauts<br \/>\nVerres, c\u00e9ramiques et vitro-c\u00e9ramiques<\/li>\n<li>Polym\u00e8res : Plastiques \u2013 Caoutchoucs &#8211; R\u00e9sines<\/li>\n<li>Introduction aux mat\u00e9riaux composites<\/li>\n<\/ul>\n<p><strong>Examens pr\u00e9c\u00e9dents : <\/strong><\/p>\n<p><a href=\"https:\/\/blog.univ-angers.fr\/banqueannalesistia\/files\/2016\/03\/Structure-de-la-Mati\u00e8re-CC1-2012-2013.pdf\">Structure de la Mati\u00e8re CC1 2012-2013<\/a><br \/>\n<a href=\"https:\/\/blog.univ-angers.fr\/banqueannalesistia\/files\/2016\/03\/Structure-de-la-Mati\u00e8re-CC1-2013-2014.pdf\">Structure de la Mati\u00e8re CC1 2013-2014<\/a><br \/>\n<a href=\"https:\/\/blog.univ-angers.fr\/banqueannalesistia\/files\/2016\/03\/Structure-de-la-Mati\u00e8re-CC1-2014-2015.pdf\">Structure de la Mati\u00e8re CC1 2014-2015<\/a><br \/>\n<a href=\"https:\/\/blog.univ-angers.fr\/banqueannalesistia\/files\/2017\/06\/Structure-de-la-Mati\u00e8re-CC1-2016-2017.pdf\">Structure de la Mati\u00e8re CC1 2016-2017<\/a><br \/>\n<a href=\"https:\/\/blog.univ-angers.fr\/banqueannalesistia\/files\/2020\/02\/Structure-de-la-Mati\u00e8re-CC-2018-2019.pdf\">Structure de la Mati\u00e8re CC 2018-2019<\/a><\/p>\n<p><a href=\"https:\/\/blog.univ-angers.fr\/banqueannalesistia\/files\/2016\/03\/Structure-de-la-Mati\u00e8re-CC2-2013-2014.pdf\">Structure de la Mati\u00e8re CC2 2013-2014<\/a><br \/>\n<a href=\"https:\/\/blog.univ-angers.fr\/banqueannalesistia\/files\/2016\/03\/Structure-de-la-Mati\u00e8re-CC2-2014-2015.pdf\">Structure de la Mati\u00e8re CC2 2014-2015<\/a><br \/>\n<a href=\"https:\/\/blog.univ-angers.fr\/banqueannalesistia\/files\/2016\/03\/Structure-de-la-Mati\u00e8re-CC2-2015-2016.pdf\">Structure de la Mati\u00e8re CC2 2015-2016<\/a><br \/>\n<a href=\"https:\/\/blog.univ-angers.fr\/banqueannalesistia\/files\/2017\/06\/Structure-de-la-Mati\u00e8re-CC2-2016-2017.pdf\">Structure de la Mati\u00e8re CC2 2016-2017<\/a><\/p>\n<p><a href=\"https:\/\/blog.univ-angers.fr\/banqueannalesistia\/files\/2016\/03\/Structure-de-la-Mati\u00e8re-CC3-2013-2014.pdf\">Structure de la Mati\u00e8re CC3 2013-2014<\/a><\/p>\n<p><a href=\"https:\/\/blog.univ-angers.fr\/banqueannalesistia\/files\/2017\/06\/Structure-de-la-Mati\u00e8re-Rattrapage-2007-2008.pdf\">Structure de la Mati\u00e8re Rattrapage 2007-2008<\/a><br \/>\n<a href=\"https:\/\/blog.univ-angers.fr\/banqueannalesistia\/files\/2016\/03\/Structure-de-la-Mati\u00e8re-Rattrapage-2014-2015.pdf\">Structure de la Mati\u00e8re Rattrapage 2014-2015<\/a><\/p>\n<p><strong>Tu as besoin d&rsquo;autres explications ? voici des liens vers d&rsquo;autres plateformes :<\/strong><\/p>\n<ul>\n<li><a href=\"https:\/\/www.youtube.com\/watch?v=1QLm9p92mLw\">Cours en ligne sur les cases quantiques par Yannick Sayer<\/a><\/li>\n<\/ul>\n<p><strong>Qui nous enseigne ? <\/strong><br \/>\n<span style=\"text-decoration: underline\">Professeur de cours Magistraux<\/span> :<br \/>\nMme. RICHARD Emmanuelle (emmanuelle.richard[@]univ-angers.fr), ISTIA bureau 313<\/p>\n<p>(\u00e9galement Responsable des Travaux dirig\u00e9s)<\/p>\n","protected":false},"excerpt":{"rendered":"<p>Mais qu&rsquo;est-ce que c&rsquo;est ? Techniques de l&rsquo;ing\u00e9nieur, Wikiversit\u00e9 Nous allons voir quoi ? Notions cl\u00e9s : Atomistique Classification p\u00e9riodique Liaisons fortes dans les solides : Ioniques \u2013 Covalentes \u2013 M\u00e9talliques Liaisons faibles inter- et intra-mol\u00e9culaires : Liaisons de Van &hellip; <a href=\"https:\/\/blog.univ-angers.fr\/banqueannalesistia\/differentes-matieres\/ei1-semestre-2\/structure-de-la-matiere\/\">Continuer la lecture <span class=\"meta-nav\">&rarr;<\/span><\/a><\/p>\n","protected":false},"author":31733,"featured_media":0,"parent":10,"menu_order":0,"comment_status":"open","ping_status":"open","template":"","meta":{"footnotes":""},"class_list":["post-14","page","type-page","status-publish","hentry"],"_links":{"self":[{"href":"https:\/\/blog.univ-angers.fr\/banqueannalesistia\/wp-json\/wp\/v2\/pages\/14","targetHints":{"allow":["GET"]}}],"collection":[{"href":"https:\/\/blog.univ-angers.fr\/banqueannalesistia\/wp-json\/wp\/v2\/pages"}],"about":[{"href":"https:\/\/blog.univ-angers.fr\/banqueannalesistia\/wp-json\/wp\/v2\/types\/page"}],"author":[{"embeddable":true,"href":"https:\/\/blog.univ-angers.fr\/banqueannalesistia\/wp-json\/wp\/v2\/users\/31733"}],"replies":[{"embeddable":true,"href":"https:\/\/blog.univ-angers.fr\/banqueannalesistia\/wp-json\/wp\/v2\/comments?post=14"}],"version-history":[{"count":4,"href":"https:\/\/blog.univ-angers.fr\/banqueannalesistia\/wp-json\/wp\/v2\/pages\/14\/revisions"}],"predecessor-version":[{"id":710,"href":"https:\/\/blog.univ-angers.fr\/banqueannalesistia\/wp-json\/wp\/v2\/pages\/14\/revisions\/710"}],"up":[{"embeddable":true,"href":"https:\/\/blog.univ-angers.fr\/banqueannalesistia\/wp-json\/wp\/v2\/pages\/10"}],"wp:attachment":[{"href":"https:\/\/blog.univ-angers.fr\/banqueannalesistia\/wp-json\/wp\/v2\/media?parent=14"}],"curies":[{"name":"wp","href":"https:\/\/api.w.org\/{rel}","templated":true}]}}