{"id":12,"date":"2016-03-02T12:09:34","date_gmt":"2016-03-02T11:09:34","guid":{"rendered":"https:\/\/blog.univ-angers.fr\/banqueannalesistia\/?page_id=12"},"modified":"2020-10-18T16:01:02","modified_gmt":"2020-10-18T15:01:02","slug":"ei2-semestre-2","status":"publish","type":"page","link":"https:\/\/blog.univ-angers.fr\/banqueannalesistia\/differentes-matieres\/ei2-semestre-2\/","title":{"rendered":"Ei2-Semestre 4"},"content":{"rendered":"<p>Ce semestre se compose de plusieurs unit\u00e9s d\u2019enseignement qui sont r\u00e9capitul\u00e9es dans le tableau qui suit. <\/p>\n<table>\n<tr>\n<td> <strong> UE4-1 Formation G\u00e9n\u00e9rale<\/strong> <\/td>\n<td><strong>7<\/strong><\/td>\n<\/tr>\n<tr>\n<td> Anglais <\/td>\n<td> 2 <\/td>\n<\/tr>\n<tr>\n<td> Allemand\/Espagnol <\/td>\n<td> 2 <\/td>\n<\/tr>\n<tr>\n<td> Communication <\/td>\n<td> 2 <\/td>\n<\/tr>\n<tr>\n<td> Sport <\/td>\n<td> 1 <\/td>\n<\/tr>\n<\/table>\n<p><BR><BR><\/p>\n<table>\n<tr>\n<td> <strong> UE4-2 Maths \/ Physique \/ Chimie<\/strong> <\/td>\n<td><strong>12<\/strong><\/td>\n<\/tr>\n<tr>\n<td> <a href=\"https:\/\/blog.univ-angers.fr\/banqueannalesistia\/differentes-matieres\/ei2-semestre-2\/calcul-numerique\/\">Calcul Num\u00e9rique<\/a> <\/td>\n<td> 3 <\/td>\n<\/tr>\n<tr>\n<td> <a href=\"https:\/\/blog.univ-angers.fr\/banqueannalesistia\/differentes-matieres\/ei2-semestre-1\/mathematiques-du-signal\/\">Math\u00e9matiques du Signal<\/a> <\/td>\n<td> 3 <\/td>\n<\/tr>\n<tr>\n<td> <a href=\"https:\/\/blog.univ-angers.fr\/banqueannalesistia\/differentes-matieres\/ei2-semestre-2\/estimations-et-tests\/\">Estimations et Tests<\/a> <\/td>\n<td> 2 <\/td>\n<\/tr>\n<tr>\n<td> Thermique avanc\u00e9e <\/td>\n<td> 2 <\/td>\n<\/tr>\n<tr>\n<td> Chimie <\/td>\n<td> 2 <\/td>\n<\/tr>\n<\/table>\n<p><BR><BR><\/p>\n<table>\n<tr>\n<td> <strong> UE4-3 Sp\u00e9cifique III<\/strong> <\/td>\n<td><strong>6<\/strong><\/td>\n<\/tr>\n<tr>\n<td><a href=\"https:\/\/blog.univ-angers.fr\/banqueannalesistia\/differentes-matieres\/ei2-semestre-1\/gestion-de-production\/\"> Organisation Industrielle <\/a><\/td>\n<td> 1 <\/td>\n<\/tr>\n<tr>\n<td> Bureau d&rsquo;\u00e9tudes G\u00e9nie m\u00e9canique <\/td>\n<td> 1 <\/td>\n<\/tr>\n<tr>\n<td> <a href=\"https:\/\/blog.univ-angers.fr\/banqueannalesistia\/differentes-matieres\/ei2-semestre-1\/langage-c\/\">Langage C*<\/a> <\/td>\n<td> 2 <\/td>\n<\/tr>\n<tr>\n<td> <a href=\"https:\/\/blog.univ-angers.fr\/banqueannalesistia\/differentes-matieres\/ei2-semestre-2\/automatique\/\">Automatique<\/a> <\/td>\n<td> 2 <\/td>\n<\/tr>\n<\/table>\n<p><BR><BR><\/p>\n<table>\n<tr>\n<td> <strong> UE4-4 Projets<\/strong> <\/td>\n<td><strong>5<\/strong><\/td>\n<\/tr>\n<tr>\n<td> <a href=\"https:\/\/blog.univ-angers.fr\/banqueannalesistia\/differentes-matieres\/ei2-semestre-2\/projets-ei2\/\">Projet de Conception<\/a> <\/td>\n<td> 5 <\/td>\n<\/tr>\n<\/table>\n<p><BR><BR><\/p>\n","protected":false},"excerpt":{"rendered":"<p>Ce semestre se compose de plusieurs unit\u00e9s d\u2019enseignement qui sont r\u00e9capitul\u00e9es dans le tableau qui suit. UE4-1 Formation G\u00e9n\u00e9rale 7 Anglais 2 Allemand\/Espagnol 2 Communication 2 Sport 1 UE4-2 Maths \/ Physique \/ Chimie 12 Calcul Num\u00e9rique 3 Math\u00e9matiques du &hellip; <a href=\"https:\/\/blog.univ-angers.fr\/banqueannalesistia\/differentes-matieres\/ei2-semestre-2\/\">Continuer la lecture <span class=\"meta-nav\">&rarr;<\/span><\/a><\/p>\n","protected":false},"author":31733,"featured_media":0,"parent":261,"menu_order":0,"comment_status":"open","ping_status":"open","template":"","meta":{"footnotes":""},"class_list":["post-12","page","type-page","status-publish","hentry"],"_links":{"self":[{"href":"https:\/\/blog.univ-angers.fr\/banqueannalesistia\/wp-json\/wp\/v2\/pages\/12","targetHints":{"allow":["GET"]}}],"collection":[{"href":"https:\/\/blog.univ-angers.fr\/banqueannalesistia\/wp-json\/wp\/v2\/pages"}],"about":[{"href":"https:\/\/blog.univ-angers.fr\/banqueannalesistia\/wp-json\/wp\/v2\/types\/page"}],"author":[{"embeddable":true,"href":"https:\/\/blog.univ-angers.fr\/banqueannalesistia\/wp-json\/wp\/v2\/users\/31733"}],"replies":[{"embeddable":true,"href":"https:\/\/blog.univ-angers.fr\/banqueannalesistia\/wp-json\/wp\/v2\/comments?post=12"}],"version-history":[{"count":3,"href":"https:\/\/blog.univ-angers.fr\/banqueannalesistia\/wp-json\/wp\/v2\/pages\/12\/revisions"}],"predecessor-version":[{"id":776,"href":"https:\/\/blog.univ-angers.fr\/banqueannalesistia\/wp-json\/wp\/v2\/pages\/12\/revisions\/776"}],"up":[{"embeddable":true,"href":"https:\/\/blog.univ-angers.fr\/banqueannalesistia\/wp-json\/wp\/v2\/pages\/261"}],"wp:attachment":[{"href":"https:\/\/blog.univ-angers.fr\/banqueannalesistia\/wp-json\/wp\/v2\/media?parent=12"}],"curies":[{"name":"wp","href":"https:\/\/api.w.org\/{rel}","templated":true}]}}