{"id":11,"date":"2016-03-02T12:09:26","date_gmt":"2016-03-02T11:09:26","guid":{"rendered":"https:\/\/blog.univ-angers.fr\/banqueannalesistia\/?page_id=11"},"modified":"2020-10-18T15:58:36","modified_gmt":"2020-10-18T14:58:36","slug":"ei2-semestre-1","status":"publish","type":"page","link":"https:\/\/blog.univ-angers.fr\/banqueannalesistia\/differentes-matieres\/ei2-semestre-1\/","title":{"rendered":"Ei2-Semestre 3"},"content":{"rendered":"<p>Ce semestre se compose de plusieurs unit\u00e9s d\u2019enseignement qui sont r\u00e9capitul\u00e9es dans le tableau qui suit.  <\/p>\n<table>\n<tr>\n<td> <strong> UE3-1 Formation G\u00e9n\u00e9rale<\/strong> <\/td>\n<td><strong>5<\/strong><\/td>\n<\/tr>\n<tr>\n<td> Anglais <\/td>\n<td> 2 <\/td>\n<\/tr>\n<tr>\n<td> Allemand\/Espagnol <\/td>\n<td> 1 <\/td>\n<\/tr>\n<tr>\n<td> D\u00e9couverte du M\u00e9tie de l&rsquo;Ing\u00e9nieur <\/td>\n<td> 1 <\/td>\n<\/tr>\n<tr>\n<td> Sport <\/td>\n<td> 1 <\/td>\n<\/tr>\n<\/table>\n<p><BR><BR><\/p>\n<table>\n<tr>\n<td> <strong>UE3-2 Formation Fondamentale<\/strong> <\/td>\n<td> <strong>10<\/strong><\/td>\n<\/tr>\n<tr>\n<td> <a href=\"https:\/\/blog.univ-angers.fr\/banqueannalesistia\/differentes-matieres\/ei2-semestre-1\/complements-dalgebre\/\">Compl\u00e9ments d&rsquo;Alg\u00e8bre<\/a> <\/td>\n<td> 6 <\/td>\n<\/tr>\n<tr>\n<td> <a href=\"https:\/\/blog.univ-angers.fr\/banqueannalesistia\/differentes-matieres\/ei2-semestre-1\/optique\/\">Optique<\/a> <\/td>\n<td> 3 <\/td>\n<\/tr>\n<tr>\n<td> <a href=\"https:\/\/blog.univ-angers.fr\/banqueannalesistia\/differentes-matieres\/ei2-semestre-2\/capteurs\/\">Capteurs<\/a> <\/td>\n<td> 1 <\/td>\n<\/tr>\n<\/table>\n<p><BR><BR><\/p>\n<table>\n<tr>\n<td> <strong>UE3-3 Sp\u00e9cifique II<\/strong> <\/td>\n<td> <strong>8<\/strong><\/td>\n<\/tr>\n<tr>\n<td> <a href=\"https:\/\/blog.univ-angers.fr\/banqueannalesistia\/differentes-matieres\/ei2-semestre-1\/automatismes-industriels\/\">Automatismes Industriels<\/a> <\/td>\n<td> 2 <\/td>\n<\/tr>\n<tr>\n<td> <a href=\"https:\/\/blog.univ-angers.fr\/banqueannalesistia\/differentes-matieres\/ei2-semestre-1\/dimensionnement-de-systemes-mecaniques\/\">Analyse des Syst\u00e8mes M\u00e9caniques<\/a> <\/td>\n<td> 3 <\/td>\n<\/tr>\n<tr>\n<td> <a href=\"https:\/\/blog.univ-angers.fr\/banqueannalesistia\/differentes-matieres\/ei2-semestre-1\/proprietes-et-resistance-des-materiaux\/\">Propri\u00e9t\u00e9s et R\u00e9sistance des Mat\u00e9riaux<\/a> <\/td>\n<td> 2 <\/td>\n<\/tr>\n<tr>\n<td>Culture num\u00e9rique<\/td>\n<td> 1 <\/td>\n<\/tr>\n<\/table>\n<p><BR><BR><\/p>\n","protected":false},"excerpt":{"rendered":"<p>Ce semestre se compose de plusieurs unit\u00e9s d\u2019enseignement qui sont r\u00e9capitul\u00e9es dans le tableau qui suit. UE3-1 Formation G\u00e9n\u00e9rale 5 Anglais 2 Allemand\/Espagnol 1 D\u00e9couverte du M\u00e9tie de l&rsquo;Ing\u00e9nieur 1 Sport 1 UE3-2 Formation Fondamentale 10 Compl\u00e9ments d&rsquo;Alg\u00e8bre 6 Optique &hellip; <a href=\"https:\/\/blog.univ-angers.fr\/banqueannalesistia\/differentes-matieres\/ei2-semestre-1\/\">Continuer la lecture <span class=\"meta-nav\">&rarr;<\/span><\/a><\/p>\n","protected":false},"author":31733,"featured_media":0,"parent":261,"menu_order":0,"comment_status":"open","ping_status":"open","template":"","meta":{"footnotes":""},"class_list":["post-11","page","type-page","status-publish","hentry"],"_links":{"self":[{"href":"https:\/\/blog.univ-angers.fr\/banqueannalesistia\/wp-json\/wp\/v2\/pages\/11","targetHints":{"allow":["GET"]}}],"collection":[{"href":"https:\/\/blog.univ-angers.fr\/banqueannalesistia\/wp-json\/wp\/v2\/pages"}],"about":[{"href":"https:\/\/blog.univ-angers.fr\/banqueannalesistia\/wp-json\/wp\/v2\/types\/page"}],"author":[{"embeddable":true,"href":"https:\/\/blog.univ-angers.fr\/banqueannalesistia\/wp-json\/wp\/v2\/users\/31733"}],"replies":[{"embeddable":true,"href":"https:\/\/blog.univ-angers.fr\/banqueannalesistia\/wp-json\/wp\/v2\/comments?post=11"}],"version-history":[{"count":5,"href":"https:\/\/blog.univ-angers.fr\/banqueannalesistia\/wp-json\/wp\/v2\/pages\/11\/revisions"}],"predecessor-version":[{"id":827,"href":"https:\/\/blog.univ-angers.fr\/banqueannalesistia\/wp-json\/wp\/v2\/pages\/11\/revisions\/827"}],"up":[{"embeddable":true,"href":"https:\/\/blog.univ-angers.fr\/banqueannalesistia\/wp-json\/wp\/v2\/pages\/261"}],"wp:attachment":[{"href":"https:\/\/blog.univ-angers.fr\/banqueannalesistia\/wp-json\/wp\/v2\/media?parent=11"}],"curies":[{"name":"wp","href":"https:\/\/api.w.org\/{rel}","templated":true}]}}