{"id":10,"date":"2016-03-02T12:09:13","date_gmt":"2016-03-02T11:09:13","guid":{"rendered":"https:\/\/blog.univ-angers.fr\/banqueannalesistia\/?page_id=10"},"modified":"2020-10-18T16:00:18","modified_gmt":"2020-10-18T15:00:18","slug":"ei1-semestre-2","status":"publish","type":"page","link":"https:\/\/blog.univ-angers.fr\/banqueannalesistia\/differentes-matieres\/ei1-semestre-2\/","title":{"rendered":"Ei1-Semestre 2"},"content":{"rendered":"<p>Ce semestre se compose de plusieurs unit\u00e9s d\u2019enseignement qui sont r\u00e9capitul\u00e9es dans le tableau qui suit.<\/p>\n<table>\n<tr>\n<td> <strong> UE2-1 Formation G\u00e9n\u00e9rale<\/strong> <\/td>\n<td><strong>8<\/strong><\/td>\n<\/tr>\n<tr>\n<td> Anglais <\/td>\n<td> 2 <\/td>\n<\/tr>\n<tr>\n<td> Allemand\/Espagnol <\/td>\n<td> 2 <\/td>\n<\/tr>\n<tr>\n<td> Expression Ecrite et Orale <\/td>\n<td> 2 <\/td>\n<\/tr>\n<tr>\n<td> Sport ou Th\u00e9\u00e2tre <\/td>\n<td> 1 <\/td>\n<\/tr>\n<tr>\n<td> D\u00e9couverte du m\u00e9tier d&rsquo;ing\u00e9nieur <\/td>\n<td> 1 <\/td>\n<\/tr>\n<\/table>\n<p><BR><BR><\/p>\n<table>\n<tr>\n<td> <strong> UE2-2 Maths \/ Informatique<\/strong> <\/td>\n<td><strong>5<\/strong><\/td>\n<\/tr>\n<tr>\n<td> <a href=\"https:\/\/blog.univ-angers.fr\/banqueannalesistia\/differentes-matieres\/ei1-semestre-2\/complements-danalyse\/\">Compl\u00e9ments d&rsquo;Analyse<\/a> <\/td>\n<td> 1 <\/td>\n<\/tr>\n<tr>\n<td> <a href=\"https:\/\/blog.univ-angers.fr\/banqueannalesistia\/differentes-matieres\/ei1-semestre-2\/probabilites-et-statistiques\/\">Probabilit\u00e9s et Statistiques<\/a> <\/td>\n<td> 2 <\/td>\n<\/tr>\n<tr>\n<td> Culture Num\u00e9rique <\/td>\n<td> 2 <\/td>\n<\/tr>\n<\/table>\n<p><BR><BR><\/p>\n<table>\n<tr>\n<td> <strong> UE2-3 Physique \/ Chimie<\/strong> <\/td>\n<td><strong>7<\/strong><\/td>\n<\/tr>\n<tr>\n<td> <a href=\"https:\/\/blog.univ-angers.fr\/banqueannalesistia\/differentes-matieres\/ei1-semestre-2\/electromagnetisme\/\">Electromagn\u00e9tisme<\/a> <\/td>\n<td> 2 <\/td>\n<\/tr>\n<tr>\n<td> <a href=\"https:\/\/blog.univ-angers.fr\/banqueannalesistia\/differentes-matieres\/ei1-semestre-2\/mecanique-du-solide\/\">M\u00e9canique du solide<\/a> <\/td>\n<td> 1 <\/td>\n<\/tr>\n<tr>\n<td> <a href=\"https:\/\/blog.univ-angers.fr\/banqueannalesistia\/differentes-matieres\/ei1-semestre-2\/mecanique-appliquee\/\">M\u00e9canique Appliqu\u00e9e<\/a> <\/td>\n<td> 2 <\/td>\n<\/tr>\n<tr>\n<td> <a href=\"https:\/\/blog.univ-angers.fr\/banqueannalesistia\/differentes-matieres\/ei1-s1-bases-danalyses\/structure-de-la-matiere\/\">Structure de la Mati\u00e8re<\/a> <\/td>\n<td> 1 <\/td>\n<\/tr>\n<tr>\n<td> Transferts Thermiques <\/td>\n<td> 1 <\/td>\n<\/tr>\n<\/table>\n<p><BR><BR><\/p>\n<table>\n<tr>\n<td> <strong> UE2-4 Sp\u00e9cifique I<\/strong> <\/td>\n<td><strong>6<\/strong><\/td>\n<\/tr>\n<tr>\n<td> <a href=\"https:\/\/blog.univ-angers.fr\/banqueannalesistia\/differentes-matieres\/ei1-semestre-2\/technologie-de-construction\/\">Technologie de Construction<\/a> <\/td>\n<td> 2 <\/td>\n<\/tr>\n<tr>\n<td> <a href=\"https:\/\/blog.univ-angers.fr\/banqueannalesistia\/differentes-matieres\/ei1-semestre-2\/technologie-de-fabrication\/\">Technologie de Fabrication <\/td>\n<td> 2 <\/td>\n<\/tr>\n<tr>\n<td> Initiation CAO <\/td>\n<td> 2 <\/td>\n<\/tr>\n<\/table>\n<p><BR><BR><\/p>\n<table>\n<tr>\n<td> <strong> UE2-5 Stage<\/strong> <\/td>\n<td><strong>1<\/strong><\/td>\n<\/tr>\n<tr>\n<td>Stage ouvrier<\/td>\n<td> 1 <\/td>\n<\/tr>\n<\/table>\n<p><BR><BR><\/p>\n","protected":false},"excerpt":{"rendered":"<p>Ce semestre se compose de plusieurs unit\u00e9s d\u2019enseignement qui sont r\u00e9capitul\u00e9es dans le tableau qui suit. UE2-1 Formation G\u00e9n\u00e9rale 8 Anglais 2 Allemand\/Espagnol 2 Expression Ecrite et Orale 2 Sport ou Th\u00e9\u00e2tre 1 D\u00e9couverte du m\u00e9tier d&rsquo;ing\u00e9nieur 1 UE2-2 Maths &hellip; <a href=\"https:\/\/blog.univ-angers.fr\/banqueannalesistia\/differentes-matieres\/ei1-semestre-2\/\">Continuer la lecture <span class=\"meta-nav\">&rarr;<\/span><\/a><\/p>\n","protected":false},"author":31733,"featured_media":0,"parent":261,"menu_order":0,"comment_status":"open","ping_status":"open","template":"","meta":{"footnotes":""},"class_list":["post-10","page","type-page","status-publish","hentry"],"_links":{"self":[{"href":"https:\/\/blog.univ-angers.fr\/banqueannalesistia\/wp-json\/wp\/v2\/pages\/10","targetHints":{"allow":["GET"]}}],"collection":[{"href":"https:\/\/blog.univ-angers.fr\/banqueannalesistia\/wp-json\/wp\/v2\/pages"}],"about":[{"href":"https:\/\/blog.univ-angers.fr\/banqueannalesistia\/wp-json\/wp\/v2\/types\/page"}],"author":[{"embeddable":true,"href":"https:\/\/blog.univ-angers.fr\/banqueannalesistia\/wp-json\/wp\/v2\/users\/31733"}],"replies":[{"embeddable":true,"href":"https:\/\/blog.univ-angers.fr\/banqueannalesistia\/wp-json\/wp\/v2\/comments?post=10"}],"version-history":[{"count":4,"href":"https:\/\/blog.univ-angers.fr\/banqueannalesistia\/wp-json\/wp\/v2\/pages\/10\/revisions"}],"predecessor-version":[{"id":751,"href":"https:\/\/blog.univ-angers.fr\/banqueannalesistia\/wp-json\/wp\/v2\/pages\/10\/revisions\/751"}],"up":[{"embeddable":true,"href":"https:\/\/blog.univ-angers.fr\/banqueannalesistia\/wp-json\/wp\/v2\/pages\/261"}],"wp:attachment":[{"href":"https:\/\/blog.univ-angers.fr\/banqueannalesistia\/wp-json\/wp\/v2\/media?parent=10"}],"curies":[{"name":"wp","href":"https:\/\/api.w.org\/{rel}","templated":true}]}}